{"id":7355,"date":"2025-10-03T13:26:39","date_gmt":"2025-10-03T16:26:39","guid":{"rendered":"https:\/\/edumais.org\/?page_id=7355"},"modified":"2025-10-07T11:58:36","modified_gmt":"2025-10-07T14:58:36","slug":"suporte-de-escritorio","status":"publish","type":"page","link":"https:\/\/edumais.org\/pt-br\/voluntariado\/suporte-de-escritorio\/","title":{"rendered":"Suporte de escrit\u00f3rio"},"content":{"rendered":"<div class=\"wpb-content-wrapper\"><p>[vc_row full_width=&#8221;stretch_row&#8221; css=&#8221;.vc_custom_1545956489932{padding-top: 15px !important;padding-bottom: 35px !important;}&#8221;][vc_column css_animation=&#8221;fadeInLeft&#8221; width=&#8221;2\/3&#8243;]\n\t\t<div class=\"custom heading text-center\">\n\t\t\t<h2>Volunt\u00e1rio de Suporte Administrativo<\/h2>\n\t\t\t<p>Quem estamos procurando<\/p><img decoding=\"async\" data-src=\"https:\/\/edumais.org\/wp-content\/themes\/denorious\/images\/sep.png\" class=\"center-block lazyload\" alt=\"\" src=\"data:image\/svg+xml;base64,PHN2ZyB3aWR0aD0iMSIgaGVpZ2h0PSIxIiB4bWxucz0iaHR0cDovL3d3dy53My5vcmcvMjAwMC9zdmciPjwvc3ZnPg==\" style=\"--smush-placeholder-width: 35px; --smush-placeholder-aspect-ratio: 35\/21;\">\t\t\t\n\t\t<\/div>\t\n\t[vc_column_text css_animation=&#8221;fadeInLeft&#8221; css=&#8221;&#8221;]<\/p>\n<p data-start=\"132\" data-end=\"552\">Para que todos os nossos programas sejam poss\u00edveis, muito trabalho precisa acontecer nos bastidores. Isso inclui gerenciar nosso site e contas de redes sociais, recrutar e coordenar volunt\u00e1rios e realizar as tarefas administrativas necess\u00e1rias para o bom funcionamento da nossa organiza\u00e7\u00e3o. Por isso, estamos sempre em busca de pessoas dedicadas e confi\u00e1veis para nos ajudar como volunt\u00e1rios de suporte administrativo.<\/p>\n<p data-start=\"554\" data-end=\"904\">Essas fun\u00e7\u00f5es oferecem a chance de usar suas habilidades para contribuir com o nosso crescimento e desenvolvimento \u2014 e com o seu tamb\u00e9m! Ao fazer isso, voc\u00ea far\u00e1 a diferen\u00e7a e ter\u00e1 um impacto real na vida de jovens em situa\u00e7\u00e3o de vulnerabilidade nas favelas do Rio. Tudo isso enquanto adquire conhecimentos valiosos e experi\u00eancia no mundo das ONGs!<\/p>\n<p>[\/vc_column_text][\/vc_column][vc_column width=&#8221;1\/3&#8243; css=&#8221;.vc_custom_1546003227906{padding-top: 20px !important;}&#8221;][vc_single_image image=&#8221;14627&#8243; img_size=&#8221;350 x 360&#8243; alignment=&#8221;center&#8221; css_animation=&#8221;fadeInRight&#8221; css=&#8221;&#8221;][\/vc_column][\/vc_row][vc_row css=&#8221;.vc_custom_1545956503269{padding-top: 25px !important;padding-bottom: 25px !important;}&#8221;][vc_column width=&#8221;1\/3&#8243;][vc_single_image image=&#8221;14151&#8243; img_size=&#8221;250&#215;350&#8243; css_animation=&#8221;fadeInLeft&#8221; css=&#8221;&#8221;][\/vc_column][vc_column width=&#8221;2\/3&#8243;][vc_column_text css_animation=&#8221;fadeInRight&#8221; css=&#8221;&#8221;]<\/p>\n<h3 style=\"text-align: center;\"><strong>Responsabilidades<\/strong><\/h3>\n<p>* Escrever posts para o blog e ajudar com o conte\u00fado da newsletter.<br \/>\n* Criar conte\u00fado (fotos e v\u00eddeos).<br \/>\n* Gerenciar nosso site e\/ou contas nas redes sociais.<br \/>\n* Gerenciar nossa conta de e-mail e responder rapidamente \u00e0s d\u00favidas.<br \/>\n* Apoiar a gest\u00e3o em todos os assuntos relacionados ao desenvolvimento da ONG.<br \/>\n* Pesquisar oportunidades de parcerias internacionais para apoiar nossa administra\u00e7\u00e3o.<br \/>\n* Ajudar no recrutamento e gerenciamento de volunt\u00e1rios.<br \/>\n* Criar campanhas de arrecada\u00e7\u00e3o de fundos.<br \/>\n* Auxiliar nas tarefas administrativas.[\/vc_column_text][\/vc_column][\/vc_row][vc_row top_padding=&#8221;55px&#8221; css=&#8221;.vc_custom_1545956529908{padding-top: 25px !important;padding-bottom: 25px !important;}&#8221;][vc_column css_animation=&#8221;fadeInLeft&#8221; width=&#8221;1\/3&#8243; css=&#8221;.vc_custom_1546002336545{padding-top: 10px !important;}&#8221;][vc_single_image image=&#8221;13564&#8243; img_size=&#8221;270&#215;400&#8243; alignment=&#8221;center&#8221; css_animation=&#8221;fadeInLeft&#8221; css=&#8221;.vc_custom_1759510963908{padding-top: 10px !important;}&#8221;][\/vc_column][vc_column width=&#8221;2\/3&#8243;][vc_column_text css_animation=&#8221;fadeInRight&#8221; css=&#8221;&#8221;]<\/p>\n<h3 style=\"text-align: center;\"><strong>Qualifica\u00e7\u00f5es<\/strong><\/h3>\n<p>* Excelentes habilidades de comunica\u00e7\u00e3o escrita e verbal.<br \/>\n* Preferencialmente experi\u00eancia em reda\u00e7\u00e3o de blogs, redes sociais, administra\u00e7\u00e3o, fotografia e\/ou produ\u00e7\u00e3o de v\u00eddeos.<br \/>\n* Boas habilidades com computador.<br \/>\n* Conhecimento em desenvolvimento de websites (preferencial).<br \/>\n* Capacidade de trabalhar de forma independente e em equipe.<br \/>\n* Preferencialmente gradua\u00e7\u00e3o em \u00e1rea relacionada, como Jornalismo, Literatura, Desenvolvimento Internacional, Administra\u00e7\u00e3o, etc.[\/vc_column_text][\/vc_column][\/vc_row][vc_row full_width=&#8221;stretch_row&#8221; top_padding=&#8221;55px&#8221; css=&#8221;.vc_custom_1545956590396{padding-top: 25px !important;padding-bottom: 25px !important;background-color: #f8f8f8 !important;}&#8221;][vc_column width=&#8221;1\/3&#8243;][vc_column_text css_animation=&#8221;fadeInLeft&#8221; css=&#8221;&#8221;]<\/p>\n<h3 style=\"text-align: center;\"><strong>Carga hor\u00e1ria<\/strong><\/h3>\n<p style=\"text-align: center;\">* De 16 a 25 horas por semana.<\/p>\n<p>[\/vc_column_text][\/vc_column][vc_column width=&#8221;1\/3&#8243;][vc_column_text css_animation=&#8221;fadeInDown&#8221; css=&#8221;&#8221;]<\/p>\n<h3 style=\"text-align: center;\"><strong>Dias da semana<\/strong><\/h3>\n<p style=\"text-align: center;\">* Flex\u00edvel (dias \u00fateis e finais de semana)<\/p>\n<p>[\/vc_column_text][\/vc_column][vc_column width=&#8221;1\/3&#8243;][vc_column_text css_animation=&#8221;fadeInRight&#8221; css=&#8221;&#8221;]<\/p>\n<h3 style=\"text-align: center;\"><strong>Dura\u00e7\u00e3o<\/strong><\/h3>\n<p style=\"text-align: center;\">* M\u00ednimo de 3 meses<\/p>\n<p>[\/vc_column_text][\/vc_column][\/vc_row][vc_row top_padding=&#8221;55px&#8221; css=&#8221;.vc_custom_1545956545098{padding-top: 35px !important;}&#8221;][vc_column css_animation=&#8221;fadeInLeft&#8221;][vc_column_text css_animation=&#8221;fadeInLeft&#8221; css=&#8221;&#8221;]<\/p>\n<h3 style=\"text-align: center;\"><strong>Junte-se \u00e0 Fam\u00edlia EduMais!<\/strong><\/h3>\n<p style=\"text-align: center;\">Voc\u00ea gostaria de usar suas habilidades para ajudar uma ONG jovem a crescer e se desenvolver? Est\u00e1 buscando ganhar experi\u00eancia no setor sem fins lucrativos? Candidate-se para ser nosso volunt\u00e1rio de suporte administrativo! Por favor, inclua seu curr\u00edculo na sua inscri\u00e7\u00e3o.<\/p>\n<p style=\"text-align: center;\"><a class=\"btn\" href=\"https:\/\/edumais.org\/application-form\/\">Inscreve-se Agora<\/a><\/p>\n<p>[\/vc_column_text][\/vc_column][\/vc_row][vc_row][vc_column][vc_separator color=&#8221;black&#8221; style=&#8221;shadow&#8221; css=&#8221;.vc_custom_1550399315265{padding-top: 100px !important;}&#8221;][\/vc_column][\/vc_row]<\/p>\n<\/div>","protected":false},"excerpt":{"rendered":"<p>[vc_row full_width=&#8221;stretch_row&#8221; css=&#8221;.vc_custom_1545956489932{padding-top: 15px !important;padding-bottom: 35px !important;}&#8221;][vc_column css_animation=&#8221;fadeInLeft&#8221; width=&#8221;2\/3&#8243;][vc_column_text css_animation=&#8221;fadeInLeft&#8221; css=&#8221;&#8221;] Para que todos os nossos programas [&hellip;]<\/p>\n","protected":false},"author":5,"featured_media":0,"parent":7328,"menu_order":0,"comment_status":"closed","ping_status":"closed","template":"","meta":{"give_campaign_id":0,"footnotes":""},"class_list":["post-7355","page","type-page","status-publish","hentry"],"yoast_head":"<!-- This site is optimized with the Yoast SEO plugin v27.3 - https:\/\/yoast.com\/product\/yoast-seo-wordpress\/ -->\n<title>Suporte de escrit\u00f3rio - EduMais<\/title>\n<meta name=\"description\" content=\"Junte-se ao EduMais como volunt\u00e1rio de suporte administrativo\u2014ajude com tarefas administrativas, conte\u00fado e comunica\u00e7\u00e3o e impacte jovens nas favelas do Rio.\" \/>\n<meta name=\"robots\" content=\"index, follow, max-snippet:-1, max-image-preview:large, max-video-preview:-1\" \/>\n<link rel=\"canonical\" href=\"https:\/\/edumais.org\/pt-br\/voluntariado\/suporte-de-escritorio\/\" \/>\n<meta property=\"og:locale\" content=\"pt_BR\" \/>\n<meta property=\"og:type\" content=\"article\" \/>\n<meta property=\"og:title\" content=\"Suporte de escrit\u00f3rio - EduMais\" \/>\n<meta property=\"og:description\" content=\"Junte-se ao EduMais como volunt\u00e1rio de suporte administrativo\u2014ajude com tarefas administrativas, conte\u00fado e comunica\u00e7\u00e3o e impacte jovens nas favelas do Rio.\" \/>\n<meta property=\"og:url\" content=\"https:\/\/edumais.org\/pt-br\/voluntariado\/suporte-de-escritorio\/\" \/>\n<meta property=\"og:site_name\" content=\"EduMais\" \/>\n<meta property=\"article:publisher\" content=\"https:\/\/www.facebook.com\/edumais.org\/\" \/>\n<meta property=\"article:modified_time\" content=\"2025-10-07T14:58:36+00:00\" \/>\n<meta property=\"og:image\" content=\"https:\/\/edumais.org\/wp-content\/uploads\/2017\/11\/Home-Banner1-e1588113485474.jpg\" \/>\n\t<meta property=\"og:image:width\" content=\"468\" \/>\n\t<meta property=\"og:image:height\" content=\"167\" \/>\n\t<meta property=\"og:image:type\" content=\"image\/jpeg\" \/>\n<meta name=\"twitter:card\" content=\"summary_large_image\" \/>\n<meta name=\"twitter:label1\" content=\"Est. tempo de leitura\" \/>\n\t<meta name=\"twitter:data1\" content=\"3 minutos\" \/>\n<script type=\"application\/ld+json\" class=\"yoast-schema-graph\">{\"@context\":\"https:\\\/\\\/schema.org\",\"@graph\":[{\"@type\":\"WebPage\",\"@id\":\"https:\\\/\\\/edumais.org\\\/pt-br\\\/voluntariado\\\/suporte-de-escritorio\\\/\",\"url\":\"https:\\\/\\\/edumais.org\\\/pt-br\\\/voluntariado\\\/suporte-de-escritorio\\\/\",\"name\":\"Suporte de escrit\u00f3rio - EduMais\",\"isPartOf\":{\"@id\":\"https:\\\/\\\/edumais.org\\\/pt-br\\\/#website\"},\"datePublished\":\"2025-10-03T16:26:39+00:00\",\"dateModified\":\"2025-10-07T14:58:36+00:00\",\"description\":\"Junte-se ao EduMais como volunt\u00e1rio de suporte administrativo\u2014ajude com tarefas administrativas, conte\u00fado e comunica\u00e7\u00e3o e impacte jovens nas favelas do Rio.\",\"breadcrumb\":{\"@id\":\"https:\\\/\\\/edumais.org\\\/pt-br\\\/voluntariado\\\/suporte-de-escritorio\\\/#breadcrumb\"},\"inLanguage\":\"pt-BR\",\"potentialAction\":[{\"@type\":\"ReadAction\",\"target\":[\"https:\\\/\\\/edumais.org\\\/pt-br\\\/voluntariado\\\/suporte-de-escritorio\\\/\"]}]},{\"@type\":\"BreadcrumbList\",\"@id\":\"https:\\\/\\\/edumais.org\\\/pt-br\\\/voluntariado\\\/suporte-de-escritorio\\\/#breadcrumb\",\"itemListElement\":[{\"@type\":\"ListItem\",\"position\":1,\"name\":\"Home\",\"item\":\"https:\\\/\\\/edumais.org\\\/pt-br\\\/\"},{\"@type\":\"ListItem\",\"position\":2,\"name\":\"voluntariado\",\"item\":\"https:\\\/\\\/edumais.org\\\/pt-br\\\/voluntariado\\\/\"},{\"@type\":\"ListItem\",\"position\":3,\"name\":\"Suporte de escrit\u00f3rio\"}]},{\"@type\":\"WebSite\",\"@id\":\"https:\\\/\\\/edumais.org\\\/pt-br\\\/#website\",\"url\":\"https:\\\/\\\/edumais.org\\\/pt-br\\\/\",\"name\":\"EduMais\",\"description\":\"Volunteer organization in Rio de Janeiro, Brazil, South America\",\"publisher\":{\"@id\":\"https:\\\/\\\/edumais.org\\\/pt-br\\\/#organization\"},\"potentialAction\":[{\"@type\":\"SearchAction\",\"target\":{\"@type\":\"EntryPoint\",\"urlTemplate\":\"https:\\\/\\\/edumais.org\\\/pt-br\\\/?s={search_term_string}\"},\"query-input\":{\"@type\":\"PropertyValueSpecification\",\"valueRequired\":true,\"valueName\":\"search_term_string\"}}],\"inLanguage\":\"pt-BR\"},{\"@type\":\"Organization\",\"@id\":\"https:\\\/\\\/edumais.org\\\/pt-br\\\/#organization\",\"name\":\"EduMais\",\"url\":\"https:\\\/\\\/edumais.org\\\/pt-br\\\/\",\"logo\":{\"@type\":\"ImageObject\",\"inLanguage\":\"pt-BR\",\"@id\":\"https:\\\/\\\/edumais.org\\\/pt-br\\\/#\\\/schema\\\/logo\\\/image\\\/\",\"url\":\"https:\\\/\\\/edumais.org\\\/wp-content\\\/uploads\\\/2016\\\/01\\\/edumais_logo_vector-as-Smart-Object-1.png\",\"contentUrl\":\"https:\\\/\\\/edumais.org\\\/wp-content\\\/uploads\\\/2016\\\/01\\\/edumais_logo_vector-as-Smart-Object-1.png\",\"width\":761,\"height\":361,\"caption\":\"EduMais\"},\"image\":{\"@id\":\"https:\\\/\\\/edumais.org\\\/pt-br\\\/#\\\/schema\\\/logo\\\/image\\\/\"},\"sameAs\":[\"https:\\\/\\\/www.facebook.com\\\/edumais.org\\\/\",\"https:\\\/\\\/www.instagram.com\\\/edumaisrio\\\/?hl=en\",\"https:\\\/\\\/www.linkedin.com\\\/company\\\/edumais.org\\\/\",\"https:\\\/\\\/www.youtube.com\\\/channel\\\/UClbmo2QCD_6JH5iGGEoadag\"]}]}<\/script>\n<!-- \/ Yoast SEO plugin. -->","yoast_head_json":{"title":"Suporte de escrit\u00f3rio - EduMais","description":"Junte-se ao EduMais como volunt\u00e1rio de suporte administrativo\u2014ajude com tarefas administrativas, conte\u00fado e comunica\u00e7\u00e3o e impacte jovens nas favelas do Rio.","robots":{"index":"index","follow":"follow","max-snippet":"max-snippet:-1","max-image-preview":"max-image-preview:large","max-video-preview":"max-video-preview:-1"},"canonical":"https:\/\/edumais.org\/pt-br\/voluntariado\/suporte-de-escritorio\/","og_locale":"pt_BR","og_type":"article","og_title":"Suporte de escrit\u00f3rio - EduMais","og_description":"Junte-se ao EduMais como volunt\u00e1rio de suporte administrativo\u2014ajude com tarefas administrativas, conte\u00fado e comunica\u00e7\u00e3o e impacte jovens nas favelas do Rio.","og_url":"https:\/\/edumais.org\/pt-br\/voluntariado\/suporte-de-escritorio\/","og_site_name":"EduMais","article_publisher":"https:\/\/www.facebook.com\/edumais.org\/","article_modified_time":"2025-10-07T14:58:36+00:00","og_image":[{"width":468,"height":167,"url":"https:\/\/edumais.org\/wp-content\/uploads\/2017\/11\/Home-Banner1-e1588113485474.jpg","type":"image\/jpeg"}],"twitter_card":"summary_large_image","twitter_misc":{"Est. tempo de leitura":"3 minutos"},"schema":{"@context":"https:\/\/schema.org","@graph":[{"@type":"WebPage","@id":"https:\/\/edumais.org\/pt-br\/voluntariado\/suporte-de-escritorio\/","url":"https:\/\/edumais.org\/pt-br\/voluntariado\/suporte-de-escritorio\/","name":"Suporte de escrit\u00f3rio - EduMais","isPartOf":{"@id":"https:\/\/edumais.org\/pt-br\/#website"},"datePublished":"2025-10-03T16:26:39+00:00","dateModified":"2025-10-07T14:58:36+00:00","description":"Junte-se ao EduMais como volunt\u00e1rio de suporte administrativo\u2014ajude com tarefas administrativas, conte\u00fado e comunica\u00e7\u00e3o e impacte jovens nas favelas do Rio.","breadcrumb":{"@id":"https:\/\/edumais.org\/pt-br\/voluntariado\/suporte-de-escritorio\/#breadcrumb"},"inLanguage":"pt-BR","potentialAction":[{"@type":"ReadAction","target":["https:\/\/edumais.org\/pt-br\/voluntariado\/suporte-de-escritorio\/"]}]},{"@type":"BreadcrumbList","@id":"https:\/\/edumais.org\/pt-br\/voluntariado\/suporte-de-escritorio\/#breadcrumb","itemListElement":[{"@type":"ListItem","position":1,"name":"Home","item":"https:\/\/edumais.org\/pt-br\/"},{"@type":"ListItem","position":2,"name":"voluntariado","item":"https:\/\/edumais.org\/pt-br\/voluntariado\/"},{"@type":"ListItem","position":3,"name":"Suporte de escrit\u00f3rio"}]},{"@type":"WebSite","@id":"https:\/\/edumais.org\/pt-br\/#website","url":"https:\/\/edumais.org\/pt-br\/","name":"EduMais","description":"Volunteer organization in Rio de Janeiro, Brazil, South America","publisher":{"@id":"https:\/\/edumais.org\/pt-br\/#organization"},"potentialAction":[{"@type":"SearchAction","target":{"@type":"EntryPoint","urlTemplate":"https:\/\/edumais.org\/pt-br\/?s={search_term_string}"},"query-input":{"@type":"PropertyValueSpecification","valueRequired":true,"valueName":"search_term_string"}}],"inLanguage":"pt-BR"},{"@type":"Organization","@id":"https:\/\/edumais.org\/pt-br\/#organization","name":"EduMais","url":"https:\/\/edumais.org\/pt-br\/","logo":{"@type":"ImageObject","inLanguage":"pt-BR","@id":"https:\/\/edumais.org\/pt-br\/#\/schema\/logo\/image\/","url":"https:\/\/edumais.org\/wp-content\/uploads\/2016\/01\/edumais_logo_vector-as-Smart-Object-1.png","contentUrl":"https:\/\/edumais.org\/wp-content\/uploads\/2016\/01\/edumais_logo_vector-as-Smart-Object-1.png","width":761,"height":361,"caption":"EduMais"},"image":{"@id":"https:\/\/edumais.org\/pt-br\/#\/schema\/logo\/image\/"},"sameAs":["https:\/\/www.facebook.com\/edumais.org\/","https:\/\/www.instagram.com\/edumaisrio\/?hl=en","https:\/\/www.linkedin.com\/company\/edumais.org\/","https:\/\/www.youtube.com\/channel\/UClbmo2QCD_6JH5iGGEoadag"]}]}},"campaignId":"","_links":{"self":[{"href":"https:\/\/edumais.org\/pt-br\/wp-json\/wp\/v2\/pages\/7355","targetHints":{"allow":["GET"]}}],"collection":[{"href":"https:\/\/edumais.org\/pt-br\/wp-json\/wp\/v2\/pages"}],"about":[{"href":"https:\/\/edumais.org\/pt-br\/wp-json\/wp\/v2\/types\/page"}],"author":[{"embeddable":true,"href":"https:\/\/edumais.org\/pt-br\/wp-json\/wp\/v2\/users\/5"}],"replies":[{"embeddable":true,"href":"https:\/\/edumais.org\/pt-br\/wp-json\/wp\/v2\/comments?post=7355"}],"version-history":[{"count":18,"href":"https:\/\/edumais.org\/pt-br\/wp-json\/wp\/v2\/pages\/7355\/revisions"}],"predecessor-version":[{"id":14764,"href":"https:\/\/edumais.org\/pt-br\/wp-json\/wp\/v2\/pages\/7355\/revisions\/14764"}],"up":[{"embeddable":true,"href":"https:\/\/edumais.org\/pt-br\/wp-json\/wp\/v2\/pages\/7328"}],"wp:attachment":[{"href":"https:\/\/edumais.org\/pt-br\/wp-json\/wp\/v2\/media?parent=7355"}],"curies":[{"name":"wp","href":"https:\/\/api.w.org\/{rel}","templated":true}]}}