{"id":7352,"date":"2025-10-03T13:49:33","date_gmt":"2025-10-03T16:49:33","guid":{"rendered":"https:\/\/edumais.org\/?page_id=7352"},"modified":"2025-10-07T12:01:51","modified_gmt":"2025-10-07T15:01:51","slug":"arrecadacao","status":"publish","type":"page","link":"https:\/\/edumais.org\/pt-br\/voluntariado\/arrecadacao\/","title":{"rendered":"Arrecada\u00e7\u00e3o"},"content":{"rendered":"<div class=\"wpb-content-wrapper\"><p>[vc_row full_width=&#8221;stretch_row&#8221; css=&#8221;.vc_custom_1545958689952{padding-top: 15px !important;padding-bottom: 35px !important;}&#8221;][vc_column css_animation=&#8221;fadeInLeft&#8221; width=&#8221;2\/3&#8243;]\n\t\t<div class=\"custom heading text-center\">\n\t\t\t<h2>Volunt\u00e1rio Redator de Projetos ou Captador de Recursos<\/h2>\n\t\t\t<p>Quem estamos procurando<\/p><img decoding=\"async\" data-src=\"https:\/\/edumais.org\/wp-content\/themes\/denorious\/images\/sep.png\" class=\"center-block lazyload\" alt=\"\" src=\"data:image\/svg+xml;base64,PHN2ZyB3aWR0aD0iMSIgaGVpZ2h0PSIxIiB4bWxucz0iaHR0cDovL3d3dy53My5vcmcvMjAwMC9zdmciPjwvc3ZnPg==\" style=\"--smush-placeholder-width: 35px; --smush-placeholder-aspect-ratio: 35\/21;\">\t\t\t\n\t\t<\/div>\t\n\t[vc_column_text css_animation=&#8221;fadeInLeft&#8221; css=&#8221;&#8221;]<\/p>\n<p data-start=\"154\" data-end=\"460\">Funda\u00e7\u00f5es, empresas, governos e outras organiza\u00e7\u00f5es financiadoras s\u00e3o potenciais fontes de recursos inestim\u00e1veis para ONGs. Para fortalecer o crescimento da EduMais, buscamos um volunt\u00e1rio redator de projetos que possa pesquisar, identificar e elaborar propostas de financiamento para essas organiza\u00e7\u00f5es.<\/p>\n<p data-start=\"462\" data-end=\"895\">Ao atuar como redator de projetos ou captador de recursos volunt\u00e1rio conosco, voc\u00ea usar\u00e1 suas habilidades para dar uma contribui\u00e7\u00e3o significativa ao funcionamento cont\u00ednuo da nossa organiza\u00e7\u00e3o. Assim, ajudar\u00e1 a fazer uma enorme diferen\u00e7a na vida de crian\u00e7as e adolescentes em situa\u00e7\u00e3o de risco nas favelas do Rio de Janeiro. De fato, seu impacto pode transformar para sempre a vida dos nossos jovens em situa\u00e7\u00e3o de vulnerabilidade!<\/p>\n<p>[\/vc_column_text][\/vc_column][vc_column width=&#8221;1\/3&#8243; css=&#8221;.vc_custom_1546006471226{padding-top: 20px !important;}&#8221;][vc_single_image image=&#8221;2111&#8243; img_size=&#8221;320 x 320&#8243; alignment=&#8221;center&#8221; css_animation=&#8221;fadeInRight&#8221;][\/vc_column][\/vc_row][vc_row full_width=&#8221;stretch_row&#8221; top_padding=&#8221;55px&#8221; css=&#8221;.vc_custom_1545958709827{padding-top: 25px !important;padding-bottom: 25px !important;background-color: #f8f8f8 !important;}&#8221;][vc_column css_animation=&#8221;fadeInLeft&#8221; width=&#8221;1\/2&#8243;][vc_column_text css_animation=&#8221;fadeInLeft&#8221; css=&#8221;&#8221;]<\/p>\n<h3 style=\"text-align: center;\"><strong>Responsabilidades<\/strong><\/h3>\n<p>* Trabalhar com a equipe para entender a miss\u00e3o e os programas da EduMais.<br \/>\n* Realizar pesquisas sobre poss\u00edveis fontes de financiamento de empresas, funda\u00e7\u00f5es e \u00f3rg\u00e3os governamentais.<br \/>\n* Construir um banco de dados com programas potenciais.<br \/>\n* Escrever propostas de subs\u00eddios (grant proposals) de forma persuasiva.<br \/>\n* Fazer a gest\u00e3o administrativa dos subs\u00eddios.<br \/>\n* Acompanhar e processar doa\u00e7\u00f5es de empresas, funda\u00e7\u00f5es e institui\u00e7\u00f5es governamentais.<br \/>\n* Enviar materiais para financiadores institucionais, cumprindo todas as diretrizes e prazos dos subs\u00eddios.<br \/>\n* Redigir cartas de agradecimento para todas as doa\u00e7\u00f5es institucionais.[\/vc_column_text][\/vc_column][vc_column css_animation=&#8221;fadeInRight&#8221; width=&#8221;1\/2&#8243;][vc_single_image image=&#8221;1361&#8243; img_size=&#8221;400 x 150&#8243; css_animation=&#8221;fadeInRight&#8221; css=&#8221;.vc_custom_1546005485130{padding-bottom: 20px !important;}&#8221;][vc_column_text css_animation=&#8221;fadeInRight&#8221; css=&#8221;&#8221;]<\/p>\n<h3 style=\"text-align: center;\"><strong>Qualifica\u00e7\u00f5es<\/strong><\/h3>\n<p>* Excelentes habilidades de comunica\u00e7\u00e3o escrita e verbal.<br \/>\n* Capacidade de trabalhar de forma independente e em equipe.<br \/>\n* Experi\u00eancia em reda\u00e7\u00e3o de projetos e pesquisa de financiamentos (preferencial).[\/vc_column_text][\/vc_column][\/vc_row][vc_row full_width=&#8221;stretch_row&#8221; top_padding=&#8221;55px&#8221; css=&#8221;.vc_custom_1546005586755{padding-top: 25px !important;padding-bottom: 25px !important;background-color: #f8f8f8 !important;}&#8221;][vc_column width=&#8221;1\/3&#8243;][vc_column_text css_animation=&#8221;fadeInLeft&#8221; css=&#8221;&#8221;]<\/p>\n<h3 style=\"text-align: center;\"><strong>Carga hor\u00e1ria<\/strong><\/h3>\n<p style=\"text-align: center;\">* De 4 a 20 horas por semana.<\/p>\n<p>[\/vc_column_text][\/vc_column][vc_column width=&#8221;1\/3&#8243;][vc_column_text css_animation=&#8221;fadeInDown&#8221; css=&#8221;&#8221;]<\/p>\n<h3 style=\"text-align: center;\"><strong>Dias da semana<\/strong><\/h3>\n<p style=\"text-align: center;\">* Flex\u00edvel (dias \u00fateis e fins de semana)<\/p>\n<p>[\/vc_column_text][\/vc_column][vc_column width=&#8221;1\/3&#8243;][vc_column_text css_animation=&#8221;fadeInRight&#8221; css=&#8221;&#8221;]<\/p>\n<h3 style=\"text-align: center;\"><strong>Dura\u00e7\u00e3o<\/strong><\/h3>\n<p style=\"text-align: center;\">* M\u00ednimo de 3 meses.<\/p>\n<p>[\/vc_column_text][\/vc_column][\/vc_row][vc_row top_padding=&#8221;55px&#8221; css=&#8221;.vc_custom_1545958748663{padding-top: 35px !important;}&#8221;][vc_column css_animation=&#8221;fadeInLeft&#8221;][vc_column_text css_animation=&#8221;fadeInLeft&#8221; css=&#8221;&#8221;]<\/p>\n<h3 style=\"text-align: center;\"><strong>Junte-se \u00e0 fam\u00edlia EduMais!<\/strong><\/h3>\n<p style=\"text-align: center;\">Voc\u00ea quer usar seu talento em reda\u00e7\u00e3o de projetos para o bem comum?<br \/>\nPode ajudar uma jovem ONG a superar obst\u00e1culos contribuindo com seus esfor\u00e7os de capta\u00e7\u00e3o de recursos?<\/p>\n<p style=\"text-align: center;\">Candidate-se para ser volunt\u00e1rio(a) conosco como redator(a) de projetos ou arrecadador(a) de fundos!<\/p>\n<p style=\"text-align: center;\">Inclua seu curr\u00edculo e uma carta de motiva\u00e7\u00e3o na sua inscri\u00e7\u00e3o.<\/p>\n<p style=\"text-align: center;\"><a href=\"https:\/\/edumais.org\/pt-br\/?page_id=7324\">Candidate-se agora!<\/a><\/p>\n<p>[\/vc_column_text][\/vc_column][\/vc_row][vc_row][vc_column][vc_separator color=&#8221;black&#8221; style=&#8221;shadow&#8221; css=&#8221;.vc_custom_1550399358567{padding-top: 100px !important;}&#8221;][\/vc_column][\/vc_row]<\/p>\n<\/div>","protected":false},"excerpt":{"rendered":"<p>[vc_row full_width=&#8221;stretch_row&#8221; css=&#8221;.vc_custom_1545958689952{padding-top: 15px !important;padding-bottom: 35px !important;}&#8221;][vc_column css_animation=&#8221;fadeInLeft&#8221; width=&#8221;2\/3&#8243;][vc_column_text css_animation=&#8221;fadeInLeft&#8221; css=&#8221;&#8221;] Funda\u00e7\u00f5es, empresas, governos e outras organiza\u00e7\u00f5es [&hellip;]<\/p>\n","protected":false},"author":5,"featured_media":0,"parent":7328,"menu_order":0,"comment_status":"closed","ping_status":"closed","template":"","meta":{"give_campaign_id":0,"footnotes":""},"class_list":["post-7352","page","type-page","status-publish","hentry"],"yoast_head":"<!-- This site is optimized with the Yoast SEO plugin v27.4 - https:\/\/yoast.com\/product\/yoast-seo-wordpress\/ -->\n<title>Arrecada\u00e7\u00e3o - EduMais<\/title>\n<meta name=\"description\" content=\"Apoie o EduMais como volunt\u00e1rio redator de projetos\u2014pesquise, escreva e envie propostas para financiar a educa\u00e7\u00e3o de jovens das favelas do Rio.\" \/>\n<meta name=\"robots\" content=\"index, follow, max-snippet:-1, max-image-preview:large, max-video-preview:-1\" \/>\n<link rel=\"canonical\" href=\"https:\/\/edumais.org\/pt-br\/voluntariado\/arrecadacao\/\" \/>\n<meta property=\"og:locale\" content=\"pt_BR\" \/>\n<meta property=\"og:type\" content=\"article\" \/>\n<meta property=\"og:title\" content=\"Arrecada\u00e7\u00e3o - EduMais\" \/>\n<meta property=\"og:description\" content=\"Apoie o EduMais como volunt\u00e1rio redator de projetos\u2014pesquise, escreva e envie propostas para financiar a educa\u00e7\u00e3o de jovens das favelas do Rio.\" \/>\n<meta property=\"og:url\" content=\"https:\/\/edumais.org\/pt-br\/voluntariado\/arrecadacao\/\" \/>\n<meta property=\"og:site_name\" content=\"EduMais\" \/>\n<meta property=\"article:publisher\" content=\"https:\/\/www.facebook.com\/edumais.org\/\" \/>\n<meta property=\"article:modified_time\" content=\"2025-10-07T15:01:51+00:00\" \/>\n<meta property=\"og:image\" content=\"https:\/\/edumais.org\/wp-content\/uploads\/2017\/11\/Home-Banner1-e1588113485474.jpg\" \/>\n\t<meta property=\"og:image:width\" content=\"468\" \/>\n\t<meta property=\"og:image:height\" content=\"167\" \/>\n\t<meta property=\"og:image:type\" content=\"image\/jpeg\" \/>\n<meta name=\"twitter:card\" content=\"summary_large_image\" \/>\n<meta name=\"twitter:label1\" content=\"Est. tempo de leitura\" \/>\n\t<meta name=\"twitter:data1\" content=\"2 minutos\" \/>\n<script type=\"application\/ld+json\" class=\"yoast-schema-graph\">{\"@context\":\"https:\\\/\\\/schema.org\",\"@graph\":[{\"@type\":\"WebPage\",\"@id\":\"https:\\\/\\\/edumais.org\\\/pt-br\\\/voluntariado\\\/arrecadacao\\\/\",\"url\":\"https:\\\/\\\/edumais.org\\\/pt-br\\\/voluntariado\\\/arrecadacao\\\/\",\"name\":\"Arrecada\u00e7\u00e3o - EduMais\",\"isPartOf\":{\"@id\":\"https:\\\/\\\/edumais.org\\\/pt-br\\\/#website\"},\"datePublished\":\"2025-10-03T16:49:33+00:00\",\"dateModified\":\"2025-10-07T15:01:51+00:00\",\"description\":\"Apoie o EduMais como volunt\u00e1rio redator de projetos\u2014pesquise, escreva e envie propostas para financiar a educa\u00e7\u00e3o de jovens das favelas do Rio.\",\"breadcrumb\":{\"@id\":\"https:\\\/\\\/edumais.org\\\/pt-br\\\/voluntariado\\\/arrecadacao\\\/#breadcrumb\"},\"inLanguage\":\"pt-BR\",\"potentialAction\":[{\"@type\":\"ReadAction\",\"target\":[\"https:\\\/\\\/edumais.org\\\/pt-br\\\/voluntariado\\\/arrecadacao\\\/\"]}]},{\"@type\":\"BreadcrumbList\",\"@id\":\"https:\\\/\\\/edumais.org\\\/pt-br\\\/voluntariado\\\/arrecadacao\\\/#breadcrumb\",\"itemListElement\":[{\"@type\":\"ListItem\",\"position\":1,\"name\":\"Home\",\"item\":\"https:\\\/\\\/edumais.org\\\/pt-br\\\/\"},{\"@type\":\"ListItem\",\"position\":2,\"name\":\"voluntariado\",\"item\":\"https:\\\/\\\/edumais.org\\\/pt-br\\\/voluntariado\\\/\"},{\"@type\":\"ListItem\",\"position\":3,\"name\":\"Arrecada\u00e7\u00e3o\"}]},{\"@type\":\"WebSite\",\"@id\":\"https:\\\/\\\/edumais.org\\\/pt-br\\\/#website\",\"url\":\"https:\\\/\\\/edumais.org\\\/pt-br\\\/\",\"name\":\"EduMais\",\"description\":\"Volunteer organization in Rio de Janeiro, Brazil, South America\",\"publisher\":{\"@id\":\"https:\\\/\\\/edumais.org\\\/pt-br\\\/#organization\"},\"potentialAction\":[{\"@type\":\"SearchAction\",\"target\":{\"@type\":\"EntryPoint\",\"urlTemplate\":\"https:\\\/\\\/edumais.org\\\/pt-br\\\/?s={search_term_string}\"},\"query-input\":{\"@type\":\"PropertyValueSpecification\",\"valueRequired\":true,\"valueName\":\"search_term_string\"}}],\"inLanguage\":\"pt-BR\"},{\"@type\":\"Organization\",\"@id\":\"https:\\\/\\\/edumais.org\\\/pt-br\\\/#organization\",\"name\":\"EduMais\",\"url\":\"https:\\\/\\\/edumais.org\\\/pt-br\\\/\",\"logo\":{\"@type\":\"ImageObject\",\"inLanguage\":\"pt-BR\",\"@id\":\"https:\\\/\\\/edumais.org\\\/pt-br\\\/#\\\/schema\\\/logo\\\/image\\\/\",\"url\":\"https:\\\/\\\/edumais.org\\\/wp-content\\\/uploads\\\/2016\\\/01\\\/edumais_logo_vector-as-Smart-Object-1.png\",\"contentUrl\":\"https:\\\/\\\/edumais.org\\\/wp-content\\\/uploads\\\/2016\\\/01\\\/edumais_logo_vector-as-Smart-Object-1.png\",\"width\":761,\"height\":361,\"caption\":\"EduMais\"},\"image\":{\"@id\":\"https:\\\/\\\/edumais.org\\\/pt-br\\\/#\\\/schema\\\/logo\\\/image\\\/\"},\"sameAs\":[\"https:\\\/\\\/www.facebook.com\\\/edumais.org\\\/\",\"https:\\\/\\\/www.instagram.com\\\/edumaisrio\\\/?hl=en\",\"https:\\\/\\\/www.linkedin.com\\\/company\\\/edumais.org\\\/\",\"https:\\\/\\\/www.youtube.com\\\/channel\\\/UClbmo2QCD_6JH5iGGEoadag\"]}]}<\/script>\n<!-- \/ Yoast SEO plugin. -->","yoast_head_json":{"title":"Arrecada\u00e7\u00e3o - EduMais","description":"Apoie o EduMais como volunt\u00e1rio redator de projetos\u2014pesquise, escreva e envie propostas para financiar a educa\u00e7\u00e3o de jovens das favelas do Rio.","robots":{"index":"index","follow":"follow","max-snippet":"max-snippet:-1","max-image-preview":"max-image-preview:large","max-video-preview":"max-video-preview:-1"},"canonical":"https:\/\/edumais.org\/pt-br\/voluntariado\/arrecadacao\/","og_locale":"pt_BR","og_type":"article","og_title":"Arrecada\u00e7\u00e3o - EduMais","og_description":"Apoie o EduMais como volunt\u00e1rio redator de projetos\u2014pesquise, escreva e envie propostas para financiar a educa\u00e7\u00e3o de jovens das favelas do Rio.","og_url":"https:\/\/edumais.org\/pt-br\/voluntariado\/arrecadacao\/","og_site_name":"EduMais","article_publisher":"https:\/\/www.facebook.com\/edumais.org\/","article_modified_time":"2025-10-07T15:01:51+00:00","og_image":[{"width":468,"height":167,"url":"https:\/\/edumais.org\/wp-content\/uploads\/2017\/11\/Home-Banner1-e1588113485474.jpg","type":"image\/jpeg"}],"twitter_card":"summary_large_image","twitter_misc":{"Est. tempo de leitura":"2 minutos"},"schema":{"@context":"https:\/\/schema.org","@graph":[{"@type":"WebPage","@id":"https:\/\/edumais.org\/pt-br\/voluntariado\/arrecadacao\/","url":"https:\/\/edumais.org\/pt-br\/voluntariado\/arrecadacao\/","name":"Arrecada\u00e7\u00e3o - EduMais","isPartOf":{"@id":"https:\/\/edumais.org\/pt-br\/#website"},"datePublished":"2025-10-03T16:49:33+00:00","dateModified":"2025-10-07T15:01:51+00:00","description":"Apoie o EduMais como volunt\u00e1rio redator de projetos\u2014pesquise, escreva e envie propostas para financiar a educa\u00e7\u00e3o de jovens das favelas do Rio.","breadcrumb":{"@id":"https:\/\/edumais.org\/pt-br\/voluntariado\/arrecadacao\/#breadcrumb"},"inLanguage":"pt-BR","potentialAction":[{"@type":"ReadAction","target":["https:\/\/edumais.org\/pt-br\/voluntariado\/arrecadacao\/"]}]},{"@type":"BreadcrumbList","@id":"https:\/\/edumais.org\/pt-br\/voluntariado\/arrecadacao\/#breadcrumb","itemListElement":[{"@type":"ListItem","position":1,"name":"Home","item":"https:\/\/edumais.org\/pt-br\/"},{"@type":"ListItem","position":2,"name":"voluntariado","item":"https:\/\/edumais.org\/pt-br\/voluntariado\/"},{"@type":"ListItem","position":3,"name":"Arrecada\u00e7\u00e3o"}]},{"@type":"WebSite","@id":"https:\/\/edumais.org\/pt-br\/#website","url":"https:\/\/edumais.org\/pt-br\/","name":"EduMais","description":"Volunteer organization in Rio de Janeiro, Brazil, South America","publisher":{"@id":"https:\/\/edumais.org\/pt-br\/#organization"},"potentialAction":[{"@type":"SearchAction","target":{"@type":"EntryPoint","urlTemplate":"https:\/\/edumais.org\/pt-br\/?s={search_term_string}"},"query-input":{"@type":"PropertyValueSpecification","valueRequired":true,"valueName":"search_term_string"}}],"inLanguage":"pt-BR"},{"@type":"Organization","@id":"https:\/\/edumais.org\/pt-br\/#organization","name":"EduMais","url":"https:\/\/edumais.org\/pt-br\/","logo":{"@type":"ImageObject","inLanguage":"pt-BR","@id":"https:\/\/edumais.org\/pt-br\/#\/schema\/logo\/image\/","url":"https:\/\/edumais.org\/wp-content\/uploads\/2016\/01\/edumais_logo_vector-as-Smart-Object-1.png","contentUrl":"https:\/\/edumais.org\/wp-content\/uploads\/2016\/01\/edumais_logo_vector-as-Smart-Object-1.png","width":761,"height":361,"caption":"EduMais"},"image":{"@id":"https:\/\/edumais.org\/pt-br\/#\/schema\/logo\/image\/"},"sameAs":["https:\/\/www.facebook.com\/edumais.org\/","https:\/\/www.instagram.com\/edumaisrio\/?hl=en","https:\/\/www.linkedin.com\/company\/edumais.org\/","https:\/\/www.youtube.com\/channel\/UClbmo2QCD_6JH5iGGEoadag"]}]}},"campaignId":"","_links":{"self":[{"href":"https:\/\/edumais.org\/pt-br\/wp-json\/wp\/v2\/pages\/7352","targetHints":{"allow":["GET"]}}],"collection":[{"href":"https:\/\/edumais.org\/pt-br\/wp-json\/wp\/v2\/pages"}],"about":[{"href":"https:\/\/edumais.org\/pt-br\/wp-json\/wp\/v2\/types\/page"}],"author":[{"embeddable":true,"href":"https:\/\/edumais.org\/pt-br\/wp-json\/wp\/v2\/users\/5"}],"replies":[{"embeddable":true,"href":"https:\/\/edumais.org\/pt-br\/wp-json\/wp\/v2\/comments?post=7352"}],"version-history":[{"count":12,"href":"https:\/\/edumais.org\/pt-br\/wp-json\/wp\/v2\/pages\/7352\/revisions"}],"predecessor-version":[{"id":14765,"href":"https:\/\/edumais.org\/pt-br\/wp-json\/wp\/v2\/pages\/7352\/revisions\/14765"}],"up":[{"embeddable":true,"href":"https:\/\/edumais.org\/pt-br\/wp-json\/wp\/v2\/pages\/7328"}],"wp:attachment":[{"href":"https:\/\/edumais.org\/pt-br\/wp-json\/wp\/v2\/media?parent=7352"}],"curies":[{"name":"wp","href":"https:\/\/api.w.org\/{rel}","templated":true}]}}