{"id":7349,"date":"2025-09-26T14:25:16","date_gmt":"2025-09-26T17:25:16","guid":{"rendered":"https:\/\/edumais.org\/?page_id=7349"},"modified":"2025-10-07T11:32:23","modified_gmt":"2025-10-07T14:32:23","slug":"criacao-de-jogos-educativos","status":"publish","type":"page","link":"https:\/\/edumais.org\/pt-br\/voluntariado\/criacao-de-jogos-educativos\/","title":{"rendered":"Cria\u00e7\u00e3o De Jogos Educativos"},"content":{"rendered":"<div class=\"wpb-content-wrapper\"><p>[vc_row full_width=&#8221;stretch_row&#8221; css=&#8221;.vc_custom_1545917364380{padding-top: 15px !important;padding-bottom: 35px !important;}&#8221;][vc_column css_animation=&#8221;fadeInLeft&#8221; width=&#8221;2\/3&#8243;]\n\t\t<div class=\"custom heading text-center\">\n\t\t\t<h2>Cria\u00e7\u00e3o De Jogos Educativos<\/h2>\n\t\t\t<p>Quem estamos procurando<\/p><img decoding=\"async\" data-src=\"https:\/\/edumais.org\/wp-content\/themes\/denorious\/images\/sep.png\" class=\"center-block lazyload\" alt=\"\" src=\"data:image\/svg+xml;base64,PHN2ZyB3aWR0aD0iMSIgaGVpZ2h0PSIxIiB4bWxucz0iaHR0cDovL3d3dy53My5vcmcvMjAwMC9zdmciPjwvc3ZnPg==\" style=\"--smush-placeholder-width: 35px; --smush-placeholder-aspect-ratio: 35\/21;\">\t\t\t\n\t\t<\/div>\t\n\t[vc_column_text css_animation=&#8221;fadeInLeft&#8221; css=&#8221;&#8221;]Estamos sempre em busca de pessoas comprometidas e motivadas para se juntarem \u00e0 nossa equipe como Volunt\u00e1rios Professores de Ingl\u00eas.<\/p>\n<p>Como Volunt\u00e1rio Professor de Ingl\u00eas, voc\u00ea ter\u00e1 um impacto significativo na vida de crian\u00e7as e adolescentes em situa\u00e7\u00e3o de risco, ajudando-os a desenvolver as habilidades no idioma necess\u00e1rias para alcan\u00e7ar seus objetivos.<\/p>\n<p data-start=\"132\" data-end=\"532\"><strong data-start=\"132\" data-end=\"218\">Por que ser volunt\u00e1rio em Cria\u00e7\u00e3o De Jogos Educativosnas favelas do Rio com a EduMais?<\/strong><br data-start=\"218\" data-end=\"221\" \/>\u00c0 medida que o mundo se torna cada vez mais tecnol\u00f3gico, habilidades em inform\u00e1tica deixaram de ser opcionais \u2014 s\u00e3o essenciais. Atrav\u00e9s da EduMais, voc\u00ea pode ser volunt\u00e1rio em Design de Jogos S\u00e9rios no Rio e ajudar crian\u00e7as em situa\u00e7\u00e3o de vulnerabilidade nas favelas a abrir portas para oportunidades futuras.<\/p>\n<p data-start=\"534\" data-end=\"1063\">Ao atuar como professor de Design de Jogos com a EduMais, voc\u00ea ter\u00e1 um papel fundamental em abrir o mundo digital para nossos alunos. Al\u00e9m de ensinar a projetar e criar jogos, voc\u00ea os guiar\u00e1 nos fundamentos da programa\u00e7\u00e3o com <strong data-start=\"760\" data-end=\"772\">GDevelop<\/strong>, codifica\u00e7\u00e3o e resolu\u00e7\u00e3o de problemas. Voc\u00ea tamb\u00e9m os apresentar\u00e1 \u00e0 cria\u00e7\u00e3o de arte no <strong data-start=\"860\" data-end=\"873\">Procreate<\/strong> e ao desenvolvimento de uma campanha de marketing. Com o seu apoio, esses jovens adquirem as habilidades e a confian\u00e7a de que precisam para prosperar no mercado de trabalho do s\u00e9culo XXI.<\/p>\n<p data-start=\"1065\" data-end=\"1151\">Ser volunt\u00e1rio na EduMais \u00e9 mais do que ensinar \u2014 \u00e9 uma chance de transformar vidas.<\/p>\n<p>[\/vc_column_text][\/vc_column][vc_column width=&#8221;1\/3&#8243; css=&#8221;.vc_custom_1545917190256{padding-top: 25px !important;}&#8221;][vc_single_image image=&#8221;2769&#8243; img_size=&#8221;450&#215;370&#8243; css_animation=&#8221;fadeInRight&#8221;][\/vc_column][\/vc_row][vc_row css=&#8221;.vc_custom_1545917374656{padding-top: 25px !important;padding-bottom: 35px !important;}&#8221;][vc_column width=&#8221;1\/3&#8243; css=&#8221;.vc_custom_1545920425335{padding-top: 15px !important;}&#8221;][vc_single_image image=&#8221;14097&#8243; img_size=&#8221;400&#215;385&#8243; css_animation=&#8221;fadeInLeft&#8221; css=&#8221;&#8221;][\/vc_column][vc_column width=&#8221;2\/3&#8243;][vc_column_text css_animation=&#8221;fadeInRight&#8221; css=&#8221;&#8221;]<\/p>\n<h3 data-start=\"62\" data-end=\"99\"><strong data-start=\"62\" data-end=\"97\">Responsabilidades do Volunt\u00e1rio<\/strong><\/h3>\n<ul data-start=\"101\" data-end=\"641\">\n<li data-start=\"101\" data-end=\"183\">\n<p data-start=\"103\" data-end=\"183\">Ministrar aulas envolventes seguindo os planos de aula fornecidos pela EduMais<\/p>\n<\/li>\n<li data-start=\"184\" data-end=\"236\">\n<p data-start=\"186\" data-end=\"236\">Ensinar os alunos a criar jogos com <strong data-start=\"222\" data-end=\"234\">GDevelop<\/strong><\/p>\n<\/li>\n<li data-start=\"237\" data-end=\"315\">\n<p data-start=\"239\" data-end=\"315\">Orientar os alunos na cria\u00e7\u00e3o de anima\u00e7\u00f5es e cen\u00e1rios usando <strong data-start=\"300\" data-end=\"313\">Procreate<\/strong><\/p>\n<\/li>\n<li data-start=\"316\" data-end=\"394\">\n<p data-start=\"318\" data-end=\"394\">Introduzir t\u00e9cnicas de marketing e apoi\u00e1-los no lan\u00e7amento de uma campanha<\/p>\n<\/li>\n<li data-start=\"395\" data-end=\"471\">\n<p data-start=\"397\" data-end=\"471\">Ensinar programa\u00e7\u00e3o, codifica\u00e7\u00e3o e habilidades de resolu\u00e7\u00e3o de problemas<\/p>\n<\/li>\n<li data-start=\"472\" data-end=\"554\">\n<p data-start=\"474\" data-end=\"554\">Incentivar, motivar e apoiar os alunos durante todo o processo de aprendizagem<\/p>\n<\/li>\n<li data-start=\"555\" data-end=\"641\">\n<p data-start=\"557\" data-end=\"641\">Promover o trabalho em equipe e a criatividade em um ambiente positivo e acolhedor<\/p>\n<\/li>\n<\/ul>\n<p>[\/vc_column_text][\/vc_column][\/vc_row][vc_row full_width=&#8221;stretch_row&#8221; top_padding=&#8221;55px&#8221; css=&#8221;.vc_custom_1545917433467{padding-top: 25px !important;padding-bottom: 25px !important;background-color: #f8f8f8 !important;}&#8221;][vc_column css_animation=&#8221;fadeInLeft&#8221; width=&#8221;2\/3&#8243;][vc_column_text css_animation=&#8221;fadeInLeft&#8221; css=&#8221;&#8221;]<\/p>\n<h3 data-start=\"62\" data-end=\"81\"><strong data-start=\"62\" data-end=\"79\">Qualifica\u00e7\u00f5es<\/strong><\/h3>\n<ul data-start=\"83\" data-end=\"545\">\n<li data-start=\"83\" data-end=\"136\">\n<p data-start=\"85\" data-end=\"136\">Portugu\u00eas avan\u00e7ado no m\u00ednimo (flu\u00eancia preferida)<\/p>\n<\/li>\n<li data-start=\"137\" data-end=\"255\">\n<p data-start=\"139\" data-end=\"255\">Forte profici\u00eancia em computa\u00e7\u00e3o\/programa\u00e7\u00e3o\/marketing digital\/desenvolvimento de aplicativos ou \u00e1reas semelhantes<\/p>\n<\/li>\n<li data-start=\"256\" data-end=\"357\">\n<p data-start=\"258\" data-end=\"357\">Capacidade de se comunicar de forma criativa com alunos que t\u00eam conhecimentos limitados de ingl\u00eas<\/p>\n<\/li>\n<li data-start=\"358\" data-end=\"454\">\n<p data-start=\"360\" data-end=\"454\">Diploma em Ci\u00eancia da Computa\u00e7\u00e3o, Inform\u00e1tica, Engenharia ou \u00e1rea relacionada (preferencial)<\/p>\n<\/li>\n<li data-start=\"455\" data-end=\"545\">\n<p data-start=\"457\" data-end=\"545\">Experi\u00eancia pr\u00e9via em ensino, de prefer\u00eancia com jovens em situa\u00e7\u00e3o de vulnerabilidade<\/p>\n<\/li>\n<\/ul>\n<hr data-start=\"547\" data-end=\"550\" \/>\n<p>[\/vc_column_text][\/vc_column][vc_column css_animation=&#8221;fadeInRight&#8221; width=&#8221;1\/3&#8243;][vc_single_image image=&#8221;14103&#8243; img_size=&#8221;400X400&#8243; alignment=&#8221;center&#8221; css_animation=&#8221;fadeInRight&#8221; css=&#8221;&#8221;][\/vc_column][\/vc_row][vc_row full_width=&#8221;stretch_row&#8221; top_padding=&#8221;55px&#8221; css=&#8221;.vc_custom_1545921431038{padding-top: 25px !important;padding-bottom: 35px !important;background-color: #f8f8f8 !important;}&#8221;][vc_column width=&#8221;1\/3&#8243;][vc_column_text css_animation=&#8221;fadeInLeft&#8221; css=&#8221;&#8221;]<\/p>\n<h3 data-start=\"62\" data-end=\"88\"><strong data-start=\"62\" data-end=\"86\">Compromisso de Tempo<\/strong><\/h3>\n<ul data-start=\"89\" data-end=\"195\">\n<li data-start=\"89\" data-end=\"133\">\n<p data-start=\"91\" data-end=\"133\"><strong data-start=\"91\" data-end=\"112\">Programa Regular:<\/strong> 5 horas por semana<\/p>\n<\/li>\n<li data-start=\"134\" data-end=\"195\">\n<p data-start=\"136\" data-end=\"195\"><strong data-start=\"136\" data-end=\"158\">Col\u00f4nia de F\u00e9rias:<\/strong> 16\u201324 horas por semana \/ 4 semanas<\/p>\n<\/li>\n<\/ul>\n<p>[\/vc_column_text][\/vc_column][vc_column width=&#8221;1\/3&#8243;][vc_column_text css_animation=&#8221;fadeInDown&#8221; css=&#8221;&#8221;]<\/p>\n<h3 data-start=\"62\" data-end=\"82\"><strong data-start=\"62\" data-end=\"80\">Dias da Semana<\/strong><\/h3>\n<ul data-start=\"83\" data-end=\"196\">\n<li data-start=\"83\" data-end=\"135\">\n<p data-start=\"85\" data-end=\"135\"><strong data-start=\"85\" data-end=\"97\">Flex\u00edvel<\/strong> (dias de semana e finais de semana)<\/p>\n<\/li>\n<li data-start=\"136\" data-end=\"196\">\n<p data-start=\"138\" data-end=\"196\"><strong data-start=\"138\" data-end=\"170\">Durante a Col\u00f4nia de F\u00e9rias:<\/strong> de ter\u00e7a a quinta-feira<\/p>\n<\/li>\n<\/ul>\n<p>[\/vc_column_text][\/vc_column][vc_column width=&#8221;1\/3&#8243;][vc_column_text css_animation=&#8221;fadeInDown&#8221; css=&#8221;&#8221;]<\/p>\n<h3>Duration<\/h3>\n<ul>\n<li>Regular Program: 8-12 week course<\/li>\n<li>Summer Camp in January for 4 weeks<\/li>\n<\/ul>\n<p>[\/vc_column_text][\/vc_column][\/vc_row][vc_row top_padding=&#8221;55px&#8221; css=&#8221;.vc_custom_1545921468775{padding-top: 35px !important;padding-bottom: 0px !important;}&#8221;][vc_column css_animation=&#8221;fadeInLeft&#8221;][vc_column_text css_animation=&#8221;fadeInLeft&#8221; css=&#8221;&#8221;]<\/p>\n<p style=\"text-align: center;\"><strong data-start=\"62\" data-end=\"166\">Ao escolher ser volunt\u00e1rio em Cria\u00e7\u00e3o De Jogos Educativos no Rio, voc\u00ea abrir\u00e1 as portas do mundo digital!<\/strong><br data-start=\"166\" data-end=\"169\" \/>Junte-se a n\u00f3s para reduzir a exclus\u00e3o digital nas favelas do Rio. Compartilhando seu conhecimento, voc\u00ea abrir\u00e1 portas para oportunidades que podem mudar a vida de uma crian\u00e7a para sempre.<\/p>\n<p style=\"text-align: center;\"><a class=\"btn\" href=\"https:\/\/edumais.org\/application-form\/\">Inscreva-se agora<\/a><\/p>\n<p>[\/vc_column_text][\/vc_column][\/vc_row][vc_row][vc_column][vc_separator color=&#8221;black&#8221; style=&#8221;shadow&#8221; css=&#8221;.vc_custom_1550399099958{padding-top: 100px !important;}&#8221;][\/vc_column][\/vc_row]<\/p>\n<\/div>","protected":false},"excerpt":{"rendered":"<p>[vc_row full_width=&#8221;stretch_row&#8221; css=&#8221;.vc_custom_1545917364380{padding-top: 15px !important;padding-bottom: 35px !important;}&#8221;][vc_column css_animation=&#8221;fadeInLeft&#8221; width=&#8221;2\/3&#8243;][vc_column_text css_animation=&#8221;fadeInLeft&#8221; css=&#8221;&#8221;]Estamos sempre em busca de pessoas comprometidas [&hellip;]<\/p>\n","protected":false},"author":5,"featured_media":0,"parent":7328,"menu_order":0,"comment_status":"closed","ping_status":"closed","template":"","meta":{"give_campaign_id":0,"footnotes":""},"class_list":["post-7349","page","type-page","status-publish","hentry"],"yoast_head":"<!-- This site is optimized with the Yoast SEO plugin v27.4 - https:\/\/yoast.com\/product\/yoast-seo-wordpress\/ -->\n<title>Cria\u00e7\u00e3o De Jogos Educativos - EduMais<\/title>\n<meta name=\"description\" content=\"Seja volunt\u00e1rio na EduMais e use suas habilidades em Game Design para transformar a vida de jovens nas favelas do Rio\" \/>\n<meta name=\"robots\" content=\"index, follow, max-snippet:-1, max-image-preview:large, max-video-preview:-1\" \/>\n<link rel=\"canonical\" href=\"https:\/\/edumais.org\/pt-br\/voluntariado\/criacao-de-jogos-educativos\/\" \/>\n<meta property=\"og:locale\" content=\"pt_BR\" \/>\n<meta property=\"og:type\" content=\"article\" \/>\n<meta property=\"og:title\" content=\"Cria\u00e7\u00e3o De Jogos Educativos - EduMais\" \/>\n<meta property=\"og:description\" content=\"Seja volunt\u00e1rio na EduMais e use suas habilidades em Game Design para transformar a vida de jovens nas favelas do Rio\" \/>\n<meta property=\"og:url\" content=\"https:\/\/edumais.org\/pt-br\/voluntariado\/criacao-de-jogos-educativos\/\" \/>\n<meta property=\"og:site_name\" content=\"EduMais\" \/>\n<meta property=\"article:publisher\" content=\"https:\/\/www.facebook.com\/edumais.org\/\" \/>\n<meta property=\"article:modified_time\" content=\"2025-10-07T14:32:23+00:00\" \/>\n<meta property=\"og:image\" content=\"https:\/\/edumais.org\/wp-content\/uploads\/2017\/11\/Home-Banner1-e1588113485474.jpg\" \/>\n\t<meta property=\"og:image:width\" content=\"468\" \/>\n\t<meta property=\"og:image:height\" content=\"167\" \/>\n\t<meta property=\"og:image:type\" content=\"image\/jpeg\" \/>\n<meta name=\"twitter:card\" content=\"summary_large_image\" \/>\n<meta name=\"twitter:label1\" content=\"Est. tempo de leitura\" \/>\n\t<meta name=\"twitter:data1\" content=\"4 minutos\" \/>\n<script type=\"application\/ld+json\" class=\"yoast-schema-graph\">{\"@context\":\"https:\\\/\\\/schema.org\",\"@graph\":[{\"@type\":\"WebPage\",\"@id\":\"https:\\\/\\\/edumais.org\\\/pt-br\\\/voluntariado\\\/criacao-de-jogos-educativos\\\/\",\"url\":\"https:\\\/\\\/edumais.org\\\/pt-br\\\/voluntariado\\\/criacao-de-jogos-educativos\\\/\",\"name\":\"Cria\u00e7\u00e3o De Jogos Educativos - EduMais\",\"isPartOf\":{\"@id\":\"https:\\\/\\\/edumais.org\\\/pt-br\\\/#website\"},\"datePublished\":\"2025-09-26T17:25:16+00:00\",\"dateModified\":\"2025-10-07T14:32:23+00:00\",\"description\":\"Seja volunt\u00e1rio na EduMais e use suas habilidades em Game Design para transformar a vida de jovens nas favelas do Rio\",\"breadcrumb\":{\"@id\":\"https:\\\/\\\/edumais.org\\\/pt-br\\\/voluntariado\\\/criacao-de-jogos-educativos\\\/#breadcrumb\"},\"inLanguage\":\"pt-BR\",\"potentialAction\":[{\"@type\":\"ReadAction\",\"target\":[\"https:\\\/\\\/edumais.org\\\/pt-br\\\/voluntariado\\\/criacao-de-jogos-educativos\\\/\"]}]},{\"@type\":\"BreadcrumbList\",\"@id\":\"https:\\\/\\\/edumais.org\\\/pt-br\\\/voluntariado\\\/criacao-de-jogos-educativos\\\/#breadcrumb\",\"itemListElement\":[{\"@type\":\"ListItem\",\"position\":1,\"name\":\"Home\",\"item\":\"https:\\\/\\\/edumais.org\\\/pt-br\\\/\"},{\"@type\":\"ListItem\",\"position\":2,\"name\":\"voluntariado\",\"item\":\"https:\\\/\\\/edumais.org\\\/pt-br\\\/voluntariado\\\/\"},{\"@type\":\"ListItem\",\"position\":3,\"name\":\"Cria\u00e7\u00e3o De Jogos Educativos\"}]},{\"@type\":\"WebSite\",\"@id\":\"https:\\\/\\\/edumais.org\\\/pt-br\\\/#website\",\"url\":\"https:\\\/\\\/edumais.org\\\/pt-br\\\/\",\"name\":\"EduMais\",\"description\":\"Volunteer organization in Rio de Janeiro, Brazil, South America\",\"publisher\":{\"@id\":\"https:\\\/\\\/edumais.org\\\/pt-br\\\/#organization\"},\"potentialAction\":[{\"@type\":\"SearchAction\",\"target\":{\"@type\":\"EntryPoint\",\"urlTemplate\":\"https:\\\/\\\/edumais.org\\\/pt-br\\\/?s={search_term_string}\"},\"query-input\":{\"@type\":\"PropertyValueSpecification\",\"valueRequired\":true,\"valueName\":\"search_term_string\"}}],\"inLanguage\":\"pt-BR\"},{\"@type\":\"Organization\",\"@id\":\"https:\\\/\\\/edumais.org\\\/pt-br\\\/#organization\",\"name\":\"EduMais\",\"url\":\"https:\\\/\\\/edumais.org\\\/pt-br\\\/\",\"logo\":{\"@type\":\"ImageObject\",\"inLanguage\":\"pt-BR\",\"@id\":\"https:\\\/\\\/edumais.org\\\/pt-br\\\/#\\\/schema\\\/logo\\\/image\\\/\",\"url\":\"https:\\\/\\\/edumais.org\\\/wp-content\\\/uploads\\\/2016\\\/01\\\/edumais_logo_vector-as-Smart-Object-1.png\",\"contentUrl\":\"https:\\\/\\\/edumais.org\\\/wp-content\\\/uploads\\\/2016\\\/01\\\/edumais_logo_vector-as-Smart-Object-1.png\",\"width\":761,\"height\":361,\"caption\":\"EduMais\"},\"image\":{\"@id\":\"https:\\\/\\\/edumais.org\\\/pt-br\\\/#\\\/schema\\\/logo\\\/image\\\/\"},\"sameAs\":[\"https:\\\/\\\/www.facebook.com\\\/edumais.org\\\/\",\"https:\\\/\\\/www.instagram.com\\\/edumaisrio\\\/?hl=en\",\"https:\\\/\\\/www.linkedin.com\\\/company\\\/edumais.org\\\/\",\"https:\\\/\\\/www.youtube.com\\\/channel\\\/UClbmo2QCD_6JH5iGGEoadag\"]}]}<\/script>\n<!-- \/ Yoast SEO plugin. -->","yoast_head_json":{"title":"Cria\u00e7\u00e3o De Jogos Educativos - EduMais","description":"Seja volunt\u00e1rio na EduMais e use suas habilidades em Game Design para transformar a vida de jovens nas favelas do Rio","robots":{"index":"index","follow":"follow","max-snippet":"max-snippet:-1","max-image-preview":"max-image-preview:large","max-video-preview":"max-video-preview:-1"},"canonical":"https:\/\/edumais.org\/pt-br\/voluntariado\/criacao-de-jogos-educativos\/","og_locale":"pt_BR","og_type":"article","og_title":"Cria\u00e7\u00e3o De Jogos Educativos - EduMais","og_description":"Seja volunt\u00e1rio na EduMais e use suas habilidades em Game Design para transformar a vida de jovens nas favelas do Rio","og_url":"https:\/\/edumais.org\/pt-br\/voluntariado\/criacao-de-jogos-educativos\/","og_site_name":"EduMais","article_publisher":"https:\/\/www.facebook.com\/edumais.org\/","article_modified_time":"2025-10-07T14:32:23+00:00","og_image":[{"width":468,"height":167,"url":"https:\/\/edumais.org\/wp-content\/uploads\/2017\/11\/Home-Banner1-e1588113485474.jpg","type":"image\/jpeg"}],"twitter_card":"summary_large_image","twitter_misc":{"Est. tempo de leitura":"4 minutos"},"schema":{"@context":"https:\/\/schema.org","@graph":[{"@type":"WebPage","@id":"https:\/\/edumais.org\/pt-br\/voluntariado\/criacao-de-jogos-educativos\/","url":"https:\/\/edumais.org\/pt-br\/voluntariado\/criacao-de-jogos-educativos\/","name":"Cria\u00e7\u00e3o De Jogos Educativos - EduMais","isPartOf":{"@id":"https:\/\/edumais.org\/pt-br\/#website"},"datePublished":"2025-09-26T17:25:16+00:00","dateModified":"2025-10-07T14:32:23+00:00","description":"Seja volunt\u00e1rio na EduMais e use suas habilidades em Game Design para transformar a vida de jovens nas favelas do Rio","breadcrumb":{"@id":"https:\/\/edumais.org\/pt-br\/voluntariado\/criacao-de-jogos-educativos\/#breadcrumb"},"inLanguage":"pt-BR","potentialAction":[{"@type":"ReadAction","target":["https:\/\/edumais.org\/pt-br\/voluntariado\/criacao-de-jogos-educativos\/"]}]},{"@type":"BreadcrumbList","@id":"https:\/\/edumais.org\/pt-br\/voluntariado\/criacao-de-jogos-educativos\/#breadcrumb","itemListElement":[{"@type":"ListItem","position":1,"name":"Home","item":"https:\/\/edumais.org\/pt-br\/"},{"@type":"ListItem","position":2,"name":"voluntariado","item":"https:\/\/edumais.org\/pt-br\/voluntariado\/"},{"@type":"ListItem","position":3,"name":"Cria\u00e7\u00e3o De Jogos Educativos"}]},{"@type":"WebSite","@id":"https:\/\/edumais.org\/pt-br\/#website","url":"https:\/\/edumais.org\/pt-br\/","name":"EduMais","description":"Volunteer organization in Rio de Janeiro, Brazil, South America","publisher":{"@id":"https:\/\/edumais.org\/pt-br\/#organization"},"potentialAction":[{"@type":"SearchAction","target":{"@type":"EntryPoint","urlTemplate":"https:\/\/edumais.org\/pt-br\/?s={search_term_string}"},"query-input":{"@type":"PropertyValueSpecification","valueRequired":true,"valueName":"search_term_string"}}],"inLanguage":"pt-BR"},{"@type":"Organization","@id":"https:\/\/edumais.org\/pt-br\/#organization","name":"EduMais","url":"https:\/\/edumais.org\/pt-br\/","logo":{"@type":"ImageObject","inLanguage":"pt-BR","@id":"https:\/\/edumais.org\/pt-br\/#\/schema\/logo\/image\/","url":"https:\/\/edumais.org\/wp-content\/uploads\/2016\/01\/edumais_logo_vector-as-Smart-Object-1.png","contentUrl":"https:\/\/edumais.org\/wp-content\/uploads\/2016\/01\/edumais_logo_vector-as-Smart-Object-1.png","width":761,"height":361,"caption":"EduMais"},"image":{"@id":"https:\/\/edumais.org\/pt-br\/#\/schema\/logo\/image\/"},"sameAs":["https:\/\/www.facebook.com\/edumais.org\/","https:\/\/www.instagram.com\/edumaisrio\/?hl=en","https:\/\/www.linkedin.com\/company\/edumais.org\/","https:\/\/www.youtube.com\/channel\/UClbmo2QCD_6JH5iGGEoadag"]}]}},"campaignId":"","_links":{"self":[{"href":"https:\/\/edumais.org\/pt-br\/wp-json\/wp\/v2\/pages\/7349","targetHints":{"allow":["GET"]}}],"collection":[{"href":"https:\/\/edumais.org\/pt-br\/wp-json\/wp\/v2\/pages"}],"about":[{"href":"https:\/\/edumais.org\/pt-br\/wp-json\/wp\/v2\/types\/page"}],"author":[{"embeddable":true,"href":"https:\/\/edumais.org\/pt-br\/wp-json\/wp\/v2\/users\/5"}],"replies":[{"embeddable":true,"href":"https:\/\/edumais.org\/pt-br\/wp-json\/wp\/v2\/comments?post=7349"}],"version-history":[{"count":19,"href":"https:\/\/edumais.org\/pt-br\/wp-json\/wp\/v2\/pages\/7349\/revisions"}],"predecessor-version":[{"id":14763,"href":"https:\/\/edumais.org\/pt-br\/wp-json\/wp\/v2\/pages\/7349\/revisions\/14763"}],"up":[{"embeddable":true,"href":"https:\/\/edumais.org\/pt-br\/wp-json\/wp\/v2\/pages\/7328"}],"wp:attachment":[{"href":"https:\/\/edumais.org\/pt-br\/wp-json\/wp\/v2\/media?parent=7349"}],"curies":[{"name":"wp","href":"https:\/\/api.w.org\/{rel}","templated":true}]}}