{"id":7345,"date":"2025-10-03T13:14:34","date_gmt":"2025-10-03T16:14:34","guid":{"rendered":"https:\/\/edumais.org\/?page_id=7345"},"modified":"2025-10-07T10:53:36","modified_gmt":"2025-10-07T13:53:36","slug":"campo-de-verao","status":"publish","type":"page","link":"https:\/\/edumais.org\/pt-br\/voluntariado\/campo-de-verao\/","title":{"rendered":"Campo de ver\u00e3o"},"content":{"rendered":"<div class=\"wpb-content-wrapper\"><p>[vc_row full_width=&#8221;stretch_row&#8221; css=&#8221;.vc_custom_1545952801141{padding-top: 15px !important;padding-bottom: 35px !important;}&#8221;][vc_column css_animation=&#8221;fadeInLeft&#8221; width=&#8221;2\/3&#8243;]\n\t\t<div class=\"custom heading text-center\">\n\t\t\t<h2>Volunt\u00e1rio para a Col\u00f4nia de F\u00e9rias<\/h2>\n\t\t\t<p>Quem estamos procurando<\/p><img decoding=\"async\" data-src=\"https:\/\/edumais.org\/wp-content\/themes\/denorious\/images\/sep.png\" class=\"center-block lazyload\" alt=\"\" src=\"data:image\/svg+xml;base64,PHN2ZyB3aWR0aD0iMSIgaGVpZ2h0PSIxIiB4bWxucz0iaHR0cDovL3d3dy53My5vcmcvMjAwMC9zdmciPjwvc3ZnPg==\" style=\"--smush-placeholder-width: 35px; --smush-placeholder-aspect-ratio: 35\/21;\">\t\t\t\n\t\t<\/div>\t\n\t[vc_column_text css_animation=&#8221;fadeInLeft&#8221; css=&#8221;&#8221;]<\/p>\n<p data-start=\"60\" data-end=\"225\">Como volunt\u00e1rio de col\u00f4nia de f\u00e9rias, voc\u00ea ensinar\u00e1 \u00e0s nossas crian\u00e7as em situa\u00e7\u00e3o de risco as habilidades de que precisam para construir um futuro mais brilhante.<\/p>\n<p data-start=\"227\" data-end=\"524\">As col\u00f4nias de f\u00e9rias da EduMais oferecem a crian\u00e7as carentes e vulner\u00e1veis das favelas do Rio a oportunidade de se divertir e se conectar durante as f\u00e9rias de ver\u00e3o. N\u00f3s preenchemos os dias delas com aprendizado acad\u00eamico, atividades criativas e f\u00edsicas, al\u00e9m de op\u00e7\u00f5es de alimenta\u00e7\u00e3o saud\u00e1vel.<\/p>\n<p data-start=\"526\" data-end=\"818\">Voc\u00ea passar\u00e1 seu tempo ensinando e apoiando as crian\u00e7as. Dependendo da col\u00f4nia em que participar, voc\u00ea estar\u00e1 desenvolvendo as habilidades de Ingl\u00eas ou de Programa\u00e7\u00e3o delas. Ao mesmo tempo, estar\u00e1 ensinando compet\u00eancias sociais e de vida essenciais para que se tornem adultos bem-sucedidos.<\/p>\n<p data-start=\"820\" data-end=\"1031\">Ser volunt\u00e1rio nesse contexto desafiador \u00e9 uma \u00f3tima forma de, ao mesmo tempo, doar \u00e0s crian\u00e7as e se divertir fazendo isso! Voc\u00ea realmente far\u00e1 a diferen\u00e7a e ter\u00e1 um impacto profundo na vida dos nossos jovens!<\/p>\n<p>[\/vc_column_text][\/vc_column][vc_column width=&#8221;1\/3&#8243; css=&#8221;.vc_custom_1547553531246{padding-top: 10px !important;}&#8221;][vc_single_image image=&#8221;14165&#8243; img_size=&#8221;350&#215;440&#8243; alignment=&#8221;center&#8221; css_animation=&#8221;fadeInRight&#8221; css=&#8221;&#8221;][\/vc_column][\/vc_row][vc_row full_width=&#8221;stretch_row&#8221; top_padding=&#8221;55px&#8221; css=&#8221;.vc_custom_1545952818642{padding-top: 25px !important;padding-bottom: 25px !important;background-color: #f8f8f8 !important;}&#8221;][vc_column css_animation=&#8221;fadeInLeft&#8221; width=&#8221;2\/3&#8243;][vc_column_text css_animation=&#8221;fadeInLeft&#8221; css=&#8221;&#8221;]<\/p>\n<p style=\"text-align: center;\"><strong>Responsabilidades<\/strong><\/p>\n<p>* Co-criar e facilitar o conte\u00fado e os planos de aula.<br \/>\n* Organizar atividades educativas divertidas para manter todas as crian\u00e7as engajadas.<br \/>\n* Incentivar os alunos a colaborarem de forma criativa.<br \/>\n* Implementar nossa metodologia: Disciplina Positiva.<br \/>\n* Fornecer feedback semanal sobre o comportamento e o progresso dos alunos.<br \/>\n* Compartilhar a miss\u00e3o da EduMais e os eventos de arrecada\u00e7\u00e3o de fundos atrav\u00e9s das redes sociais e da sua pr\u00f3pria rede de contatos.[\/vc_column_text][\/vc_column][vc_column css_animation=&#8221;fadeInRight&#8221; width=&#8221;1\/3&#8243;][vc_single_image image=&#8221;14176&#8243; img_size=&#8221;270&#215;185&#8243; alignment=&#8221;center&#8221; css_animation=&#8221;fadeInRight&#8221; css=&#8221;&#8221;][\/vc_column][\/vc_row][vc_row top_padding=&#8221;55px&#8221; css=&#8221;.vc_custom_1545952826426{padding-top: 25px !important;padding-bottom: 25px !important;}&#8221;][vc_column css_animation=&#8221;fadeInLeft&#8221; width=&#8221;1\/3&#8243;][vc_single_image image=&#8221;14171&#8243; img_size=&#8221;270&#215;285&#8243; alignment=&#8221;center&#8221; css_animation=&#8221;fadeInLeft&#8221; css=&#8221;&#8221;][\/vc_column][vc_column width=&#8221;2\/3&#8243;][vc_column_text css_animation=&#8221;fadeInRight&#8221; css=&#8221;&#8221;]<\/p>\n<p style=\"text-align: center;\"><strong>Qualifica\u00e7\u00f5es<\/strong><\/p>\n<p>* N\u00edvel intermedi\u00e1rio de portugu\u00eas.<br \/>\n* N\u00edvel intermedi\u00e1rio de ingl\u00eas.<br \/>\n* Forma\u00e7\u00e3o em pedagogia e\/ou servi\u00e7o social.<br \/>\n* Habilidades de comunica\u00e7\u00e3o criativa (voc\u00ea precisar\u00e1 se comunicar com crian\u00e7as que falam pouco ou nenhum ingl\u00eas).<br \/>\n* Experi\u00eancia no trabalho com jovens em situa\u00e7\u00e3o de vulnerabilidade.<br \/>\n* Idealmente, possuir um certificado TEFL, TESOL ou outro certificado reconhecido de ensino de ingl\u00eas como segunda l\u00edngua (para o Acampamento de Ingl\u00eas).<br \/>\n* Preferencialmente, diploma em uma \u00e1rea relevante, como lingu\u00edstica, literatura ou educa\u00e7\u00e3o (para o Acampamento de Ingl\u00eas).<br \/>\n* Conhecimento e experi\u00eancia com programas de inform\u00e1tica, programa\u00e7\u00e3o, marketing digital ou desenvolvimento de aplicativos (para o Acampamento de Programa\u00e7\u00e3o).<br \/>\n* Preferencialmente, forma\u00e7\u00e3o em ci\u00eancia da computa\u00e7\u00e3o ou \u00e1rea relacionada (para o Acampamento de Programa\u00e7\u00e3o).[\/vc_column_text][\/vc_column][\/vc_row][vc_row full_width=&#8221;stretch_row&#8221; top_padding=&#8221;55px&#8221; css=&#8221;.vc_custom_1545952902013{padding-top: 25px !important;padding-bottom: 25px !important;background-color: #f8f8f8 !important;}&#8221;][vc_column width=&#8221;1\/3&#8243;][vc_column_text css_animation=&#8221;fadeInLeft&#8221; css=&#8221;&#8221;]<\/p>\n<p style=\"text-align: center;\"><strong>Carga hor\u00e1ria<\/strong><\/p>\n<p style=\"text-align: center;\">* 15 a 20 horas por semana (Acampamento de Ingl\u00eas)<br \/>\n* 6 a 10 horas por semana (Acampamento de Programa\u00e7\u00e3o)<\/p>\n<p>[\/vc_column_text][\/vc_column][vc_column width=&#8221;1\/3&#8243;][vc_column_text css_animation=&#8221;fadeInDown&#8221; css=&#8221;&#8221;]<\/p>\n<p style=\"text-align: center;\"><strong>Dias por semana<\/strong><br \/>\n3 dias por semana (durante a semana)<\/p>\n<p>[\/vc_column_text][\/vc_column][vc_column width=&#8221;1\/3&#8243;][vc_column_text css_animation=&#8221;fadeInRight&#8221; css=&#8221;&#8221;]<\/p>\n<p style=\"text-align: center;\"><strong>Dura\u00e7\u00e3o<\/strong><br \/>\nM\u00ednimo de 3 semanas no m\u00eas de janeiro<\/p>\n<p>[\/vc_column_text][\/vc_column][\/vc_row][vc_row top_padding=&#8221;55px&#8221; css=&#8221;.vc_custom_1545952842059{padding-top: 35px !important;}&#8221;][vc_column css_animation=&#8221;fadeInLeft&#8221;][vc_column_text css_animation=&#8221;fadeInLeft&#8221; css=&#8221;&#8221;]<\/p>\n<p style=\"text-align: center;\"><strong>Seja volunt\u00e1rio(a) em nossos acampamentos de ver\u00e3o no Rio de Janeiro!<\/strong><\/p>\n<p style=\"text-align: center;\">Voc\u00ea \u00e9 apaixonado(a) por melhorar a vida de crian\u00e7as em situa\u00e7\u00e3o de vulnerabilidade nas favelas do Rio? Ama trabalhar com crian\u00e7as? Ent\u00e3o inscreva-se como volunt\u00e1rio(a) em um dos nossos acampamentos de ver\u00e3o!<\/p>\n<p style=\"text-align: center;\">Envie seu curr\u00edculo e uma carta de motiva\u00e7\u00e3o junto com sua candidatura.<\/p>\n<p style=\"text-align: center;\"><a href=\"https:\/\/edumais.org\/pt-br\/?page_id=7324\">Candidate-se agora!<\/a><\/p>\n<p>[\/vc_column_text][\/vc_column][\/vc_row][vc_row][vc_column][vc_separator][\/vc_column][\/vc_row][vc_row][vc_column][vc_separator color=&#8221;black&#8221; style=&#8221;shadow&#8221; css=&#8221;.vc_custom_1550399275223{padding-top: 100px !important;}&#8221;][\/vc_column][\/vc_row]<\/p>\n<\/div>","protected":false},"excerpt":{"rendered":"<p>[vc_row full_width=&#8221;stretch_row&#8221; css=&#8221;.vc_custom_1545952801141{padding-top: 15px !important;padding-bottom: 35px !important;}&#8221;][vc_column css_animation=&#8221;fadeInLeft&#8221; width=&#8221;2\/3&#8243;][vc_column_text css_animation=&#8221;fadeInLeft&#8221; css=&#8221;&#8221;] Como volunt\u00e1rio de col\u00f4nia de f\u00e9rias, [&hellip;]<\/p>\n","protected":false},"author":5,"featured_media":0,"parent":7328,"menu_order":0,"comment_status":"closed","ping_status":"closed","template":"","meta":{"give_campaign_id":0,"footnotes":""},"class_list":["post-7345","page","type-page","status-publish","hentry"],"yoast_head":"<!-- This site is optimized with the Yoast SEO plugin v27.4 - https:\/\/yoast.com\/product\/yoast-seo-wordpress\/ -->\n<title>Campo de ver\u00e3o - EduMais<\/title>\n<meta name=\"description\" content=\"Cause um impacto duradouro neste janeiro! Seja volunt\u00e1rio no Acampamento de Ver\u00e3o EduMais nas favelas do Rio\u2014ensine, brinque e inspire jovens em situa\u00e7\u00e3o de vulnerabilidade.\" \/>\n<meta name=\"robots\" content=\"index, follow, max-snippet:-1, max-image-preview:large, max-video-preview:-1\" \/>\n<link rel=\"canonical\" href=\"https:\/\/edumais.org\/pt-br\/voluntariado\/campo-de-verao\/\" \/>\n<meta property=\"og:locale\" content=\"pt_BR\" \/>\n<meta property=\"og:type\" content=\"article\" \/>\n<meta property=\"og:title\" content=\"Campo de ver\u00e3o - EduMais\" \/>\n<meta property=\"og:description\" content=\"Cause um impacto duradouro neste janeiro! Seja volunt\u00e1rio no Acampamento de Ver\u00e3o EduMais nas favelas do Rio\u2014ensine, brinque e inspire jovens em situa\u00e7\u00e3o de vulnerabilidade.\" \/>\n<meta property=\"og:url\" content=\"https:\/\/edumais.org\/pt-br\/voluntariado\/campo-de-verao\/\" \/>\n<meta property=\"og:site_name\" content=\"EduMais\" \/>\n<meta property=\"article:publisher\" content=\"https:\/\/www.facebook.com\/edumais.org\/\" \/>\n<meta property=\"article:modified_time\" content=\"2025-10-07T13:53:36+00:00\" \/>\n<meta property=\"og:image\" content=\"https:\/\/edumais.org\/wp-content\/uploads\/2017\/11\/Home-Banner1-e1588113485474.jpg\" \/>\n\t<meta property=\"og:image:width\" content=\"468\" \/>\n\t<meta property=\"og:image:height\" content=\"167\" \/>\n\t<meta property=\"og:image:type\" content=\"image\/jpeg\" \/>\n<meta name=\"twitter:card\" content=\"summary_large_image\" \/>\n<meta name=\"twitter:label1\" content=\"Est. tempo de leitura\" \/>\n\t<meta name=\"twitter:data1\" content=\"3 minutos\" \/>\n<script type=\"application\/ld+json\" class=\"yoast-schema-graph\">{\"@context\":\"https:\\\/\\\/schema.org\",\"@graph\":[{\"@type\":\"WebPage\",\"@id\":\"https:\\\/\\\/edumais.org\\\/pt-br\\\/voluntariado\\\/campo-de-verao\\\/\",\"url\":\"https:\\\/\\\/edumais.org\\\/pt-br\\\/voluntariado\\\/campo-de-verao\\\/\",\"name\":\"Campo de ver\u00e3o - EduMais\",\"isPartOf\":{\"@id\":\"https:\\\/\\\/edumais.org\\\/pt-br\\\/#website\"},\"datePublished\":\"2025-10-03T16:14:34+00:00\",\"dateModified\":\"2025-10-07T13:53:36+00:00\",\"description\":\"Cause um impacto duradouro neste janeiro! Seja volunt\u00e1rio no Acampamento de Ver\u00e3o EduMais nas favelas do Rio\u2014ensine, brinque e inspire jovens em situa\u00e7\u00e3o de vulnerabilidade.\",\"breadcrumb\":{\"@id\":\"https:\\\/\\\/edumais.org\\\/pt-br\\\/voluntariado\\\/campo-de-verao\\\/#breadcrumb\"},\"inLanguage\":\"pt-BR\",\"potentialAction\":[{\"@type\":\"ReadAction\",\"target\":[\"https:\\\/\\\/edumais.org\\\/pt-br\\\/voluntariado\\\/campo-de-verao\\\/\"]}]},{\"@type\":\"BreadcrumbList\",\"@id\":\"https:\\\/\\\/edumais.org\\\/pt-br\\\/voluntariado\\\/campo-de-verao\\\/#breadcrumb\",\"itemListElement\":[{\"@type\":\"ListItem\",\"position\":1,\"name\":\"Home\",\"item\":\"https:\\\/\\\/edumais.org\\\/pt-br\\\/\"},{\"@type\":\"ListItem\",\"position\":2,\"name\":\"voluntariado\",\"item\":\"https:\\\/\\\/edumais.org\\\/pt-br\\\/voluntariado\\\/\"},{\"@type\":\"ListItem\",\"position\":3,\"name\":\"Campo de ver\u00e3o\"}]},{\"@type\":\"WebSite\",\"@id\":\"https:\\\/\\\/edumais.org\\\/pt-br\\\/#website\",\"url\":\"https:\\\/\\\/edumais.org\\\/pt-br\\\/\",\"name\":\"EduMais\",\"description\":\"Volunteer organization in Rio de Janeiro, Brazil, South America\",\"publisher\":{\"@id\":\"https:\\\/\\\/edumais.org\\\/pt-br\\\/#organization\"},\"potentialAction\":[{\"@type\":\"SearchAction\",\"target\":{\"@type\":\"EntryPoint\",\"urlTemplate\":\"https:\\\/\\\/edumais.org\\\/pt-br\\\/?s={search_term_string}\"},\"query-input\":{\"@type\":\"PropertyValueSpecification\",\"valueRequired\":true,\"valueName\":\"search_term_string\"}}],\"inLanguage\":\"pt-BR\"},{\"@type\":\"Organization\",\"@id\":\"https:\\\/\\\/edumais.org\\\/pt-br\\\/#organization\",\"name\":\"EduMais\",\"url\":\"https:\\\/\\\/edumais.org\\\/pt-br\\\/\",\"logo\":{\"@type\":\"ImageObject\",\"inLanguage\":\"pt-BR\",\"@id\":\"https:\\\/\\\/edumais.org\\\/pt-br\\\/#\\\/schema\\\/logo\\\/image\\\/\",\"url\":\"https:\\\/\\\/edumais.org\\\/wp-content\\\/uploads\\\/2016\\\/01\\\/edumais_logo_vector-as-Smart-Object-1.png\",\"contentUrl\":\"https:\\\/\\\/edumais.org\\\/wp-content\\\/uploads\\\/2016\\\/01\\\/edumais_logo_vector-as-Smart-Object-1.png\",\"width\":761,\"height\":361,\"caption\":\"EduMais\"},\"image\":{\"@id\":\"https:\\\/\\\/edumais.org\\\/pt-br\\\/#\\\/schema\\\/logo\\\/image\\\/\"},\"sameAs\":[\"https:\\\/\\\/www.facebook.com\\\/edumais.org\\\/\",\"https:\\\/\\\/www.instagram.com\\\/edumaisrio\\\/?hl=en\",\"https:\\\/\\\/www.linkedin.com\\\/company\\\/edumais.org\\\/\",\"https:\\\/\\\/www.youtube.com\\\/channel\\\/UClbmo2QCD_6JH5iGGEoadag\"]}]}<\/script>\n<!-- \/ Yoast SEO plugin. -->","yoast_head_json":{"title":"Campo de ver\u00e3o - EduMais","description":"Cause um impacto duradouro neste janeiro! Seja volunt\u00e1rio no Acampamento de Ver\u00e3o EduMais nas favelas do Rio\u2014ensine, brinque e inspire jovens em situa\u00e7\u00e3o de vulnerabilidade.","robots":{"index":"index","follow":"follow","max-snippet":"max-snippet:-1","max-image-preview":"max-image-preview:large","max-video-preview":"max-video-preview:-1"},"canonical":"https:\/\/edumais.org\/pt-br\/voluntariado\/campo-de-verao\/","og_locale":"pt_BR","og_type":"article","og_title":"Campo de ver\u00e3o - EduMais","og_description":"Cause um impacto duradouro neste janeiro! Seja volunt\u00e1rio no Acampamento de Ver\u00e3o EduMais nas favelas do Rio\u2014ensine, brinque e inspire jovens em situa\u00e7\u00e3o de vulnerabilidade.","og_url":"https:\/\/edumais.org\/pt-br\/voluntariado\/campo-de-verao\/","og_site_name":"EduMais","article_publisher":"https:\/\/www.facebook.com\/edumais.org\/","article_modified_time":"2025-10-07T13:53:36+00:00","og_image":[{"width":468,"height":167,"url":"https:\/\/edumais.org\/wp-content\/uploads\/2017\/11\/Home-Banner1-e1588113485474.jpg","type":"image\/jpeg"}],"twitter_card":"summary_large_image","twitter_misc":{"Est. tempo de leitura":"3 minutos"},"schema":{"@context":"https:\/\/schema.org","@graph":[{"@type":"WebPage","@id":"https:\/\/edumais.org\/pt-br\/voluntariado\/campo-de-verao\/","url":"https:\/\/edumais.org\/pt-br\/voluntariado\/campo-de-verao\/","name":"Campo de ver\u00e3o - EduMais","isPartOf":{"@id":"https:\/\/edumais.org\/pt-br\/#website"},"datePublished":"2025-10-03T16:14:34+00:00","dateModified":"2025-10-07T13:53:36+00:00","description":"Cause um impacto duradouro neste janeiro! Seja volunt\u00e1rio no Acampamento de Ver\u00e3o EduMais nas favelas do Rio\u2014ensine, brinque e inspire jovens em situa\u00e7\u00e3o de vulnerabilidade.","breadcrumb":{"@id":"https:\/\/edumais.org\/pt-br\/voluntariado\/campo-de-verao\/#breadcrumb"},"inLanguage":"pt-BR","potentialAction":[{"@type":"ReadAction","target":["https:\/\/edumais.org\/pt-br\/voluntariado\/campo-de-verao\/"]}]},{"@type":"BreadcrumbList","@id":"https:\/\/edumais.org\/pt-br\/voluntariado\/campo-de-verao\/#breadcrumb","itemListElement":[{"@type":"ListItem","position":1,"name":"Home","item":"https:\/\/edumais.org\/pt-br\/"},{"@type":"ListItem","position":2,"name":"voluntariado","item":"https:\/\/edumais.org\/pt-br\/voluntariado\/"},{"@type":"ListItem","position":3,"name":"Campo de ver\u00e3o"}]},{"@type":"WebSite","@id":"https:\/\/edumais.org\/pt-br\/#website","url":"https:\/\/edumais.org\/pt-br\/","name":"EduMais","description":"Volunteer organization in Rio de Janeiro, Brazil, South America","publisher":{"@id":"https:\/\/edumais.org\/pt-br\/#organization"},"potentialAction":[{"@type":"SearchAction","target":{"@type":"EntryPoint","urlTemplate":"https:\/\/edumais.org\/pt-br\/?s={search_term_string}"},"query-input":{"@type":"PropertyValueSpecification","valueRequired":true,"valueName":"search_term_string"}}],"inLanguage":"pt-BR"},{"@type":"Organization","@id":"https:\/\/edumais.org\/pt-br\/#organization","name":"EduMais","url":"https:\/\/edumais.org\/pt-br\/","logo":{"@type":"ImageObject","inLanguage":"pt-BR","@id":"https:\/\/edumais.org\/pt-br\/#\/schema\/logo\/image\/","url":"https:\/\/edumais.org\/wp-content\/uploads\/2016\/01\/edumais_logo_vector-as-Smart-Object-1.png","contentUrl":"https:\/\/edumais.org\/wp-content\/uploads\/2016\/01\/edumais_logo_vector-as-Smart-Object-1.png","width":761,"height":361,"caption":"EduMais"},"image":{"@id":"https:\/\/edumais.org\/pt-br\/#\/schema\/logo\/image\/"},"sameAs":["https:\/\/www.facebook.com\/edumais.org\/","https:\/\/www.instagram.com\/edumaisrio\/?hl=en","https:\/\/www.linkedin.com\/company\/edumais.org\/","https:\/\/www.youtube.com\/channel\/UClbmo2QCD_6JH5iGGEoadag"]}]}},"campaignId":"","_links":{"self":[{"href":"https:\/\/edumais.org\/pt-br\/wp-json\/wp\/v2\/pages\/7345","targetHints":{"allow":["GET"]}}],"collection":[{"href":"https:\/\/edumais.org\/pt-br\/wp-json\/wp\/v2\/pages"}],"about":[{"href":"https:\/\/edumais.org\/pt-br\/wp-json\/wp\/v2\/types\/page"}],"author":[{"embeddable":true,"href":"https:\/\/edumais.org\/pt-br\/wp-json\/wp\/v2\/users\/5"}],"replies":[{"embeddable":true,"href":"https:\/\/edumais.org\/pt-br\/wp-json\/wp\/v2\/comments?post=7345"}],"version-history":[{"count":18,"href":"https:\/\/edumais.org\/pt-br\/wp-json\/wp\/v2\/pages\/7345\/revisions"}],"predecessor-version":[{"id":14722,"href":"https:\/\/edumais.org\/pt-br\/wp-json\/wp\/v2\/pages\/7345\/revisions\/14722"}],"up":[{"embeddable":true,"href":"https:\/\/edumais.org\/pt-br\/wp-json\/wp\/v2\/pages\/7328"}],"wp:attachment":[{"href":"https:\/\/edumais.org\/pt-br\/wp-json\/wp\/v2\/media?parent=7345"}],"curies":[{"name":"wp","href":"https:\/\/api.w.org\/{rel}","templated":true}]}}