{"id":7338,"date":"2025-09-26T14:04:44","date_gmt":"2025-09-26T17:04:44","guid":{"rendered":"https:\/\/edumais.org\/?page_id=7338"},"modified":"2025-10-07T11:37:55","modified_gmt":"2025-10-07T14:37:55","slug":"ingles","status":"publish","type":"page","link":"https:\/\/edumais.org\/pt-br\/voluntariado\/ingles\/","title":{"rendered":"Ingl\u00eas"},"content":{"rendered":"<div class=\"wpb-content-wrapper\"><p>[vc_row full_width=&#8221;stretch_row&#8221; css=&#8221;.vc_custom_1540044981781{padding-top: 15px !important;padding-bottom: 35px !important;}&#8221;][vc_column css_animation=&#8221;fadeInLeft&#8221; width=&#8221;2\/3&#8243;]\n\t\t<div class=\"custom heading text-center\">\n\t\t\t<h2>Ensinando Ingl\u00eas na EduMais<\/h2>\n\t\t\t<p>Quem estamos procurando<\/p><img decoding=\"async\" data-src=\"https:\/\/edumais.org\/wp-content\/themes\/denorious\/images\/sep.png\" class=\"center-block lazyload\" alt=\"\" src=\"data:image\/svg+xml;base64,PHN2ZyB3aWR0aD0iMSIgaGVpZ2h0PSIxIiB4bWxucz0iaHR0cDovL3d3dy53My5vcmcvMjAwMC9zdmciPjwvc3ZnPg==\" style=\"--smush-placeholder-width: 35px; --smush-placeholder-aspect-ratio: 35\/21;\">\t\t\t\n\t\t<\/div>\t\n\t[vc_column_text css_animation=&#8221;fadeInLeft&#8221; css=&#8221;&#8221;]Estamos sempre procurando por voc\u00ea: professor(a) volunt\u00e1rio de ingl\u00eas comprometido(a) e motivado(a)! Algu\u00e9m apaixonado por usar suas habilidades para melhorar a vida de jovens em situa\u00e7\u00e3o de vulnerabilidade!<\/p>\n<p>Al\u00e9m das expectativas que temos para todos os volunt\u00e1rios, preferimos fortemente que nossos professores de ingl\u00eas sejam falantes nativos ou verdadeiramente bil\u00edngues. Um certificado TEFL ou outra qualifica\u00e7\u00e3o relevante para o ensino tamb\u00e9m \u00e9 um grande diferencial.<\/p>\n<p>Acima de tudo, por\u00e9m, \u00e9 fundamental que voc\u00ea seja paciente, confi\u00e1vel, flex\u00edvel, amoroso(a) e gentil. Nossas crian\u00e7as merecem nada menos do que isso![\/vc_column_text][\/vc_column][vc_column css_animation=&#8221;fadeInRight&#8221; width=&#8221;1\/3&#8243; css=&#8221;.vc_custom_1545841163159{padding-top: 20px !important;}&#8221;][vc_single_image image=&#8221;14109&#8243; img_size=&#8221;400&#215;350&#8243; alignment=&#8221;center&#8221; css_animation=&#8221;fadeInRight&#8221; css=&#8221;&#8221;][\/vc_column][\/vc_row][vc_row full_width=&#8221;stretch_row&#8221; top_padding=&#8221;55px&#8221; css=&#8221;.vc_custom_1545840079451{padding-bottom: 20px !important;background-color: #f8f8f8 !important;}&#8221;][vc_column css_animation=&#8221;fadeInLeft&#8221; width=&#8221;1\/3&#8243;][vc_single_image image=&#8221;14114&#8243; img_size=&#8221;400X300&#8243; alignment=&#8221;center&#8221; css_animation=&#8221;fadeInRight&#8221; css=&#8221;&#8221;][\/vc_column][vc_column css_animation=&#8221;fadeInRight&#8221; width=&#8221;2\/3&#8243;][vc_column_text css_animation=&#8221;fadeInLeft&#8221; css=&#8221;&#8221;]<\/p>\n<h3><strong>Responsabilidades do Professor Volunt\u00e1rio de Ingl\u00eas<\/strong><\/h3>\n<p>* Aplicar os m\u00e9todos de ensino e t\u00e9cnicas de gest\u00e3o de sala de aula da Disciplina Positiva (Positive Discipline &#8211; PD).<br \/>\n* Estudar e seguir os planos de aula preparados pela EduMais, adaptando-os \u00e0s necessidades dos diferentes grupos et\u00e1rios do nosso programa de ingl\u00eas.<br \/>\n* Aplicar testes e exerc\u00edcios para avaliar o progresso dos alunos.<br \/>\n* Fornecer feedback semanal das aulas para nos ajudar a melhorar e expandir nossos programas.<br \/>\n* Atuar como embaixador(a) da EduMais, compartilhando nossa miss\u00e3o, oportunidades de voluntariado e eventos de arrecada\u00e7\u00e3o de fundos nas redes sociais e dentro da sua rede de contatos.[\/vc_column_text][\/vc_column][\/vc_row][vc_row full_width=&#8221;stretch_row&#8221; top_padding=&#8221;55px&#8221; css=&#8221;.vc_custom_1544730195087{margin-bottom: 25px !important;}&#8221;][vc_column width=&#8221;2\/3&#8243;][vc_column_text css_animation=&#8221;fadeInRight&#8221; css=&#8221;&#8221;]<\/p>\n<h3><strong>Qualifica\u00e7\u00f5es para Professor Volunt\u00e1rio de Ingl\u00eas<\/strong><\/h3>\n<p>* Ingl\u00eas nativo, bil\u00edngue ou profici\u00eancia profissional para trabalho na l\u00edngua inglesa<br \/>\n* Certificado TEFL, TESOL ou outro certificado reconhecido de ESL (preferencial)<br \/>\n* N\u00edvel intermedi\u00e1rio de portugu\u00eas (preferencial)<br \/>\n* Gradua\u00e7\u00e3o em \u00e1rea relevante, como Lingu\u00edstica, Literatura ou Educa\u00e7\u00e3o (preferencial)<br \/>\n* Experi\u00eancia em ensino, especialmente com crian\u00e7as em situa\u00e7\u00e3o de vulnerabilidade (preferencial)[\/vc_column_text][\/vc_column][vc_column css_animation=&#8221;fadeInRight&#8221; width=&#8221;1\/3&#8243;][vc_single_image image=&#8221;14124&#8243; img_size=&#8221;400X300&#8243; alignment=&#8221;center&#8221; css_animation=&#8221;fadeInLeft&#8221; css=&#8221;&#8221;][\/vc_column][\/vc_row][vc_row full_width=&#8221;stretch_row&#8221; top_padding=&#8221;55px&#8221; css=&#8221;.vc_custom_1545840068462{padding-bottom: 20px !important;background-color: #f8f8f8 !important;}&#8221;][vc_column width=&#8221;1\/2&#8243;][vc_single_image image=&#8221;14119&#8243; img_size=&#8221;500&#215;450&#8243; alignment=&#8221;center&#8221; css_animation=&#8221;fadeInRight&#8221; css=&#8221;&#8221;][\/vc_column][vc_column css_animation=&#8221;fadeInLeft&#8221; width=&#8221;1\/4&#8243;][vc_column_text css_animation=&#8221;fadeInLeft&#8221; css=&#8221;&#8221;]<\/p>\n<h3><strong>Dura\u00e7\u00e3o<\/strong><\/h3>\n<p><em>Volunt\u00e1rio de curto prazo<\/em><\/p>\n<p>3 meses<\/p>\n<p><em>Volunt\u00e1rio de m\u00e9dio prazo<\/em><\/p>\n<p>6 meses<\/p>\n<p><em>Volunt\u00e1rio de longo prazo<\/em><\/p>\n<p>Mais de 10 meses<\/p>\n<h3><strong>Datas de in\u00edcio<\/strong><\/h3>\n<p>Flex\u00edveis, mas preferencialmente em fevereiro ou julho[\/vc_column_text][\/vc_column][vc_column width=&#8221;1\/4&#8243;][vc_column_text css_animation=&#8221;fadeInLeft&#8221; css=&#8221;&#8221;]<\/p>\n<h3><strong>Compromisso de tempo<\/strong><\/h3>\n<p>* 5 horas por semana<br \/>\n* 10 horas por semana<br \/>\n* 15 horas por semana<br \/>\n* Mais de 20 horas por semana<\/p>\n<h3><strong>Dias da semana<\/strong><\/h3>\n<p>* Segunda-feira (Ingl\u00eas extracurricular)<br \/>\n* Quarta-feira<br \/>\n* Quinta-feira<br \/>\n* Sexta-feira<br \/>\n* S\u00e1bado (Tabajaras)[\/vc_column_text][\/vc_column][\/vc_row][vc_row top_padding=&#8221;55px&#8221;][vc_column css_animation=&#8221;fadeInLeft&#8221;][vc_column_text css_animation=&#8221;fadeInLeft&#8221; css=&#8221;&#8221;]<\/p>\n<h3><strong>Seja volunt\u00e1rio para ensinar ingl\u00eas no Brasil conosco!<\/strong><\/h3>\n<p>Voc\u00ea quer ajudar crian\u00e7as e adolescentes das favelas do Rio de Janeiro a aprender ingl\u00eas com um falante nativo ou fluente? Est\u00e1 motivado(a) a usar suas habilidades para abrir portas para o futuro deles? Junte-se \u00e0 fam\u00edlia de volunt\u00e1rios da EduMais!<\/p>\n<p>Ao se candidatar, por favor, envie seu curr\u00edculo e entraremos em contato em breve.[\/vc_column_text][vc_column_text css=&#8221;&#8221;]<\/p>\n<p style=\"text-align: center;\"><a class=\"btn\" href=\"https:\/\/edumais.org\/application-form\/\">Inscreva-se agora<\/a><\/p>\n<p>[\/vc_column_text][vc_column_text css=&#8221;&#8221;]Saiba mais sobre a experi\u00eancia de ser volunt\u00e1rio como professor de ingl\u00eas no Brasil por meio do post no blog de um dos nossos volunt\u00e1rios de longo prazo.[\/vc_column_text][\/vc_column][\/vc_row][vc_row][vc_column][vc_separator color=&#8221;black&#8221; style=&#8221;shadow&#8221; css=&#8221;.vc_custom_1550399004884{padding-top: 100px !important;}&#8221;][\/vc_column][\/vc_row]<\/p>\n<\/div>","protected":false},"excerpt":{"rendered":"<p>[vc_row full_width=&#8221;stretch_row&#8221; css=&#8221;.vc_custom_1540044981781{padding-top: 15px !important;padding-bottom: 35px !important;}&#8221;][vc_column css_animation=&#8221;fadeInLeft&#8221; width=&#8221;2\/3&#8243;][vc_column_text css_animation=&#8221;fadeInLeft&#8221; css=&#8221;&#8221;]Estamos sempre procurando por voc\u00ea: professor(a) volunt\u00e1rio [&hellip;]<\/p>\n","protected":false},"author":5,"featured_media":0,"parent":7328,"menu_order":0,"comment_status":"closed","ping_status":"closed","template":"","meta":{"give_campaign_id":0,"footnotes":""},"class_list":["post-7338","page","type-page","status-publish","hentry"],"yoast_head":"<!-- This site is optimized with the Yoast SEO plugin v27.3 - https:\/\/yoast.com\/product\/yoast-seo-wordpress\/ -->\n<title>Ingl\u00eas - EduMais<\/title>\n<meta name=\"description\" content=\"Torne-se professor volunt\u00e1rio de ingl\u00eas para crian\u00e7as em situa\u00e7\u00e3o de risco na EduMais, uma ONG localizada nas favelas do Rio de Janeiro, Brasil.\" \/>\n<meta name=\"robots\" content=\"index, follow, max-snippet:-1, max-image-preview:large, max-video-preview:-1\" \/>\n<link rel=\"canonical\" href=\"https:\/\/edumais.org\/pt-br\/voluntariado\/ingles\/\" \/>\n<meta property=\"og:locale\" content=\"pt_BR\" \/>\n<meta property=\"og:type\" content=\"article\" \/>\n<meta property=\"og:title\" content=\"Ingl\u00eas - EduMais\" \/>\n<meta property=\"og:description\" content=\"Torne-se professor volunt\u00e1rio de ingl\u00eas para crian\u00e7as em situa\u00e7\u00e3o de risco na EduMais, uma ONG localizada nas favelas do Rio de Janeiro, Brasil.\" \/>\n<meta property=\"og:url\" content=\"https:\/\/edumais.org\/pt-br\/voluntariado\/ingles\/\" \/>\n<meta property=\"og:site_name\" content=\"EduMais\" \/>\n<meta property=\"article:publisher\" content=\"https:\/\/www.facebook.com\/edumais.org\/\" \/>\n<meta property=\"article:modified_time\" content=\"2025-10-07T14:37:55+00:00\" \/>\n<meta property=\"og:image\" content=\"https:\/\/edumais.org\/wp-content\/uploads\/2017\/11\/Home-Banner1-e1588113485474.jpg\" \/>\n\t<meta property=\"og:image:width\" content=\"468\" \/>\n\t<meta property=\"og:image:height\" content=\"167\" \/>\n\t<meta property=\"og:image:type\" content=\"image\/jpeg\" \/>\n<meta name=\"twitter:card\" content=\"summary_large_image\" \/>\n<meta name=\"twitter:label1\" content=\"Est. tempo de leitura\" \/>\n\t<meta name=\"twitter:data1\" content=\"4 minutos\" \/>\n<script type=\"application\/ld+json\" class=\"yoast-schema-graph\">{\"@context\":\"https:\\\/\\\/schema.org\",\"@graph\":[{\"@type\":\"WebPage\",\"@id\":\"https:\\\/\\\/edumais.org\\\/pt-br\\\/voluntariado\\\/ingles\\\/\",\"url\":\"https:\\\/\\\/edumais.org\\\/pt-br\\\/voluntariado\\\/ingles\\\/\",\"name\":\"Ingl\u00eas - EduMais\",\"isPartOf\":{\"@id\":\"https:\\\/\\\/edumais.org\\\/pt-br\\\/#website\"},\"datePublished\":\"2025-09-26T17:04:44+00:00\",\"dateModified\":\"2025-10-07T14:37:55+00:00\",\"description\":\"Torne-se professor volunt\u00e1rio de ingl\u00eas para crian\u00e7as em situa\u00e7\u00e3o de risco na EduMais, uma ONG localizada nas favelas do Rio de Janeiro, Brasil.\",\"breadcrumb\":{\"@id\":\"https:\\\/\\\/edumais.org\\\/pt-br\\\/voluntariado\\\/ingles\\\/#breadcrumb\"},\"inLanguage\":\"pt-BR\",\"potentialAction\":[{\"@type\":\"ReadAction\",\"target\":[\"https:\\\/\\\/edumais.org\\\/pt-br\\\/voluntariado\\\/ingles\\\/\"]}]},{\"@type\":\"BreadcrumbList\",\"@id\":\"https:\\\/\\\/edumais.org\\\/pt-br\\\/voluntariado\\\/ingles\\\/#breadcrumb\",\"itemListElement\":[{\"@type\":\"ListItem\",\"position\":1,\"name\":\"Home\",\"item\":\"https:\\\/\\\/edumais.org\\\/pt-br\\\/\"},{\"@type\":\"ListItem\",\"position\":2,\"name\":\"voluntariado\",\"item\":\"https:\\\/\\\/edumais.org\\\/pt-br\\\/voluntariado\\\/\"},{\"@type\":\"ListItem\",\"position\":3,\"name\":\"Ingl\u00eas\"}]},{\"@type\":\"WebSite\",\"@id\":\"https:\\\/\\\/edumais.org\\\/pt-br\\\/#website\",\"url\":\"https:\\\/\\\/edumais.org\\\/pt-br\\\/\",\"name\":\"EduMais\",\"description\":\"Volunteer organization in Rio de Janeiro, Brazil, South America\",\"publisher\":{\"@id\":\"https:\\\/\\\/edumais.org\\\/pt-br\\\/#organization\"},\"potentialAction\":[{\"@type\":\"SearchAction\",\"target\":{\"@type\":\"EntryPoint\",\"urlTemplate\":\"https:\\\/\\\/edumais.org\\\/pt-br\\\/?s={search_term_string}\"},\"query-input\":{\"@type\":\"PropertyValueSpecification\",\"valueRequired\":true,\"valueName\":\"search_term_string\"}}],\"inLanguage\":\"pt-BR\"},{\"@type\":\"Organization\",\"@id\":\"https:\\\/\\\/edumais.org\\\/pt-br\\\/#organization\",\"name\":\"EduMais\",\"url\":\"https:\\\/\\\/edumais.org\\\/pt-br\\\/\",\"logo\":{\"@type\":\"ImageObject\",\"inLanguage\":\"pt-BR\",\"@id\":\"https:\\\/\\\/edumais.org\\\/pt-br\\\/#\\\/schema\\\/logo\\\/image\\\/\",\"url\":\"https:\\\/\\\/edumais.org\\\/wp-content\\\/uploads\\\/2016\\\/01\\\/edumais_logo_vector-as-Smart-Object-1.png\",\"contentUrl\":\"https:\\\/\\\/edumais.org\\\/wp-content\\\/uploads\\\/2016\\\/01\\\/edumais_logo_vector-as-Smart-Object-1.png\",\"width\":761,\"height\":361,\"caption\":\"EduMais\"},\"image\":{\"@id\":\"https:\\\/\\\/edumais.org\\\/pt-br\\\/#\\\/schema\\\/logo\\\/image\\\/\"},\"sameAs\":[\"https:\\\/\\\/www.facebook.com\\\/edumais.org\\\/\",\"https:\\\/\\\/www.instagram.com\\\/edumaisrio\\\/?hl=en\",\"https:\\\/\\\/www.linkedin.com\\\/company\\\/edumais.org\\\/\",\"https:\\\/\\\/www.youtube.com\\\/channel\\\/UClbmo2QCD_6JH5iGGEoadag\"]}]}<\/script>\n<!-- \/ Yoast SEO plugin. -->","yoast_head_json":{"title":"Ingl\u00eas - EduMais","description":"Torne-se professor volunt\u00e1rio de ingl\u00eas para crian\u00e7as em situa\u00e7\u00e3o de risco na EduMais, uma ONG localizada nas favelas do Rio de Janeiro, Brasil.","robots":{"index":"index","follow":"follow","max-snippet":"max-snippet:-1","max-image-preview":"max-image-preview:large","max-video-preview":"max-video-preview:-1"},"canonical":"https:\/\/edumais.org\/pt-br\/voluntariado\/ingles\/","og_locale":"pt_BR","og_type":"article","og_title":"Ingl\u00eas - EduMais","og_description":"Torne-se professor volunt\u00e1rio de ingl\u00eas para crian\u00e7as em situa\u00e7\u00e3o de risco na EduMais, uma ONG localizada nas favelas do Rio de Janeiro, Brasil.","og_url":"https:\/\/edumais.org\/pt-br\/voluntariado\/ingles\/","og_site_name":"EduMais","article_publisher":"https:\/\/www.facebook.com\/edumais.org\/","article_modified_time":"2025-10-07T14:37:55+00:00","og_image":[{"width":468,"height":167,"url":"https:\/\/edumais.org\/wp-content\/uploads\/2017\/11\/Home-Banner1-e1588113485474.jpg","type":"image\/jpeg"}],"twitter_card":"summary_large_image","twitter_misc":{"Est. tempo de leitura":"4 minutos"},"schema":{"@context":"https:\/\/schema.org","@graph":[{"@type":"WebPage","@id":"https:\/\/edumais.org\/pt-br\/voluntariado\/ingles\/","url":"https:\/\/edumais.org\/pt-br\/voluntariado\/ingles\/","name":"Ingl\u00eas - EduMais","isPartOf":{"@id":"https:\/\/edumais.org\/pt-br\/#website"},"datePublished":"2025-09-26T17:04:44+00:00","dateModified":"2025-10-07T14:37:55+00:00","description":"Torne-se professor volunt\u00e1rio de ingl\u00eas para crian\u00e7as em situa\u00e7\u00e3o de risco na EduMais, uma ONG localizada nas favelas do Rio de Janeiro, Brasil.","breadcrumb":{"@id":"https:\/\/edumais.org\/pt-br\/voluntariado\/ingles\/#breadcrumb"},"inLanguage":"pt-BR","potentialAction":[{"@type":"ReadAction","target":["https:\/\/edumais.org\/pt-br\/voluntariado\/ingles\/"]}]},{"@type":"BreadcrumbList","@id":"https:\/\/edumais.org\/pt-br\/voluntariado\/ingles\/#breadcrumb","itemListElement":[{"@type":"ListItem","position":1,"name":"Home","item":"https:\/\/edumais.org\/pt-br\/"},{"@type":"ListItem","position":2,"name":"voluntariado","item":"https:\/\/edumais.org\/pt-br\/voluntariado\/"},{"@type":"ListItem","position":3,"name":"Ingl\u00eas"}]},{"@type":"WebSite","@id":"https:\/\/edumais.org\/pt-br\/#website","url":"https:\/\/edumais.org\/pt-br\/","name":"EduMais","description":"Volunteer organization in Rio de Janeiro, Brazil, South America","publisher":{"@id":"https:\/\/edumais.org\/pt-br\/#organization"},"potentialAction":[{"@type":"SearchAction","target":{"@type":"EntryPoint","urlTemplate":"https:\/\/edumais.org\/pt-br\/?s={search_term_string}"},"query-input":{"@type":"PropertyValueSpecification","valueRequired":true,"valueName":"search_term_string"}}],"inLanguage":"pt-BR"},{"@type":"Organization","@id":"https:\/\/edumais.org\/pt-br\/#organization","name":"EduMais","url":"https:\/\/edumais.org\/pt-br\/","logo":{"@type":"ImageObject","inLanguage":"pt-BR","@id":"https:\/\/edumais.org\/pt-br\/#\/schema\/logo\/image\/","url":"https:\/\/edumais.org\/wp-content\/uploads\/2016\/01\/edumais_logo_vector-as-Smart-Object-1.png","contentUrl":"https:\/\/edumais.org\/wp-content\/uploads\/2016\/01\/edumais_logo_vector-as-Smart-Object-1.png","width":761,"height":361,"caption":"EduMais"},"image":{"@id":"https:\/\/edumais.org\/pt-br\/#\/schema\/logo\/image\/"},"sameAs":["https:\/\/www.facebook.com\/edumais.org\/","https:\/\/www.instagram.com\/edumaisrio\/?hl=en","https:\/\/www.linkedin.com\/company\/edumais.org\/","https:\/\/www.youtube.com\/channel\/UClbmo2QCD_6JH5iGGEoadag"]}]}},"campaignId":"","_links":{"self":[{"href":"https:\/\/edumais.org\/pt-br\/wp-json\/wp\/v2\/pages\/7338","targetHints":{"allow":["GET"]}}],"collection":[{"href":"https:\/\/edumais.org\/pt-br\/wp-json\/wp\/v2\/pages"}],"about":[{"href":"https:\/\/edumais.org\/pt-br\/wp-json\/wp\/v2\/types\/page"}],"author":[{"embeddable":true,"href":"https:\/\/edumais.org\/pt-br\/wp-json\/wp\/v2\/users\/5"}],"replies":[{"embeddable":true,"href":"https:\/\/edumais.org\/pt-br\/wp-json\/wp\/v2\/comments?post=7338"}],"version-history":[{"count":14,"href":"https:\/\/edumais.org\/pt-br\/wp-json\/wp\/v2\/pages\/7338\/revisions"}],"predecessor-version":[{"id":14767,"href":"https:\/\/edumais.org\/pt-br\/wp-json\/wp\/v2\/pages\/7338\/revisions\/14767"}],"up":[{"embeddable":true,"href":"https:\/\/edumais.org\/pt-br\/wp-json\/wp\/v2\/pages\/7328"}],"wp:attachment":[{"href":"https:\/\/edumais.org\/pt-br\/wp-json\/wp\/v2\/media?parent=7338"}],"curies":[{"name":"wp","href":"https:\/\/api.w.org\/{rel}","templated":true}]}}