{"id":7305,"date":"2020-06-07T10:03:34","date_gmt":"2020-06-07T13:03:34","guid":{"rendered":"https:\/\/edumais.org\/?page_id=7305"},"modified":"2020-06-07T10:03:34","modified_gmt":"2020-06-07T13:03:34","slug":"design-de-sites-e-design-de-jogos","status":"publish","type":"page","link":"https:\/\/edumais.org\/pt-br\/programas\/design-de-sites-e-design-de-jogos\/","title":{"rendered":"Design de sites e design de jogos"},"content":{"rendered":"<div class=\"wpb-content-wrapper\"><p>[vc_row full_width=&#8221;stretch_row&#8221; css=&#8221;.vc_custom_1540044981781{padding-top: 15px !important;padding-bottom: 35px !important;}&#8221;][vc_column width=&#8221;1\/2&#8243;]<div class=\"poverty-progress\">\n\t\t\t\t\t<h4>Web design e design de jogos <span class=\"primary-color text-uppercase\"><b><\/b><\/span><\/h4>\n\t\t\t\t\t<p><\/p>\n\t\t\t   <\/div>\n\t\t\t[vc_column_text]Como qualquer pessoa jovem nos dias de hoje, as crian\u00e7as e adolescentes carentes, com os quais trabalhamos, necessitam de compet\u00eancias inform\u00e1ticas. Se eles n\u00e3o tiverem conhecimentos tecnol\u00f3gicos, eles ir\u00e3o ficar ainda mais para tr\u00e1s em rela\u00e7\u00e3o aos seus companheiros mais privilegiados.<\/p>\n<p>Com o objetivo de atender \u00e0s suas necessidades, n\u00f3s ensinamos compet\u00eancias inform\u00e1ticas para os nossos alunos, tais como Word, Excel, PowerPoint e m\u00eddias sociais. No entanto, os cursos mais estimulantes s\u00e3o os de webdesign e design de jogos! Nesses cursos, os nossos alunos aprendem como criar os seus pr\u00f3prios jogos e p\u00e1ginas da internet, assim como algumas no\u00e7\u00f5es b\u00e1sicas de programa\u00e7\u00e3o. Isso muda o mundo deles e fornece compet\u00eancias para que eles consigam mudar o mundo ao seu redor.<\/p>\n<p>Gra\u00e7as a algumas doa\u00e7\u00f5es privadas generosas, conseguimos comprar alguns laptops novos. Agora n\u00e3o s\u00f3 conseguimos atender um n\u00famero, ainda maior, de jovens no nosso programa, como, tamb\u00e9m, conseguiremos continuar a fazer isso pelos pr\u00f3ximos anos.[\/vc_column_text][\/vc_column][vc_column width=&#8221;1\/2&#8243; css=&#8221;.vc_custom_1549908355702{padding-top: 10px !important;}&#8221;][vc_single_image image=&#8221;2915&#8243; img_size=&#8221;600&#215;440&#8243; alignment=&#8221;center&#8221;][\/vc_column][\/vc_row][vc_row full_width=&#8221;stretch_row&#8221; css=&#8221;.vc_custom_1544040127164{padding-top: 25px !important;padding-bottom: 35px !important;background-color: #f8f8f8 !important;}&#8221;][vc_column width=&#8221;1\/2&#8243; css=&#8221;.vc_custom_1549908346831{padding-top: 10px !important;}&#8221;][vc_single_image image=&#8221;1977&#8243; img_size=&#8221;600&#215;650&#8243; alignment=&#8221;center&#8221;][\/vc_column][vc_column width=&#8221;1\/2&#8243;]<div class=\"poverty-progress\">\n\t\t\t\t\t<h4>Curso EduMais de <span class=\"primary-color text-uppercase\"><b>Web Design<\/b><\/span><\/h4>\n\t\t\t\t\t<p><\/p>\n\t\t\t   <\/div>\n\t\t\t[vc_column_text]Oferecemos o nosso curso de Web Design algumas vezes durante o ano porque o limite de alunos, por turma, \u00e9 de 10 alunos. Isso ocorre, por um lado, devido \u00e0 quantidade de computadores que temos dispon\u00edveis. Por outro lado, isso garante que os alunos tenham um aux\u00edlio mais pr\u00f3ximo por parte dos nosso volunt\u00e1rios.<\/p>\n<p>O curso inicia com uma discuss\u00e3o e uma an\u00e1lise de sites atuais. Alunos examinam se as amostras de website fornecidas cumprem, com sucesso, os seus objetivos. Isso permite que o aluno pense de modo cr\u00edtico, desde o in\u00edcio, sobre o prop\u00f3sito dos websites.<\/p>\n<p>Uma vez que os alunos tenham selecionado o seu produto ou o seu servi\u00e7o, n\u00f3s os apresentamos \u00e0 plataforma de cria\u00e7\u00e3o de websites: Weebly. A partir da\u00ed, eles passam o resto do curso aprendendo sobre como usar o Weebly para construir todos os elementos de um website, como p\u00e1ginas e posts.<\/p>\n<p>Os alunos, tamb\u00e9m, aprendem sobre aspectos cruciais do conte\u00fado de websites, como SEO, palavras-chave e metatags. No final do curso, todos os alunos apresentam o seu rec\u00e9m-desenvolvido website e comentam sobre o que eles aprenderam.[\/vc_column_text][\/vc_column][\/vc_row][vc_row css=&#8221;.vc_custom_1549908190307{padding-top: 25px !important;padding-bottom: 25px !important;}&#8221;][vc_column width=&#8221;1\/2&#8243;]<div class=\"poverty-progress\">\n\t\t\t\t\t<h4>Curso do Edumais de <span class=\"primary-color text-uppercase\"><b>design de jogos<\/b><\/span><\/h4>\n\t\t\t\t\t<p><\/p>\n\t\t\t   <\/div>\n\t\t\t[vc_column_text]O curso do Edumais de design de jogos ensina crian\u00e7as a usarem a linguagem Scratch de programa\u00e7\u00e3o. Com isso, eles aprendem como programar jogos de videogame e criar anima\u00e7\u00f5es, assim como remixar programas que outras pessoas j\u00e1 fizeram.<\/p>\n<p>Durante o curso, nossos alunos aprendem sobre diversos c\u00f3digos, conceitos de programa\u00e7\u00e3o e t\u00e9cnicas. Estas incluem:<\/p>\n<ul>\n<li>Como importar ou selecionar sons do Scratch;<\/li>\n<li>Como mudar fundos no Scratch e como criar figurinos para o Sprites;<\/li>\n<li>Aprender o que \u00e9 uma vari\u00e1vel e o que os eixos X e Y s\u00e3o;<\/li>\n<li>Como usar matem\u00e1tica para melhorar e entender vari\u00e1veis ao programar;<\/li>\n<li>Aprender sobre depura\u00e7\u00e3o (&#8220;debugging&#8221;)<\/li>\n<\/ul>\n<p>Alunos trabalham em duplas para criar o seu jogo, ao longo do curso. Ganham, assim, uma experi\u00eancia inestim\u00e1vel em colabora\u00e7\u00e3o neste processo. Eles, tamb\u00e9m, desenvolvem o seu pensamento criativo, o seu racioc\u00ednio dedutivo e suas habilidades de resolver problemas. Todas essas habilidades s\u00e3o fundamentais em nossas vidas.<\/p>\n<p>Ser alfabetizado, na sociedade moderna, envolve aprender conhecimentos de programa\u00e7\u00e3o. Ao ensinar cedo para as crian\u00e7as, isso garante que elas estejam bem preparadas para o futuro adiante. Al\u00e9m disso, ao introduzi-las ao mundo da programa\u00e7\u00e3o, por meio de jogos, elas se divertem muito em todo o processo![\/vc_column_text][\/vc_column][vc_column width=&#8221;1\/2&#8243; css=&#8221;.vc_custom_1549908232098{padding-top: 10px !important;}&#8221;][vc_single_image image=&#8221;3383&#8243; img_size=&#8221;450 x 590&#8243; alignment=&#8221;center&#8221;][\/vc_column][\/vc_row][vc_row top_padding=&#8221;55px&#8221;][vc_column][vc_column_text]<\/p>\n<h3 style=\"text-align: center;\"><b>Voc\u00ea gostaria de ensinar as habilidades b\u00e1sicas de inform\u00e1tica para as nossas crian\u00e7as carentes?<\/b><\/h3>\n<p style=\"text-align: center;\">Ent\u00e3o, voluntarie, de gra\u00e7a, nos cursos de Webdesign ou design de jogos no Rio de Janeiro!<\/p>\n<p style=\"text-align: center;\"><a class=\"btn\" href=\"https:\/\/edumais.org\/volunteer-application-form\/\">Voluntarie conosco!<\/a><\/p>\n<p>[\/vc_column_text][\/vc_column][\/vc_row][vc_row][vc_column][vc_separator color=&#8221;black&#8221; style=&#8221;shadow&#8221; css=&#8221;.vc_custom_1550335956244{padding-top: 100px !important;}&#8221;][\/vc_column][\/vc_row]<\/p>\n<\/div>","protected":false},"excerpt":{"rendered":"<p>[vc_row full_width=&#8221;stretch_row&#8221; css=&#8221;.vc_custom_1540044981781{padding-top: 15px !important;padding-bottom: 35px !important;}&#8221;][vc_column width=&#8221;1\/2&#8243;][vc_column_text]Como qualquer pessoa jovem nos dias de hoje, as crian\u00e7as [&hellip;]<\/p>\n","protected":false},"author":5,"featured_media":0,"parent":7276,"menu_order":0,"comment_status":"closed","ping_status":"closed","template":"","meta":{"give_campaign_id":0,"footnotes":""},"class_list":["post-7305","page","type-page","status-publish","hentry"],"yoast_head":"<!-- This site is optimized with the Yoast SEO plugin v27.3 - https:\/\/yoast.com\/product\/yoast-seo-wordpress\/ -->\n<title>Design de sites e design de jogos - EduMais<\/title>\n<meta name=\"robots\" content=\"index, follow, max-snippet:-1, max-image-preview:large, max-video-preview:-1\" \/>\n<link rel=\"canonical\" href=\"https:\/\/edumais.org\/pt-br\/programas\/design-de-sites-e-design-de-jogos\/\" \/>\n<meta property=\"og:locale\" content=\"pt_BR\" \/>\n<meta property=\"og:type\" content=\"article\" \/>\n<meta property=\"og:title\" content=\"Design de sites e design de jogos - EduMais\" \/>\n<meta property=\"og:description\" content=\"[vc_row full_width=&#8221;stretch_row&#8221; css=&#8221;.vc_custom_1540044981781{padding-top: 15px !important;padding-bottom: 35px !important;}&#8221;][vc_column width=&#8221;1\/2&#8243;][vc_column_text]Como qualquer pessoa jovem nos dias de hoje, as crian\u00e7as [&hellip;]\" \/>\n<meta property=\"og:url\" content=\"https:\/\/edumais.org\/pt-br\/programas\/design-de-sites-e-design-de-jogos\/\" \/>\n<meta property=\"og:site_name\" content=\"EduMais\" \/>\n<meta property=\"article:publisher\" content=\"https:\/\/www.facebook.com\/edumais.org\/\" \/>\n<meta property=\"og:image\" content=\"https:\/\/edumais.org\/wp-content\/uploads\/2017\/11\/Home-Banner1-e1588113485474.jpg\" \/>\n\t<meta property=\"og:image:width\" content=\"468\" \/>\n\t<meta property=\"og:image:height\" content=\"167\" \/>\n\t<meta property=\"og:image:type\" content=\"image\/jpeg\" \/>\n<meta name=\"twitter:card\" content=\"summary_large_image\" \/>\n<meta name=\"twitter:label1\" content=\"Est. tempo de leitura\" \/>\n\t<meta name=\"twitter:data1\" content=\"4 minutos\" \/>\n<script type=\"application\/ld+json\" class=\"yoast-schema-graph\">{\"@context\":\"https:\\\/\\\/schema.org\",\"@graph\":[{\"@type\":\"WebPage\",\"@id\":\"https:\\\/\\\/edumais.org\\\/pt-br\\\/programas\\\/design-de-sites-e-design-de-jogos\\\/\",\"url\":\"https:\\\/\\\/edumais.org\\\/pt-br\\\/programas\\\/design-de-sites-e-design-de-jogos\\\/\",\"name\":\"Design de sites e design de jogos - EduMais\",\"isPartOf\":{\"@id\":\"https:\\\/\\\/edumais.org\\\/pt-br\\\/#website\"},\"datePublished\":\"2020-06-07T13:03:34+00:00\",\"breadcrumb\":{\"@id\":\"https:\\\/\\\/edumais.org\\\/pt-br\\\/programas\\\/design-de-sites-e-design-de-jogos\\\/#breadcrumb\"},\"inLanguage\":\"pt-BR\",\"potentialAction\":[{\"@type\":\"ReadAction\",\"target\":[\"https:\\\/\\\/edumais.org\\\/pt-br\\\/programas\\\/design-de-sites-e-design-de-jogos\\\/\"]}]},{\"@type\":\"BreadcrumbList\",\"@id\":\"https:\\\/\\\/edumais.org\\\/pt-br\\\/programas\\\/design-de-sites-e-design-de-jogos\\\/#breadcrumb\",\"itemListElement\":[{\"@type\":\"ListItem\",\"position\":1,\"name\":\"Home\",\"item\":\"https:\\\/\\\/edumais.org\\\/pt-br\\\/\"},{\"@type\":\"ListItem\",\"position\":2,\"name\":\"Programas\",\"item\":\"https:\\\/\\\/edumais.org\\\/pt-br\\\/programas\\\/\"},{\"@type\":\"ListItem\",\"position\":3,\"name\":\"Design de sites e design de jogos\"}]},{\"@type\":\"WebSite\",\"@id\":\"https:\\\/\\\/edumais.org\\\/pt-br\\\/#website\",\"url\":\"https:\\\/\\\/edumais.org\\\/pt-br\\\/\",\"name\":\"EduMais\",\"description\":\"Volunteer organization in Rio de Janeiro, Brazil, South America\",\"publisher\":{\"@id\":\"https:\\\/\\\/edumais.org\\\/pt-br\\\/#organization\"},\"potentialAction\":[{\"@type\":\"SearchAction\",\"target\":{\"@type\":\"EntryPoint\",\"urlTemplate\":\"https:\\\/\\\/edumais.org\\\/pt-br\\\/?s={search_term_string}\"},\"query-input\":{\"@type\":\"PropertyValueSpecification\",\"valueRequired\":true,\"valueName\":\"search_term_string\"}}],\"inLanguage\":\"pt-BR\"},{\"@type\":\"Organization\",\"@id\":\"https:\\\/\\\/edumais.org\\\/pt-br\\\/#organization\",\"name\":\"EduMais\",\"url\":\"https:\\\/\\\/edumais.org\\\/pt-br\\\/\",\"logo\":{\"@type\":\"ImageObject\",\"inLanguage\":\"pt-BR\",\"@id\":\"https:\\\/\\\/edumais.org\\\/pt-br\\\/#\\\/schema\\\/logo\\\/image\\\/\",\"url\":\"https:\\\/\\\/edumais.org\\\/wp-content\\\/uploads\\\/2016\\\/01\\\/edumais_logo_vector-as-Smart-Object-1.png\",\"contentUrl\":\"https:\\\/\\\/edumais.org\\\/wp-content\\\/uploads\\\/2016\\\/01\\\/edumais_logo_vector-as-Smart-Object-1.png\",\"width\":761,\"height\":361,\"caption\":\"EduMais\"},\"image\":{\"@id\":\"https:\\\/\\\/edumais.org\\\/pt-br\\\/#\\\/schema\\\/logo\\\/image\\\/\"},\"sameAs\":[\"https:\\\/\\\/www.facebook.com\\\/edumais.org\\\/\",\"https:\\\/\\\/www.instagram.com\\\/edumaisrio\\\/?hl=en\",\"https:\\\/\\\/www.linkedin.com\\\/company\\\/edumais.org\\\/\",\"https:\\\/\\\/www.youtube.com\\\/channel\\\/UClbmo2QCD_6JH5iGGEoadag\"]}]}<\/script>\n<!-- \/ Yoast SEO plugin. -->","yoast_head_json":{"title":"Design de sites e design de jogos - EduMais","robots":{"index":"index","follow":"follow","max-snippet":"max-snippet:-1","max-image-preview":"max-image-preview:large","max-video-preview":"max-video-preview:-1"},"canonical":"https:\/\/edumais.org\/pt-br\/programas\/design-de-sites-e-design-de-jogos\/","og_locale":"pt_BR","og_type":"article","og_title":"Design de sites e design de jogos - EduMais","og_description":"[vc_row full_width=&#8221;stretch_row&#8221; css=&#8221;.vc_custom_1540044981781{padding-top: 15px !important;padding-bottom: 35px !important;}&#8221;][vc_column width=&#8221;1\/2&#8243;][vc_column_text]Como qualquer pessoa jovem nos dias de hoje, as crian\u00e7as [&hellip;]","og_url":"https:\/\/edumais.org\/pt-br\/programas\/design-de-sites-e-design-de-jogos\/","og_site_name":"EduMais","article_publisher":"https:\/\/www.facebook.com\/edumais.org\/","og_image":[{"width":468,"height":167,"url":"https:\/\/edumais.org\/wp-content\/uploads\/2017\/11\/Home-Banner1-e1588113485474.jpg","type":"image\/jpeg"}],"twitter_card":"summary_large_image","twitter_misc":{"Est. tempo de leitura":"4 minutos"},"schema":{"@context":"https:\/\/schema.org","@graph":[{"@type":"WebPage","@id":"https:\/\/edumais.org\/pt-br\/programas\/design-de-sites-e-design-de-jogos\/","url":"https:\/\/edumais.org\/pt-br\/programas\/design-de-sites-e-design-de-jogos\/","name":"Design de sites e design de jogos - EduMais","isPartOf":{"@id":"https:\/\/edumais.org\/pt-br\/#website"},"datePublished":"2020-06-07T13:03:34+00:00","breadcrumb":{"@id":"https:\/\/edumais.org\/pt-br\/programas\/design-de-sites-e-design-de-jogos\/#breadcrumb"},"inLanguage":"pt-BR","potentialAction":[{"@type":"ReadAction","target":["https:\/\/edumais.org\/pt-br\/programas\/design-de-sites-e-design-de-jogos\/"]}]},{"@type":"BreadcrumbList","@id":"https:\/\/edumais.org\/pt-br\/programas\/design-de-sites-e-design-de-jogos\/#breadcrumb","itemListElement":[{"@type":"ListItem","position":1,"name":"Home","item":"https:\/\/edumais.org\/pt-br\/"},{"@type":"ListItem","position":2,"name":"Programas","item":"https:\/\/edumais.org\/pt-br\/programas\/"},{"@type":"ListItem","position":3,"name":"Design de sites e design de jogos"}]},{"@type":"WebSite","@id":"https:\/\/edumais.org\/pt-br\/#website","url":"https:\/\/edumais.org\/pt-br\/","name":"EduMais","description":"Volunteer organization in Rio de Janeiro, Brazil, South America","publisher":{"@id":"https:\/\/edumais.org\/pt-br\/#organization"},"potentialAction":[{"@type":"SearchAction","target":{"@type":"EntryPoint","urlTemplate":"https:\/\/edumais.org\/pt-br\/?s={search_term_string}"},"query-input":{"@type":"PropertyValueSpecification","valueRequired":true,"valueName":"search_term_string"}}],"inLanguage":"pt-BR"},{"@type":"Organization","@id":"https:\/\/edumais.org\/pt-br\/#organization","name":"EduMais","url":"https:\/\/edumais.org\/pt-br\/","logo":{"@type":"ImageObject","inLanguage":"pt-BR","@id":"https:\/\/edumais.org\/pt-br\/#\/schema\/logo\/image\/","url":"https:\/\/edumais.org\/wp-content\/uploads\/2016\/01\/edumais_logo_vector-as-Smart-Object-1.png","contentUrl":"https:\/\/edumais.org\/wp-content\/uploads\/2016\/01\/edumais_logo_vector-as-Smart-Object-1.png","width":761,"height":361,"caption":"EduMais"},"image":{"@id":"https:\/\/edumais.org\/pt-br\/#\/schema\/logo\/image\/"},"sameAs":["https:\/\/www.facebook.com\/edumais.org\/","https:\/\/www.instagram.com\/edumaisrio\/?hl=en","https:\/\/www.linkedin.com\/company\/edumais.org\/","https:\/\/www.youtube.com\/channel\/UClbmo2QCD_6JH5iGGEoadag"]}]}},"campaignId":"","_links":{"self":[{"href":"https:\/\/edumais.org\/pt-br\/wp-json\/wp\/v2\/pages\/7305","targetHints":{"allow":["GET"]}}],"collection":[{"href":"https:\/\/edumais.org\/pt-br\/wp-json\/wp\/v2\/pages"}],"about":[{"href":"https:\/\/edumais.org\/pt-br\/wp-json\/wp\/v2\/types\/page"}],"author":[{"embeddable":true,"href":"https:\/\/edumais.org\/pt-br\/wp-json\/wp\/v2\/users\/5"}],"replies":[{"embeddable":true,"href":"https:\/\/edumais.org\/pt-br\/wp-json\/wp\/v2\/comments?post=7305"}],"version-history":[{"count":9,"href":"https:\/\/edumais.org\/pt-br\/wp-json\/wp\/v2\/pages\/7305\/revisions"}],"predecessor-version":[{"id":8031,"href":"https:\/\/edumais.org\/pt-br\/wp-json\/wp\/v2\/pages\/7305\/revisions\/8031"}],"up":[{"embeddable":true,"href":"https:\/\/edumais.org\/pt-br\/wp-json\/wp\/v2\/pages\/7276"}],"wp:attachment":[{"href":"https:\/\/edumais.org\/pt-br\/wp-json\/wp\/v2\/media?parent=7305"}],"curies":[{"name":"wp","href":"https:\/\/api.w.org\/{rel}","templated":true}]}}