{"id":7301,"date":"2020-05-29T10:36:30","date_gmt":"2020-05-29T13:36:30","guid":{"rendered":"https:\/\/edumais.org\/?page_id=7301"},"modified":"2025-10-07T10:43:17","modified_gmt":"2025-10-07T13:43:17","slug":"entrar-no-mercado-de-trabalho","status":"publish","type":"page","link":"https:\/\/edumais.org\/pt-br\/programas\/entrar-no-mercado-de-trabalho\/","title":{"rendered":"Entrar no mercado de trabalho"},"content":{"rendered":"<div class=\"wpb-content-wrapper\"><p>[vc_row full_width=&#8221;stretch_row&#8221; css=&#8221;.vc_custom_1540044981781{padding-top: 15px !important;padding-bottom: 35px !important;}&#8221;][vc_column width=&#8221;1\/2&#8243;]<div class=\"poverty-progress\">\n\t\t\t\t\t<h4>Entre para o <span class=\"primary-color text-uppercase\"><b>mercado de trabalho<\/b><\/span><\/h4>\n\t\t\t\t\t<p><\/p>\n\t\t\t   <\/div>\n\t\t\t[vc_column_text]Quando os alunos entram no \u00faltimo ano do ensino m\u00e9dio, muitas escolham devem ser feitas. Alguns querem ir para a universidade, outros querem abrir o seu pr\u00f3prio neg\u00f3cio e outros querem entrar no mercado de trabalho. Depois de conversar com alguns alunos, percebemos que muitos deles se sentem ansiosos sobre os pr\u00f3ximos passos. Eles, claramente, precisam de ajuda para se prepararem para as suas vidas p\u00f3s-escola.<\/p>\n<p>Felizmente, conseguimos criar, rapidamente, um grupo diverso, criativo e dedicado de cinco profissionais de origens e nacionalidades distintas. Eles se ofereceram, gentilmente, para compartilhar o seu conhecimento e a sua experi\u00eancia com os nossos alunos. Em seguida, o entendimento do grupo sobre o mercado de trabalho brasileiro se associou com a consci\u00eancia do Edumais sobre as necessidades individuais dos nossos alunos. Esse esfor\u00e7o resultou na cria\u00e7\u00e3o do nosso novo curso: Entre no mercado de trabalho![\/vc_column_text][\/vc_column][vc_column width=&#8221;1\/2&#8243; css=&#8221;.vc_custom_1549298672258{padding-top: 0px !important;}&#8221;][vc_single_image image=&#8221;1941&#8243; img_size=&#8221;600&#215;440&#8243; css=&#8221;.vc_custom_1549298697847{padding-top: 10px !important;}&#8221;][\/vc_column][\/vc_row][vc_row full_width=&#8221;stretch_row&#8221; css=&#8221;.vc_custom_1544040240056{padding-top: 20px !important;padding-bottom: 20px !important;background-color: #f8f8f8 !important;}&#8221;][vc_column width=&#8221;1\/2&#8243; css=&#8221;.vc_custom_1544040183430{padding-top: 20px !important;padding-bottom: 20px !important;}&#8221;][vc_single_image image=&#8221;1940&#8243; img_size=&#8221;600&#215;550&#8243; alignment=&#8221;center&#8221; css=&#8221;.vc_custom_1549298715932{padding-top: 10px !important;}&#8221;][\/vc_column][vc_column width=&#8221;1\/2&#8243; css=&#8221;.vc_custom_1544040202899{padding-top: 20px !important;padding-bottom: 20px !important;}&#8221;]<div class=\"poverty-progress\">\n\t\t\t\t\t<h4>Como o curso <span class=\"primary-color text-uppercase\"><b>funciona<\/b><\/span><\/h4>\n\t\t\t\t\t<p><\/p>\n\t\t\t   <\/div>\n\t\t\t[vc_column_text]O curso de 4 semanas se baseia em 2 vertentes principais: &#8220;Aprenda sobre si mesmo&#8221; e &#8220;Fa\u00e7a o seu marketing pessoal&#8221;. A primeira metade envolve muita auto-an\u00e1lise por meio de testes vocacionais e de personalidade online, avalia\u00e7\u00e3o de DISC e Ikigai. Isso ajuda os alunos a entenderem a si mesmo e a escolherem as carreiras que sejam melhores para eles.Baseados nessas percep\u00e7\u00f5es sobre suas principais caracter\u00edsticas, os alunos fazem quadros de vis\u00e3o sobre suas carreiras no futuro. Junto com feedbacks positivos de seus colegas, isso os ajuda a conect\u00e1-los com mais oportunidades de carreiras.<\/p>\n<p>A segunda metade do curso introduz os alunos \u00e0 import\u00e2ncia de saber fazer o seu marketing pessoal. N\u00f3s ensinamos diversas ferramentas essenciais que podem ajud\u00e1-los nos processos seletivos de empregos. Estas ferramentas incluem:<\/p>\n<ul>\n<li>Escrever uma boa carta de apresenta\u00e7\u00e3o<\/li>\n<li>Criar um bom CV<\/li>\n<li>Criar uma conta no Linkedin<\/li>\n<li>Aprender como e onde encontrar empregos<\/li>\n<li>Conduzir efetivamente uma entrevista<\/li>\n<\/ul>\n<p>[\/vc_column_text][\/vc_column][\/vc_row][vc_row css=&#8221;.vc_custom_1545239330012{padding-top: 20px !important;padding-bottom: 0px !important;}&#8221;][vc_column width=&#8221;1\/2&#8243; css=&#8221;.vc_custom_1545239478764{padding-top: 20px !important;padding-bottom: 0px !important;}&#8221;]<div class=\"poverty-progress\">\n\t\t\t\t\t<h4>Levando o programa <span class=\"primary-color text-uppercase\"><b>adiante<\/b><\/span><\/h4>\n\t\t\t\t\t<p><\/p>\n\t\t\t   <\/div>\n\t\t\t[vc_column_text]Apesar de ser recente, estamos muito felizes com a maneira como o nosso curso tem sido recebido. Nossos alunos s\u00e3o extremamente gratos porque eles sabem como isso vai ser \u00fatil na vida deles. Um dos nossos alunos escreveu o seguinte num feedback an\u00f4nimo:<\/p>\n<p>&#8220;Este curso \u00e9 muito bom, nos ensinou muitas coisas que vamos levar para o resto de nossas vidas. N\u00f3s agora podemos entrar no mercado de trabalho com uma base muito boa. Este curso nos da confian\u00e7a e n\u00f3s nos conhecemos melhor. O curso foi oferecido no momento oportuno e os professores s\u00e3o excelentes.&#8221;<\/p>\n<p>Estamos animados para continuar a explorar como ajudar ainda mais os nossos alunos nessa fase crucial de suas vidas. Para o futuro desejamos:<\/p>\n<ul>\n<li>Uma s\u00e9rie de palestrantes convidados de diferentes \u00e1reas<\/li>\n<li>Uma feira de carreira onde estudantes possam abordar pessoas de diferentes profissionais e fazer perguntas a eles.<\/li>\n<li>Mentoria personalizada<\/li>\n<li>Expandir o curso para uma comunidade mais abrangente<\/li>\n<\/ul>\n<p>[\/vc_column_text][\/vc_column][vc_column width=&#8221;1\/2&#8243; css=&#8221;.vc_custom_1545239468263{padding-top: 20px !important;padding-bottom: 0px !important;}&#8221;][vc_single_image image=&#8221;1942&#8243; img_size=&#8221;600&#215;480&#8243; css=&#8221;.vc_custom_1549298734578{padding-top: 10px !important;}&#8221;][\/vc_column][\/vc_row][vc_row top_padding=&#8221;75px&#8221;][vc_column][vc_column_text css=&#8221;.vc_custom_1590759372606{padding-top: 0px !important;}&#8221;]<\/p>\n<h3 style=\"text-align: center;\">Voc\u00ea tem habilidades e conhecimentos para compartilhar com os nossos alunos talentos?<\/h3>\n<p style=\"text-align: center;\">Entre em contato para contribuir com o nosso curso &#8220;Entre no mercado de trabalho!&#8221;<\/p>\n<p style=\"text-align: center;\"><a class=\"btn\" href=\"https:\/\/edumais.org\/pt-br\/contato\/\">Entre em contato com a gente!<\/a><\/p>\n<p>&nbsp;<\/p>\n<p>&nbsp;<\/p>\n<p>&nbsp;<\/p>\n<p>[\/vc_column_text][\/vc_column][\/vc_row][vc_row][vc_column][vc_separator color=&#8221;black&#8221; style=&#8221;shadow&#8221; css=&#8221;.vc_custom_1550398924810{padding-top: 100px !important;}&#8221;][\/vc_column][\/vc_row]<\/p>\n<\/div>","protected":false},"excerpt":{"rendered":"<p>[vc_row full_width=&#8221;stretch_row&#8221; css=&#8221;.vc_custom_1540044981781{padding-top: 15px !important;padding-bottom: 35px !important;}&#8221;][vc_column width=&#8221;1\/2&#8243;][vc_column_text]Quando os alunos entram no \u00faltimo ano do ensino m\u00e9dio, [&hellip;]<\/p>\n","protected":false},"author":5,"featured_media":0,"parent":7276,"menu_order":0,"comment_status":"closed","ping_status":"closed","template":"","meta":{"give_campaign_id":0,"footnotes":""},"class_list":["post-7301","page","type-page","status-publish","hentry"],"yoast_head":"<!-- This site is optimized with the Yoast SEO plugin v27.4 - https:\/\/yoast.com\/product\/yoast-seo-wordpress\/ -->\n<title>Entrar no mercado de trabalho - EduMais<\/title>\n<meta name=\"description\" content=\"Prepare os alunos para a vida ap\u00f3s a escola com o curso Entrando no Mercado de Trabalho \u2014 autoconhecimento, curr\u00edculos, LinkedIn, entrevistas e confian\u00e7a na carreira.\" \/>\n<meta name=\"robots\" content=\"index, follow, max-snippet:-1, max-image-preview:large, max-video-preview:-1\" \/>\n<link rel=\"canonical\" href=\"https:\/\/edumais.org\/pt-br\/programas\/entrar-no-mercado-de-trabalho\/\" \/>\n<meta property=\"og:locale\" content=\"pt_BR\" \/>\n<meta property=\"og:type\" content=\"article\" \/>\n<meta property=\"og:title\" content=\"Entrar no mercado de trabalho - EduMais\" \/>\n<meta property=\"og:description\" content=\"Prepare os alunos para a vida ap\u00f3s a escola com o curso Entrando no Mercado de Trabalho \u2014 autoconhecimento, curr\u00edculos, LinkedIn, entrevistas e confian\u00e7a na carreira.\" \/>\n<meta property=\"og:url\" content=\"https:\/\/edumais.org\/pt-br\/programas\/entrar-no-mercado-de-trabalho\/\" \/>\n<meta property=\"og:site_name\" content=\"EduMais\" \/>\n<meta property=\"article:publisher\" content=\"https:\/\/www.facebook.com\/edumais.org\/\" \/>\n<meta property=\"article:modified_time\" content=\"2025-10-07T13:43:17+00:00\" \/>\n<meta property=\"og:image\" content=\"https:\/\/edumais.org\/wp-content\/uploads\/2017\/11\/Home-Banner1-e1588113485474.jpg\" \/>\n\t<meta property=\"og:image:width\" content=\"468\" \/>\n\t<meta property=\"og:image:height\" content=\"167\" \/>\n\t<meta property=\"og:image:type\" content=\"image\/jpeg\" \/>\n<meta name=\"twitter:card\" content=\"summary_large_image\" \/>\n<meta name=\"twitter:label1\" content=\"Est. tempo de leitura\" \/>\n\t<meta name=\"twitter:data1\" content=\"3 minutos\" \/>\n<script type=\"application\/ld+json\" class=\"yoast-schema-graph\">{\"@context\":\"https:\\\/\\\/schema.org\",\"@graph\":[{\"@type\":\"WebPage\",\"@id\":\"https:\\\/\\\/edumais.org\\\/pt-br\\\/programas\\\/entrar-no-mercado-de-trabalho\\\/\",\"url\":\"https:\\\/\\\/edumais.org\\\/pt-br\\\/programas\\\/entrar-no-mercado-de-trabalho\\\/\",\"name\":\"Entrar no mercado de trabalho - EduMais\",\"isPartOf\":{\"@id\":\"https:\\\/\\\/edumais.org\\\/pt-br\\\/#website\"},\"datePublished\":\"2020-05-29T13:36:30+00:00\",\"dateModified\":\"2025-10-07T13:43:17+00:00\",\"description\":\"Prepare os alunos para a vida ap\u00f3s a escola com o curso Entrando no Mercado de Trabalho \u2014 autoconhecimento, curr\u00edculos, LinkedIn, entrevistas e confian\u00e7a na carreira.\",\"breadcrumb\":{\"@id\":\"https:\\\/\\\/edumais.org\\\/pt-br\\\/programas\\\/entrar-no-mercado-de-trabalho\\\/#breadcrumb\"},\"inLanguage\":\"pt-BR\",\"potentialAction\":[{\"@type\":\"ReadAction\",\"target\":[\"https:\\\/\\\/edumais.org\\\/pt-br\\\/programas\\\/entrar-no-mercado-de-trabalho\\\/\"]}]},{\"@type\":\"BreadcrumbList\",\"@id\":\"https:\\\/\\\/edumais.org\\\/pt-br\\\/programas\\\/entrar-no-mercado-de-trabalho\\\/#breadcrumb\",\"itemListElement\":[{\"@type\":\"ListItem\",\"position\":1,\"name\":\"Home\",\"item\":\"https:\\\/\\\/edumais.org\\\/pt-br\\\/\"},{\"@type\":\"ListItem\",\"position\":2,\"name\":\"Programas\",\"item\":\"https:\\\/\\\/edumais.org\\\/pt-br\\\/programas\\\/\"},{\"@type\":\"ListItem\",\"position\":3,\"name\":\"Entrar no mercado de trabalho\"}]},{\"@type\":\"WebSite\",\"@id\":\"https:\\\/\\\/edumais.org\\\/pt-br\\\/#website\",\"url\":\"https:\\\/\\\/edumais.org\\\/pt-br\\\/\",\"name\":\"EduMais\",\"description\":\"Volunteer organization in Rio de Janeiro, Brazil, South America\",\"publisher\":{\"@id\":\"https:\\\/\\\/edumais.org\\\/pt-br\\\/#organization\"},\"potentialAction\":[{\"@type\":\"SearchAction\",\"target\":{\"@type\":\"EntryPoint\",\"urlTemplate\":\"https:\\\/\\\/edumais.org\\\/pt-br\\\/?s={search_term_string}\"},\"query-input\":{\"@type\":\"PropertyValueSpecification\",\"valueRequired\":true,\"valueName\":\"search_term_string\"}}],\"inLanguage\":\"pt-BR\"},{\"@type\":\"Organization\",\"@id\":\"https:\\\/\\\/edumais.org\\\/pt-br\\\/#organization\",\"name\":\"EduMais\",\"url\":\"https:\\\/\\\/edumais.org\\\/pt-br\\\/\",\"logo\":{\"@type\":\"ImageObject\",\"inLanguage\":\"pt-BR\",\"@id\":\"https:\\\/\\\/edumais.org\\\/pt-br\\\/#\\\/schema\\\/logo\\\/image\\\/\",\"url\":\"https:\\\/\\\/edumais.org\\\/wp-content\\\/uploads\\\/2016\\\/01\\\/edumais_logo_vector-as-Smart-Object-1.png\",\"contentUrl\":\"https:\\\/\\\/edumais.org\\\/wp-content\\\/uploads\\\/2016\\\/01\\\/edumais_logo_vector-as-Smart-Object-1.png\",\"width\":761,\"height\":361,\"caption\":\"EduMais\"},\"image\":{\"@id\":\"https:\\\/\\\/edumais.org\\\/pt-br\\\/#\\\/schema\\\/logo\\\/image\\\/\"},\"sameAs\":[\"https:\\\/\\\/www.facebook.com\\\/edumais.org\\\/\",\"https:\\\/\\\/www.instagram.com\\\/edumaisrio\\\/?hl=en\",\"https:\\\/\\\/www.linkedin.com\\\/company\\\/edumais.org\\\/\",\"https:\\\/\\\/www.youtube.com\\\/channel\\\/UClbmo2QCD_6JH5iGGEoadag\"]}]}<\/script>\n<!-- \/ Yoast SEO plugin. -->","yoast_head_json":{"title":"Entrar no mercado de trabalho - EduMais","description":"Prepare os alunos para a vida ap\u00f3s a escola com o curso Entrando no Mercado de Trabalho \u2014 autoconhecimento, curr\u00edculos, LinkedIn, entrevistas e confian\u00e7a na carreira.","robots":{"index":"index","follow":"follow","max-snippet":"max-snippet:-1","max-image-preview":"max-image-preview:large","max-video-preview":"max-video-preview:-1"},"canonical":"https:\/\/edumais.org\/pt-br\/programas\/entrar-no-mercado-de-trabalho\/","og_locale":"pt_BR","og_type":"article","og_title":"Entrar no mercado de trabalho - EduMais","og_description":"Prepare os alunos para a vida ap\u00f3s a escola com o curso Entrando no Mercado de Trabalho \u2014 autoconhecimento, curr\u00edculos, LinkedIn, entrevistas e confian\u00e7a na carreira.","og_url":"https:\/\/edumais.org\/pt-br\/programas\/entrar-no-mercado-de-trabalho\/","og_site_name":"EduMais","article_publisher":"https:\/\/www.facebook.com\/edumais.org\/","article_modified_time":"2025-10-07T13:43:17+00:00","og_image":[{"width":468,"height":167,"url":"https:\/\/edumais.org\/wp-content\/uploads\/2017\/11\/Home-Banner1-e1588113485474.jpg","type":"image\/jpeg"}],"twitter_card":"summary_large_image","twitter_misc":{"Est. tempo de leitura":"3 minutos"},"schema":{"@context":"https:\/\/schema.org","@graph":[{"@type":"WebPage","@id":"https:\/\/edumais.org\/pt-br\/programas\/entrar-no-mercado-de-trabalho\/","url":"https:\/\/edumais.org\/pt-br\/programas\/entrar-no-mercado-de-trabalho\/","name":"Entrar no mercado de trabalho - EduMais","isPartOf":{"@id":"https:\/\/edumais.org\/pt-br\/#website"},"datePublished":"2020-05-29T13:36:30+00:00","dateModified":"2025-10-07T13:43:17+00:00","description":"Prepare os alunos para a vida ap\u00f3s a escola com o curso Entrando no Mercado de Trabalho \u2014 autoconhecimento, curr\u00edculos, LinkedIn, entrevistas e confian\u00e7a na carreira.","breadcrumb":{"@id":"https:\/\/edumais.org\/pt-br\/programas\/entrar-no-mercado-de-trabalho\/#breadcrumb"},"inLanguage":"pt-BR","potentialAction":[{"@type":"ReadAction","target":["https:\/\/edumais.org\/pt-br\/programas\/entrar-no-mercado-de-trabalho\/"]}]},{"@type":"BreadcrumbList","@id":"https:\/\/edumais.org\/pt-br\/programas\/entrar-no-mercado-de-trabalho\/#breadcrumb","itemListElement":[{"@type":"ListItem","position":1,"name":"Home","item":"https:\/\/edumais.org\/pt-br\/"},{"@type":"ListItem","position":2,"name":"Programas","item":"https:\/\/edumais.org\/pt-br\/programas\/"},{"@type":"ListItem","position":3,"name":"Entrar no mercado de trabalho"}]},{"@type":"WebSite","@id":"https:\/\/edumais.org\/pt-br\/#website","url":"https:\/\/edumais.org\/pt-br\/","name":"EduMais","description":"Volunteer organization in Rio de Janeiro, Brazil, South America","publisher":{"@id":"https:\/\/edumais.org\/pt-br\/#organization"},"potentialAction":[{"@type":"SearchAction","target":{"@type":"EntryPoint","urlTemplate":"https:\/\/edumais.org\/pt-br\/?s={search_term_string}"},"query-input":{"@type":"PropertyValueSpecification","valueRequired":true,"valueName":"search_term_string"}}],"inLanguage":"pt-BR"},{"@type":"Organization","@id":"https:\/\/edumais.org\/pt-br\/#organization","name":"EduMais","url":"https:\/\/edumais.org\/pt-br\/","logo":{"@type":"ImageObject","inLanguage":"pt-BR","@id":"https:\/\/edumais.org\/pt-br\/#\/schema\/logo\/image\/","url":"https:\/\/edumais.org\/wp-content\/uploads\/2016\/01\/edumais_logo_vector-as-Smart-Object-1.png","contentUrl":"https:\/\/edumais.org\/wp-content\/uploads\/2016\/01\/edumais_logo_vector-as-Smart-Object-1.png","width":761,"height":361,"caption":"EduMais"},"image":{"@id":"https:\/\/edumais.org\/pt-br\/#\/schema\/logo\/image\/"},"sameAs":["https:\/\/www.facebook.com\/edumais.org\/","https:\/\/www.instagram.com\/edumaisrio\/?hl=en","https:\/\/www.linkedin.com\/company\/edumais.org\/","https:\/\/www.youtube.com\/channel\/UClbmo2QCD_6JH5iGGEoadag"]}]}},"campaignId":"","_links":{"self":[{"href":"https:\/\/edumais.org\/pt-br\/wp-json\/wp\/v2\/pages\/7301","targetHints":{"allow":["GET"]}}],"collection":[{"href":"https:\/\/edumais.org\/pt-br\/wp-json\/wp\/v2\/pages"}],"about":[{"href":"https:\/\/edumais.org\/pt-br\/wp-json\/wp\/v2\/types\/page"}],"author":[{"embeddable":true,"href":"https:\/\/edumais.org\/pt-br\/wp-json\/wp\/v2\/users\/5"}],"replies":[{"embeddable":true,"href":"https:\/\/edumais.org\/pt-br\/wp-json\/wp\/v2\/comments?post=7301"}],"version-history":[{"count":7,"href":"https:\/\/edumais.org\/pt-br\/wp-json\/wp\/v2\/pages\/7301\/revisions"}],"predecessor-version":[{"id":7817,"href":"https:\/\/edumais.org\/pt-br\/wp-json\/wp\/v2\/pages\/7301\/revisions\/7817"}],"up":[{"embeddable":true,"href":"https:\/\/edumais.org\/pt-br\/wp-json\/wp\/v2\/pages\/7276"}],"wp:attachment":[{"href":"https:\/\/edumais.org\/pt-br\/wp-json\/wp\/v2\/media?parent=7301"}],"curies":[{"name":"wp","href":"https:\/\/api.w.org\/{rel}","templated":true}]}}