{"id":7295,"date":"2020-06-10T09:03:35","date_gmt":"2020-06-10T12:03:35","guid":{"rendered":"https:\/\/edumais.org\/?page_id=7295"},"modified":"2025-10-07T10:41:38","modified_gmt":"2025-10-07T13:41:38","slug":"empreendedorismo","status":"publish","type":"page","link":"https:\/\/edumais.org\/pt-br\/programas\/empreendedorismo\/","title":{"rendered":"Empreendedorismo"},"content":{"rendered":"<div class=\"wpb-content-wrapper\"><p>[vc_row full_width=&#8221;stretch_row&#8221; css=&#8221;.vc_custom_1540044981781{padding-top: 15px !important;padding-bottom: 35px !important;}&#8221;][vc_column width=&#8221;1\/2&#8243;]<div class=\"poverty-progress\">\n\t\t\t\t\t<h4>Por que o Empreendedorismo <span class=\"primary-color text-uppercase\"><b>Importa nas Favelas<\/b><\/span><\/h4>\n\t\t\t\t\t<p><\/p>\n\t\t\t   <\/div>\n\t\t\t[vc_column_text css=&#8221;&#8221;]Em 2018, a volunt\u00e1ria da EduMais, Anna Bowman, teve uma ideia simples e poderosa: combinar o aprendizado de ingl\u00eas com o empreendedorismo pr\u00e1tico, permitindo que os alunos imaginem \u2014 e construam \u2014 o que vem a seguir.<\/p>\n<p>Hoje, essa ideia se transformou em um curso pr\u00e1tico onde jovens das favelas do Rio transformam curiosidade em habilidade, e habilidade em oportunidade.<\/p>\n<p>As favelas muitas vezes s\u00e3o descritas apenas pelos seus riscos. Mas n\u00f3s enxergamos algo mais: criatividade, resili\u00eancia e um forte esp\u00edrito empreendedor.<\/p>\n<p>Nosso programa canaliza essa energia em habilidades reais \u2014 para que os alunos possam criar seus pr\u00f3prios empreendimentos ou ajudar a fortalecer o neg\u00f3cio da fam\u00edlia.[\/vc_column_text][\/vc_column][vc_column width=&#8221;1\/2&#8243;][vc_single_image image=&#8221;13977&#8243; img_size=&#8221;600&#215;480&#8243; alignment=&#8221;center&#8221; css=&#8221;.vc_custom_1759496538572{padding-top: 15px !important;}&#8221;][\/vc_column][\/vc_row][vc_row full_width=&#8221;stretch_row&#8221; css=&#8221;.vc_custom_1544039741371{padding-top: 20px !important;padding-bottom: 20px !important;background-color: #f8f8f8 !important;}&#8221;][vc_column width=&#8221;1\/2&#8243; css=&#8221;.vc_custom_1544039653711{padding-top: 20px !important;padding-bottom: 20px !important;}&#8221;][vc_single_image image=&#8221;13983&#8243; img_size=&#8221;600&#215;440&#8243; alignment=&#8221;center&#8221; css=&#8221;.vc_custom_1759496581256{padding-top: 0px !important;}&#8221;][\/vc_column][vc_column width=&#8221;1\/2&#8243;]<div class=\"poverty-progress\">\n\t\t\t\t\t<h4>O que os alunos <span class=\"primary-color text-uppercase\"><b>aprendem<\/b><\/span><\/h4>\n\t\t\t\t\t<p><\/p>\n\t\t\t   <\/div>\n\t\t\t[vc_column_text css=&#8221;&#8221;]Ao longo de sess\u00f5es semanais de duas horas, os alunos aprendem os conceitos essenciais do Business Model Canvas (BMC) e aplicam cada bloco a projetos reais, come\u00e7ando com \u201cO que \u00e9 empreendedorismo?\u201d e avan\u00e7ando para planejamento estruturado e avalia\u00e7\u00e3o.<\/p>\n<p>Eles estudam casos reais (por exemplo, neg\u00f3cios familiares, neg\u00f3cios pr\u00f3prios), entrevistam empreendedores e mapeiam o que diferencia a mentalidade de um fundador da de um funcion\u00e1rio.<\/p>\n<p><strong>Business Model Canvas<\/strong><\/p>\n<p>A partir da\u00ed, praticam os principais blocos do BMC:<\/p>\n<p>&#8211; Segmentos de Clientes &amp; Proposta de Valor: identificando quem atendem e qual valor criam.<br \/>\n&#8211; Canais &amp; Relacionamento com Clientes: al\u00e9m de pesquisa de mercado usando m\u00e9todos qualitativos e quantitativos.<br \/>\n&#8211; Planejamento de receita e elabora\u00e7\u00e3o de uma proposta de marketing escrita.<br \/>\n&#8211; Mentalidade MVP (Produto M\u00ednimo Vi\u00e1vel), Recursos\/Atividades\/Parcerias-Chave para transformar a ideia em opera\u00e7\u00e3o.<\/p>\n<p><strong>Apresenta\u00e7\u00e3o &amp; No\u00e7\u00f5es B\u00e1sicas de Finan\u00e7as<\/strong><\/p>\n<p>Custos e finan\u00e7as b\u00e1sicas, com apoio de um profissional financeiro convidado.<\/p>\n<p>Os alunos ent\u00e3o escolhem um caminho: construir um projeto pessoal ou atuar como consultores para um neg\u00f3cio existente (muitas vezes familiar), usando o BMC para melhorar os resultados. Eles apresentam seu canvas, recebem feedback, refinam e praticam sua apresenta\u00e7\u00e3o. As sess\u00f5es tamb\u00e9m podem incluir \u00e9tica e quest\u00f5es legais com advogados comunit\u00e1rios.<\/p>\n<p>A jornada culmina em apresenta\u00e7\u00f5es finais, com premia\u00e7\u00f5es e diplomas, na frente de empreendedores e parceiros.[\/vc_column_text][\/vc_column][\/vc_row][vc_row css=&#8221;.vc_custom_1544039691961{padding-top: 20px !important;padding-bottom: 20px !important;}&#8221;][vc_column width=&#8221;1\/2&#8243; css=&#8221;.vc_custom_1544039832583{padding-top: 20px !important;padding-bottom: 20px !important;}&#8221;]<div class=\"poverty-progress\">\n\t\t\t\t\t<h4>Ampliando <span class=\"primary-color text-uppercase\"><b>horizontes<\/b><\/span><\/h4>\n\t\t\t\t\t<p><\/p>\n\t\t\t   <\/div>\n\t\t\t[vc_column_text css=&#8221;&#8221;]O curso de empreendedorismo da EduMais leva os alunos al\u00e9m de suas zonas de conforto. Conforme apresentam, revisam e constroem seus projetos, a confian\u00e7a deles cresce \u2014 assim como um conjunto de habilidades pr\u00e1ticas que podem usar imediatamente.<\/p>\n<p><strong>Hist\u00f3rias reais e modelos inspiradores<\/strong><\/p>\n<p>Palestrantes convidados aprofundam esse crescimento. Ex-alunos empreendedores, como Isabella Gusm\u00e3o (Isabella P\u00e2tisserie) e Vin\u00edcius Rangel (Saint Roman Records), compartilham como lan\u00e7aram seus neg\u00f3cios ainda na universidade, transformando ideias em a\u00e7\u00e3o.<\/p>\n<p>O impacto \u00e9 concreto: v\u00e1rios alunos anteriores j\u00e1 levaram projetos da sala de aula para o mundo real, fundando ou fortalecendo empreendimentos durante seus estudos. O exemplo deles inspira os estudantes atuais a fazerem o mesmo.[\/vc_column_text][\/vc_column][vc_column width=&#8221;1\/2&#8243; css=&#8221;.vc_custom_1544039824073{padding-top: 20px !important;padding-bottom: 20px !important;}&#8221;][vc_single_image image=&#8221;13980&#8243; img_size=&#8221;600&#215;460&#8243; alignment=&#8221;center&#8221; css=&#8221;.vc_custom_1759496599826{padding-top: 15px !important;}&#8221;][\/vc_column][\/vc_row][vc_row top_padding=&#8221;75px&#8221;][vc_column][vc_column_text]<\/p>\n<h3 style=\"text-align: center;\"><b>Voc\u00ea tem habilidades e conhecimento para compartilhar com os nosso amigos empreendedores?<\/b><\/h3>\n<p style=\"text-align: center;\">Entre em contato conosco e descubra como voc\u00ea pode contribuir!<\/p>\n<p style=\"text-align: center;\"><a class=\"btn\" href=\"https:\/\/edumais.org\/pt-br\/contato\/\">Entre em contato conosco!<\/a><\/p>\n<p>&nbsp;<\/p>\n<p>&nbsp;<\/p>\n<p>&nbsp;<\/p>\n<p>[\/vc_column_text][\/vc_column][\/vc_row][vc_row][vc_column][vc_separator color=&#8221;black&#8221; style=&#8221;shadow&#8221; css=&#8221;.vc_custom_1550398839490{padding-top: 100px !important;}&#8221;][\/vc_column][\/vc_row]<\/p>\n<\/div>","protected":false},"excerpt":{"rendered":"<p>[vc_row full_width=&#8221;stretch_row&#8221; css=&#8221;.vc_custom_1540044981781{padding-top: 15px !important;padding-bottom: 35px !important;}&#8221;][vc_column width=&#8221;1\/2&#8243;][vc_column_text css=&#8221;&#8221;]Em 2018, a volunt\u00e1ria da EduMais, Anna Bowman, teve [&hellip;]<\/p>\n","protected":false},"author":5,"featured_media":0,"parent":7276,"menu_order":0,"comment_status":"closed","ping_status":"closed","template":"","meta":{"give_campaign_id":0,"footnotes":""},"class_list":["post-7295","page","type-page","status-publish","hentry"],"yoast_head":"<!-- This site is optimized with the Yoast SEO plugin v27.3 - https:\/\/yoast.com\/product\/yoast-seo-wordpress\/ -->\n<title>Empreendedorismo - EduMais<\/title>\n<meta name=\"description\" content=\"Curso pr\u00e1tico de empreendedorismo para jovens das favelas do Rio. Os alunos utilizam o Business Model Canvas, apresentam projetos reais e encontram mentores.\" \/>\n<meta name=\"robots\" content=\"index, follow, max-snippet:-1, max-image-preview:large, max-video-preview:-1\" \/>\n<link rel=\"canonical\" href=\"https:\/\/edumais.org\/pt-br\/programas\/empreendedorismo\/\" \/>\n<meta property=\"og:locale\" content=\"pt_BR\" \/>\n<meta property=\"og:type\" content=\"article\" \/>\n<meta property=\"og:title\" content=\"Empreendedorismo - EduMais\" \/>\n<meta property=\"og:description\" content=\"Curso pr\u00e1tico de empreendedorismo para jovens das favelas do Rio. Os alunos utilizam o Business Model Canvas, apresentam projetos reais e encontram mentores.\" \/>\n<meta property=\"og:url\" content=\"https:\/\/edumais.org\/pt-br\/programas\/empreendedorismo\/\" \/>\n<meta property=\"og:site_name\" content=\"EduMais\" \/>\n<meta property=\"article:publisher\" content=\"https:\/\/www.facebook.com\/edumais.org\/\" \/>\n<meta property=\"article:modified_time\" content=\"2025-10-07T13:41:38+00:00\" \/>\n<meta property=\"og:image\" content=\"https:\/\/edumais.org\/wp-content\/uploads\/2017\/11\/Home-Banner1-e1588113485474.jpg\" \/>\n\t<meta property=\"og:image:width\" content=\"468\" \/>\n\t<meta property=\"og:image:height\" content=\"167\" \/>\n\t<meta property=\"og:image:type\" content=\"image\/jpeg\" \/>\n<meta name=\"twitter:card\" content=\"summary_large_image\" \/>\n<meta name=\"twitter:label1\" content=\"Est. tempo de leitura\" \/>\n\t<meta name=\"twitter:data1\" content=\"3 minutos\" \/>\n<script type=\"application\/ld+json\" class=\"yoast-schema-graph\">{\"@context\":\"https:\\\/\\\/schema.org\",\"@graph\":[{\"@type\":\"WebPage\",\"@id\":\"https:\\\/\\\/edumais.org\\\/pt-br\\\/programas\\\/empreendedorismo\\\/\",\"url\":\"https:\\\/\\\/edumais.org\\\/pt-br\\\/programas\\\/empreendedorismo\\\/\",\"name\":\"Empreendedorismo - EduMais\",\"isPartOf\":{\"@id\":\"https:\\\/\\\/edumais.org\\\/pt-br\\\/#website\"},\"datePublished\":\"2020-06-10T12:03:35+00:00\",\"dateModified\":\"2025-10-07T13:41:38+00:00\",\"description\":\"Curso pr\u00e1tico de empreendedorismo para jovens das favelas do Rio. Os alunos utilizam o Business Model Canvas, apresentam projetos reais e encontram mentores.\",\"breadcrumb\":{\"@id\":\"https:\\\/\\\/edumais.org\\\/pt-br\\\/programas\\\/empreendedorismo\\\/#breadcrumb\"},\"inLanguage\":\"pt-BR\",\"potentialAction\":[{\"@type\":\"ReadAction\",\"target\":[\"https:\\\/\\\/edumais.org\\\/pt-br\\\/programas\\\/empreendedorismo\\\/\"]}]},{\"@type\":\"BreadcrumbList\",\"@id\":\"https:\\\/\\\/edumais.org\\\/pt-br\\\/programas\\\/empreendedorismo\\\/#breadcrumb\",\"itemListElement\":[{\"@type\":\"ListItem\",\"position\":1,\"name\":\"Home\",\"item\":\"https:\\\/\\\/edumais.org\\\/pt-br\\\/\"},{\"@type\":\"ListItem\",\"position\":2,\"name\":\"Programas\",\"item\":\"https:\\\/\\\/edumais.org\\\/pt-br\\\/programas\\\/\"},{\"@type\":\"ListItem\",\"position\":3,\"name\":\"Empreendedorismo\"}]},{\"@type\":\"WebSite\",\"@id\":\"https:\\\/\\\/edumais.org\\\/pt-br\\\/#website\",\"url\":\"https:\\\/\\\/edumais.org\\\/pt-br\\\/\",\"name\":\"EduMais\",\"description\":\"Volunteer organization in Rio de Janeiro, Brazil, South America\",\"publisher\":{\"@id\":\"https:\\\/\\\/edumais.org\\\/pt-br\\\/#organization\"},\"potentialAction\":[{\"@type\":\"SearchAction\",\"target\":{\"@type\":\"EntryPoint\",\"urlTemplate\":\"https:\\\/\\\/edumais.org\\\/pt-br\\\/?s={search_term_string}\"},\"query-input\":{\"@type\":\"PropertyValueSpecification\",\"valueRequired\":true,\"valueName\":\"search_term_string\"}}],\"inLanguage\":\"pt-BR\"},{\"@type\":\"Organization\",\"@id\":\"https:\\\/\\\/edumais.org\\\/pt-br\\\/#organization\",\"name\":\"EduMais\",\"url\":\"https:\\\/\\\/edumais.org\\\/pt-br\\\/\",\"logo\":{\"@type\":\"ImageObject\",\"inLanguage\":\"pt-BR\",\"@id\":\"https:\\\/\\\/edumais.org\\\/pt-br\\\/#\\\/schema\\\/logo\\\/image\\\/\",\"url\":\"https:\\\/\\\/edumais.org\\\/wp-content\\\/uploads\\\/2016\\\/01\\\/edumais_logo_vector-as-Smart-Object-1.png\",\"contentUrl\":\"https:\\\/\\\/edumais.org\\\/wp-content\\\/uploads\\\/2016\\\/01\\\/edumais_logo_vector-as-Smart-Object-1.png\",\"width\":761,\"height\":361,\"caption\":\"EduMais\"},\"image\":{\"@id\":\"https:\\\/\\\/edumais.org\\\/pt-br\\\/#\\\/schema\\\/logo\\\/image\\\/\"},\"sameAs\":[\"https:\\\/\\\/www.facebook.com\\\/edumais.org\\\/\",\"https:\\\/\\\/www.instagram.com\\\/edumaisrio\\\/?hl=en\",\"https:\\\/\\\/www.linkedin.com\\\/company\\\/edumais.org\\\/\",\"https:\\\/\\\/www.youtube.com\\\/channel\\\/UClbmo2QCD_6JH5iGGEoadag\"]}]}<\/script>\n<!-- \/ Yoast SEO plugin. -->","yoast_head_json":{"title":"Empreendedorismo - EduMais","description":"Curso pr\u00e1tico de empreendedorismo para jovens das favelas do Rio. Os alunos utilizam o Business Model Canvas, apresentam projetos reais e encontram mentores.","robots":{"index":"index","follow":"follow","max-snippet":"max-snippet:-1","max-image-preview":"max-image-preview:large","max-video-preview":"max-video-preview:-1"},"canonical":"https:\/\/edumais.org\/pt-br\/programas\/empreendedorismo\/","og_locale":"pt_BR","og_type":"article","og_title":"Empreendedorismo - EduMais","og_description":"Curso pr\u00e1tico de empreendedorismo para jovens das favelas do Rio. Os alunos utilizam o Business Model Canvas, apresentam projetos reais e encontram mentores.","og_url":"https:\/\/edumais.org\/pt-br\/programas\/empreendedorismo\/","og_site_name":"EduMais","article_publisher":"https:\/\/www.facebook.com\/edumais.org\/","article_modified_time":"2025-10-07T13:41:38+00:00","og_image":[{"width":468,"height":167,"url":"https:\/\/edumais.org\/wp-content\/uploads\/2017\/11\/Home-Banner1-e1588113485474.jpg","type":"image\/jpeg"}],"twitter_card":"summary_large_image","twitter_misc":{"Est. tempo de leitura":"3 minutos"},"schema":{"@context":"https:\/\/schema.org","@graph":[{"@type":"WebPage","@id":"https:\/\/edumais.org\/pt-br\/programas\/empreendedorismo\/","url":"https:\/\/edumais.org\/pt-br\/programas\/empreendedorismo\/","name":"Empreendedorismo - EduMais","isPartOf":{"@id":"https:\/\/edumais.org\/pt-br\/#website"},"datePublished":"2020-06-10T12:03:35+00:00","dateModified":"2025-10-07T13:41:38+00:00","description":"Curso pr\u00e1tico de empreendedorismo para jovens das favelas do Rio. Os alunos utilizam o Business Model Canvas, apresentam projetos reais e encontram mentores.","breadcrumb":{"@id":"https:\/\/edumais.org\/pt-br\/programas\/empreendedorismo\/#breadcrumb"},"inLanguage":"pt-BR","potentialAction":[{"@type":"ReadAction","target":["https:\/\/edumais.org\/pt-br\/programas\/empreendedorismo\/"]}]},{"@type":"BreadcrumbList","@id":"https:\/\/edumais.org\/pt-br\/programas\/empreendedorismo\/#breadcrumb","itemListElement":[{"@type":"ListItem","position":1,"name":"Home","item":"https:\/\/edumais.org\/pt-br\/"},{"@type":"ListItem","position":2,"name":"Programas","item":"https:\/\/edumais.org\/pt-br\/programas\/"},{"@type":"ListItem","position":3,"name":"Empreendedorismo"}]},{"@type":"WebSite","@id":"https:\/\/edumais.org\/pt-br\/#website","url":"https:\/\/edumais.org\/pt-br\/","name":"EduMais","description":"Volunteer organization in Rio de Janeiro, Brazil, South America","publisher":{"@id":"https:\/\/edumais.org\/pt-br\/#organization"},"potentialAction":[{"@type":"SearchAction","target":{"@type":"EntryPoint","urlTemplate":"https:\/\/edumais.org\/pt-br\/?s={search_term_string}"},"query-input":{"@type":"PropertyValueSpecification","valueRequired":true,"valueName":"search_term_string"}}],"inLanguage":"pt-BR"},{"@type":"Organization","@id":"https:\/\/edumais.org\/pt-br\/#organization","name":"EduMais","url":"https:\/\/edumais.org\/pt-br\/","logo":{"@type":"ImageObject","inLanguage":"pt-BR","@id":"https:\/\/edumais.org\/pt-br\/#\/schema\/logo\/image\/","url":"https:\/\/edumais.org\/wp-content\/uploads\/2016\/01\/edumais_logo_vector-as-Smart-Object-1.png","contentUrl":"https:\/\/edumais.org\/wp-content\/uploads\/2016\/01\/edumais_logo_vector-as-Smart-Object-1.png","width":761,"height":361,"caption":"EduMais"},"image":{"@id":"https:\/\/edumais.org\/pt-br\/#\/schema\/logo\/image\/"},"sameAs":["https:\/\/www.facebook.com\/edumais.org\/","https:\/\/www.instagram.com\/edumaisrio\/?hl=en","https:\/\/www.linkedin.com\/company\/edumais.org\/","https:\/\/www.youtube.com\/channel\/UClbmo2QCD_6JH5iGGEoadag"]}]}},"campaignId":"","_links":{"self":[{"href":"https:\/\/edumais.org\/pt-br\/wp-json\/wp\/v2\/pages\/7295","targetHints":{"allow":["GET"]}}],"collection":[{"href":"https:\/\/edumais.org\/pt-br\/wp-json\/wp\/v2\/pages"}],"about":[{"href":"https:\/\/edumais.org\/pt-br\/wp-json\/wp\/v2\/types\/page"}],"author":[{"embeddable":true,"href":"https:\/\/edumais.org\/pt-br\/wp-json\/wp\/v2\/users\/5"}],"replies":[{"embeddable":true,"href":"https:\/\/edumais.org\/pt-br\/wp-json\/wp\/v2\/comments?post=7295"}],"version-history":[{"count":8,"href":"https:\/\/edumais.org\/pt-br\/wp-json\/wp\/v2\/pages\/7295\/revisions"}],"predecessor-version":[{"id":14676,"href":"https:\/\/edumais.org\/pt-br\/wp-json\/wp\/v2\/pages\/7295\/revisions\/14676"}],"up":[{"embeddable":true,"href":"https:\/\/edumais.org\/pt-br\/wp-json\/wp\/v2\/pages\/7276"}],"wp:attachment":[{"href":"https:\/\/edumais.org\/pt-br\/wp-json\/wp\/v2\/media?parent=7295"}],"curies":[{"name":"wp","href":"https:\/\/api.w.org\/{rel}","templated":true}]}}