{"id":7289,"date":"2020-06-07T09:59:24","date_gmt":"2020-06-07T12:59:24","guid":{"rendered":"https:\/\/edumais.org\/?page_id=7289"},"modified":"2025-10-07T10:47:41","modified_gmt":"2025-10-07T13:47:41","slug":"intercambio","status":"publish","type":"page","link":"https:\/\/edumais.org\/pt-br\/programas\/intercambio\/","title":{"rendered":"Interc\u00e2mbio"},"content":{"rendered":"<div class=\"wpb-content-wrapper\"><p>[vc_row full_width=&#8221;stretch_row&#8221; content_placement=&#8221;middle&#8221; css=&#8221;.vc_custom_1540039236943{padding-top: 25px !important;padding-bottom: 35px !important;}&#8221;][vc_column width=&#8221;1\/2&#8243;]<div class=\"poverty-progress\">\n\t\t\t\t\t<h4>Programa de <span class=\"primary-color text-uppercase\"><b>interc\u00e2mbio<\/b><\/span><\/h4>\n\t\t\t\t\t<p><\/p>\n\t\t\t   <\/div>\n\t\t\t[vc_column_text css=&#8221;&#8221;]Especialistas em desenvolvimento juvenil concordam que os jovens precisam de uma variedade de experi\u00eancias para se tornarem adultos saud\u00e1veis. N\u00f3s oferecemos isso a alguns dos nossos alunos em situa\u00e7\u00e3o de vulnerabilidade enviando-os para um acampamento de ver\u00e3o nos Estados Unidos!<\/p>\n<p>Selecionamos os alunos com base no m\u00e9rito, assim como no car\u00e1ter. Isso garante que eles estejam na melhor posi\u00e7\u00e3o para aproveitar ao m\u00e1ximo essa oportunidade fant\u00e1stica.<\/p>\n<p>Nosso Programa de Interc\u00e2mbio lhes d\u00e1 a chance de experimentar uma imers\u00e3o completa no ingl\u00eas, enquanto ficam em um ambiente seguro e acolhedor \u2014 muito diferente de onde cresceram. Por duas semanas, esses adolescentes vulner\u00e1veis frequentam o Camp Hazen YMCA, antes de passar uma semana em uma fam\u00edlia anfitri\u00e3. Nem \u00e9 preciso dizer que o impacto positivo sobre eles \u00e9 imensur\u00e1vel.<\/p>\n<p>De fato, a confian\u00e7a dos participantes anteriores disparou. O n\u00edvel de ingl\u00eas melhorou dramaticamente e eles desenvolveram habilidades sociais e de vida inestim\u00e1veis. O melhor de tudo \u00e9 que nosso Programa de Interc\u00e2mbio os ajudou a cultivar uma vis\u00e3o positiva do futuro.<\/p>\n<p><strong>Parceria: Brayce<\/strong><\/p>\n<p>N\u00e3o conseguir\u00edamos fazer isso sem a Brayce. Como nosso parceiro principal, o apoio deles faz toda a diferen\u00e7a \u2014 abrindo portas que nossos alunos n\u00e3o teriam de outra forma.[\/vc_column_text][\/vc_column][vc_column width=&#8221;1\/2&#8243; css=&#8221;.vc_custom_1545232195431{padding-top: 15px !important;}&#8221;][vc_single_image image=&#8221;13994&#8243; img_size=&#8221;1000&#215;750&#8243; alignment=&#8221;center&#8221; css=&#8221;&#8221;][\/vc_column][\/vc_row][vc_row full_width=&#8221;stretch_row&#8221; content_placement=&#8221;middle&#8221; css=&#8221;.vc_custom_1544039951709{padding-top: 25px !important;padding-bottom: 35px !important;background-color: #f8f8f8 !important;}&#8221;][vc_column width=&#8221;1\/2&#8243; css=&#8221;.vc_custom_1544039964337{padding-top: 20px !important;padding-bottom: 20px !important;}&#8221;][vc_single_image image=&#8221;14002&#8243; img_size=&#8221;1000&#215;750&#8243; alignment=&#8221;center&#8221; css=&#8221;&#8221;][\/vc_column][vc_column width=&#8221;1\/2&#8243; css=&#8221;.vc_custom_1544039977466{padding-top: 20px !important;padding-bottom: 20px !important;}&#8221;]<div class=\"poverty-progress\">\n\t\t\t\t\t<h4>Camp Hazen <span class=\"primary-color text-uppercase\"><b>YMCA<\/b><\/span><\/h4>\n\t\t\t\t\t<p><\/p>\n\t\t\t   <\/div>\n\t\t\t[vc_column_text css=&#8221;&#8221;]O Camp Hazen oferece aos nossos alunos a oportunidade de dominar o ingl\u00eas. Al\u00e9m disso, eles aprendem habilidades valiosas para a vida por meio de diversas atividades f\u00edsicas e criativas. Entre elas est\u00e3o escalada, windsurf, culin\u00e1ria na fogueira, cerim\u00f4nias e canto.<\/p>\n<p>Grupos pequenos em cabanas e uma pol\u00edtica de n\u00e3o uso de celular ajudam a criar um forte sentimento de comunidade. Seja aprendendo uma nova atividade, fazendo amigos ou se tornando mais resilientes, o acampamento realmente amplia os horizontes dos nossos alunos!<\/p>\n<p><strong>Programa de Lideran\u00e7a<\/strong><br \/>\nO Camp Hazen tamb\u00e9m oferece um Programa de Lideran\u00e7a. Para ser selecionado, os alunos precisam se comprometer a trabalhar duro e sair da zona de conforto. Durante tr\u00eas semanas, eles participam de oficinas sobre lideran\u00e7a no acampamento, abordando temas como habilidades de comunica\u00e7\u00e3o, resolu\u00e7\u00e3o de conflitos e preven\u00e7\u00e3o ao bullying. Como resultado, t\u00eam a chance de crescer e se desenvolver como indiv\u00edduos.[\/vc_column_text][\/vc_column][\/vc_row][vc_row top_padding=&#8221;75px&#8221;][vc_column][vc_column_text]<\/p>\n<h3 style=\"text-align: center;\">Voc\u00ea pode nos ajudar a oferecer oportunidades transformadoras<\/h3>\n<h3 style=\"text-align: center;\">para adolescentes carentes?<\/h3>\n<p style=\"text-align: center;\">Doe para o nosso programa de interc\u00e2mbio hoje!<\/p>\n<p style=\"text-align: center;\"><a class=\"btndonate\" href=\"https:\/\/edumais.org\/pt-br\/doar\/\">Doe agora!<\/a><\/p>\n<p>&nbsp;<\/p>\n<p>&nbsp;<\/p>\n<p>[\/vc_column_text][\/vc_column][\/vc_row][vc_row][vc_column][vc_separator color=&#8221;black&#8221; style=&#8221;shadow&#8221; css=&#8221;.vc_custom_1550398881910{padding-top: 100px !important;}&#8221;][\/vc_column][\/vc_row]<\/p>\n<\/div>","protected":false},"excerpt":{"rendered":"<p>[vc_row full_width=&#8221;stretch_row&#8221; content_placement=&#8221;middle&#8221; css=&#8221;.vc_custom_1540039236943{padding-top: 25px !important;padding-bottom: 35px !important;}&#8221;][vc_column width=&#8221;1\/2&#8243;][vc_column_text css=&#8221;&#8221;]Especialistas em desenvolvimento juvenil concordam que os jovens [&hellip;]<\/p>\n","protected":false},"author":5,"featured_media":0,"parent":7276,"menu_order":0,"comment_status":"closed","ping_status":"closed","template":"","meta":{"give_campaign_id":0,"footnotes":""},"class_list":["post-7289","page","type-page","status-publish","hentry"],"yoast_head":"<!-- This site is optimized with the Yoast SEO plugin v27.3 - https:\/\/yoast.com\/product\/yoast-seo-wordpress\/ -->\n<title>Interc\u00e2mbio - EduMais<\/title>\n<meta name=\"description\" content=\"EduMais conecta jovens das favelas do Rio a interc\u00e2mbios internacionais com bolsas de estudo e mentoria. Doe ou seja volunt\u00e1rio para abrir uma porta hoje.\" \/>\n<meta name=\"robots\" content=\"index, follow, max-snippet:-1, max-image-preview:large, max-video-preview:-1\" \/>\n<link rel=\"canonical\" href=\"https:\/\/edumais.org\/pt-br\/programas\/intercambio\/\" \/>\n<meta property=\"og:locale\" content=\"pt_BR\" \/>\n<meta property=\"og:type\" content=\"article\" \/>\n<meta property=\"og:title\" content=\"Interc\u00e2mbio - EduMais\" \/>\n<meta property=\"og:description\" content=\"EduMais conecta jovens das favelas do Rio a interc\u00e2mbios internacionais com bolsas de estudo e mentoria. Doe ou seja volunt\u00e1rio para abrir uma porta hoje.\" \/>\n<meta property=\"og:url\" content=\"https:\/\/edumais.org\/pt-br\/programas\/intercambio\/\" \/>\n<meta property=\"og:site_name\" content=\"EduMais\" \/>\n<meta property=\"article:publisher\" content=\"https:\/\/www.facebook.com\/edumais.org\/\" \/>\n<meta property=\"article:modified_time\" content=\"2025-10-07T13:47:41+00:00\" \/>\n<meta property=\"og:image\" content=\"https:\/\/edumais.org\/wp-content\/uploads\/2017\/11\/Home-Banner1-e1588113485474.jpg\" \/>\n\t<meta property=\"og:image:width\" content=\"468\" \/>\n\t<meta property=\"og:image:height\" content=\"167\" \/>\n\t<meta property=\"og:image:type\" content=\"image\/jpeg\" \/>\n<meta name=\"twitter:card\" content=\"summary_large_image\" \/>\n<meta name=\"twitter:label1\" content=\"Est. tempo de leitura\" \/>\n\t<meta name=\"twitter:data1\" content=\"2 minutos\" \/>\n<script type=\"application\/ld+json\" class=\"yoast-schema-graph\">{\"@context\":\"https:\\\/\\\/schema.org\",\"@graph\":[{\"@type\":\"WebPage\",\"@id\":\"https:\\\/\\\/edumais.org\\\/pt-br\\\/programas\\\/intercambio\\\/\",\"url\":\"https:\\\/\\\/edumais.org\\\/pt-br\\\/programas\\\/intercambio\\\/\",\"name\":\"Interc\u00e2mbio - EduMais\",\"isPartOf\":{\"@id\":\"https:\\\/\\\/edumais.org\\\/pt-br\\\/#website\"},\"datePublished\":\"2020-06-07T12:59:24+00:00\",\"dateModified\":\"2025-10-07T13:47:41+00:00\",\"description\":\"EduMais conecta jovens das favelas do Rio a interc\u00e2mbios internacionais com bolsas de estudo e mentoria. Doe ou seja volunt\u00e1rio para abrir uma porta hoje.\",\"breadcrumb\":{\"@id\":\"https:\\\/\\\/edumais.org\\\/pt-br\\\/programas\\\/intercambio\\\/#breadcrumb\"},\"inLanguage\":\"pt-BR\",\"potentialAction\":[{\"@type\":\"ReadAction\",\"target\":[\"https:\\\/\\\/edumais.org\\\/pt-br\\\/programas\\\/intercambio\\\/\"]}]},{\"@type\":\"BreadcrumbList\",\"@id\":\"https:\\\/\\\/edumais.org\\\/pt-br\\\/programas\\\/intercambio\\\/#breadcrumb\",\"itemListElement\":[{\"@type\":\"ListItem\",\"position\":1,\"name\":\"Home\",\"item\":\"https:\\\/\\\/edumais.org\\\/pt-br\\\/\"},{\"@type\":\"ListItem\",\"position\":2,\"name\":\"Programas\",\"item\":\"https:\\\/\\\/edumais.org\\\/pt-br\\\/programas\\\/\"},{\"@type\":\"ListItem\",\"position\":3,\"name\":\"Interc\u00e2mbio\"}]},{\"@type\":\"WebSite\",\"@id\":\"https:\\\/\\\/edumais.org\\\/pt-br\\\/#website\",\"url\":\"https:\\\/\\\/edumais.org\\\/pt-br\\\/\",\"name\":\"EduMais\",\"description\":\"Volunteer organization in Rio de Janeiro, Brazil, South America\",\"publisher\":{\"@id\":\"https:\\\/\\\/edumais.org\\\/pt-br\\\/#organization\"},\"potentialAction\":[{\"@type\":\"SearchAction\",\"target\":{\"@type\":\"EntryPoint\",\"urlTemplate\":\"https:\\\/\\\/edumais.org\\\/pt-br\\\/?s={search_term_string}\"},\"query-input\":{\"@type\":\"PropertyValueSpecification\",\"valueRequired\":true,\"valueName\":\"search_term_string\"}}],\"inLanguage\":\"pt-BR\"},{\"@type\":\"Organization\",\"@id\":\"https:\\\/\\\/edumais.org\\\/pt-br\\\/#organization\",\"name\":\"EduMais\",\"url\":\"https:\\\/\\\/edumais.org\\\/pt-br\\\/\",\"logo\":{\"@type\":\"ImageObject\",\"inLanguage\":\"pt-BR\",\"@id\":\"https:\\\/\\\/edumais.org\\\/pt-br\\\/#\\\/schema\\\/logo\\\/image\\\/\",\"url\":\"https:\\\/\\\/edumais.org\\\/wp-content\\\/uploads\\\/2016\\\/01\\\/edumais_logo_vector-as-Smart-Object-1.png\",\"contentUrl\":\"https:\\\/\\\/edumais.org\\\/wp-content\\\/uploads\\\/2016\\\/01\\\/edumais_logo_vector-as-Smart-Object-1.png\",\"width\":761,\"height\":361,\"caption\":\"EduMais\"},\"image\":{\"@id\":\"https:\\\/\\\/edumais.org\\\/pt-br\\\/#\\\/schema\\\/logo\\\/image\\\/\"},\"sameAs\":[\"https:\\\/\\\/www.facebook.com\\\/edumais.org\\\/\",\"https:\\\/\\\/www.instagram.com\\\/edumaisrio\\\/?hl=en\",\"https:\\\/\\\/www.linkedin.com\\\/company\\\/edumais.org\\\/\",\"https:\\\/\\\/www.youtube.com\\\/channel\\\/UClbmo2QCD_6JH5iGGEoadag\"]}]}<\/script>\n<!-- \/ Yoast SEO plugin. -->","yoast_head_json":{"title":"Interc\u00e2mbio - EduMais","description":"EduMais conecta jovens das favelas do Rio a interc\u00e2mbios internacionais com bolsas de estudo e mentoria. Doe ou seja volunt\u00e1rio para abrir uma porta hoje.","robots":{"index":"index","follow":"follow","max-snippet":"max-snippet:-1","max-image-preview":"max-image-preview:large","max-video-preview":"max-video-preview:-1"},"canonical":"https:\/\/edumais.org\/pt-br\/programas\/intercambio\/","og_locale":"pt_BR","og_type":"article","og_title":"Interc\u00e2mbio - EduMais","og_description":"EduMais conecta jovens das favelas do Rio a interc\u00e2mbios internacionais com bolsas de estudo e mentoria. Doe ou seja volunt\u00e1rio para abrir uma porta hoje.","og_url":"https:\/\/edumais.org\/pt-br\/programas\/intercambio\/","og_site_name":"EduMais","article_publisher":"https:\/\/www.facebook.com\/edumais.org\/","article_modified_time":"2025-10-07T13:47:41+00:00","og_image":[{"width":468,"height":167,"url":"https:\/\/edumais.org\/wp-content\/uploads\/2017\/11\/Home-Banner1-e1588113485474.jpg","type":"image\/jpeg"}],"twitter_card":"summary_large_image","twitter_misc":{"Est. tempo de leitura":"2 minutos"},"schema":{"@context":"https:\/\/schema.org","@graph":[{"@type":"WebPage","@id":"https:\/\/edumais.org\/pt-br\/programas\/intercambio\/","url":"https:\/\/edumais.org\/pt-br\/programas\/intercambio\/","name":"Interc\u00e2mbio - EduMais","isPartOf":{"@id":"https:\/\/edumais.org\/pt-br\/#website"},"datePublished":"2020-06-07T12:59:24+00:00","dateModified":"2025-10-07T13:47:41+00:00","description":"EduMais conecta jovens das favelas do Rio a interc\u00e2mbios internacionais com bolsas de estudo e mentoria. Doe ou seja volunt\u00e1rio para abrir uma porta hoje.","breadcrumb":{"@id":"https:\/\/edumais.org\/pt-br\/programas\/intercambio\/#breadcrumb"},"inLanguage":"pt-BR","potentialAction":[{"@type":"ReadAction","target":["https:\/\/edumais.org\/pt-br\/programas\/intercambio\/"]}]},{"@type":"BreadcrumbList","@id":"https:\/\/edumais.org\/pt-br\/programas\/intercambio\/#breadcrumb","itemListElement":[{"@type":"ListItem","position":1,"name":"Home","item":"https:\/\/edumais.org\/pt-br\/"},{"@type":"ListItem","position":2,"name":"Programas","item":"https:\/\/edumais.org\/pt-br\/programas\/"},{"@type":"ListItem","position":3,"name":"Interc\u00e2mbio"}]},{"@type":"WebSite","@id":"https:\/\/edumais.org\/pt-br\/#website","url":"https:\/\/edumais.org\/pt-br\/","name":"EduMais","description":"Volunteer organization in Rio de Janeiro, Brazil, South America","publisher":{"@id":"https:\/\/edumais.org\/pt-br\/#organization"},"potentialAction":[{"@type":"SearchAction","target":{"@type":"EntryPoint","urlTemplate":"https:\/\/edumais.org\/pt-br\/?s={search_term_string}"},"query-input":{"@type":"PropertyValueSpecification","valueRequired":true,"valueName":"search_term_string"}}],"inLanguage":"pt-BR"},{"@type":"Organization","@id":"https:\/\/edumais.org\/pt-br\/#organization","name":"EduMais","url":"https:\/\/edumais.org\/pt-br\/","logo":{"@type":"ImageObject","inLanguage":"pt-BR","@id":"https:\/\/edumais.org\/pt-br\/#\/schema\/logo\/image\/","url":"https:\/\/edumais.org\/wp-content\/uploads\/2016\/01\/edumais_logo_vector-as-Smart-Object-1.png","contentUrl":"https:\/\/edumais.org\/wp-content\/uploads\/2016\/01\/edumais_logo_vector-as-Smart-Object-1.png","width":761,"height":361,"caption":"EduMais"},"image":{"@id":"https:\/\/edumais.org\/pt-br\/#\/schema\/logo\/image\/"},"sameAs":["https:\/\/www.facebook.com\/edumais.org\/","https:\/\/www.instagram.com\/edumaisrio\/?hl=en","https:\/\/www.linkedin.com\/company\/edumais.org\/","https:\/\/www.youtube.com\/channel\/UClbmo2QCD_6JH5iGGEoadag"]}]}},"campaignId":"","_links":{"self":[{"href":"https:\/\/edumais.org\/pt-br\/wp-json\/wp\/v2\/pages\/7289","targetHints":{"allow":["GET"]}}],"collection":[{"href":"https:\/\/edumais.org\/pt-br\/wp-json\/wp\/v2\/pages"}],"about":[{"href":"https:\/\/edumais.org\/pt-br\/wp-json\/wp\/v2\/types\/page"}],"author":[{"embeddable":true,"href":"https:\/\/edumais.org\/pt-br\/wp-json\/wp\/v2\/users\/5"}],"replies":[{"embeddable":true,"href":"https:\/\/edumais.org\/pt-br\/wp-json\/wp\/v2\/comments?post=7289"}],"version-history":[{"count":9,"href":"https:\/\/edumais.org\/pt-br\/wp-json\/wp\/v2\/pages\/7289\/revisions"}],"predecessor-version":[{"id":14568,"href":"https:\/\/edumais.org\/pt-br\/wp-json\/wp\/v2\/pages\/7289\/revisions\/14568"}],"up":[{"embeddable":true,"href":"https:\/\/edumais.org\/pt-br\/wp-json\/wp\/v2\/pages\/7276"}],"wp:attachment":[{"href":"https:\/\/edumais.org\/pt-br\/wp-json\/wp\/v2\/media?parent=7289"}],"curies":[{"name":"wp","href":"https:\/\/api.w.org\/{rel}","templated":true}]}}