{"id":7286,"date":"2020-06-07T10:06:52","date_gmt":"2020-06-07T13:06:52","guid":{"rendered":"https:\/\/edumais.org\/?page_id=7286"},"modified":"2025-10-07T11:08:46","modified_gmt":"2025-10-07T14:08:46","slug":"ingles","status":"publish","type":"page","link":"https:\/\/edumais.org\/pt-br\/programas\/ingles\/","title":{"rendered":"Ingl\u00eas"},"content":{"rendered":"<div class=\"wpb-content-wrapper\"><p>[vc_row full_width=&#8221;stretch_row&#8221; css=&#8221;.vc_custom_1544038202249{padding-top: 20px !important;padding-bottom: 35px !important;}&#8221;][vc_column width=&#8221;1\/2&#8243;]<div class=\"poverty-progress\">\n\t\t\t\t\t<h4>Programa de <span class=\"primary-color text-uppercase\"><b>ingl\u00eas<\/b><\/span><\/h4>\n\t\t\t\t\t<p><\/p>\n\t\t\t   <\/div>\n\t\t\t[vc_column_text]N\u00e3o h\u00e1 d\u00favidas de que, nos dias atuais, falar ingl\u00eas \u00e9 uma ferramenta indispens\u00e1vel no mundo em que vivemos. O ingl\u00eas \u00e9 a l\u00edngua oficial de 53 pa\u00edses e \u00e9 falada por, aproximadamente, 1.5 bilh\u00e3o de pessoas, seja de forma nativa ou como uma segunda l\u00edngua.<\/p>\n<p>O ingl\u00eas \u00e9, tamb\u00e9m, a l\u00edngua internacional da comunica\u00e7\u00e3o, da internet, da ci\u00eancia, da diplomacia e do turismo, bem como de livros e de universidades. Consequentemente, aprender ingl\u00eas \u00e9 uma das melhores formas de abrir portas para as nossas crian\u00e7as. \u00c9 o &#8220;passaporte&#8221; delas para o mundo e para oportunidades melhores no futuro. Acima de tudo, falar ingl\u00eas \u00e9 muito divertido.<\/p>\n<p>Como mencionado anteriormente em &#8220;<strong>nossa metodologia<\/strong>&#8220;, nosso estilo de ensino \u00e9 fortemente influenciado pelo m\u00e9todo &#8220;UER\u00ca-MELLO&#8221;. Este \u00e9 um modelo reconhecido internacionalmente e que auxilia crian\u00e7as e adolescentes em \u00e1reas de risco social. Al\u00e9m disso, inclu\u00edmos ensinamentos da disciplina positiva nas nossas aulas de ingl\u00eas. Assim, nossas aulas s\u00e3o elaboradas n\u00e3o s\u00f3 para trabalhar as habilidades lingu\u00edsticas, mas, tamb\u00e9m, para favorecer o bem estar de nossos alunos.[\/vc_column_text][\/vc_column][vc_column width=&#8221;1\/2&#8243; css=&#8221;.vc_custom_1545400369108{padding-top: 15px !important;}&#8221;][vc_single_image image=&#8221;13757&#8243; img_size=&#8221;600&#215;500&#8243; alignment=&#8221;center&#8221; css=&#8221;&#8221;][\/vc_column][\/vc_row][vc_row full_width=&#8221;stretch_row&#8221; content_placement=&#8221;middle&#8221; css=&#8221;.vc_custom_1545418716394{padding-top: 25px !important;padding-bottom: 35px !important;background-color: #f8f8f8 !important;}&#8221;][vc_column width=&#8221;1\/2&#8243; css=&#8221;.vc_custom_1540039286346{padding-top: 20px !important;}&#8221;][vc_single_image image=&#8221;13929&#8243; img_size=&#8221;600&#215;520&#8243; alignment=&#8221;center&#8221; css=&#8221;&#8221;][\/vc_column][vc_column width=&#8221;1\/2&#8243;]<div class=\"poverty-progress\">\n\t\t\t\t\t<h4>Conte\u00fado de aula consciente da <span class=\"primary-color text-uppercase\"><b>experi\u00eancia do trauma<\/b><\/span><\/h4>\n\t\t\t\t\t<p><\/p>\n\t\t\t   <\/div>\n\t\t\t[vc_column_text]Traumatizadas pela viol\u00eancia, crian\u00e7as que crescem em \u00e1reas de alto risco social podem apresentar dificuldade de aprendizado e bloqueios cognitivos. Elas, por exemplo, t\u00eam dificuldade em fazer associa\u00e7\u00f5es, esquecem facilmente as coisas e seu racioc\u00ednio cognitivo \u00e9 devagar e, muitas vezes, prejudicado.<\/p>\n<p>Levamos tudo isso em considera\u00e7\u00e3o quando planejamos as nossas aulas de ingl\u00eas. Para melhor atender as necessidades dos nossos alunos, as nossas aulas s\u00e3o din\u00e2micas, divertidas, criativas e estimulantes. Nossas aulas, tamb\u00e9m, s\u00e3o interativas e envolvem muitos trabalhos em duplas ou em grupos com os professores e os seus auxiliares.<\/p>\n<p>A aulas t\u00eam como foco principal o aspecto oral da l\u00edngua. Ao basear-nos na metodologia &#8220;UER\u00ca-MELLO&#8221;, nossos alunos n\u00e3o precisam copiar o conte\u00fado do quadro. Em vez disso, o nosso foco \u00e9 no ingl\u00eas oral. Para ajudar os nossos alunos a constru\u00edrem um senso de seguran\u00e7a e de confian\u00e7a em si mesmo, n\u00f3s retomamos e repetimos os t\u00f3picos ao longo do ano. Isso, ao mesmo tempo em que trabalha diversos aspectos de suas mem\u00f3rias, impede de deix\u00e1-los desanimados. A confian\u00e7a aumenta o entusiasmo e ajuda os nossos alunos a formar vis\u00f5es positivas do futuro.[\/vc_column_text][\/vc_column][\/vc_row][vc_row full_width=&#8221;stretch_row&#8221; content_placement=&#8221;middle&#8221; css=&#8221;.vc_custom_1545418736343{padding-top: 25px !important;padding-bottom: 35px !important;background-color: #ffffff !important;}&#8221;][vc_column width=&#8221;1\/2&#8243;]<div class=\"poverty-progress\">\n\t\t\t\t\t<h4>Dentro da <span class=\"primary-color text-uppercase\"><b>SALA DE AULA<\/b><\/span><\/h4>\n\t\t\t\t\t<p><\/p>\n\t\t\t   <\/div>\n\t\t\t[vc_column_text]A combina\u00e7\u00e3o da metodologia &#8220;UER\u00ca-MELLO&#8221; e da &#8220;Disciplina Positiva&#8221;, tamb\u00e9m, tem as seguintes aplica\u00e7\u00f5es pr\u00e1ticas na sala de aula do Edumais:<\/p>\n<ul>\n<li>Primeiramente, nossa sala de aula \u00e9 um lugar divertido e positivo, onde os nossos alunos curtem aprendem, sem se sentirem ansiosos. Isso \u00e9 especialmente importante para alunos com baixa autoestima, que acreditam que s\u00e3o incapazes de aprender. Com o devido apoio e encorajamento, eles podem, finalmente, adquirir a autoestima necess\u00e1ria para perceber o seu potencial e as suas capacidades.<\/li>\n<\/ul>\n<p>&nbsp;<\/p>\n<ul>\n<li>Quando alunos entram na sala de aula, n\u00f3s os acolhemos de forma calorosa e perguntamos como eles est\u00e3o se sentindo. Se eles se sentem mal ou travados, a oportunidade de poder expressar-se de modo livre, os ajuda a liberar as emo\u00e7\u00f5es. Eles, assim, ficam mais calmos e mais bem preparados para aprender.<\/li>\n<\/ul>\n<p>&nbsp;<\/p>\n<ul>\n<li>Os alunos sentam-se em uma roda no formato de ferradura, o que permite criar um senso de abertura. N\u00e3o h\u00e1 nenhuma mesa do professor na nossa sala de aula. Em vez de construir uma &#8220;barreira&#8221; entre o professor e os alunos, isso garante um espa\u00e7o mais democr\u00e1tico.<\/li>\n<\/ul>\n<p>&nbsp;<\/p>\n<ul>\n<li>Por fim, com a Disciplina Positiva, os nossos professores n\u00e3o se estressam ou gritam. Eles respeitam os pr\u00f3prios limites, ao mesmo tempo em que estimulam os alunos a respeitar os limites deles tamb\u00e9m. Isso \u00e9 fundamental para que os alunos possam aprender sobre eles mesmos.<\/li>\n<\/ul>\n<p>[\/vc_column_text][\/vc_column][vc_column width=&#8221;1\/2&#8243; css=&#8221;.vc_custom_1540039286346{padding-top: 20px !important;}&#8221;][vc_single_image image=&#8221;13954&#8243; img_size=&#8221;600&#215;590&#8243; alignment=&#8221;center&#8221; css=&#8221;&#8221;][\/vc_column][\/vc_row][vc_row full_width=&#8221;stretch_row&#8221; content_placement=&#8221;middle&#8221; css=&#8221;.vc_custom_1545416918409{padding-top: 25px !important;padding-bottom: 35px !important;background-color: #f8f8f8 !important;}&#8221;][vc_column width=&#8221;1\/2&#8243;][vc_single_image image=&#8221;13938&#8243; img_size=&#8221;600&#215;540&#8243; alignment=&#8221;center&#8221; css=&#8221;.vc_custom_1759846124032{padding-top: 15px !important;}&#8221;][\/vc_column][vc_column width=&#8221;1\/2&#8243; css=&#8221;.vc_custom_1545417700455{padding-top: 0px !important;}&#8221;]<div class=\"poverty-progress\">\n\t\t\t\t\t<h4>Aulas de ingl\u00eas na parte <span class=\"primary-color text-uppercase\"><b>DA TARDE<\/b><\/span><\/h4>\n\t\t\t\t\t<p><\/p>\n\t\t\t   <\/div>\n\t\t\t[vc_column_text css=&#8221;&#8221;]Uma vez por semana, a EduMais oferece aulas de ingl\u00eas aos alunos do Solar Meninos de Luz como parte do curr\u00edculo escolar.<\/p>\n<p>Nossos volunt\u00e1rios motivados ensinam do 1\u00ba ao 9\u00ba ano do ensino fundamental e do 1\u00ba ao 2\u00ba ano do ensino m\u00e9dio. Com idades entre 6 e 18 anos, esses alunos somam cerca de 300 no total.<\/p>\n<p>Nas primeiras aulas do ano, os pr\u00f3prios alunos criam as regras de conduta da sala de aula. Eles estabelecem as expectativas para si mesmos, e n\u00f3s os responsabilizamos ao longo do ano.<\/p>\n<p>Ajustamos constantemente o programa com base no desenvolvimento lingu\u00edstico e de aprendizagem dos alunos. Quando eles j\u00e1 possuem uma base s\u00f3lida, come\u00e7amos a desafi\u00e1-los mais, incentivando-os a alcan\u00e7ar novos patamares.<\/p>\n<p>Tamb\u00e9m monitoramos o comportamento dos alunos, registrando seu aprendizado social e emocional em cada aula. O bom comportamento, especialmente, recebe refor\u00e7o positivo para garantir sua repeti\u00e7\u00e3o. De fato, em pouco tempo, a conduta dos alunos melhorou drasticamente \u2014 assim como o ingl\u00eas deles, \u00e9 claro![\/vc_column_text][\/vc_column][\/vc_row][vc_row top_padding=&#8221;75px&#8221;][vc_column][vc_column_text]<\/p>\n<h3 style=\"text-align: center;\"><b>Voc\u00ea tamb\u00e9m gostaria de ensinar ingl\u00eas nas favelas do Rio de Janeiro?\u00a0<\/b><\/h3>\n<p style=\"text-align: center;\">Voluntarie de gra\u00e7a, como professor(a) de Ingl\u00eas, conosco!<\/p>\n<p style=\"text-align: center;\"><a class=\"btn\" href=\"https:\/\/edumais.org\/pt-br\/?page_id=7324\">Voluntarie conosco!<\/a><\/p>\n<p>[\/vc_column_text][\/vc_column][\/vc_row][vc_row][vc_column][vc_separator color=&#8221;black&#8221; style=&#8221;shadow&#8221; css=&#8221;.vc_custom_1550335840327{padding-top: 100px !important;}&#8221;][\/vc_column][\/vc_row]<\/p>\n<\/div>","protected":false},"excerpt":{"rendered":"<p>[vc_row full_width=&#8221;stretch_row&#8221; css=&#8221;.vc_custom_1544038202249{padding-top: 20px !important;padding-bottom: 35px !important;}&#8221;][vc_column width=&#8221;1\/2&#8243;][vc_column_text]N\u00e3o h\u00e1 d\u00favidas de que, nos dias atuais, falar ingl\u00eas [&hellip;]<\/p>\n","protected":false},"author":5,"featured_media":0,"parent":7276,"menu_order":0,"comment_status":"closed","ping_status":"closed","template":"","meta":{"give_campaign_id":0,"footnotes":""},"class_list":["post-7286","page","type-page","status-publish","hentry"],"yoast_head":"<!-- This site is optimized with the Yoast SEO plugin v27.3 - https:\/\/yoast.com\/product\/yoast-seo-wordpress\/ -->\n<title>Ingl\u00eas - EduMais<\/title>\n<meta name=\"robots\" content=\"index, follow, max-snippet:-1, max-image-preview:large, max-video-preview:-1\" \/>\n<link rel=\"canonical\" href=\"https:\/\/edumais.org\/pt-br\/programas\/ingles\/\" \/>\n<meta property=\"og:locale\" content=\"pt_BR\" \/>\n<meta property=\"og:type\" content=\"article\" \/>\n<meta property=\"og:title\" content=\"Ingl\u00eas - EduMais\" \/>\n<meta property=\"og:description\" content=\"[vc_row full_width=&#8221;stretch_row&#8221; css=&#8221;.vc_custom_1544038202249{padding-top: 20px !important;padding-bottom: 35px !important;}&#8221;][vc_column width=&#8221;1\/2&#8243;][vc_column_text]N\u00e3o h\u00e1 d\u00favidas de que, nos dias atuais, falar ingl\u00eas [&hellip;]\" \/>\n<meta property=\"og:url\" content=\"https:\/\/edumais.org\/pt-br\/programas\/ingles\/\" \/>\n<meta property=\"og:site_name\" content=\"EduMais\" \/>\n<meta property=\"article:publisher\" content=\"https:\/\/www.facebook.com\/edumais.org\/\" \/>\n<meta property=\"article:modified_time\" content=\"2025-10-07T14:08:46+00:00\" \/>\n<meta property=\"og:image\" content=\"https:\/\/edumais.org\/wp-content\/uploads\/2017\/11\/Home-Banner1-e1588113485474.jpg\" \/>\n\t<meta property=\"og:image:width\" content=\"468\" \/>\n\t<meta property=\"og:image:height\" content=\"167\" \/>\n\t<meta property=\"og:image:type\" content=\"image\/jpeg\" \/>\n<meta name=\"twitter:card\" content=\"summary_large_image\" \/>\n<meta name=\"twitter:label1\" content=\"Est. tempo de leitura\" \/>\n\t<meta name=\"twitter:data1\" content=\"5 minutos\" \/>\n<script type=\"application\/ld+json\" class=\"yoast-schema-graph\">{\"@context\":\"https:\\\/\\\/schema.org\",\"@graph\":[{\"@type\":\"WebPage\",\"@id\":\"https:\\\/\\\/edumais.org\\\/pt-br\\\/programas\\\/ingles\\\/\",\"url\":\"https:\\\/\\\/edumais.org\\\/pt-br\\\/programas\\\/ingles\\\/\",\"name\":\"Ingl\u00eas - EduMais\",\"isPartOf\":{\"@id\":\"https:\\\/\\\/edumais.org\\\/pt-br\\\/#website\"},\"datePublished\":\"2020-06-07T13:06:52+00:00\",\"dateModified\":\"2025-10-07T14:08:46+00:00\",\"breadcrumb\":{\"@id\":\"https:\\\/\\\/edumais.org\\\/pt-br\\\/programas\\\/ingles\\\/#breadcrumb\"},\"inLanguage\":\"pt-BR\",\"potentialAction\":[{\"@type\":\"ReadAction\",\"target\":[\"https:\\\/\\\/edumais.org\\\/pt-br\\\/programas\\\/ingles\\\/\"]}]},{\"@type\":\"BreadcrumbList\",\"@id\":\"https:\\\/\\\/edumais.org\\\/pt-br\\\/programas\\\/ingles\\\/#breadcrumb\",\"itemListElement\":[{\"@type\":\"ListItem\",\"position\":1,\"name\":\"Home\",\"item\":\"https:\\\/\\\/edumais.org\\\/pt-br\\\/\"},{\"@type\":\"ListItem\",\"position\":2,\"name\":\"Programas\",\"item\":\"https:\\\/\\\/edumais.org\\\/pt-br\\\/programas\\\/\"},{\"@type\":\"ListItem\",\"position\":3,\"name\":\"Ingl\u00eas\"}]},{\"@type\":\"WebSite\",\"@id\":\"https:\\\/\\\/edumais.org\\\/pt-br\\\/#website\",\"url\":\"https:\\\/\\\/edumais.org\\\/pt-br\\\/\",\"name\":\"EduMais\",\"description\":\"Volunteer organization in Rio de Janeiro, Brazil, South America\",\"publisher\":{\"@id\":\"https:\\\/\\\/edumais.org\\\/pt-br\\\/#organization\"},\"potentialAction\":[{\"@type\":\"SearchAction\",\"target\":{\"@type\":\"EntryPoint\",\"urlTemplate\":\"https:\\\/\\\/edumais.org\\\/pt-br\\\/?s={search_term_string}\"},\"query-input\":{\"@type\":\"PropertyValueSpecification\",\"valueRequired\":true,\"valueName\":\"search_term_string\"}}],\"inLanguage\":\"pt-BR\"},{\"@type\":\"Organization\",\"@id\":\"https:\\\/\\\/edumais.org\\\/pt-br\\\/#organization\",\"name\":\"EduMais\",\"url\":\"https:\\\/\\\/edumais.org\\\/pt-br\\\/\",\"logo\":{\"@type\":\"ImageObject\",\"inLanguage\":\"pt-BR\",\"@id\":\"https:\\\/\\\/edumais.org\\\/pt-br\\\/#\\\/schema\\\/logo\\\/image\\\/\",\"url\":\"https:\\\/\\\/edumais.org\\\/wp-content\\\/uploads\\\/2016\\\/01\\\/edumais_logo_vector-as-Smart-Object-1.png\",\"contentUrl\":\"https:\\\/\\\/edumais.org\\\/wp-content\\\/uploads\\\/2016\\\/01\\\/edumais_logo_vector-as-Smart-Object-1.png\",\"width\":761,\"height\":361,\"caption\":\"EduMais\"},\"image\":{\"@id\":\"https:\\\/\\\/edumais.org\\\/pt-br\\\/#\\\/schema\\\/logo\\\/image\\\/\"},\"sameAs\":[\"https:\\\/\\\/www.facebook.com\\\/edumais.org\\\/\",\"https:\\\/\\\/www.instagram.com\\\/edumaisrio\\\/?hl=en\",\"https:\\\/\\\/www.linkedin.com\\\/company\\\/edumais.org\\\/\",\"https:\\\/\\\/www.youtube.com\\\/channel\\\/UClbmo2QCD_6JH5iGGEoadag\"]}]}<\/script>\n<!-- \/ Yoast SEO plugin. -->","yoast_head_json":{"title":"Ingl\u00eas - EduMais","robots":{"index":"index","follow":"follow","max-snippet":"max-snippet:-1","max-image-preview":"max-image-preview:large","max-video-preview":"max-video-preview:-1"},"canonical":"https:\/\/edumais.org\/pt-br\/programas\/ingles\/","og_locale":"pt_BR","og_type":"article","og_title":"Ingl\u00eas - EduMais","og_description":"[vc_row full_width=&#8221;stretch_row&#8221; css=&#8221;.vc_custom_1544038202249{padding-top: 20px !important;padding-bottom: 35px !important;}&#8221;][vc_column width=&#8221;1\/2&#8243;][vc_column_text]N\u00e3o h\u00e1 d\u00favidas de que, nos dias atuais, falar ingl\u00eas [&hellip;]","og_url":"https:\/\/edumais.org\/pt-br\/programas\/ingles\/","og_site_name":"EduMais","article_publisher":"https:\/\/www.facebook.com\/edumais.org\/","article_modified_time":"2025-10-07T14:08:46+00:00","og_image":[{"width":468,"height":167,"url":"https:\/\/edumais.org\/wp-content\/uploads\/2017\/11\/Home-Banner1-e1588113485474.jpg","type":"image\/jpeg"}],"twitter_card":"summary_large_image","twitter_misc":{"Est. tempo de leitura":"5 minutos"},"schema":{"@context":"https:\/\/schema.org","@graph":[{"@type":"WebPage","@id":"https:\/\/edumais.org\/pt-br\/programas\/ingles\/","url":"https:\/\/edumais.org\/pt-br\/programas\/ingles\/","name":"Ingl\u00eas - EduMais","isPartOf":{"@id":"https:\/\/edumais.org\/pt-br\/#website"},"datePublished":"2020-06-07T13:06:52+00:00","dateModified":"2025-10-07T14:08:46+00:00","breadcrumb":{"@id":"https:\/\/edumais.org\/pt-br\/programas\/ingles\/#breadcrumb"},"inLanguage":"pt-BR","potentialAction":[{"@type":"ReadAction","target":["https:\/\/edumais.org\/pt-br\/programas\/ingles\/"]}]},{"@type":"BreadcrumbList","@id":"https:\/\/edumais.org\/pt-br\/programas\/ingles\/#breadcrumb","itemListElement":[{"@type":"ListItem","position":1,"name":"Home","item":"https:\/\/edumais.org\/pt-br\/"},{"@type":"ListItem","position":2,"name":"Programas","item":"https:\/\/edumais.org\/pt-br\/programas\/"},{"@type":"ListItem","position":3,"name":"Ingl\u00eas"}]},{"@type":"WebSite","@id":"https:\/\/edumais.org\/pt-br\/#website","url":"https:\/\/edumais.org\/pt-br\/","name":"EduMais","description":"Volunteer organization in Rio de Janeiro, Brazil, South America","publisher":{"@id":"https:\/\/edumais.org\/pt-br\/#organization"},"potentialAction":[{"@type":"SearchAction","target":{"@type":"EntryPoint","urlTemplate":"https:\/\/edumais.org\/pt-br\/?s={search_term_string}"},"query-input":{"@type":"PropertyValueSpecification","valueRequired":true,"valueName":"search_term_string"}}],"inLanguage":"pt-BR"},{"@type":"Organization","@id":"https:\/\/edumais.org\/pt-br\/#organization","name":"EduMais","url":"https:\/\/edumais.org\/pt-br\/","logo":{"@type":"ImageObject","inLanguage":"pt-BR","@id":"https:\/\/edumais.org\/pt-br\/#\/schema\/logo\/image\/","url":"https:\/\/edumais.org\/wp-content\/uploads\/2016\/01\/edumais_logo_vector-as-Smart-Object-1.png","contentUrl":"https:\/\/edumais.org\/wp-content\/uploads\/2016\/01\/edumais_logo_vector-as-Smart-Object-1.png","width":761,"height":361,"caption":"EduMais"},"image":{"@id":"https:\/\/edumais.org\/pt-br\/#\/schema\/logo\/image\/"},"sameAs":["https:\/\/www.facebook.com\/edumais.org\/","https:\/\/www.instagram.com\/edumaisrio\/?hl=en","https:\/\/www.linkedin.com\/company\/edumais.org\/","https:\/\/www.youtube.com\/channel\/UClbmo2QCD_6JH5iGGEoadag"]}]}},"campaignId":"","_links":{"self":[{"href":"https:\/\/edumais.org\/pt-br\/wp-json\/wp\/v2\/pages\/7286","targetHints":{"allow":["GET"]}}],"collection":[{"href":"https:\/\/edumais.org\/pt-br\/wp-json\/wp\/v2\/pages"}],"about":[{"href":"https:\/\/edumais.org\/pt-br\/wp-json\/wp\/v2\/types\/page"}],"author":[{"embeddable":true,"href":"https:\/\/edumais.org\/pt-br\/wp-json\/wp\/v2\/users\/5"}],"replies":[{"embeddable":true,"href":"https:\/\/edumais.org\/pt-br\/wp-json\/wp\/v2\/comments?post=7286"}],"version-history":[{"count":7,"href":"https:\/\/edumais.org\/pt-br\/wp-json\/wp\/v2\/pages\/7286\/revisions"}],"predecessor-version":[{"id":14761,"href":"https:\/\/edumais.org\/pt-br\/wp-json\/wp\/v2\/pages\/7286\/revisions\/14761"}],"up":[{"embeddable":true,"href":"https:\/\/edumais.org\/pt-br\/wp-json\/wp\/v2\/pages\/7276"}],"wp:attachment":[{"href":"https:\/\/edumais.org\/pt-br\/wp-json\/wp\/v2\/media?parent=7286"}],"curies":[{"name":"wp","href":"https:\/\/api.w.org\/{rel}","templated":true}]}}