{"id":7283,"date":"2020-06-07T10:03:50","date_gmt":"2020-06-07T13:03:50","guid":{"rendered":"https:\/\/edumais.org\/?page_id=7283"},"modified":"2020-06-07T10:03:50","modified_gmt":"2020-06-07T13:03:50","slug":"ingles-extracurricular","status":"publish","type":"page","link":"https:\/\/edumais.org\/pt-br\/programas\/ingles-extracurricular\/","title":{"rendered":"Ingl\u00eas extracurricular"},"content":{"rendered":"<div class=\"wpb-content-wrapper\"><p>[vc_row css=&#8221;.vc_custom_1544038311682{padding-top: 20px !important;padding-bottom: 35px !important;}&#8221;][vc_column width=&#8221;1\/2&#8243;]<div class=\"poverty-progress\">\n\t\t\t\t\t<h4>Ingl\u00eas como atividade <span class=\"primary-color text-uppercase\"><b>extracurricular<\/b><\/span><\/h4>\n\t\t\t\t\t<p><\/p>\n\t\t\t   <\/div>\n\t\t\t[vc_column_text]Conscientes de que os pais das crian\u00e7as n\u00e3o teriam condi\u00e7\u00f5es de pagar um curso externo, alguns alunos externos solicitaram algumas aulas extras de ingl\u00eas. N\u00f3s simplesmente n\u00e3o conseguimos falar n\u00e3o!<\/p>\n<p>Nossas aulas de ingl\u00eas extracurricular para alunos do Solar ocorrem 2 vezes por semanas, das 18h at\u00e9 \u00e0s 19 horas. O comprometimento desses alunos n\u00e3o deve ser subestimado. Eles passam cerca de 10 horas, por dia, na escola.<\/p>\n<p>Como as aulas acontecem no final do dia, fazemos quest\u00e3o de garantir que elas sejam, ao mesmo tempo, divertidas e educativas. Por exemplo, n\u00f3s inclu\u00edmos muitos jogos interativos, encena\u00e7\u00f5es, m\u00fasicas e, at\u00e9 mesmo, rap. Tamb\u00e9m encorajamos os nossos alunos a continuarem aprendendo fora da sala de aula com cadernos de vocabul\u00e1rio e com o aplicativo de celular Duolingo.<\/p>\n<p>O mais importante de tudo \u00e9 que esses alunos dedicados est\u00e3o observando um progresso incr\u00edvel no seu n\u00edvel de ingl\u00eas. Isso n\u00e3o \u00e9 nada menos do que o esfor\u00e7o incr\u00edvel deles mere\u00e7a![\/vc_column_text][\/vc_column][vc_column width=&#8221;1\/2&#8243;][vc_single_image image=&#8221;1939&#8243; img_size=&#8221;600&#215;480&#8243; alignment=&#8221;center&#8221; css=&#8221;.vc_custom_1549289985883{padding-top: 15px !important;}&#8221;][\/vc_column][\/vc_row][vc_row full_width=&#8221;stretch_row&#8221; css=&#8221;.vc_custom_1549290075443{padding-top: 25px !important;padding-bottom: 0px !important;background-color: #f8f8f8 !important;}&#8221;][vc_column width=&#8221;1\/2&#8243; css=&#8221;.vc_custom_1544038585828{padding-top: 25px !important;padding-bottom: 35px !important;}&#8221;][vc_single_image image=&#8221;6774&#8243; img_size=&#8221;600 x 595&#8243; css=&#8221;.vc_custom_1583801030961{padding-top: 15px !important;}&#8221;][\/vc_column][vc_column width=&#8221;1\/2&#8243; css=&#8221;.vc_custom_1544038597613{padding-top: 20px !important;padding-bottom: 35px !important;}&#8221;]<div class=\"poverty-progress\">\n\t\t\t\t\t<h4>Ingl\u00eas na <span class=\"primary-color text-uppercase\"><b>comunidade<\/b><\/span><\/h4>\n\t\t\t\t\t<p><\/p>\n\t\t\t   <\/div>\n\t\t\t[vc_column_text]Temos o desejo de atender a maior quantidade poss\u00edvel de pessoas jovens nas comunidades de Pav\u00e3o-Pav\u00e3ozinho e Cantagalo. Assim, oferecemos oportunidades extracurriculares adicionais para crian\u00e7as e adolescentes de outras escolas p\u00fablicas, por meio do nosso programa de ingl\u00eas na comunidade.As aulas ocorrem 2 vezes por semana, t\u00eam uma dura\u00e7\u00e3o m\u00e1xima de 2 horas e contam com, no m\u00e1ximo, 15 alunos.<\/p>\n<p>Para fornecer um maior suporte lingu\u00edstico, as nossas aulas t\u00eam como foco a parte da fala, da escuta e da escrita. Assim como nas nossas outras atividades extracurriculares, nas aulas de ingl\u00eas, criamos classes que incluem uma grande variedade de atividades l\u00fadicas e interativas. Al\u00e9m disso, \u00e0s vezes, levamos os nossos alunos em algumas visitas locais, para que eles possam ter outro contexto que estimule o aprendizado da l\u00edngua. Essas visitas incluem locais como o Museu de Arte Moderna e o Jardim Bot\u00e2nico. Todo mundo sempre se diverte muito!<\/p>\n<p>Nossas alunos das aulas de ingl\u00eas na comunidade s\u00e3o t\u00e3o determinados quanto os outros alunos das demais aulas. Estamos, igualmente, orgulhosos de seu desenvolvimento. De fato, quando uma pessoa, com ampla experi\u00eancia em trabalho volunt\u00e1rio internacional, assistiu a uma das aulas de ingl\u00eas na comunidade, ele comentou que o n\u00edvel de ingl\u00eas desses alunos era o mais alto que ele j\u00e1 tinha visto em uma aula de volunt\u00e1rios no Rio de Janeiro.[\/vc_column_text][\/vc_column][\/vc_row][vc_row top_padding=&#8221;75px&#8221; css=&#8221;.vc_custom_1549290085614{padding-top: 35px !important;}&#8221;][vc_column][vc_column_text]<\/p>\n<h3 style=\"text-align: center;\"><b>Voc\u00ea tamb\u00e9m gostaria de ensinar ingl\u00eas nas favelas do Rio de Janeiro?<\/b><\/h3>\n<p style=\"text-align: center;\">Ent\u00e3o, voluntarie de gra\u00e7a, como um professor de ingl\u00eas, conosco!<\/p>\n<p style=\"text-align: center;\"><a class=\"btn\" href=\"https:\/\/edumais.org\/volunteer-application-form\/\">Voluntarie conosco!<\/a><\/p>\n<p>[\/vc_column_text][\/vc_column][\/vc_row][vc_row][vc_column][vc_separator color=&#8221;black&#8221; style=&#8221;shadow&#8221; css=&#8221;.vc_custom_1550335888843{padding-top: 100px !important;}&#8221;][\/vc_column][\/vc_row]<\/p>\n<\/div>","protected":false},"excerpt":{"rendered":"<p>[vc_row css=&#8221;.vc_custom_1544038311682{padding-top: 20px !important;padding-bottom: 35px !important;}&#8221;][vc_column width=&#8221;1\/2&#8243;][vc_column_text]Conscientes de que os pais das crian\u00e7as n\u00e3o teriam condi\u00e7\u00f5es de [&hellip;]<\/p>\n","protected":false},"author":5,"featured_media":0,"parent":7276,"menu_order":0,"comment_status":"closed","ping_status":"closed","template":"","meta":{"give_campaign_id":0,"footnotes":""},"class_list":["post-7283","page","type-page","status-publish","hentry"],"yoast_head":"<!-- This site is optimized with the Yoast SEO plugin v27.3 - https:\/\/yoast.com\/product\/yoast-seo-wordpress\/ -->\n<title>Ingl\u00eas extracurricular - EduMais<\/title>\n<meta name=\"robots\" content=\"index, follow, max-snippet:-1, max-image-preview:large, max-video-preview:-1\" \/>\n<link rel=\"canonical\" href=\"https:\/\/edumais.org\/pt-br\/programas\/ingles-extracurricular\/\" \/>\n<meta property=\"og:locale\" content=\"pt_BR\" \/>\n<meta property=\"og:type\" content=\"article\" \/>\n<meta property=\"og:title\" content=\"Ingl\u00eas extracurricular - EduMais\" \/>\n<meta property=\"og:description\" content=\"[vc_row css=&#8221;.vc_custom_1544038311682{padding-top: 20px !important;padding-bottom: 35px !important;}&#8221;][vc_column width=&#8221;1\/2&#8243;][vc_column_text]Conscientes de que os pais das crian\u00e7as n\u00e3o teriam condi\u00e7\u00f5es de [&hellip;]\" \/>\n<meta property=\"og:url\" content=\"https:\/\/edumais.org\/pt-br\/programas\/ingles-extracurricular\/\" \/>\n<meta property=\"og:site_name\" content=\"EduMais\" \/>\n<meta property=\"article:publisher\" content=\"https:\/\/www.facebook.com\/edumais.org\/\" \/>\n<meta property=\"og:image\" content=\"https:\/\/edumais.org\/wp-content\/uploads\/2017\/11\/Home-Banner1-e1588113485474.jpg\" \/>\n\t<meta property=\"og:image:width\" content=\"468\" \/>\n\t<meta property=\"og:image:height\" content=\"167\" \/>\n\t<meta property=\"og:image:type\" content=\"image\/jpeg\" \/>\n<meta name=\"twitter:card\" content=\"summary_large_image\" \/>\n<meta name=\"twitter:label1\" content=\"Est. tempo de leitura\" \/>\n\t<meta name=\"twitter:data1\" content=\"3 minutos\" \/>\n<script type=\"application\/ld+json\" class=\"yoast-schema-graph\">{\"@context\":\"https:\\\/\\\/schema.org\",\"@graph\":[{\"@type\":\"WebPage\",\"@id\":\"https:\\\/\\\/edumais.org\\\/pt-br\\\/programas\\\/ingles-extracurricular\\\/\",\"url\":\"https:\\\/\\\/edumais.org\\\/pt-br\\\/programas\\\/ingles-extracurricular\\\/\",\"name\":\"Ingl\u00eas extracurricular - EduMais\",\"isPartOf\":{\"@id\":\"https:\\\/\\\/edumais.org\\\/pt-br\\\/#website\"},\"datePublished\":\"2020-06-07T13:03:50+00:00\",\"breadcrumb\":{\"@id\":\"https:\\\/\\\/edumais.org\\\/pt-br\\\/programas\\\/ingles-extracurricular\\\/#breadcrumb\"},\"inLanguage\":\"pt-BR\",\"potentialAction\":[{\"@type\":\"ReadAction\",\"target\":[\"https:\\\/\\\/edumais.org\\\/pt-br\\\/programas\\\/ingles-extracurricular\\\/\"]}]},{\"@type\":\"BreadcrumbList\",\"@id\":\"https:\\\/\\\/edumais.org\\\/pt-br\\\/programas\\\/ingles-extracurricular\\\/#breadcrumb\",\"itemListElement\":[{\"@type\":\"ListItem\",\"position\":1,\"name\":\"Home\",\"item\":\"https:\\\/\\\/edumais.org\\\/pt-br\\\/\"},{\"@type\":\"ListItem\",\"position\":2,\"name\":\"Programas\",\"item\":\"https:\\\/\\\/edumais.org\\\/pt-br\\\/programas\\\/\"},{\"@type\":\"ListItem\",\"position\":3,\"name\":\"Ingl\u00eas extracurricular\"}]},{\"@type\":\"WebSite\",\"@id\":\"https:\\\/\\\/edumais.org\\\/pt-br\\\/#website\",\"url\":\"https:\\\/\\\/edumais.org\\\/pt-br\\\/\",\"name\":\"EduMais\",\"description\":\"Volunteer organization in Rio de Janeiro, Brazil, South America\",\"publisher\":{\"@id\":\"https:\\\/\\\/edumais.org\\\/pt-br\\\/#organization\"},\"potentialAction\":[{\"@type\":\"SearchAction\",\"target\":{\"@type\":\"EntryPoint\",\"urlTemplate\":\"https:\\\/\\\/edumais.org\\\/pt-br\\\/?s={search_term_string}\"},\"query-input\":{\"@type\":\"PropertyValueSpecification\",\"valueRequired\":true,\"valueName\":\"search_term_string\"}}],\"inLanguage\":\"pt-BR\"},{\"@type\":\"Organization\",\"@id\":\"https:\\\/\\\/edumais.org\\\/pt-br\\\/#organization\",\"name\":\"EduMais\",\"url\":\"https:\\\/\\\/edumais.org\\\/pt-br\\\/\",\"logo\":{\"@type\":\"ImageObject\",\"inLanguage\":\"pt-BR\",\"@id\":\"https:\\\/\\\/edumais.org\\\/pt-br\\\/#\\\/schema\\\/logo\\\/image\\\/\",\"url\":\"https:\\\/\\\/edumais.org\\\/wp-content\\\/uploads\\\/2016\\\/01\\\/edumais_logo_vector-as-Smart-Object-1.png\",\"contentUrl\":\"https:\\\/\\\/edumais.org\\\/wp-content\\\/uploads\\\/2016\\\/01\\\/edumais_logo_vector-as-Smart-Object-1.png\",\"width\":761,\"height\":361,\"caption\":\"EduMais\"},\"image\":{\"@id\":\"https:\\\/\\\/edumais.org\\\/pt-br\\\/#\\\/schema\\\/logo\\\/image\\\/\"},\"sameAs\":[\"https:\\\/\\\/www.facebook.com\\\/edumais.org\\\/\",\"https:\\\/\\\/www.instagram.com\\\/edumaisrio\\\/?hl=en\",\"https:\\\/\\\/www.linkedin.com\\\/company\\\/edumais.org\\\/\",\"https:\\\/\\\/www.youtube.com\\\/channel\\\/UClbmo2QCD_6JH5iGGEoadag\"]}]}<\/script>\n<!-- \/ Yoast SEO plugin. -->","yoast_head_json":{"title":"Ingl\u00eas extracurricular - EduMais","robots":{"index":"index","follow":"follow","max-snippet":"max-snippet:-1","max-image-preview":"max-image-preview:large","max-video-preview":"max-video-preview:-1"},"canonical":"https:\/\/edumais.org\/pt-br\/programas\/ingles-extracurricular\/","og_locale":"pt_BR","og_type":"article","og_title":"Ingl\u00eas extracurricular - EduMais","og_description":"[vc_row css=&#8221;.vc_custom_1544038311682{padding-top: 20px !important;padding-bottom: 35px !important;}&#8221;][vc_column width=&#8221;1\/2&#8243;][vc_column_text]Conscientes de que os pais das crian\u00e7as n\u00e3o teriam condi\u00e7\u00f5es de [&hellip;]","og_url":"https:\/\/edumais.org\/pt-br\/programas\/ingles-extracurricular\/","og_site_name":"EduMais","article_publisher":"https:\/\/www.facebook.com\/edumais.org\/","og_image":[{"width":468,"height":167,"url":"https:\/\/edumais.org\/wp-content\/uploads\/2017\/11\/Home-Banner1-e1588113485474.jpg","type":"image\/jpeg"}],"twitter_card":"summary_large_image","twitter_misc":{"Est. tempo de leitura":"3 minutos"},"schema":{"@context":"https:\/\/schema.org","@graph":[{"@type":"WebPage","@id":"https:\/\/edumais.org\/pt-br\/programas\/ingles-extracurricular\/","url":"https:\/\/edumais.org\/pt-br\/programas\/ingles-extracurricular\/","name":"Ingl\u00eas extracurricular - EduMais","isPartOf":{"@id":"https:\/\/edumais.org\/pt-br\/#website"},"datePublished":"2020-06-07T13:03:50+00:00","breadcrumb":{"@id":"https:\/\/edumais.org\/pt-br\/programas\/ingles-extracurricular\/#breadcrumb"},"inLanguage":"pt-BR","potentialAction":[{"@type":"ReadAction","target":["https:\/\/edumais.org\/pt-br\/programas\/ingles-extracurricular\/"]}]},{"@type":"BreadcrumbList","@id":"https:\/\/edumais.org\/pt-br\/programas\/ingles-extracurricular\/#breadcrumb","itemListElement":[{"@type":"ListItem","position":1,"name":"Home","item":"https:\/\/edumais.org\/pt-br\/"},{"@type":"ListItem","position":2,"name":"Programas","item":"https:\/\/edumais.org\/pt-br\/programas\/"},{"@type":"ListItem","position":3,"name":"Ingl\u00eas extracurricular"}]},{"@type":"WebSite","@id":"https:\/\/edumais.org\/pt-br\/#website","url":"https:\/\/edumais.org\/pt-br\/","name":"EduMais","description":"Volunteer organization in Rio de Janeiro, Brazil, South America","publisher":{"@id":"https:\/\/edumais.org\/pt-br\/#organization"},"potentialAction":[{"@type":"SearchAction","target":{"@type":"EntryPoint","urlTemplate":"https:\/\/edumais.org\/pt-br\/?s={search_term_string}"},"query-input":{"@type":"PropertyValueSpecification","valueRequired":true,"valueName":"search_term_string"}}],"inLanguage":"pt-BR"},{"@type":"Organization","@id":"https:\/\/edumais.org\/pt-br\/#organization","name":"EduMais","url":"https:\/\/edumais.org\/pt-br\/","logo":{"@type":"ImageObject","inLanguage":"pt-BR","@id":"https:\/\/edumais.org\/pt-br\/#\/schema\/logo\/image\/","url":"https:\/\/edumais.org\/wp-content\/uploads\/2016\/01\/edumais_logo_vector-as-Smart-Object-1.png","contentUrl":"https:\/\/edumais.org\/wp-content\/uploads\/2016\/01\/edumais_logo_vector-as-Smart-Object-1.png","width":761,"height":361,"caption":"EduMais"},"image":{"@id":"https:\/\/edumais.org\/pt-br\/#\/schema\/logo\/image\/"},"sameAs":["https:\/\/www.facebook.com\/edumais.org\/","https:\/\/www.instagram.com\/edumaisrio\/?hl=en","https:\/\/www.linkedin.com\/company\/edumais.org\/","https:\/\/www.youtube.com\/channel\/UClbmo2QCD_6JH5iGGEoadag"]}]}},"campaignId":"","_links":{"self":[{"href":"https:\/\/edumais.org\/pt-br\/wp-json\/wp\/v2\/pages\/7283","targetHints":{"allow":["GET"]}}],"collection":[{"href":"https:\/\/edumais.org\/pt-br\/wp-json\/wp\/v2\/pages"}],"about":[{"href":"https:\/\/edumais.org\/pt-br\/wp-json\/wp\/v2\/types\/page"}],"author":[{"embeddable":true,"href":"https:\/\/edumais.org\/pt-br\/wp-json\/wp\/v2\/users\/5"}],"replies":[{"embeddable":true,"href":"https:\/\/edumais.org\/pt-br\/wp-json\/wp\/v2\/comments?post=7283"}],"version-history":[{"count":4,"href":"https:\/\/edumais.org\/pt-br\/wp-json\/wp\/v2\/pages\/7283\/revisions"}],"predecessor-version":[{"id":8032,"href":"https:\/\/edumais.org\/pt-br\/wp-json\/wp\/v2\/pages\/7283\/revisions\/8032"}],"up":[{"embeddable":true,"href":"https:\/\/edumais.org\/pt-br\/wp-json\/wp\/v2\/pages\/7276"}],"wp:attachment":[{"href":"https:\/\/edumais.org\/pt-br\/wp-json\/wp\/v2\/media?parent=7283"}],"curies":[{"name":"wp","href":"https:\/\/api.w.org\/{rel}","templated":true}]}}