{"id":7276,"date":"2020-06-10T09:07:45","date_gmt":"2020-06-10T12:07:45","guid":{"rendered":"https:\/\/edumais.org\/?page_id=7276"},"modified":"2025-05-11T16:40:03","modified_gmt":"2025-05-11T19:40:03","slug":"programas","status":"publish","type":"page","link":"https:\/\/edumais.org\/pt-br\/programas\/","title":{"rendered":"Programas"},"content":{"rendered":"<div class=\"wpb-content-wrapper\"><p>[vc_row][vc_column]\n\t\t<div class=\"custom heading text-center\">\n\t\t\t<h2>Nossos Programas<\/h2>\n\t\t\t<p>Mudando vidas!<\/p><img decoding=\"async\" data-src=\"https:\/\/edumais.org\/wp-content\/themes\/denorious\/images\/sep.png\" class=\"center-block lazyload\" alt=\"\" src=\"data:image\/svg+xml;base64,PHN2ZyB3aWR0aD0iMSIgaGVpZ2h0PSIxIiB4bWxucz0iaHR0cDovL3d3dy53My5vcmcvMjAwMC9zdmciPjwvc3ZnPg==\" style=\"--smush-placeholder-width: 35px; --smush-placeholder-aspect-ratio: 35\/21;\">\t\t\t\n\t\t<\/div>\t\n\t[vc_column_text]<span style=\"font-weight: 400;\">No EduMais, n\u00f3s temos orgulho de ter uma grande variedade de programas para atender as diferentes necessidades e interesses das crian\u00e7as e adolescentes com quem trabalhamos<\/span>.<\/p>\n<p><span style=\"font-weight: 400;\">Apesar da variedade de nossos programas, ainda h\u00e1 coisas que todos tem em comum<\/span>.<\/p>\n<p><span style=\"font-weight: 400;\">Para alcan\u00e7ar o m\u00e1ximo de crian\u00e7as e adolescentes poss\u00edvel, <\/span><b>todos os nossos programas s\u00e3o gratuitos<\/b><span style=\"font-weight: 400;\">. Isso nos ajuda a garantir igualdade no acesso, uma for\u00e7a motriz por tr\u00e1s de tudo que n\u00f3s fazemos<\/span>.<\/p>\n<p><span style=\"font-weight: 400;\">Al\u00e9m disso, para encorajamos nossos estudantes a crescerem como adultos respons\u00e1veis,<\/span> <strong> <b>n\u00f3s inclu\u00edmos <\/b><a href=\"https:\/\/edumais.org\/pt-br\/missao\/nosso-metodo\/\">Disciplina Positiva<\/a><\/strong> <b>m todos os nossos programas. <\/b><span style=\"font-weight: 400;\">Desta forma, garantimos que n\u00f3s sempre trabalhando com e para o aprendizado s\u00f3cio emocional dos estudantes.<\/span><\/p>\n<p>T<span style=\"font-weight: 400;\">Por fim, todos os programas que oferecemos s\u00e3o confiados totalmente a nosso<\/span> <a href=\"https:\/\/edumais.org\/pt-br\/missao\/nossos-voluntarios\/\">time de volunt\u00e1rios<\/a>, <span style=\"font-weight: 400;\">pessoas extremamente generosas, dedicadas e comprometidas. Sem seus esfor\u00e7os, n\u00f3s n\u00e3o ser\u00edamos capazes de atender tantas crian\u00e7as.<\/span>[\/vc_column_text][\/vc_column][\/vc_row][vc_row css=&#8221;.vc_custom_1550172223777{padding-top: 20px !important;padding-bottom: 25px !important;}&#8221;][vc_column][vc_column_text]<\/p>\n<p style=\"text-align: center;\"><strong><b>Voc\u00ea tamb\u00e9m gostaria de fazer a diferen\u00e7a na vida dessas crian\u00e7as<\/b>?<\/strong><\/p>\n<p style=\"text-align: center;\"><strong><b>Se junte a n\u00f3s e se torne um volunt\u00e1rio no Rio de Janeiro!<\/b>!<\/strong><\/p>\n<p style=\"text-align: center;\"><a class=\"btn\" href=\"https:\/\/edumais.org\/pt-br\/?page_id=7324\">SEJA UM VOLUNT\u00c1RIO<\/a><\/p>\n<p>[\/vc_column_text][\/vc_column][\/vc_row][vc_row full_width=&#8221;stretch_row&#8221; css=&#8221;.vc_custom_1550677442613{padding-top: 5px !important;padding-bottom: 35px !important;background-color: #f8f8f8 !important;}&#8221;][vc_column width=&#8221;1\/3&#8243; css=&#8221;.vc_custom_1550020547551{background-color: #f8f8f8 !important;}&#8221;][vc_single_image image=&#8221;1919&#8243; img_size=&#8221;full&#8221; alignment=&#8221;center&#8221; style=&#8221;vc_box_outline&#8221; onclick=&#8221;custom_link&#8221; css=&#8221;.vc_custom_1557510555705{padding-top: 50px !important;}&#8221; link=&#8221;https:\/\/edumais.org\/nl\/programmas\/engels\/&#8221;]<div class=\"poverty-progress\">\n\t\t\t\t\t<h4>Aulas de <span class=\"primary-color text-uppercase\"><b>Ingl\u00eas<\/b><\/span><\/h4>\n\t\t\t\t\t<p><\/p>\n\t\t\t   <\/div>\n\t\t\t[vc_column_text]<span style=\"font-weight: 400;\">Aprender ingl\u00eas \u00e9 uma das melhores formas para abrir portas para nossas crian\u00e7as. \u00c9 o \u201cpassaporte\u201d para o mundo e para novas e melhores oportunidades no futuro. Combinando a Disciplina Positiva com a abordagem UER\u00ca-MELLO permite que nossas salas desenvolvam o bem-estar emocional da mesma forma que desenvolvam suas habilidades lingu\u00edsticas.<\/span>[\/vc_column_text][vc_column_text]<\/p>\n<p style=\"text-align: center;\"><a class=\"btn\" href=\"https:\/\/edumais.org\/pt-br\/programas\/ingles\/\">LEIA MAIS<\/a><\/p>\n<p>[\/vc_column_text][\/vc_column][vc_column width=&#8221;1\/3&#8243; css=&#8221;.vc_custom_1550020579158{background-color: #f8f8f8 !important;}&#8221;][vc_single_image image=&#8221;1970&#8243; img_size=&#8221;full&#8221; alignment=&#8221;center&#8221; style=&#8221;vc_box_outline&#8221; onclick=&#8221;custom_link&#8221; css=&#8221;.vc_custom_1557510665148{padding-top: 50px !important;}&#8221; link=&#8221;https:\/\/edumais.org\/nl\/programmas\/web-en-game-design\/&#8221;]<div class=\"poverty-progress\">\n\t\t\t\t\t<h4>Cria\u00e7\u00e3o <span class=\"primary-color text-uppercase\"><b>de Jogos S\u00e9rios<\/b><\/span><\/h4>\n\t\t\t\t\t<p><\/p>\n\t\t\t   <\/div>\n\t\t\t[vc_column_text]<span style=\"font-weight: 400;\">Com o objetivo de atender \u00e0s suas necessidades, n\u00f3s ensinamos compet\u00eancias inform\u00e1ticas para os nossos alunos, tais como Word, Excel, PowerPoint e m\u00eddias sociais. No entanto, os cursos mais estimulantes s\u00e3o os de webdesign e design de jogos! Nesses cursos, os nossos alunos aprendem como criar os seus pr\u00f3prios jogos e p\u00e1ginas da internet, assim como algumas no\u00e7\u00f5es b\u00e1sicas de programa\u00e7\u00e3o.<\/span>[\/vc_column_text][vc_column_text]<\/p>\n<p style=\"text-align: center;\"><a class=\"btn\" href=\"https:\/\/edumais.org\/pt-br\/programas\/design-de-sites-e-design-de-jogos\/\">LEIA MAIS<\/a><\/p>\n<p>[\/vc_column_text][\/vc_column][vc_column width=&#8221;1\/3&#8243; css=&#8221;.vc_custom_1550020564311{background-color: #f8f8f8 !important;}&#8221;][vc_single_image image=&#8221;13108&#8243; img_size=&#8221;full&#8221; alignment=&#8221;center&#8221; style=&#8221;vc_box_outline&#8221; onclick=&#8221;custom_link&#8221; css=&#8221;.vc_custom_1746948597964{padding-top: 50px !important;}&#8221; link=&#8221;https:\/\/edumais.org\/nl\/programmas\/buitenschools-engels\/&#8221;]<div class=\"poverty-progress\">\n\t\t\t\t\t<h4>Acampamentos <span class=\"primary-color text-uppercase\"><b>de Ver\u00e3o<\/b><\/span><\/h4>\n\t\t\t\t\t<p><\/p>\n\t\t\t   <\/div>\n\t\t\t[vc_column_text css=&#8221;&#8221;]<span style=\"font-weight: 400;\">O EduMais t\u00eam orgulho de oferecer o programa de Acampamentos de Ver\u00e3o para apoiar os estudantes durante os longos feriados escolares. N\u00f3s damos \u00e0 seus ver\u00f5es tardes de aprendizado, atividade f\u00edsica e refei\u00e7\u00f5es saud\u00e1veis. Baseado no sucesso do nosso acampamento de ingl\u00eas, lan\u00e7amos o nosso novo acampamento em 2019: o acampamento de programa\u00e7\u00e3o<\/span>[\/vc_column_text][vc_column_text]<\/p>\n<p style=\"text-align: center;\"><a class=\"btn\" href=\"https:\/\/edumais.org\/pt-br\/programas\/ingles-extracurricular\/\">LEIA MAIS<\/a><\/p>\n<p>[\/vc_column_text][\/vc_column][\/vc_row][vc_row full_width=&#8221;stretch_row&#8221; css=&#8221;.vc_custom_1550677428069{padding-top: 5px !important;padding-bottom: 35px !important;}&#8221;][vc_column width=&#8221;1\/3&#8243;][vc_single_image image=&#8221;13437&#8243; img_size=&#8221;full&#8221; alignment=&#8221;center&#8221; style=&#8221;vc_box_outline&#8221; onclick=&#8221;custom_link&#8221; css=&#8221;.vc_custom_1746949651273{padding-top: 50px !important;}&#8221; link=&#8221;https:\/\/edumais.org\/nl\/programmas\/naschoolse-opvang\/&#8221;]<div class=\"poverty-progress\">\n\t\t\t\t\t<h4>Programa de <span class=\"primary-color text-uppercase\"><b>Empreendedorismo<\/b><\/span><\/h4>\n\t\t\t\t\t<p><\/p>\n\t\t\t   <\/div>\n\t\t\t[vc_column_text]<span style=\"font-weight: 400;\">Nosso programa de atividades complementares p\u00f3s-escola supervisiona crian\u00e7as das comunidades de Pav\u00e3o-Pav\u00e3ozinho e Cantagalo durante as horas, ap\u00f3s o turno escolar. O programa d\u00e1, a essas crian\u00e7as, a oportunidade de continuar a desenvolver as suas habilidades acad\u00eamicas e pessoais<\/span>.[\/vc_column_text][vc_column_text]<\/p>\n<p style=\"text-align: center;\"><a class=\"btn\" href=\"https:\/\/edumais.org\/pt-br\/programas\/cuidado-depois-da-escola\/\">LEIA MAIS<\/a><\/p>\n<p>[\/vc_column_text][\/vc_column][vc_column width=&#8221;1\/3&#8243;][vc_single_image image=&#8221;13444&#8243; img_size=&#8221;full&#8221; alignment=&#8221;center&#8221; style=&#8221;vc_box_outline&#8221; onclick=&#8221;custom_link&#8221; css=&#8221;.vc_custom_1746989699800{padding-top: 50px !important;}&#8221; link=&#8221;https:\/\/edumais.org\/nl\/programmas\/onderwijs-gebaseerd-voetbal\/&#8221;]<div class=\"poverty-progress\">\n\t\t\t\t\t<h4>Programa de <span class=\"primary-color text-uppercase\"><b>Interc\u00e2mbio<\/b><\/span><\/h4>\n\t\t\t\t\t<p><\/p>\n\t\t\t   <\/div>\n\t\t\t[vc_column_text css=&#8221;&#8221;]<span style=\"font-weight: 400;\">Um grupo pequeno de adolescentes com quem trabalhamos recebe uma oportunidade de ouro: eles s\u00e3o mandados para um acampamento de ver\u00e3o nos Estados Unidos! Ter uma profunda imers\u00e3o no ingl\u00eas e estar em um ambiente de cria\u00e7\u00e3o tem um impacto imensur\u00e1vel sobre eles.<\/span>[\/vc_column_text][vc_column_text]<\/p>\n<p style=\"text-align: center;\"><a class=\"btn\" href=\"https:\/\/edumais.org\/pt-br\/programas\/futebol-baseado-na-educacao\/\">LEIA MAIS<\/a><\/p>\n<p>[\/vc_column_text][\/vc_column][vc_column width=&#8221;1\/3&#8243;][vc_single_image image=&#8221;13449&#8243; img_size=&#8221;full&#8221; alignment=&#8221;center&#8221; style=&#8221;vc_box_outline&#8221; onclick=&#8221;custom_link&#8221; css=&#8221;.vc_custom_1746991082282{padding-top: 50px !important;}&#8221; link=&#8221;https:\/\/edumais.org\/nl\/programmas\/zomerkampen\/&#8221;]<div class=\"poverty-progress\">\n\t\t\t\t\t<h4>Prepara\u00e7\u00e3o <span class=\"primary-color text-uppercase\"><b>para o mercado<\/b><\/span><\/h4>\n\t\t\t\t\t<p><\/p>\n\t\t\t   <\/div>\n\t\t\t[vc_column_text css=&#8221;&#8221;]Estudantes do 3\u00ba ano se conhecem melhor com IKIGAI e as 24 for\u00e7as de car\u00e1ter. Criam perfil no LinkedIn, curr\u00edculo e carta de apresenta\u00e7\u00e3o. Vivenciam entrevistas simuladas com feedback real. Descobrem seus pontos fortes e objetivos. Tudo para se prepararem para o futuro p\u00f3s-escola.[\/vc_column_text][vc_column_text]<\/p>\n<p style=\"text-align: center;\"><a class=\"btn\" href=\"https:\/\/edumais.org\/pt-br\/programas\/campo-de-verao\/\">LEIA MAIS<\/a><\/p>\n<p>[\/vc_column_text][\/vc_column][\/vc_row][vc_row css=&#8221;.vc_custom_1545244597287{padding-top: 20px !important;}&#8221;][vc_column][vc_column_text]<\/p>\n<h3 style=\"text-align: center;\">Nos ajude a continuar mudando vidas com nossos programas educacionais!<\/h3>\n<p style=\"text-align: center;\">N\u00f3s contamos com o apoio de nossos queridos doadores.<br \/>\nSem voc\u00eas, n\u00f3s n\u00e3o seriamos capazes de providenciar a essas crian\u00e7as essa variedade de oportunidades![\/vc_column_text][vc_column_text]<\/p>\n<p style=\"text-align: center;\"><a class=\"btndonate\" href=\"https:\/\/edumais.org\/pt-br\/donate\/\">DOE AGORA<\/a><\/p>\n<p>[\/vc_column_text][\/vc_column][\/vc_row][vc_row full_width=&#8221;stretch_row&#8221;][vc_column][vc_separator color=&#8221;black&#8221; style=&#8221;shadow&#8221; css=&#8221;.vc_custom_1550020725498{padding-top: 100px !important;}&#8221;][\/vc_column][\/vc_row]<\/p>\n<\/div>","protected":false},"excerpt":{"rendered":"<p>[vc_row][vc_column][vc_column_text]No EduMais, n\u00f3s temos orgulho de ter uma grande variedade de programas para atender as diferentes necessidades [&hellip;]<\/p>\n","protected":false},"author":5,"featured_media":0,"parent":0,"menu_order":0,"comment_status":"closed","ping_status":"closed","template":"","meta":{"give_campaign_id":0,"footnotes":""},"class_list":["post-7276","page","type-page","status-publish","hentry"],"yoast_head":"<!-- This site is optimized with the Yoast SEO plugin v27.3 - https:\/\/yoast.com\/product\/yoast-seo-wordpress\/ -->\n<title>Programas - EduMais<\/title>\n<meta name=\"robots\" content=\"index, follow, max-snippet:-1, max-image-preview:large, max-video-preview:-1\" \/>\n<link rel=\"canonical\" href=\"https:\/\/edumais.org\/pt-br\/programas\/\" \/>\n<meta property=\"og:locale\" content=\"pt_BR\" \/>\n<meta property=\"og:type\" content=\"article\" \/>\n<meta property=\"og:title\" content=\"Programas - EduMais\" \/>\n<meta property=\"og:description\" content=\"[vc_row][vc_column][vc_column_text]No EduMais, n\u00f3s temos orgulho de ter uma grande variedade de programas para atender as diferentes necessidades [&hellip;]\" \/>\n<meta property=\"og:url\" content=\"https:\/\/edumais.org\/pt-br\/programas\/\" \/>\n<meta property=\"og:site_name\" content=\"EduMais\" \/>\n<meta property=\"article:publisher\" content=\"https:\/\/www.facebook.com\/edumais.org\/\" \/>\n<meta property=\"article:modified_time\" content=\"2025-05-11T19:40:03+00:00\" \/>\n<meta property=\"og:image\" content=\"https:\/\/edumais.org\/wp-content\/uploads\/2017\/11\/Home-Banner1-e1588113485474.jpg\" \/>\n\t<meta property=\"og:image:width\" content=\"468\" \/>\n\t<meta property=\"og:image:height\" content=\"167\" \/>\n\t<meta property=\"og:image:type\" content=\"image\/jpeg\" \/>\n<meta name=\"twitter:card\" content=\"summary_large_image\" \/>\n<meta name=\"twitter:label1\" content=\"Est. tempo de leitura\" \/>\n\t<meta name=\"twitter:data1\" content=\"3 minutos\" \/>\n<script type=\"application\/ld+json\" class=\"yoast-schema-graph\">{\"@context\":\"https:\\\/\\\/schema.org\",\"@graph\":[{\"@type\":\"WebPage\",\"@id\":\"https:\\\/\\\/edumais.org\\\/pt-br\\\/programas\\\/\",\"url\":\"https:\\\/\\\/edumais.org\\\/pt-br\\\/programas\\\/\",\"name\":\"Programas - EduMais\",\"isPartOf\":{\"@id\":\"https:\\\/\\\/edumais.org\\\/pt-br\\\/#website\"},\"datePublished\":\"2020-06-10T12:07:45+00:00\",\"dateModified\":\"2025-05-11T19:40:03+00:00\",\"breadcrumb\":{\"@id\":\"https:\\\/\\\/edumais.org\\\/pt-br\\\/programas\\\/#breadcrumb\"},\"inLanguage\":\"pt-BR\",\"potentialAction\":[{\"@type\":\"ReadAction\",\"target\":[\"https:\\\/\\\/edumais.org\\\/pt-br\\\/programas\\\/\"]}]},{\"@type\":\"BreadcrumbList\",\"@id\":\"https:\\\/\\\/edumais.org\\\/pt-br\\\/programas\\\/#breadcrumb\",\"itemListElement\":[{\"@type\":\"ListItem\",\"position\":1,\"name\":\"Home\",\"item\":\"https:\\\/\\\/edumais.org\\\/pt-br\\\/\"},{\"@type\":\"ListItem\",\"position\":2,\"name\":\"Programas\"}]},{\"@type\":\"WebSite\",\"@id\":\"https:\\\/\\\/edumais.org\\\/pt-br\\\/#website\",\"url\":\"https:\\\/\\\/edumais.org\\\/pt-br\\\/\",\"name\":\"EduMais\",\"description\":\"Volunteer organization in Rio de Janeiro, Brazil, South America\",\"publisher\":{\"@id\":\"https:\\\/\\\/edumais.org\\\/pt-br\\\/#organization\"},\"potentialAction\":[{\"@type\":\"SearchAction\",\"target\":{\"@type\":\"EntryPoint\",\"urlTemplate\":\"https:\\\/\\\/edumais.org\\\/pt-br\\\/?s={search_term_string}\"},\"query-input\":{\"@type\":\"PropertyValueSpecification\",\"valueRequired\":true,\"valueName\":\"search_term_string\"}}],\"inLanguage\":\"pt-BR\"},{\"@type\":\"Organization\",\"@id\":\"https:\\\/\\\/edumais.org\\\/pt-br\\\/#organization\",\"name\":\"EduMais\",\"url\":\"https:\\\/\\\/edumais.org\\\/pt-br\\\/\",\"logo\":{\"@type\":\"ImageObject\",\"inLanguage\":\"pt-BR\",\"@id\":\"https:\\\/\\\/edumais.org\\\/pt-br\\\/#\\\/schema\\\/logo\\\/image\\\/\",\"url\":\"https:\\\/\\\/edumais.org\\\/wp-content\\\/uploads\\\/2016\\\/01\\\/edumais_logo_vector-as-Smart-Object-1.png\",\"contentUrl\":\"https:\\\/\\\/edumais.org\\\/wp-content\\\/uploads\\\/2016\\\/01\\\/edumais_logo_vector-as-Smart-Object-1.png\",\"width\":761,\"height\":361,\"caption\":\"EduMais\"},\"image\":{\"@id\":\"https:\\\/\\\/edumais.org\\\/pt-br\\\/#\\\/schema\\\/logo\\\/image\\\/\"},\"sameAs\":[\"https:\\\/\\\/www.facebook.com\\\/edumais.org\\\/\",\"https:\\\/\\\/www.instagram.com\\\/edumaisrio\\\/?hl=en\",\"https:\\\/\\\/www.linkedin.com\\\/company\\\/edumais.org\\\/\",\"https:\\\/\\\/www.youtube.com\\\/channel\\\/UClbmo2QCD_6JH5iGGEoadag\"]}]}<\/script>\n<!-- \/ Yoast SEO plugin. -->","yoast_head_json":{"title":"Programas - EduMais","robots":{"index":"index","follow":"follow","max-snippet":"max-snippet:-1","max-image-preview":"max-image-preview:large","max-video-preview":"max-video-preview:-1"},"canonical":"https:\/\/edumais.org\/pt-br\/programas\/","og_locale":"pt_BR","og_type":"article","og_title":"Programas - EduMais","og_description":"[vc_row][vc_column][vc_column_text]No EduMais, n\u00f3s temos orgulho de ter uma grande variedade de programas para atender as diferentes necessidades [&hellip;]","og_url":"https:\/\/edumais.org\/pt-br\/programas\/","og_site_name":"EduMais","article_publisher":"https:\/\/www.facebook.com\/edumais.org\/","article_modified_time":"2025-05-11T19:40:03+00:00","og_image":[{"width":468,"height":167,"url":"https:\/\/edumais.org\/wp-content\/uploads\/2017\/11\/Home-Banner1-e1588113485474.jpg","type":"image\/jpeg"}],"twitter_card":"summary_large_image","twitter_misc":{"Est. tempo de leitura":"3 minutos"},"schema":{"@context":"https:\/\/schema.org","@graph":[{"@type":"WebPage","@id":"https:\/\/edumais.org\/pt-br\/programas\/","url":"https:\/\/edumais.org\/pt-br\/programas\/","name":"Programas - EduMais","isPartOf":{"@id":"https:\/\/edumais.org\/pt-br\/#website"},"datePublished":"2020-06-10T12:07:45+00:00","dateModified":"2025-05-11T19:40:03+00:00","breadcrumb":{"@id":"https:\/\/edumais.org\/pt-br\/programas\/#breadcrumb"},"inLanguage":"pt-BR","potentialAction":[{"@type":"ReadAction","target":["https:\/\/edumais.org\/pt-br\/programas\/"]}]},{"@type":"BreadcrumbList","@id":"https:\/\/edumais.org\/pt-br\/programas\/#breadcrumb","itemListElement":[{"@type":"ListItem","position":1,"name":"Home","item":"https:\/\/edumais.org\/pt-br\/"},{"@type":"ListItem","position":2,"name":"Programas"}]},{"@type":"WebSite","@id":"https:\/\/edumais.org\/pt-br\/#website","url":"https:\/\/edumais.org\/pt-br\/","name":"EduMais","description":"Volunteer organization in Rio de Janeiro, Brazil, South America","publisher":{"@id":"https:\/\/edumais.org\/pt-br\/#organization"},"potentialAction":[{"@type":"SearchAction","target":{"@type":"EntryPoint","urlTemplate":"https:\/\/edumais.org\/pt-br\/?s={search_term_string}"},"query-input":{"@type":"PropertyValueSpecification","valueRequired":true,"valueName":"search_term_string"}}],"inLanguage":"pt-BR"},{"@type":"Organization","@id":"https:\/\/edumais.org\/pt-br\/#organization","name":"EduMais","url":"https:\/\/edumais.org\/pt-br\/","logo":{"@type":"ImageObject","inLanguage":"pt-BR","@id":"https:\/\/edumais.org\/pt-br\/#\/schema\/logo\/image\/","url":"https:\/\/edumais.org\/wp-content\/uploads\/2016\/01\/edumais_logo_vector-as-Smart-Object-1.png","contentUrl":"https:\/\/edumais.org\/wp-content\/uploads\/2016\/01\/edumais_logo_vector-as-Smart-Object-1.png","width":761,"height":361,"caption":"EduMais"},"image":{"@id":"https:\/\/edumais.org\/pt-br\/#\/schema\/logo\/image\/"},"sameAs":["https:\/\/www.facebook.com\/edumais.org\/","https:\/\/www.instagram.com\/edumaisrio\/?hl=en","https:\/\/www.linkedin.com\/company\/edumais.org\/","https:\/\/www.youtube.com\/channel\/UClbmo2QCD_6JH5iGGEoadag"]}]}},"campaignId":"","_links":{"self":[{"href":"https:\/\/edumais.org\/pt-br\/wp-json\/wp\/v2\/pages\/7276","targetHints":{"allow":["GET"]}}],"collection":[{"href":"https:\/\/edumais.org\/pt-br\/wp-json\/wp\/v2\/pages"}],"about":[{"href":"https:\/\/edumais.org\/pt-br\/wp-json\/wp\/v2\/types\/page"}],"author":[{"embeddable":true,"href":"https:\/\/edumais.org\/pt-br\/wp-json\/wp\/v2\/users\/5"}],"replies":[{"embeddable":true,"href":"https:\/\/edumais.org\/pt-br\/wp-json\/wp\/v2\/comments?post=7276"}],"version-history":[{"count":13,"href":"https:\/\/edumais.org\/pt-br\/wp-json\/wp\/v2\/pages\/7276\/revisions"}],"predecessor-version":[{"id":13447,"href":"https:\/\/edumais.org\/pt-br\/wp-json\/wp\/v2\/pages\/7276\/revisions\/13447"}],"wp:attachment":[{"href":"https:\/\/edumais.org\/pt-br\/wp-json\/wp\/v2\/media?parent=7276"}],"curies":[{"name":"wp","href":"https:\/\/api.w.org\/{rel}","templated":true}]}}