{"id":7251,"date":"2020-06-01T14:54:41","date_gmt":"2020-06-01T17:54:41","guid":{"rendered":"https:\/\/edumais.org\/?page_id=7251"},"modified":"2025-10-07T10:38:09","modified_gmt":"2025-10-07T13:38:09","slug":"nossos-parceiros","status":"publish","type":"page","link":"https:\/\/edumais.org\/pt-br\/missao\/nossos-parceiros\/","title":{"rendered":"Nossos Parceiros"},"content":{"rendered":"<div class=\"wpb-content-wrapper\"><p>[vc_row][vc_column][vc_column_text css=&#8221;&#8221;]<\/p>\n<h1 style=\"text-align: center;\">Nossos Parceiros<\/h1>\n<p>&nbsp;<\/p>\n<h4 style=\"text-align: center;\"><strong><span style=\"color: #000000;\"><em>Somos imensamente gratos a todos os nossos parceiros. Eles oferecem oportunidades valiosas para as crian\u00e7as, como programas de interc\u00e2mbio, que s\u00e3o transformadores, n\u00e3o apenas em termos de desenvolvimento lingu\u00edstico, mas tamb\u00e9m no crescimento pessoal<\/em><\/span><\/strong><\/h4>\n<h4 style=\"text-align: center;\"><strong><span style=\"color: #000000;\">&#8211; clique<\/span> <span style=\"color: #333399;\"><a style=\"color: #333399;\" href=\"https:\/\/edumais.org\/pt-br\/missao\/nossos-parceiros\/\">aqui<\/a> <\/span><span style=\"color: #000000;\">para ver nossos parceiros.<\/span><\/strong><\/h4>\n<p>&nbsp;<\/p>\n<h3 style=\"text-align: center;\">Seja nosso parceiro!<\/h3>\n<p style=\"text-align: center;\">Ao se tornar um parceiro da EduMais, voc\u00ea pode desempenhar um papel fundamental na transforma\u00e7\u00e3o da vida das nossas crian\u00e7as! Para se tornar nosso parceiro, preencha o formul\u00e1rio de contato em nosso site e entraremos em contato com voc\u00ea em breve.<\/p>\n<p style=\"text-align: center;\"><a class=\"btn\" href=\"https:\/\/edumais.org\/pt-br\/contato\/\">Contato<\/a><\/p>\n<p>\u00a0[\/vc_column_text][\/vc_column][\/vc_row]<\/p>\n<\/div>","protected":false},"excerpt":{"rendered":"<p>[vc_row][vc_column][vc_column_text css=&#8221;&#8221;] Nossos Parceiros &nbsp; Somos imensamente gratos a todos os nossos parceiros. Eles oferecem oportunidades valiosas [&hellip;]<\/p>\n","protected":false},"author":5,"featured_media":0,"parent":6846,"menu_order":0,"comment_status":"closed","ping_status":"closed","template":"","meta":{"give_campaign_id":0,"footnotes":""},"class_list":["post-7251","page","type-page","status-publish","hentry"],"yoast_head":"<!-- This site is optimized with the Yoast SEO plugin v27.3 - https:\/\/yoast.com\/product\/yoast-seo-wordpress\/ -->\n<title>Nossos Parceiros - EduMais<\/title>\n<meta name=\"description\" content=\"Os parceiros da EduMais apoiam nossa miss\u00e3o de oferecer educa\u00e7\u00e3o de qualidade para crian\u00e7as e adolescentes carentes nas favelas do Rio de Janeiro, Brasil.\" \/>\n<meta name=\"robots\" content=\"index, follow, max-snippet:-1, max-image-preview:large, max-video-preview:-1\" \/>\n<link rel=\"canonical\" href=\"https:\/\/edumais.org\/pt-br\/missao\/nossos-parceiros\/\" \/>\n<meta property=\"og:locale\" content=\"pt_BR\" \/>\n<meta property=\"og:type\" content=\"article\" \/>\n<meta property=\"og:title\" content=\"Nossos Parceiros - EduMais\" \/>\n<meta property=\"og:description\" content=\"Os parceiros da EduMais apoiam nossa miss\u00e3o de oferecer educa\u00e7\u00e3o de qualidade para crian\u00e7as e adolescentes carentes nas favelas do Rio de Janeiro, Brasil.\" \/>\n<meta property=\"og:url\" content=\"https:\/\/edumais.org\/pt-br\/missao\/nossos-parceiros\/\" \/>\n<meta property=\"og:site_name\" content=\"EduMais\" \/>\n<meta property=\"article:publisher\" content=\"https:\/\/www.facebook.com\/edumais.org\/\" \/>\n<meta property=\"article:modified_time\" content=\"2025-10-07T13:38:09+00:00\" \/>\n<meta property=\"og:image\" content=\"https:\/\/edumais.org\/wp-content\/uploads\/2017\/11\/Home-Banner1-e1588113485474.jpg\" \/>\n\t<meta property=\"og:image:width\" content=\"468\" \/>\n\t<meta property=\"og:image:height\" content=\"167\" \/>\n\t<meta property=\"og:image:type\" content=\"image\/jpeg\" \/>\n<meta name=\"twitter:card\" content=\"summary_large_image\" \/>\n<meta name=\"twitter:label1\" content=\"Est. tempo de leitura\" \/>\n\t<meta name=\"twitter:data1\" content=\"1 minuto\" \/>\n<script type=\"application\/ld+json\" class=\"yoast-schema-graph\">{\"@context\":\"https:\\\/\\\/schema.org\",\"@graph\":[{\"@type\":\"WebPage\",\"@id\":\"https:\\\/\\\/edumais.org\\\/pt-br\\\/missao\\\/nossos-parceiros\\\/\",\"url\":\"https:\\\/\\\/edumais.org\\\/pt-br\\\/missao\\\/nossos-parceiros\\\/\",\"name\":\"Nossos Parceiros - EduMais\",\"isPartOf\":{\"@id\":\"https:\\\/\\\/edumais.org\\\/pt-br\\\/#website\"},\"datePublished\":\"2020-06-01T17:54:41+00:00\",\"dateModified\":\"2025-10-07T13:38:09+00:00\",\"description\":\"Os parceiros da EduMais apoiam nossa miss\u00e3o de oferecer educa\u00e7\u00e3o de qualidade para crian\u00e7as e adolescentes carentes nas favelas do Rio de Janeiro, Brasil.\",\"breadcrumb\":{\"@id\":\"https:\\\/\\\/edumais.org\\\/pt-br\\\/missao\\\/nossos-parceiros\\\/#breadcrumb\"},\"inLanguage\":\"pt-BR\",\"potentialAction\":[{\"@type\":\"ReadAction\",\"target\":[\"https:\\\/\\\/edumais.org\\\/pt-br\\\/missao\\\/nossos-parceiros\\\/\"]}]},{\"@type\":\"BreadcrumbList\",\"@id\":\"https:\\\/\\\/edumais.org\\\/pt-br\\\/missao\\\/nossos-parceiros\\\/#breadcrumb\",\"itemListElement\":[{\"@type\":\"ListItem\",\"position\":1,\"name\":\"Home\",\"item\":\"https:\\\/\\\/edumais.org\\\/pt-br\\\/\"},{\"@type\":\"ListItem\",\"position\":2,\"name\":\"Miss\u00e3o\",\"item\":\"https:\\\/\\\/edumais.org\\\/pt-br\\\/missao\\\/\"},{\"@type\":\"ListItem\",\"position\":3,\"name\":\"Nossos Parceiros\"}]},{\"@type\":\"WebSite\",\"@id\":\"https:\\\/\\\/edumais.org\\\/pt-br\\\/#website\",\"url\":\"https:\\\/\\\/edumais.org\\\/pt-br\\\/\",\"name\":\"EduMais\",\"description\":\"Volunteer organization in Rio de Janeiro, Brazil, South America\",\"publisher\":{\"@id\":\"https:\\\/\\\/edumais.org\\\/pt-br\\\/#organization\"},\"potentialAction\":[{\"@type\":\"SearchAction\",\"target\":{\"@type\":\"EntryPoint\",\"urlTemplate\":\"https:\\\/\\\/edumais.org\\\/pt-br\\\/?s={search_term_string}\"},\"query-input\":{\"@type\":\"PropertyValueSpecification\",\"valueRequired\":true,\"valueName\":\"search_term_string\"}}],\"inLanguage\":\"pt-BR\"},{\"@type\":\"Organization\",\"@id\":\"https:\\\/\\\/edumais.org\\\/pt-br\\\/#organization\",\"name\":\"EduMais\",\"url\":\"https:\\\/\\\/edumais.org\\\/pt-br\\\/\",\"logo\":{\"@type\":\"ImageObject\",\"inLanguage\":\"pt-BR\",\"@id\":\"https:\\\/\\\/edumais.org\\\/pt-br\\\/#\\\/schema\\\/logo\\\/image\\\/\",\"url\":\"https:\\\/\\\/edumais.org\\\/wp-content\\\/uploads\\\/2016\\\/01\\\/edumais_logo_vector-as-Smart-Object-1.png\",\"contentUrl\":\"https:\\\/\\\/edumais.org\\\/wp-content\\\/uploads\\\/2016\\\/01\\\/edumais_logo_vector-as-Smart-Object-1.png\",\"width\":761,\"height\":361,\"caption\":\"EduMais\"},\"image\":{\"@id\":\"https:\\\/\\\/edumais.org\\\/pt-br\\\/#\\\/schema\\\/logo\\\/image\\\/\"},\"sameAs\":[\"https:\\\/\\\/www.facebook.com\\\/edumais.org\\\/\",\"https:\\\/\\\/www.instagram.com\\\/edumaisrio\\\/?hl=en\",\"https:\\\/\\\/www.linkedin.com\\\/company\\\/edumais.org\\\/\",\"https:\\\/\\\/www.youtube.com\\\/channel\\\/UClbmo2QCD_6JH5iGGEoadag\"]}]}<\/script>\n<!-- \/ Yoast SEO plugin. -->","yoast_head_json":{"title":"Nossos Parceiros - EduMais","description":"Os parceiros da EduMais apoiam nossa miss\u00e3o de oferecer educa\u00e7\u00e3o de qualidade para crian\u00e7as e adolescentes carentes nas favelas do Rio de Janeiro, Brasil.","robots":{"index":"index","follow":"follow","max-snippet":"max-snippet:-1","max-image-preview":"max-image-preview:large","max-video-preview":"max-video-preview:-1"},"canonical":"https:\/\/edumais.org\/pt-br\/missao\/nossos-parceiros\/","og_locale":"pt_BR","og_type":"article","og_title":"Nossos Parceiros - EduMais","og_description":"Os parceiros da EduMais apoiam nossa miss\u00e3o de oferecer educa\u00e7\u00e3o de qualidade para crian\u00e7as e adolescentes carentes nas favelas do Rio de Janeiro, Brasil.","og_url":"https:\/\/edumais.org\/pt-br\/missao\/nossos-parceiros\/","og_site_name":"EduMais","article_publisher":"https:\/\/www.facebook.com\/edumais.org\/","article_modified_time":"2025-10-07T13:38:09+00:00","og_image":[{"width":468,"height":167,"url":"https:\/\/edumais.org\/wp-content\/uploads\/2017\/11\/Home-Banner1-e1588113485474.jpg","type":"image\/jpeg"}],"twitter_card":"summary_large_image","twitter_misc":{"Est. tempo de leitura":"1 minuto"},"schema":{"@context":"https:\/\/schema.org","@graph":[{"@type":"WebPage","@id":"https:\/\/edumais.org\/pt-br\/missao\/nossos-parceiros\/","url":"https:\/\/edumais.org\/pt-br\/missao\/nossos-parceiros\/","name":"Nossos Parceiros - EduMais","isPartOf":{"@id":"https:\/\/edumais.org\/pt-br\/#website"},"datePublished":"2020-06-01T17:54:41+00:00","dateModified":"2025-10-07T13:38:09+00:00","description":"Os parceiros da EduMais apoiam nossa miss\u00e3o de oferecer educa\u00e7\u00e3o de qualidade para crian\u00e7as e adolescentes carentes nas favelas do Rio de Janeiro, Brasil.","breadcrumb":{"@id":"https:\/\/edumais.org\/pt-br\/missao\/nossos-parceiros\/#breadcrumb"},"inLanguage":"pt-BR","potentialAction":[{"@type":"ReadAction","target":["https:\/\/edumais.org\/pt-br\/missao\/nossos-parceiros\/"]}]},{"@type":"BreadcrumbList","@id":"https:\/\/edumais.org\/pt-br\/missao\/nossos-parceiros\/#breadcrumb","itemListElement":[{"@type":"ListItem","position":1,"name":"Home","item":"https:\/\/edumais.org\/pt-br\/"},{"@type":"ListItem","position":2,"name":"Miss\u00e3o","item":"https:\/\/edumais.org\/pt-br\/missao\/"},{"@type":"ListItem","position":3,"name":"Nossos Parceiros"}]},{"@type":"WebSite","@id":"https:\/\/edumais.org\/pt-br\/#website","url":"https:\/\/edumais.org\/pt-br\/","name":"EduMais","description":"Volunteer organization in Rio de Janeiro, Brazil, South America","publisher":{"@id":"https:\/\/edumais.org\/pt-br\/#organization"},"potentialAction":[{"@type":"SearchAction","target":{"@type":"EntryPoint","urlTemplate":"https:\/\/edumais.org\/pt-br\/?s={search_term_string}"},"query-input":{"@type":"PropertyValueSpecification","valueRequired":true,"valueName":"search_term_string"}}],"inLanguage":"pt-BR"},{"@type":"Organization","@id":"https:\/\/edumais.org\/pt-br\/#organization","name":"EduMais","url":"https:\/\/edumais.org\/pt-br\/","logo":{"@type":"ImageObject","inLanguage":"pt-BR","@id":"https:\/\/edumais.org\/pt-br\/#\/schema\/logo\/image\/","url":"https:\/\/edumais.org\/wp-content\/uploads\/2016\/01\/edumais_logo_vector-as-Smart-Object-1.png","contentUrl":"https:\/\/edumais.org\/wp-content\/uploads\/2016\/01\/edumais_logo_vector-as-Smart-Object-1.png","width":761,"height":361,"caption":"EduMais"},"image":{"@id":"https:\/\/edumais.org\/pt-br\/#\/schema\/logo\/image\/"},"sameAs":["https:\/\/www.facebook.com\/edumais.org\/","https:\/\/www.instagram.com\/edumaisrio\/?hl=en","https:\/\/www.linkedin.com\/company\/edumais.org\/","https:\/\/www.youtube.com\/channel\/UClbmo2QCD_6JH5iGGEoadag"]}]}},"campaignId":"","_links":{"self":[{"href":"https:\/\/edumais.org\/pt-br\/wp-json\/wp\/v2\/pages\/7251","targetHints":{"allow":["GET"]}}],"collection":[{"href":"https:\/\/edumais.org\/pt-br\/wp-json\/wp\/v2\/pages"}],"about":[{"href":"https:\/\/edumais.org\/pt-br\/wp-json\/wp\/v2\/types\/page"}],"author":[{"embeddable":true,"href":"https:\/\/edumais.org\/pt-br\/wp-json\/wp\/v2\/users\/5"}],"replies":[{"embeddable":true,"href":"https:\/\/edumais.org\/pt-br\/wp-json\/wp\/v2\/comments?post=7251"}],"version-history":[{"count":12,"href":"https:\/\/edumais.org\/pt-br\/wp-json\/wp\/v2\/pages\/7251\/revisions"}],"predecessor-version":[{"id":14759,"href":"https:\/\/edumais.org\/pt-br\/wp-json\/wp\/v2\/pages\/7251\/revisions\/14759"}],"up":[{"embeddable":true,"href":"https:\/\/edumais.org\/pt-br\/wp-json\/wp\/v2\/pages\/6846"}],"wp:attachment":[{"href":"https:\/\/edumais.org\/pt-br\/wp-json\/wp\/v2\/media?parent=7251"}],"curies":[{"name":"wp","href":"https:\/\/api.w.org\/{rel}","templated":true}]}}