{"id":7235,"date":"2020-06-07T19:30:44","date_gmt":"2020-06-07T22:30:44","guid":{"rendered":"https:\/\/edumais.org\/?page_id=7235"},"modified":"2025-10-07T10:33:43","modified_gmt":"2025-10-07T13:33:43","slug":"as-favelas","status":"publish","type":"page","link":"https:\/\/edumais.org\/pt-br\/missao\/as-favelas\/","title":{"rendered":"As Favelas"},"content":{"rendered":"<div class=\"wpb-content-wrapper\"><p>[vc_row css=&#8221;.vc_custom_1550498475351{padding-bottom: 35px !important;}&#8221;][vc_column width=&#8221;2\/3&#8243;]<div class=\"poverty-progress\">\n\t\t\t\t\t<h4>As favelas onde o <span class=\"primary-color text-uppercase\"><b>EDUMAIS TRABALHA<\/b><\/span><\/h4>\n\t\t\t\t\t<p><\/p>\n\t\t\t   <\/div>\n\t\t\t[vc_column_text]O Rio de Janeiro &#8211; tamb\u00e9m conhecido como cidade maravilhosa &#8211; \u00e9 uma das cidades mais bonitas do planeta. Suas in\u00fameras atra\u00e7\u00f5es incluem praias mundialmente conhecidas, o Carnaval, a est\u00e1tua do Cristo Redentor, o P\u00e3o de a\u00e7\u00facar e muitas outras. Tudo isso forma a fotografia perfeita de um cart\u00e3o postal composto pelos 4 pilares da vida no Rio: sol, areia, samba e futebol.<\/p>\n<p>No entanto, este \u00e9 apenas um lado da hist\u00f3ria. Para muitos habitantes da cidade, esta imagem paradis\u00edaca n\u00e3o poderia estar mais distante dos desafios que eles enfrentam em suas realidades di\u00e1rias.<\/p>\n<p>Apesar de ser dif\u00edcil determinar o n\u00famero exato, cerca de 2 milh\u00f5es de pessoas, ou seja, cerca de 20% da popula\u00e7\u00e3o do Rio de Janeiro, moram em 1000 bairros espalhados pela cidade, conhecidos como &#8220;favelas&#8221;. Estas s\u00e3o <strong>instala\u00e7\u00f5es caracterizadas por habita\u00e7\u00f5es irregulares e de baixa qualidade, acesso limitado aos servi\u00e7os p\u00fablicos, alta densidade demogr\u00e1fica e direitos de propriedade prec\u00e1rios<\/strong>.<\/p>\n<p>A EduMais atua em quatro favelas, Pav\u00e3o-Pav\u00e3ozinho e Cantagalo, conhecidas coletivamente como PPG\u2026 A EduMais tamb\u00e9m opera em Tabajaras. As quatro favelas est\u00e3o localizadas em Copacabana e formam um contraste dram\u00e1tico com a riqueza da Zona Sul do Rio.<\/p>\n<p>De acordo com o censo de 2010, o montante da popula\u00e7\u00e3o inteira da PPG seria um pouco acima de 10.000 habitantes. Entretanto, devido a dificuldades enfrentadas para realizar o censo na favela, a popula\u00e7\u00e3o dessa \u00e1rea tende a ser, na realidade, o dobro desse n\u00famero.<\/p>\n<p>Mais de 4.000 crian\u00e7as e adolescentes fazem parte dessa prov\u00e1vel estat\u00edstica de 20.000 pessoas. Dessas pessoas:<\/p>\n<ul>\n<li>Cerca de 50% vivem em situa\u00e7\u00e3o de pobreza;<\/li>\n<li>14% correm o risco de abandonar o col\u00e9gio;<\/li>\n<li>6.2% s\u00e3o crian\u00e7as que n\u00e3o v\u00e3o \u00e0 escola ;<\/li>\n<\/ul>\n<p>Apesar de a UPP ter pacificado o Pav\u00e3o-Pav\u00e3ozinho e Cantagalo em 2009, essas pessoas jovens ainda enfrentam desafios di\u00e1rios, tais como viol\u00eancia relacionada ao tr\u00e1fico de drogas, pobreza, abuso sexual, inseguran\u00e7a alimentar e instabilidade dom\u00e9stica.<\/p>\n<p>Acreditamos que todos esses jovens, assim como os seus vizinhos mais ricos, t\u00eam o mesmo direito de ter acesso a uma boa educa\u00e7\u00e3o e a uma vida pac\u00edfica. A miss\u00e3o do Edumais, assim, \u00e9 fornecer ferramentas e habilidades para esses jovens possam construir um futuro melhor.[\/vc_column_text][\/vc_column][vc_column width=&#8221;1\/3&#8243; css=&#8221;.vc_custom_1547734650864{padding-top: 15px !important;}&#8221;][vc_single_image image=&#8221;2792&#8243; img_size=&#8221;400&#215;600&#8243; alignment=&#8221;center&#8221;][\/vc_column][\/vc_row][vc_row full_width=&#8221;stretch_row&#8221; css=&#8221;.vc_custom_1550498485800{padding-top: 35px !important;padding-bottom: 35px !important;background-color: #f8f8f8 !important;}&#8221;][vc_column width=&#8221;1\/3&#8243; css=&#8221;.vc_custom_1547734635256{padding-top: 15px !important;}&#8221;][vc_single_image image=&#8221;2789&#8243; img_size=&#8221;400&#215;600&#8243; alignment=&#8221;center&#8221;][\/vc_column][vc_column width=&#8221;2\/3&#8243;]<div class=\"poverty-progress\">\n\t\t\t\t\t<h4>O que h\u00e1 em um nome? <span class=\"primary-color text-uppercase\"><b>FAVELA<\/b><\/span><\/h4>\n\t\t\t\t\t<p><\/p>\n\t\t\t   <\/div>\n\t\t\t[vc_column_text]Muitas pessoas traduzem o nome &#8220;favela&#8221; para &#8220;slum&#8221; em ingl\u00eas. No entanto, isso \u00e9 muito problem\u00e1tico. Conforme Alan Mayne argumenta que a palavra &#8220;slum&#8221; tem um peso muito forte no imagin\u00e1rio popular, e uma vez que voc\u00ea a emprega, voc\u00ea fica preso em constru\u00e7\u00f5es que n\u00e3o podem ser reduzidas. Tanto &#8220;favela&#8221; quanto &#8220;slum&#8221; s\u00e3o, de acordo com Mayne,<strong> &#8220;palavras-gatilho empregadas para incitar uma resposta particular&#8221;<\/strong>. Elas, imediatamente, criam e definem esses espa\u00e7os como indesej\u00e1veis.<\/p>\n<p>No caso das favelas do Rio, os retratos negativos da m\u00eddia costumam destacar uma longa lista de defeitos das favelas: viol\u00eancia, pobreza, desemprego, v\u00edcio em drogas, corrup\u00e7\u00e3o, gravidez na adolesc\u00eancia, fam\u00edlias disfuncionais e servi\u00e7os p\u00fablicos inadequados. Como consequ\u00eancia, os moradores da favela costumam sofrer estigmatiza\u00e7\u00e3o social e preconceito.<\/p>\n<p>Com o objetivo de evitar as conota\u00e7\u00f5es negativas do termo &#8220;favela&#8221;,\u00a0 alguns moradores preferem utilizar termos como &#8220;morro&#8221; e &#8220;comunidade&#8221;. H\u00e1, no entanto, um forte argumento em favor do uso do termo &#8220;favela&#8221;. O g\u00eanero musical, funk do Rio, por exemplo, cont\u00e9m diversos casos de residentes das comunidades que tentam valorizar novamente o termo &#8220;favela&#8221;.<\/p>\n<p>Esse \u00e9 um argumento complexo que merece aten\u00e7\u00e3o dos dois lados. No EduMais, costumamos seguir o conselho, de uma ONG local envolvida na defesa dos direitos das favelas, Catalytic Communities, de <strong>cham\u00e1-las de &#8220;favelas<\/strong>&#8220;.<\/p>\n<p>Independente do nome utilizado, o mais importante \u00e9 reconhecer que nas favelas &#8220;necessidades e defici\u00eancias s\u00e3o reais, mas n\u00e3o s\u00e3o a realidade inteira&#8221;. As pessoas nas favelas t\u00eam problemas, mas elas n\u00e3o s\u00e3o o problema&#8221;(Perlman p.ix). Infelizmente, ainda h\u00e1 um longo caminho pela frente para transformar essa vis\u00e3o em realidade.[\/vc_column_text][\/vc_column][\/vc_row][vc_row css=&#8221;.vc_custom_1550498498710{padding-top: 35px !important;padding-bottom: 35px !important;}&#8221;][vc_column]<div class=\"poverty-progress\">\n\t\t\t\t\t<h4>M\u00eddia, viol\u00eancia e estigmatiza\u00e7\u00e3o: <span class=\"primary-color text-uppercase\"><b>O QUE OS ALUNOS DO EDUMAIS TENTAM LUTAR CONTRA<\/b><\/span><\/h4>\n\t\t\t\t\t<p><\/p>\n\t\t\t   <\/div>\n\t\t\t[vc_column_text]As favelas v\u00eam sofrendo estigmatiza\u00e7\u00e3o desde quando come\u00e7aram a surgir no Rio de Janeiro, no final do s\u00e9culo XIX. Al\u00e9m disso foram necess\u00e1rios cerca de 100 anos para que as favelas aparecessem nos mapas oficiais da cidade. At\u00e9 mesmo o primeiro reconhecimento jur\u00eddico das favelas n\u00e3o foi t\u00e3o agrad\u00e1vel, elas eram chamadas de &#8220;aberra\u00e7\u00f5es&#8221;.<\/p>\n<p>Desde a d\u00e9cada de 1980, essa imagem s\u00f3 piorou. Devido \u00e0 decis\u00e3o do governador Leonel Brizola de proibir a entrada de policiais nas favelas no meio da d\u00e9cada, um tipo diferente de poder tomou o controle: o tr\u00e1fico de drogas. A viol\u00eancia decorrente do conflito entre as diferentes fac\u00e7\u00f5es continua at\u00e9 hoje. Infelizmente, esta \u00e9 a primeira coisa que as pessoas pensam quando escutam a palavra &#8220;favela&#8221;.<\/p>\n<p>Ademais, isso n\u00e3o \u00e9 verdade somente no Brasil. O famoso filme, Cidade de Deus, por exemplo, tornou essa narrativa mundial no ano de 2002. Uma parte do jogo virtual de tiros &#8220;Call of Duty: Modern Warfare 2 (2009) tamb\u00e9m \u00e9 baseada no Rio. Na verdade, Pav\u00e3o-Pav\u00e3ozinho e Cantagalo serviram de modelo para a favela do jogo.<\/p>\n<p>H\u00e1, ainda, um problema com rela\u00e7\u00e3o a esses retratos de viol\u00eancia constante, especialmente por parte da m\u00eddia de not\u00edcias brasileira. Apesar de serem narrativas fortes, elas nunca s\u00e3o reducionistas. Elas produzem uma imagem distorcida da realidade da vida na favela, ignorando os seus outros lados. Elas n\u00e3o conseguem capturar a alegria e o sorriso que persistem em meio \u00e0s l\u00e1grimas e \u00e0 morte.<\/p>\n<p>Na realidade, a cobertura da m\u00eddia sobre as favelas s\u00f3 serve para aumentar uma aprova\u00e7\u00e3o p\u00fablica para uma resposta mais pesada por parte da pol\u00edcia, perpetuando, assim, o ciclo de viol\u00eancia. Em 2018, as mortes <strong>por parte da pol\u00edcia do Rio aumentaram em cerca de 35%<\/strong>. Alguma coisa tem de mudar.[\/vc_column_text][\/vc_column][\/vc_row][vc_row full_width=&#8221;stretch_row&#8221; css=&#8221;.vc_custom_1550498878078{padding-top: 35px !important;padding-bottom: 35px !important;background-color: #f8f8f8 !important;}&#8221;][vc_column]<div class=\"poverty-progress\">\n\t\t\t\t\t<h4>Superando o estigma: <span class=\"primary-color text-uppercase\"><b>O PAPEL DO EDUMAIS EM MUDAR ESSA NARATIVA<\/b><\/span><\/h4>\n\t\t\t\t\t<p><\/p>\n\t\t\t   <\/div>\n\t\t\t[vc_column_text]As favelas e os seus moradores t\u00eam muito mais a oferecer do que a narrativa da m\u00eddia quer que voc\u00ea acredite. Na verdade, em muitos sentidos, elas s\u00e3o o verdadeiro cora\u00e7\u00e3o pulsante do Rio de Janeiro. Fen\u00f4menos culturais como o samba e o funk do Rio t\u00eam sua origem nessas comunidades.<\/p>\n<p>Essa \u00e9 a raz\u00e3o pela qual Larry Rorther estava errado ao afirmar que &#8220;<strong>O Rio \u00e9, na verdade, duas cidades bem distintas.<\/strong>&#8220;. O morro e o asfalto est\u00e3o, na realidade, profundamente conectados. Os apartamentos dos bairros ricos da cidade foram constru\u00eddos por m\u00e3os da favela. Os ritmos musicais que invadem a cidade foram elaborados por mentes da favela.<\/p>\n<p>Sem as favelas, o Rio n\u00e3o existiria. Elas n\u00e3o s\u00e3o o lado sombrio da cidade, mas, sim, uma parte integral de sua hist\u00f3ria. Conforme Perlman assevera, talvez &#8220;a \u00fanica diferen\u00e7a persistente entre as favelas e o resto da cidade seja o estigma enraizado que adere a eles e aqueles que ainda habitam neste mesmo estigma.&#8221;.<\/p>\n<p>Recentemente, esse estigma impactou negativamente os moradores da favela, particularmente, os mais jovens. A mistura entre baixos n\u00edveis educacionais e preconceito social significa que eles ainda est\u00e3o enfrentando uma batalha dif\u00edcil. A narrativa de pobreza, de inferioridade e de viol\u00eancia continua a se perpetuar.<\/p>\n<p>Pessoas jovens das favelas, geralmente, t\u00eam de decidir entre a morte por &#8220;estar fora da escola\/estar fora do trabalho&#8221; ou a morte por &#8220;baixa expectativa de vida para aqueles envolvidos no tr\u00e1fico. Isso, na verdade, n\u00e3o \u00e9 escolha alguma.<\/p>\n<p>Edumais tem como objetivo ajudar essas pessoas jovens a mudarem as suas narrativas. Elas s\u00e3o talentosas, v\u00edvidas, inteligentes e merecem ter a oportunidade de alcan\u00e7ar o seu potencial. Ao aumentar o seu acesso \u00e0 educa\u00e7\u00e3o, estamos criando oportunidades para que eles tracem um caminho melhor para eles mesmos no futuro.<\/p>\n<p>No entanto, para continuar a oferecer melhores oportunidades na vida de nossos alunos, precisamos da ajuda de voc\u00eas![\/vc_column_text][vc_column_text css=&#8221;.vc_custom_1591569037973{padding-top: 10px !important;background-color: #f8f8f8 !important;}&#8221;]<\/p>\n<h4 style=\"text-align: center;\"><strong>Mas para continuar a dar aos estudantes as melhores oportunidades,<br \/>\n<\/strong><strong>n\u00f3s precisamos da sua ajuda!<\/strong><\/h4>\n<p>&nbsp;<\/p>\n<p style=\"text-align: center;\"><a class=\"btndonate\" href=\"https:\/\/edumais.org\/pt-br\/donate\/\">DOE AGORA<\/a><\/p>\n<p>[\/vc_column_text][\/vc_column][\/vc_row][vc_row][vc_column][vc_separator color=&#8221;black&#8221; style=&#8221;shadow&#8221; css=&#8221;.vc_custom_1550335746916{padding-top: 100px !important;}&#8221;][\/vc_column][\/vc_row]<\/p>\n<\/div>","protected":false},"excerpt":{"rendered":"<p>[vc_row css=&#8221;.vc_custom_1550498475351{padding-bottom: 35px !important;}&#8221;][vc_column width=&#8221;2\/3&#8243;][vc_column_text]O Rio de Janeiro &#8211; tamb\u00e9m conhecido como cidade maravilhosa &#8211; \u00e9 uma [&hellip;]<\/p>\n","protected":false},"author":5,"featured_media":0,"parent":6846,"menu_order":0,"comment_status":"closed","ping_status":"closed","template":"","meta":{"give_campaign_id":0,"footnotes":""},"class_list":["post-7235","page","type-page","status-publish","hentry"],"yoast_head":"<!-- This site is optimized with the Yoast SEO plugin v27.3 - https:\/\/yoast.com\/product\/yoast-seo-wordpress\/ -->\n<title>As Favelas - EduMais<\/title>\n<meta name=\"description\" content=\"Descubra as favelas do Rio onde a EduMais atua, apoiando os jovens com educa\u00e7\u00e3o e oportunidades no Pav\u00e3o-Pav\u00e3ozinho, Cantagalo e Tabajaras.\" \/>\n<meta name=\"robots\" content=\"index, follow, max-snippet:-1, max-image-preview:large, max-video-preview:-1\" \/>\n<link rel=\"canonical\" href=\"https:\/\/edumais.org\/pt-br\/missao\/as-favelas\/\" \/>\n<meta property=\"og:locale\" content=\"pt_BR\" \/>\n<meta property=\"og:type\" content=\"article\" \/>\n<meta property=\"og:title\" content=\"As Favelas - EduMais\" \/>\n<meta property=\"og:description\" content=\"Descubra as favelas do Rio onde a EduMais atua, apoiando os jovens com educa\u00e7\u00e3o e oportunidades no Pav\u00e3o-Pav\u00e3ozinho, Cantagalo e Tabajaras.\" \/>\n<meta property=\"og:url\" content=\"https:\/\/edumais.org\/pt-br\/missao\/as-favelas\/\" \/>\n<meta property=\"og:site_name\" content=\"EduMais\" \/>\n<meta property=\"article:publisher\" content=\"https:\/\/www.facebook.com\/edumais.org\/\" \/>\n<meta property=\"article:modified_time\" content=\"2025-10-07T13:33:43+00:00\" \/>\n<meta property=\"og:image\" content=\"https:\/\/edumais.org\/wp-content\/uploads\/2017\/11\/Home-Banner1-e1588113485474.jpg\" \/>\n\t<meta property=\"og:image:width\" content=\"468\" \/>\n\t<meta property=\"og:image:height\" content=\"167\" \/>\n\t<meta property=\"og:image:type\" content=\"image\/jpeg\" \/>\n<meta name=\"twitter:card\" content=\"summary_large_image\" \/>\n<meta name=\"twitter:label1\" content=\"Est. tempo de leitura\" \/>\n\t<meta name=\"twitter:data1\" content=\"6 minutos\" \/>\n<script type=\"application\/ld+json\" class=\"yoast-schema-graph\">{\"@context\":\"https:\\\/\\\/schema.org\",\"@graph\":[{\"@type\":\"WebPage\",\"@id\":\"https:\\\/\\\/edumais.org\\\/pt-br\\\/missao\\\/as-favelas\\\/\",\"url\":\"https:\\\/\\\/edumais.org\\\/pt-br\\\/missao\\\/as-favelas\\\/\",\"name\":\"As Favelas - EduMais\",\"isPartOf\":{\"@id\":\"https:\\\/\\\/edumais.org\\\/pt-br\\\/#website\"},\"datePublished\":\"2020-06-07T22:30:44+00:00\",\"dateModified\":\"2025-10-07T13:33:43+00:00\",\"description\":\"Descubra as favelas do Rio onde a EduMais atua, apoiando os jovens com educa\u00e7\u00e3o e oportunidades no Pav\u00e3o-Pav\u00e3ozinho, Cantagalo e Tabajaras.\",\"breadcrumb\":{\"@id\":\"https:\\\/\\\/edumais.org\\\/pt-br\\\/missao\\\/as-favelas\\\/#breadcrumb\"},\"inLanguage\":\"pt-BR\",\"potentialAction\":[{\"@type\":\"ReadAction\",\"target\":[\"https:\\\/\\\/edumais.org\\\/pt-br\\\/missao\\\/as-favelas\\\/\"]}]},{\"@type\":\"BreadcrumbList\",\"@id\":\"https:\\\/\\\/edumais.org\\\/pt-br\\\/missao\\\/as-favelas\\\/#breadcrumb\",\"itemListElement\":[{\"@type\":\"ListItem\",\"position\":1,\"name\":\"Home\",\"item\":\"https:\\\/\\\/edumais.org\\\/pt-br\\\/\"},{\"@type\":\"ListItem\",\"position\":2,\"name\":\"Miss\u00e3o\",\"item\":\"https:\\\/\\\/edumais.org\\\/pt-br\\\/missao\\\/\"},{\"@type\":\"ListItem\",\"position\":3,\"name\":\"As Favelas\"}]},{\"@type\":\"WebSite\",\"@id\":\"https:\\\/\\\/edumais.org\\\/pt-br\\\/#website\",\"url\":\"https:\\\/\\\/edumais.org\\\/pt-br\\\/\",\"name\":\"EduMais\",\"description\":\"Volunteer organization in Rio de Janeiro, Brazil, South America\",\"publisher\":{\"@id\":\"https:\\\/\\\/edumais.org\\\/pt-br\\\/#organization\"},\"potentialAction\":[{\"@type\":\"SearchAction\",\"target\":{\"@type\":\"EntryPoint\",\"urlTemplate\":\"https:\\\/\\\/edumais.org\\\/pt-br\\\/?s={search_term_string}\"},\"query-input\":{\"@type\":\"PropertyValueSpecification\",\"valueRequired\":true,\"valueName\":\"search_term_string\"}}],\"inLanguage\":\"pt-BR\"},{\"@type\":\"Organization\",\"@id\":\"https:\\\/\\\/edumais.org\\\/pt-br\\\/#organization\",\"name\":\"EduMais\",\"url\":\"https:\\\/\\\/edumais.org\\\/pt-br\\\/\",\"logo\":{\"@type\":\"ImageObject\",\"inLanguage\":\"pt-BR\",\"@id\":\"https:\\\/\\\/edumais.org\\\/pt-br\\\/#\\\/schema\\\/logo\\\/image\\\/\",\"url\":\"https:\\\/\\\/edumais.org\\\/wp-content\\\/uploads\\\/2016\\\/01\\\/edumais_logo_vector-as-Smart-Object-1.png\",\"contentUrl\":\"https:\\\/\\\/edumais.org\\\/wp-content\\\/uploads\\\/2016\\\/01\\\/edumais_logo_vector-as-Smart-Object-1.png\",\"width\":761,\"height\":361,\"caption\":\"EduMais\"},\"image\":{\"@id\":\"https:\\\/\\\/edumais.org\\\/pt-br\\\/#\\\/schema\\\/logo\\\/image\\\/\"},\"sameAs\":[\"https:\\\/\\\/www.facebook.com\\\/edumais.org\\\/\",\"https:\\\/\\\/www.instagram.com\\\/edumaisrio\\\/?hl=en\",\"https:\\\/\\\/www.linkedin.com\\\/company\\\/edumais.org\\\/\",\"https:\\\/\\\/www.youtube.com\\\/channel\\\/UClbmo2QCD_6JH5iGGEoadag\"]}]}<\/script>\n<!-- \/ Yoast SEO plugin. -->","yoast_head_json":{"title":"As Favelas - EduMais","description":"Descubra as favelas do Rio onde a EduMais atua, apoiando os jovens com educa\u00e7\u00e3o e oportunidades no Pav\u00e3o-Pav\u00e3ozinho, Cantagalo e Tabajaras.","robots":{"index":"index","follow":"follow","max-snippet":"max-snippet:-1","max-image-preview":"max-image-preview:large","max-video-preview":"max-video-preview:-1"},"canonical":"https:\/\/edumais.org\/pt-br\/missao\/as-favelas\/","og_locale":"pt_BR","og_type":"article","og_title":"As Favelas - EduMais","og_description":"Descubra as favelas do Rio onde a EduMais atua, apoiando os jovens com educa\u00e7\u00e3o e oportunidades no Pav\u00e3o-Pav\u00e3ozinho, Cantagalo e Tabajaras.","og_url":"https:\/\/edumais.org\/pt-br\/missao\/as-favelas\/","og_site_name":"EduMais","article_publisher":"https:\/\/www.facebook.com\/edumais.org\/","article_modified_time":"2025-10-07T13:33:43+00:00","og_image":[{"width":468,"height":167,"url":"https:\/\/edumais.org\/wp-content\/uploads\/2017\/11\/Home-Banner1-e1588113485474.jpg","type":"image\/jpeg"}],"twitter_card":"summary_large_image","twitter_misc":{"Est. tempo de leitura":"6 minutos"},"schema":{"@context":"https:\/\/schema.org","@graph":[{"@type":"WebPage","@id":"https:\/\/edumais.org\/pt-br\/missao\/as-favelas\/","url":"https:\/\/edumais.org\/pt-br\/missao\/as-favelas\/","name":"As Favelas - EduMais","isPartOf":{"@id":"https:\/\/edumais.org\/pt-br\/#website"},"datePublished":"2020-06-07T22:30:44+00:00","dateModified":"2025-10-07T13:33:43+00:00","description":"Descubra as favelas do Rio onde a EduMais atua, apoiando os jovens com educa\u00e7\u00e3o e oportunidades no Pav\u00e3o-Pav\u00e3ozinho, Cantagalo e Tabajaras.","breadcrumb":{"@id":"https:\/\/edumais.org\/pt-br\/missao\/as-favelas\/#breadcrumb"},"inLanguage":"pt-BR","potentialAction":[{"@type":"ReadAction","target":["https:\/\/edumais.org\/pt-br\/missao\/as-favelas\/"]}]},{"@type":"BreadcrumbList","@id":"https:\/\/edumais.org\/pt-br\/missao\/as-favelas\/#breadcrumb","itemListElement":[{"@type":"ListItem","position":1,"name":"Home","item":"https:\/\/edumais.org\/pt-br\/"},{"@type":"ListItem","position":2,"name":"Miss\u00e3o","item":"https:\/\/edumais.org\/pt-br\/missao\/"},{"@type":"ListItem","position":3,"name":"As Favelas"}]},{"@type":"WebSite","@id":"https:\/\/edumais.org\/pt-br\/#website","url":"https:\/\/edumais.org\/pt-br\/","name":"EduMais","description":"Volunteer organization in Rio de Janeiro, Brazil, South America","publisher":{"@id":"https:\/\/edumais.org\/pt-br\/#organization"},"potentialAction":[{"@type":"SearchAction","target":{"@type":"EntryPoint","urlTemplate":"https:\/\/edumais.org\/pt-br\/?s={search_term_string}"},"query-input":{"@type":"PropertyValueSpecification","valueRequired":true,"valueName":"search_term_string"}}],"inLanguage":"pt-BR"},{"@type":"Organization","@id":"https:\/\/edumais.org\/pt-br\/#organization","name":"EduMais","url":"https:\/\/edumais.org\/pt-br\/","logo":{"@type":"ImageObject","inLanguage":"pt-BR","@id":"https:\/\/edumais.org\/pt-br\/#\/schema\/logo\/image\/","url":"https:\/\/edumais.org\/wp-content\/uploads\/2016\/01\/edumais_logo_vector-as-Smart-Object-1.png","contentUrl":"https:\/\/edumais.org\/wp-content\/uploads\/2016\/01\/edumais_logo_vector-as-Smart-Object-1.png","width":761,"height":361,"caption":"EduMais"},"image":{"@id":"https:\/\/edumais.org\/pt-br\/#\/schema\/logo\/image\/"},"sameAs":["https:\/\/www.facebook.com\/edumais.org\/","https:\/\/www.instagram.com\/edumaisrio\/?hl=en","https:\/\/www.linkedin.com\/company\/edumais.org\/","https:\/\/www.youtube.com\/channel\/UClbmo2QCD_6JH5iGGEoadag"]}]}},"campaignId":"","_links":{"self":[{"href":"https:\/\/edumais.org\/pt-br\/wp-json\/wp\/v2\/pages\/7235","targetHints":{"allow":["GET"]}}],"collection":[{"href":"https:\/\/edumais.org\/pt-br\/wp-json\/wp\/v2\/pages"}],"about":[{"href":"https:\/\/edumais.org\/pt-br\/wp-json\/wp\/v2\/types\/page"}],"author":[{"embeddable":true,"href":"https:\/\/edumais.org\/pt-br\/wp-json\/wp\/v2\/users\/5"}],"replies":[{"embeddable":true,"href":"https:\/\/edumais.org\/pt-br\/wp-json\/wp\/v2\/comments?post=7235"}],"version-history":[{"count":8,"href":"https:\/\/edumais.org\/pt-br\/wp-json\/wp\/v2\/pages\/7235\/revisions"}],"predecessor-version":[{"id":14757,"href":"https:\/\/edumais.org\/pt-br\/wp-json\/wp\/v2\/pages\/7235\/revisions\/14757"}],"up":[{"embeddable":true,"href":"https:\/\/edumais.org\/pt-br\/wp-json\/wp\/v2\/pages\/6846"}],"wp:attachment":[{"href":"https:\/\/edumais.org\/pt-br\/wp-json\/wp\/v2\/media?parent=7235"}],"curies":[{"name":"wp","href":"https:\/\/api.w.org\/{rel}","templated":true}]}}