{"id":7154,"date":"2018-10-21T06:44:39","date_gmt":"2018-10-21T09:44:39","guid":{"rendered":"https:\/\/edumais.org\/donate\/"},"modified":"2026-03-24T16:01:57","modified_gmt":"2026-03-24T19:01:57","slug":"doar","status":"publish","type":"page","link":"https:\/\/edumais.org\/pt-br\/doar\/","title":{"rendered":"Doar"},"content":{"rendered":"<div class=\"wpb-content-wrapper\"><p>[vc_row][vc_column][vc_column_text css=&#8221;&#8221;]<\/p>\n<h1 style=\"text-align: center;\"><span style=\"color: #f17534;\">VOC\u00ca<\/span> tem o poder de <span style=\"color: #685ca7;\">MUDAR<\/span> o futuro de uma CRIAN\u00c7A<\/h1>\n<p>&nbsp;<\/p>\n<p>&nbsp;[\/vc_column_text][\/vc_column][vc_column][\/vc_column][\/vc_row][vc_row][vc_column width=&#8221;1\/2&#8243;][vc_column_text css=&#8221;&#8221;]<\/p>\n<p class=\"ds-markdown-paragraph\" style=\"text-align: center;\">Seu apoio ajuda crian\u00e7as e jovens a terem acesso a habilidades do s\u00e9culo XXI e compet\u00eancias para a empregabilidade, para que possam avan\u00e7ar em dire\u00e7\u00e3o a um futuro melhor e ajudar suas fam\u00edlias e comunidades.<\/p>\n<p>&nbsp;<\/p>\n<h3 class=\"ds-markdown-paragraph\" style=\"text-align: center;\">Doe hoje e veja o impacto em que voc\u00ea pode confiar.<\/h3>\n<p>&nbsp;<\/p>\n<p>&nbsp;<\/p>\n<p>&nbsp;<\/p>\n<p>&nbsp;<\/p>\n<p>&nbsp;[\/vc_column_text][\/vc_column][vc_column width=&#8221;1\/2&#8243;][vc_single_image image=&#8221;15343&#8243; img_size=&#8221;300&#215;250&#8243; alignment=&#8221;center&#8221; css=&#8221;&#8221;][\/vc_column][\/vc_row][vc_row][vc_column width=&#8221;1\/2&#8243;][vc_column_text css=&#8221;&#8221;]&nbsp;<\/p>\n<p><a href=\"https:\/\/edumais.org\/wp-content\/uploads\/2026\/03\/Screenshot-2026-03-24-at-12.35.01.png\"><img decoding=\"async\" class=\"alignleft wp-image-15327\" src=\"https:\/\/edumais.org\/wp-content\/uploads\/2026\/03\/Screenshot-2026-03-24-at-12.35.01.png\" alt=\"\" width=\"45\" height=\"44\" srcset=\"https:\/\/edumais.org\/wp-content\/uploads\/2026\/03\/Screenshot-2026-03-24-at-12.35.01.png 1660w, https:\/\/edumais.org\/wp-content\/uploads\/2026\/03\/Screenshot-2026-03-24-at-12.35.01-300x297.png 300w, https:\/\/edumais.org\/wp-content\/uploads\/2026\/03\/Screenshot-2026-03-24-at-12.35.01-1024x1014.png 1024w, https:\/\/edumais.org\/wp-content\/uploads\/2026\/03\/Screenshot-2026-03-24-at-12.35.01-150x150.png 150w, https:\/\/edumais.org\/wp-content\/uploads\/2026\/03\/Screenshot-2026-03-24-at-12.35.01-768x761.png 768w, https:\/\/edumais.org\/wp-content\/uploads\/2026\/03\/Screenshot-2026-03-24-at-12.35.01-1536x1521.png 1536w\" sizes=\"(max-width: 45px) 100vw, 45px\" \/><\/a>&nbsp; &nbsp; &nbsp; &nbsp; &nbsp;<img decoding=\"async\" class=\"alignnone wp-image-4995\" src=\"https:\/\/edumais.org\/wp-content\/uploads\/2019\/02\/Credit-card-Logo-300x201.png\" alt=\"\" width=\"70\" height=\"47\" srcset=\"https:\/\/edumais.org\/wp-content\/uploads\/2019\/02\/Credit-card-Logo-300x201.png 300w, https:\/\/edumais.org\/wp-content\/uploads\/2019\/02\/Credit-card-Logo.png 355w\" sizes=\"(max-width: 70px) 100vw, 70px\" \/>&nbsp; &nbsp; &nbsp; &nbsp; &nbsp;<img decoding=\"async\" class=\"alignnone wp-image-4989\" src=\"https:\/\/edumais.org\/wp-content\/uploads\/2019\/02\/PayPal-Logo-300x260.jpg\" alt=\"\" width=\"56\" height=\"49\" srcset=\"https:\/\/edumais.org\/wp-content\/uploads\/2019\/02\/PayPal-Logo-300x260.jpg 300w, https:\/\/edumais.org\/wp-content\/uploads\/2019\/02\/PayPal-Logo.jpg 385w\" sizes=\"(max-width: 56px) 100vw, 56px\" \/>&nbsp; &nbsp; &nbsp; &nbsp;&nbsp;<img decoding=\"async\" class=\"alignnone wp-image-4992\" src=\"https:\/\/edumais.org\/wp-content\/uploads\/2019\/02\/Sepa-logo-300x169.jpg\" alt=\"\" width=\"64\" height=\"36\" srcset=\"https:\/\/edumais.org\/wp-content\/uploads\/2019\/02\/Sepa-logo-300x169.jpg 300w, https:\/\/edumais.org\/wp-content\/uploads\/2019\/02\/Sepa-logo-768x432.jpg 768w, https:\/\/edumais.org\/wp-content\/uploads\/2019\/02\/Sepa-logo-1024x576.jpg 1024w, https:\/\/edumais.org\/wp-content\/uploads\/2019\/02\/Sepa-logo.jpg 1280w\" sizes=\"(max-width: 64px) 100vw, 64px\" \/><\/p>\n<p>&nbsp;<\/p>\n<p>Ap\u00f3s preencher as informa\u00e7\u00f5es abaixo, voc\u00ea tem a op\u00e7\u00e3o de escolher o seu m\u00e9todo de pagamento.[\/vc_column_text][vc_column_text css=&#8221;.vc_custom_1774378706495{padding-top: 15px !important;}&#8221;]\t<div id=\"give-form-7152-wrap\" class=\"give-form-wrap give-display-onpage give-recurring-form-wrap give-recurring-form-donor\">\n\t\t\t\t\t<form id=\"give-form-7152-1\" class=\"give-form give-form-7152 give-form-type-multi give-recurring-form\" action=\"https:\/\/edumais.org\/pt-br\/wp-json\/wp\/v2\/pages\/7154\/?payment-mode=mollie&form-id=7152\" data-id=\"7152-1\" data-currency_symbol=\"&euro;\" data-currency_code=\"EUR\" data-currency_position=\"before\" data-thousands_separator=\".\" data-decimal_separator=\",\" data-number_decimals=\"0\" data-give_cs_base_amounts=\"{&quot;0&quot;:&quot;11&quot;,&quot;1&quot;:&quot;22&quot;,&quot;2&quot;:&quot;44&quot;,&quot;custom&quot;:0}\" method=\"post\">\n\t\t\t\t<!-- The following field is for robots only, invisible to humans: -->\n\t\t\t\t<span class=\"give-hidden\" style=\"display: none !important;\">\n\t\t\t\t\t<label for=\"give-form-honeypot-7152\"><\/label>\n\t\t\t\t\t<input id=\"give-form-honeypot-7152\" type=\"text\" name=\"give-honeypot\"\n\t\t\t\t\t\t   class=\"give-honeypot give-hidden\"\/>\n\t\t\t\t<\/span>\n\n\t\t\t\t\t<input type=\"hidden\" name=\"give-form-id-prefix\" value=\"7152-1\"\/>\n\t<input type=\"hidden\" name=\"give-form-id\" value=\"7152\"\/>\n\t<input type=\"hidden\" name=\"give-form-title\" value=\"Make a Donation\"\/>\n\t<input type=\"hidden\" name=\"give-current-url\" value=\"https:\/\/edumais.org\/pt-br\/wp-json\/wp\/v2\/pages\/7154\/\"\/>\n\t<input type=\"hidden\" name=\"give-form-url\" value=\"https:\/\/edumais.org\/pt-br\/wp-json\/wp\/v2\/pages\/7154\/\"\/>\n\t\t\t<input type=\"hidden\" name=\"give-form-minimum\"\n\t\t\t   value=\"1\"\/>\n\t\t<input type=\"hidden\" name=\"give-form-maximum\"\n\t\t\t   value=\"1000000\"\/>\n\t\t<input type=\"hidden\"  name=\"give-form-hash\" value=\"314aab5e53\" data-time=\"1776590201\" data-nonce-life=\"86400\" data-donor-session=\"0\"\/><input type=\"hidden\" name=\"give-price-id\" value=\"0\"\/>\t<input type=\"hidden\" name=\"give-recurring-logged-in-only\"\n\t\t   class=\"give-recurring-logged-in-only\"\n\t\t   value=\"\"\/>\n\n\t<input type=\"hidden\" name=\"give-logged-in-only\"\n\t\t   class=\"give-logged-in-only\"\n\t\t   value=\"1\"\/>\n<input\n\t\t\t\t\ttype=\"hidden\"\n\t\t\t\t\tname=\"_give_is_donation_recurring\"\n\t\t\t\t\tclass=\"_give_is_donation_recurring\"\n\t\t\t\t\tid=\"_give_is_donation_recurring\"\n\t\t\t\t\tvalue=\"0\"\n\t\t\t\t\tdata-_give_recurring=\"yes_donor\"\n\t\t\t\t\tdata-_give_checkbox_default=\"no\"\n                    data-_give_price_option=\"\"\n                \/><input\n\t\t\t\t\ttype=\"hidden\"\n\t\t\t\t\tname=\"give_recurring_donation_details\"\n\t\t\t\t\tclass=\"give_recurring_donation_details\"\n\t\t\t\t\tid=\"give_recurring_donation_details\"\n\t\t\t\t\tvalue=\"{&quot;give_recurring_option&quot;:&quot;yes_donor&quot;}\"\n                \/>\t\t<div class=\"give-total-wrap\">\n\t\t\t<div class=\"give-donation-amount form-row-wide\">\n\t\t\t\t<span class=\"give-currency-symbol give-currency-position-before\">&euro;<\/span>\t\t\t\t<label class=\"give-hidden\" for=\"give-amount\">Quantia da doa\u00e7\u00e3o:<\/label>\n\t\t\t\t<input class=\"give-text-input give-amount-top\" id=\"give-amount\" name=\"give-amount\" type=\"text\" inputmode=\"decimal\"\n\t\t\t\t\t   placeholder=\"\" value=\"11\" autocomplete=\"off\">\n\t\t\t\t\t\t\t<\/div>\n\t\t<\/div>\n\t\t\t\t<fieldset\n\t\t\tclass=\"give-currency-switcher-wrap form-row form-row-wide\"\n\t\t\tdata-give_form_id=\"7152\">\n\t\t\t<legend class=\"give-cs-msg-legend give-hidden\">&nbsp;<\/legend>\n\t\t\t<select name=\"give-cs-currency\" class=\"give-cs-select-currency give-hidden\">\n\t\t\t\t\t\t\t\t\t<option\n\t\t\t\t\t\tvalue=\"EUR\"  selected='selected'>\n\t\t\t\t\t\tEuros\t\t\t\t\t<\/option>\n\t\t\t\t\t\t\t\t\t<option\n\t\t\t\t\t\tvalue=\"USD\" >\n\t\t\t\t\t\tD\u00f3lar americano\t\t\t\t\t<\/option>\n\t\t\t\t\t\t\t\t\t<option\n\t\t\t\t\t\tvalue=\"GBP\" >\n\t\t\t\t\t\tLibras Esterlinas\t\t\t\t\t<\/option>\n\t\t\t\t\t\t\t\t\t<option\n\t\t\t\t\t\tvalue=\"BRL\" >\n\t\t\t\t\t\tReal brasileiro\t\t\t\t\t<\/option>\n\t\t\t\t\t\t\t<\/select>\n\t\t\t<input type=\"hidden\" name=\"give-cs-base-currency\" value=\"EUR\"\/>\n\t\t\t<input type=\"hidden\" name=\"give-cs-exchange-rate\" value=\"0\"\/>\n\t\t\t<input type=\"hidden\" name=\"give-cs-form-currency\" value=\"EUR\"\/>\n\t\t\t\t\t\t<div\n\t\t\t\tclass=\"give-currency-switcher-msg-wrap give-hidden\">\n\t\t\t\t<span\n\t\t\t\t\tclass=\"give-currency-switcher-msg \"\n\t\t\t\t\tdata-rawtext=\"The current exchange rate is 1.00 {base_currency} equals {new_currency_rate} {new_currency}.\">\n\t\t\t\t\t\t\t\t\t\t\t<\/span>\n\t\t\t<\/div>\n\t\t<\/fieldset>\n\t\t<ul id=\"give-donation-level-button-wrap\" class=\"give-donation-levels-wrap give-list-inline\"><li><button type=\"button\" data-price-id=\"0\" class=\"give-donation-level-btn give-btn give-btn-level-0 give-default-level\" value=\"11\" data-default=\"1\">&euro;11<\/button><\/li><li><button type=\"button\" data-price-id=\"1\" class=\"give-donation-level-btn give-btn give-btn-level-1 \" value=\"22\" data-default=\"0\">&euro;22<\/button><\/li><li><button type=\"button\" data-price-id=\"2\" class=\"give-donation-level-btn give-btn give-btn-level-2 \" value=\"44\" data-default=\"0\">&euro;44<\/button><\/li><li><button type=\"button\" data-price-id=\"custom\" class=\"give-donation-level-btn give-btn give-btn-level-custom\" value=\"custom\">Doe outra quantia<\/button><\/li><\/ul>\t<div class=\"give-recurring-donors-choice\">\n\t\t<input id=\"give-admin_choice-7152\" class=\"give-recurring-period\" name=\"give-recurring-period\" type=\"checkbox\" data-period-label=\"Monthly\" data-period=\"month\" data-interval=\"1\"  \/> <label for=\"give-admin_choice-7152\">Make this donation monthly<\/label>\t<\/div>\n\t\n\t<fieldset id=\"give-payment-mode-select\" style=\"display: none;\">\n\t\t\t\t<legend\n\t\t\tclass=\"give-payment-mode-label\">Selecione o m\u00e9todo de pagamento\t\t\t<span class=\"give-loading-text\"><span\n\t\t\t\t\tclass=\"give-loading-animation\"><\/span>\n\t\t\t<\/span>\n\t\t<\/legend>\n\n\t\t<div id=\"give-payment-mode-wrap\">\n\t\t\t\t\t\t<ul id=\"give-gateway-radio-list\">\n\t\t\t\t\t\t\t\t\t\t<li class=\"give-gateway-option-selected\">\n\t\t\t\t\t\t\t<input type=\"radio\" name=\"payment-mode\" class=\"give-gateway\"\n\t\t\t\t\t\t\t\t   id=\"give-gateway-mollie-7152-1\"\n\t\t\t\t\t\t\t\t   value=\"mollie\" checked='checked'>\n\t\t\t\t\t\t\t<label for=\"give-gateway-mollie-7152-1\"\n\t\t\t\t\t\t\t\t   class=\"give-gateway-option\"\n\t\t\t\t\t\t\t\t   id=\"give-gateway-option-mollie\"> Mollie<\/label>\n\t\t\t\t\t\t<\/li>\n\t\t\t\t\t\t\t\t\t<\/ul>\n\t\t\t\t\t<\/div>\n\t\t\t<\/fieldset>\n\n\t\n\t<div id=\"give_purchase_form_wrap\">\n\n\t\t\t<fieldset id=\"give_checkout_user_info\" class=\"\">\n\t\t<legend>\n\t\t\tInforma\u00e7\u00e3o pessoal\t\t<\/legend>\n\n\t\t\n        <p id=\"give-first-name-wrap\" class=\"form-row form-row-first form-row-responsive\">\n            <label class=\"give-label\" for=\"give-first\">\n                Nome                                    <span class=\"give-required-indicator\">*<\/span>\n                                <span class=\"give-tooltip hint--top hint--medium hint--bounce\" aria-label=\"O nome \u00e9 usado para personalizar seu registro de doa\u00e7\u00e3o.\" rel=\"tooltip\"><i class=\"give-icon give-icon-question\"><\/i><\/span>            <\/label>\n            <input\n                class=\"give-input required\"\n                type=\"text\"\n                name=\"give_first\"\n                autocomplete=\"given-name\"\n                placeholder=\"Nome\"\n                id=\"give-first\"\n                value=\"\"\n                 required aria-required=\"true\"             \/>\n        <\/p>\n\n        <p id=\"give-last-name-wrap\" class=\"form-row form-row-last form-row-responsive\">\n            <label class=\"give-label\" for=\"give-last\">\n                \u00daltimo nome                                <span class=\"give-tooltip hint--top hint--medium hint--bounce\" aria-label=\"O sobrenome \u00e9 usado para personalizar seu registro de doa\u00e7\u00e3o.\" rel=\"tooltip\"><i class=\"give-icon give-icon-question\"><\/i><\/span>            <\/label>\n\n            <input\n                class=\"give-input\"\n                type=\"text\"\n                name=\"give_last\"\n                autocomplete=\"family-name\"\n                id=\"give-last\"\n                placeholder=\"\u00daltimo nome\"\n                value=\"\"\n                            \/>\n        <\/p>\n\n        \n                <p id=\"give-email-wrap\" class=\"form-row form-row-wide\">\n            <label class=\"give-label\" for=\"give-email\">\n                Endere\u00e7o de e-mail                                    <span class=\"give-required-indicator\">*<\/span>\n                                    <span class=\"give-tooltip hint--top hint--medium hint--bounce\" aria-label=\"Enviaremos o recibo de doa\u00e7\u00e3o para este endere\u00e7o.\" rel=\"tooltip\"><i class=\"give-icon give-icon-question\"><\/i><\/span>            <\/label>\n            <input\n                class=\"give-input required\"\n                type=\"email\"\n                name=\"give_email\"\n                autocomplete=\"email\"\n                placeholder=\"Endere\u00e7o de e-mail\"\n                id=\"give-email\"\n                value=\"\"\n                 required aria-required=\"true\"             \/>\n\n        <\/p>\n\n        \n\t\t\t\t\t<\/fieldset>\n\t<div style=\"text-align: center;\"><img decoding=\"async\" src=\"https:\/\/edumais.org\/wp-content\/plugins\/give-mollie\/assets\/dist\/mollieLogo.svg\" alt=\"Mollie\" \/><\/div>\t<fieldset id=\"give_purchase_submit\" class=\"give-donation-submit\">\n\t\t\t<p id=\"give-final-total-wrap\" class=\"form-wrap \">\n\t\t\t\t<span class=\"give-donation-total-label\">\n\t\t\tTotal da doa\u00e7\u00e3o:\t\t<\/span>\n\t\t<span class=\"give-final-total-amount\"\n\t\t\t  data-total=\"11\">\n\t\t\t&euro;11\t\t<\/span>\n\t\t<span id=\"give-recurring-modal-period-wrap\" class=\"give-hidden\"><span id=\"give-recurring-modal-period\">One Time<\/span><\/span>\t<\/p>\n\t\t<input type=\"hidden\" name=\"give_action\" value=\"purchase\"\/>\n\t<input type=\"hidden\" name=\"give-gateway\" value=\"mollie\"\/>\n\t\t<div class=\"give-submit-button-wrap give-clearfix\">\n\t\t<input type=\"submit\" class=\"give-submit give-btn\" id=\"give-purchase-button\" name=\"give-purchase\"\n\t\t\t   value=\"Doe agora\" data-before-validation-label=\"Doe agora\"\/>\n\t\t<span class=\"give-loading-animation\"><\/span>\n\t<\/div>\n\t\t<\/fieldset>\n\t\n\t<\/div>\n\n\t\t\t\t<\/form>\n\n\t\t\t\n\t<\/div><!--end #give-form-7152-->\n\t[\/vc_column_text][\/vc_column][vc_column width=&#8221;1\/2&#8243;][vc_column_text css=&#8221;&#8221;]<strong>Diretamente para nossa conta banc\u00e1ria no Brasil:<\/strong><br \/>\n<strong>Use nosso PIX:&nbsp;info@edumais.org&nbsp;ou escaneie o c\u00f3digo QR.<\/strong><\/p>\n<p>&nbsp;<\/p>\n<p><a href=\"https:\/\/edumais.org\/wp-content\/uploads\/2026\/03\/QR-PIX-EduMais.jpg\"><img decoding=\"async\" class=\"size-full wp-image-15333 aligncenter\" src=\"https:\/\/edumais.org\/wp-content\/uploads\/2026\/03\/QR-PIX-EduMais.jpg\" alt=\"\" width=\"180\" height=\"200\"><\/a>[\/vc_column_text][\/vc_column][\/vc_row]<\/p>\n<\/div>","protected":false},"excerpt":{"rendered":"<p>[vc_row][vc_column][vc_column_text css=&#8221;&#8221;] VOC\u00ca tem o poder de MUDAR o futuro de uma CRIAN\u00c7A &nbsp; &nbsp;[\/vc_column_text][\/vc_column][vc_column][\/vc_column][\/vc_row][vc_row][vc_column width=&#8221;1\/2&#8243;][vc_column_text css=&#8221;&#8221;] [&hellip;]<\/p>\n","protected":false},"author":1,"featured_media":0,"parent":0,"menu_order":0,"comment_status":"closed","ping_status":"closed","template":"","meta":{"give_campaign_id":0,"footnotes":""},"class_list":["post-7154","page","type-page","status-publish","hentry"],"yoast_head":"<!-- This site is optimized with the Yoast SEO plugin v27.4 - https:\/\/yoast.com\/product\/yoast-seo-wordpress\/ -->\n<title>Doar - EduMais<\/title>\n<meta name=\"description\" content=\"Doe agora pelo m\u00e9todo de pagamento de sua prefer\u00eancia. 100% da sua doa\u00e7\u00e3o ser\u00e1 destinada aos nossos programas educacionais.\" \/>\n<meta name=\"robots\" content=\"index, follow, max-snippet:-1, max-image-preview:large, max-video-preview:-1\" \/>\n<link rel=\"canonical\" href=\"https:\/\/edumais.org\/pt-br\/doar\/\" \/>\n<meta property=\"og:locale\" content=\"pt_BR\" \/>\n<meta property=\"og:type\" content=\"article\" \/>\n<meta property=\"og:title\" content=\"Doar - EduMais\" \/>\n<meta property=\"og:description\" content=\"Doe agora pelo m\u00e9todo de pagamento de sua prefer\u00eancia. 100% da sua doa\u00e7\u00e3o ser\u00e1 destinada aos nossos programas educacionais.\" \/>\n<meta property=\"og:url\" content=\"https:\/\/edumais.org\/pt-br\/doar\/\" \/>\n<meta property=\"og:site_name\" content=\"EduMais\" \/>\n<meta property=\"article:publisher\" content=\"https:\/\/www.facebook.com\/edumais.org\/\" \/>\n<meta property=\"article:modified_time\" content=\"2026-03-24T19:01:57+00:00\" \/>\n<meta property=\"og:image\" content=\"https:\/\/edumais.org\/wp-content\/uploads\/2026\/03\/Screenshot-2026-03-24-at-12.35.01.png\" \/>\n\t<meta property=\"og:image:width\" content=\"1660\" \/>\n\t<meta property=\"og:image:height\" content=\"1644\" \/>\n\t<meta property=\"og:image:type\" content=\"image\/png\" \/>\n<meta name=\"twitter:card\" content=\"summary_large_image\" \/>\n<meta name=\"twitter:label1\" content=\"Est. tempo de leitura\" \/>\n\t<meta name=\"twitter:data1\" content=\"2 minutos\" \/>\n<script type=\"application\/ld+json\" class=\"yoast-schema-graph\">{\"@context\":\"https:\\\/\\\/schema.org\",\"@graph\":[{\"@type\":\"WebPage\",\"@id\":\"https:\\\/\\\/edumais.org\\\/pt-br\\\/doar\\\/\",\"url\":\"https:\\\/\\\/edumais.org\\\/pt-br\\\/doar\\\/\",\"name\":\"Doar - EduMais\",\"isPartOf\":{\"@id\":\"https:\\\/\\\/edumais.org\\\/pt-br\\\/#website\"},\"primaryImageOfPage\":{\"@id\":\"https:\\\/\\\/edumais.org\\\/pt-br\\\/doar\\\/#primaryimage\"},\"image\":{\"@id\":\"https:\\\/\\\/edumais.org\\\/pt-br\\\/doar\\\/#primaryimage\"},\"thumbnailUrl\":\"https:\\\/\\\/edumais.org\\\/wp-content\\\/uploads\\\/2026\\\/03\\\/Screenshot-2026-03-24-at-12.35.01.png\",\"datePublished\":\"2018-10-21T09:44:39+00:00\",\"dateModified\":\"2026-03-24T19:01:57+00:00\",\"description\":\"Doe agora pelo m\u00e9todo de pagamento de sua prefer\u00eancia. 100% da sua doa\u00e7\u00e3o ser\u00e1 destinada aos nossos programas educacionais.\",\"breadcrumb\":{\"@id\":\"https:\\\/\\\/edumais.org\\\/pt-br\\\/doar\\\/#breadcrumb\"},\"inLanguage\":\"pt-BR\",\"potentialAction\":[{\"@type\":\"ReadAction\",\"target\":[\"https:\\\/\\\/edumais.org\\\/pt-br\\\/doar\\\/\"]}]},{\"@type\":\"ImageObject\",\"inLanguage\":\"pt-BR\",\"@id\":\"https:\\\/\\\/edumais.org\\\/pt-br\\\/doar\\\/#primaryimage\",\"url\":\"https:\\\/\\\/edumais.org\\\/wp-content\\\/uploads\\\/2026\\\/03\\\/Screenshot-2026-03-24-at-12.35.01.png\",\"contentUrl\":\"https:\\\/\\\/edumais.org\\\/wp-content\\\/uploads\\\/2026\\\/03\\\/Screenshot-2026-03-24-at-12.35.01.png\"},{\"@type\":\"BreadcrumbList\",\"@id\":\"https:\\\/\\\/edumais.org\\\/pt-br\\\/doar\\\/#breadcrumb\",\"itemListElement\":[{\"@type\":\"ListItem\",\"position\":1,\"name\":\"Home\",\"item\":\"https:\\\/\\\/edumais.org\\\/pt-br\\\/\"},{\"@type\":\"ListItem\",\"position\":2,\"name\":\"Doar\"}]},{\"@type\":\"WebSite\",\"@id\":\"https:\\\/\\\/edumais.org\\\/pt-br\\\/#website\",\"url\":\"https:\\\/\\\/edumais.org\\\/pt-br\\\/\",\"name\":\"EduMais\",\"description\":\"Volunteer organization in Rio de Janeiro, Brazil, South America\",\"publisher\":{\"@id\":\"https:\\\/\\\/edumais.org\\\/pt-br\\\/#organization\"},\"potentialAction\":[{\"@type\":\"SearchAction\",\"target\":{\"@type\":\"EntryPoint\",\"urlTemplate\":\"https:\\\/\\\/edumais.org\\\/pt-br\\\/?s={search_term_string}\"},\"query-input\":{\"@type\":\"PropertyValueSpecification\",\"valueRequired\":true,\"valueName\":\"search_term_string\"}}],\"inLanguage\":\"pt-BR\"},{\"@type\":\"Organization\",\"@id\":\"https:\\\/\\\/edumais.org\\\/pt-br\\\/#organization\",\"name\":\"EduMais\",\"url\":\"https:\\\/\\\/edumais.org\\\/pt-br\\\/\",\"logo\":{\"@type\":\"ImageObject\",\"inLanguage\":\"pt-BR\",\"@id\":\"https:\\\/\\\/edumais.org\\\/pt-br\\\/#\\\/schema\\\/logo\\\/image\\\/\",\"url\":\"https:\\\/\\\/edumais.org\\\/wp-content\\\/uploads\\\/2016\\\/01\\\/edumais_logo_vector-as-Smart-Object-1.png\",\"contentUrl\":\"https:\\\/\\\/edumais.org\\\/wp-content\\\/uploads\\\/2016\\\/01\\\/edumais_logo_vector-as-Smart-Object-1.png\",\"width\":761,\"height\":361,\"caption\":\"EduMais\"},\"image\":{\"@id\":\"https:\\\/\\\/edumais.org\\\/pt-br\\\/#\\\/schema\\\/logo\\\/image\\\/\"},\"sameAs\":[\"https:\\\/\\\/www.facebook.com\\\/edumais.org\\\/\",\"https:\\\/\\\/www.instagram.com\\\/edumaisrio\\\/?hl=en\",\"https:\\\/\\\/www.linkedin.com\\\/company\\\/edumais.org\\\/\",\"https:\\\/\\\/www.youtube.com\\\/channel\\\/UClbmo2QCD_6JH5iGGEoadag\"]}]}<\/script>\n<!-- \/ Yoast SEO plugin. -->","yoast_head_json":{"title":"Doar - EduMais","description":"Doe agora pelo m\u00e9todo de pagamento de sua prefer\u00eancia. 100% da sua doa\u00e7\u00e3o ser\u00e1 destinada aos nossos programas educacionais.","robots":{"index":"index","follow":"follow","max-snippet":"max-snippet:-1","max-image-preview":"max-image-preview:large","max-video-preview":"max-video-preview:-1"},"canonical":"https:\/\/edumais.org\/pt-br\/doar\/","og_locale":"pt_BR","og_type":"article","og_title":"Doar - EduMais","og_description":"Doe agora pelo m\u00e9todo de pagamento de sua prefer\u00eancia. 100% da sua doa\u00e7\u00e3o ser\u00e1 destinada aos nossos programas educacionais.","og_url":"https:\/\/edumais.org\/pt-br\/doar\/","og_site_name":"EduMais","article_publisher":"https:\/\/www.facebook.com\/edumais.org\/","article_modified_time":"2026-03-24T19:01:57+00:00","og_image":[{"width":1660,"height":1644,"url":"https:\/\/edumais.org\/wp-content\/uploads\/2026\/03\/Screenshot-2026-03-24-at-12.35.01.png","type":"image\/png"}],"twitter_card":"summary_large_image","twitter_misc":{"Est. tempo de leitura":"2 minutos"},"schema":{"@context":"https:\/\/schema.org","@graph":[{"@type":"WebPage","@id":"https:\/\/edumais.org\/pt-br\/doar\/","url":"https:\/\/edumais.org\/pt-br\/doar\/","name":"Doar - EduMais","isPartOf":{"@id":"https:\/\/edumais.org\/pt-br\/#website"},"primaryImageOfPage":{"@id":"https:\/\/edumais.org\/pt-br\/doar\/#primaryimage"},"image":{"@id":"https:\/\/edumais.org\/pt-br\/doar\/#primaryimage"},"thumbnailUrl":"https:\/\/edumais.org\/wp-content\/uploads\/2026\/03\/Screenshot-2026-03-24-at-12.35.01.png","datePublished":"2018-10-21T09:44:39+00:00","dateModified":"2026-03-24T19:01:57+00:00","description":"Doe agora pelo m\u00e9todo de pagamento de sua prefer\u00eancia. 100% da sua doa\u00e7\u00e3o ser\u00e1 destinada aos nossos programas educacionais.","breadcrumb":{"@id":"https:\/\/edumais.org\/pt-br\/doar\/#breadcrumb"},"inLanguage":"pt-BR","potentialAction":[{"@type":"ReadAction","target":["https:\/\/edumais.org\/pt-br\/doar\/"]}]},{"@type":"ImageObject","inLanguage":"pt-BR","@id":"https:\/\/edumais.org\/pt-br\/doar\/#primaryimage","url":"https:\/\/edumais.org\/wp-content\/uploads\/2026\/03\/Screenshot-2026-03-24-at-12.35.01.png","contentUrl":"https:\/\/edumais.org\/wp-content\/uploads\/2026\/03\/Screenshot-2026-03-24-at-12.35.01.png"},{"@type":"BreadcrumbList","@id":"https:\/\/edumais.org\/pt-br\/doar\/#breadcrumb","itemListElement":[{"@type":"ListItem","position":1,"name":"Home","item":"https:\/\/edumais.org\/pt-br\/"},{"@type":"ListItem","position":2,"name":"Doar"}]},{"@type":"WebSite","@id":"https:\/\/edumais.org\/pt-br\/#website","url":"https:\/\/edumais.org\/pt-br\/","name":"EduMais","description":"Volunteer organization in Rio de Janeiro, Brazil, South America","publisher":{"@id":"https:\/\/edumais.org\/pt-br\/#organization"},"potentialAction":[{"@type":"SearchAction","target":{"@type":"EntryPoint","urlTemplate":"https:\/\/edumais.org\/pt-br\/?s={search_term_string}"},"query-input":{"@type":"PropertyValueSpecification","valueRequired":true,"valueName":"search_term_string"}}],"inLanguage":"pt-BR"},{"@type":"Organization","@id":"https:\/\/edumais.org\/pt-br\/#organization","name":"EduMais","url":"https:\/\/edumais.org\/pt-br\/","logo":{"@type":"ImageObject","inLanguage":"pt-BR","@id":"https:\/\/edumais.org\/pt-br\/#\/schema\/logo\/image\/","url":"https:\/\/edumais.org\/wp-content\/uploads\/2016\/01\/edumais_logo_vector-as-Smart-Object-1.png","contentUrl":"https:\/\/edumais.org\/wp-content\/uploads\/2016\/01\/edumais_logo_vector-as-Smart-Object-1.png","width":761,"height":361,"caption":"EduMais"},"image":{"@id":"https:\/\/edumais.org\/pt-br\/#\/schema\/logo\/image\/"},"sameAs":["https:\/\/www.facebook.com\/edumais.org\/","https:\/\/www.instagram.com\/edumaisrio\/?hl=en","https:\/\/www.linkedin.com\/company\/edumais.org\/","https:\/\/www.youtube.com\/channel\/UClbmo2QCD_6JH5iGGEoadag"]}]}},"campaignId":"","_links":{"self":[{"href":"https:\/\/edumais.org\/pt-br\/wp-json\/wp\/v2\/pages\/7154","targetHints":{"allow":["GET"]}}],"collection":[{"href":"https:\/\/edumais.org\/pt-br\/wp-json\/wp\/v2\/pages"}],"about":[{"href":"https:\/\/edumais.org\/pt-br\/wp-json\/wp\/v2\/types\/page"}],"author":[{"embeddable":true,"href":"https:\/\/edumais.org\/pt-br\/wp-json\/wp\/v2\/users\/1"}],"replies":[{"embeddable":true,"href":"https:\/\/edumais.org\/pt-br\/wp-json\/wp\/v2\/comments?post=7154"}],"version-history":[{"count":13,"href":"https:\/\/edumais.org\/pt-br\/wp-json\/wp\/v2\/pages\/7154\/revisions"}],"predecessor-version":[{"id":15366,"href":"https:\/\/edumais.org\/pt-br\/wp-json\/wp\/v2\/pages\/7154\/revisions\/15366"}],"wp:attachment":[{"href":"https:\/\/edumais.org\/pt-br\/wp-json\/wp\/v2\/media?parent=7154"}],"curies":[{"name":"wp","href":"https:\/\/api.w.org\/{rel}","templated":true}]}}