{"id":7094,"date":"2020-04-01T15:50:52","date_gmt":"2020-04-01T18:50:52","guid":{"rendered":"https:\/\/edumais.org\/covid-19-relief-fund-2\/"},"modified":"2020-04-27T09:37:48","modified_gmt":"2020-04-27T12:37:48","slug":"covid-19-relief-fund","status":"publish","type":"page","link":"https:\/\/edumais.org\/pt-br\/arrecadacao\/covid-19-relief-fund\/","title":{"rendered":"COVID-19"},"content":{"rendered":"<div class=\"wpb-content-wrapper\"><p>[vc_row full_width=&#8221;stretch_row_content_no_spaces&#8221;][vc_column]\n\t\t\t<div class=\"page_header lazyload\" style=\"background:inherit;background-size:cover;\" data-bg=\"rgba(0, 0, 0, 0) url(https:\/\/edumais.org\/wp-content\/uploads\/2017\/11\/Banner-Pages-e1573111231458.png) no-repeat center\">\n\t\t\t\t<div class=\"container\">\n\t\t\t\t\t<div class=\"row\">\n\t\t\t\t\t<div class=\"col-sm-12\">\n\t\t\t\t\t\t<p><\/p>\n\t\t\t\t\t\t<h4>Covid-19 fundo de ajuda para Cantagalo-Pav\u00e3o-Pav\u00e3ozinho<\/h4>\n\t\t\t\t\t<\/div>\n\t\t\t\t\t<\/div>\n\t\t\t\t<\/div>\n\t\t\t<\/div>\n\t\t[\/vc_column][\/vc_row][vc_row full_width=&#8221;stretch_row_content&#8221;][vc_column width=&#8221;1\/3&#8243; css=&#8221;.vc_custom_1550495538322{padding-bottom: 25px !important;background-color: #685ca7 !important;}&#8221;][vc_column_text css=&#8221;.vc_custom_1586125980613{padding-right: 50px !important;padding-bottom: 17px !important;padding-left: 50px !important;}&#8221;]<\/p>\n<div class=\"top-inner\">\n<h4>Alimente uma fam\u00edlia por R$60<\/h4>\n<\/div>\n<p>[\/vc_column_text][vc_column_text css=&#8221;.vc_custom_1586126229678{padding-right: 50px !important;padding-bottom: 17px !important;padding-left: 50px !important;}&#8221;]<span style=\"color: #ffffff;\">Salve vidas comprando uma cesta b\u00e1sica de 14 itens alimentares essenciais<\/span>[\/vc_column_text][vc_column_text css=&#8221;.vc_custom_1587222819278{padding-right: 50px !important;padding-left: 50px !important;}&#8221;]<span style=\"color: #000000;\"><a class=\"btn btn-xs btn-dark\" style=\"color: #000000;\" href=\"https:\/\/edumais.org\/pt-br\/donate\/\">Doe agora<\/a><\/span>[\/vc_column_text][\/vc_column][vc_column width=&#8221;1\/3&#8243; css=&#8221;.vc_custom_1550495495564{padding-bottom: 25px !important;background-color: #f17534 !important;}&#8221;][vc_column_text css=&#8221;.vc_custom_1586140650080{padding-right: 50px !important;padding-bottom: 17px !important;padding-left: 50px !important;}&#8221;]<\/p>\n<div class=\"top-inner\">\n<h4><b>Forne\u00e7a ao mesmo tempo higieniza\u00e7\u00e3o\u00a0<\/b><\/h4>\n<\/div>\n<p>[\/vc_column_text][vc_column_text css=&#8221;.vc_custom_1586126373136{padding-right: 50px !important;padding-bottom: 17px !important;padding-left: 50px !important;}&#8221;]<span style=\"color: #ffffff;\">Ajude a impedir a propaga\u00e7\u00e3o do Covid-19, pois a cesta inclui 8 produtos vitais de higiene<\/span>[\/vc_column_text][vc_column_text css=&#8221;.vc_custom_1587222831380{padding-right: 50px !important;padding-left: 50px !important;}&#8221;]<a class=\"btn btn-xs btn-dark\" href=\"https:\/\/edumais.org\/pt-br\/donate\/\">Doe hoje<\/a>[\/vc_column_text][\/vc_column][vc_column width=&#8221;1\/3&#8243; css=&#8221;.vc_custom_1550495518549{padding-bottom: 25px !important;background-color: #9cca46 !important;}&#8221;][vc_column_text css=&#8221;.vc_custom_1586140668934{padding-right: 50px !important;padding-bottom: 17px !important;padding-left: 50px !important;}&#8221;]<\/p>\n<div class=\"top-inner\">\n<h4>Apoie a educa\u00e7\u00e3o online dos nossos alunos<\/h4>\n<\/div>\n<p>[\/vc_column_text][vc_column_text css=&#8221;.vc_custom_1586141231756{padding-right: 50px !important;padding-bottom: 17px !important;padding-left: 50px !important;}&#8221;]<span style=\"color: #ffffff;\">Permita que <span lang=\"pt\">crian\u00e7as continuem estudando<\/span>, mesmo com o fechamento das escolas<\/span>[\/vc_column_text][vc_column_text css=&#8221;.vc_custom_1587222845526{padding-right: 50px !important;padding-left: 50px !important;}&#8221;]<a class=\"btn btn-xs btn-dark\" href=\"https:\/\/edumais.org\/pt-br\/donate\/\">Doe mensalmente<\/a>[\/vc_column_text][\/vc_column][\/vc_row][vc_row full_width=&#8221;stretch_row&#8221; css=&#8221;.vc_custom_1585919785272{padding-top: 65px !important;padding-bottom: 0px !important;background: #ffffff url(http:\/\/fluentthemes.com\/wp\/donor\/wp-content\/uploads\/2017\/09\/rectangle_3-1.jpg?id=107) !important;}&#8221;][vc_column width=&#8221;1\/2&#8243; css=&#8221;.vc_custom_1544956032340{padding-bottom: 10px !important;}&#8221;]<div class=\"poverty-progress\">\n\t\t\t\t\t<h4> <span class=\"primary-color text-uppercase\"><b>Covid-19<\/b><\/span><\/h4>\n\t\t\t\t\t<p><\/p>\n\t\t\t   <\/div>\n\t\t\t[vc_column_text css=&#8221;.vc_custom_1586140769003{padding-top: 20px !important;padding-bottom: 40px !important;}&#8221;]<\/p>\n<h2 id=\"tw-target-text\" class=\"tw-data-text tw-text-large tw-ta\" dir=\"ltr\" data-placeholder=\"Translation\"><span lang=\"pt\">O COVID-19 est\u00e1 causando um impacto devastador nas favelas:<\/span><\/h2>\n<p>&nbsp;<\/p>\n<p><span style=\"color: #000000;\">\u2022 A maioria das pessoas <strong>perdeu toda renda<\/strong><br \/>\n<\/span><\/p>\n<p><span style=\"color: #000000;\">\u2022 <strong>N\u00e3o h\u00e1 dinheiro<\/strong> para alimentos ou produtos sanit\u00e1rios<\/span><\/p>\n<p><span style=\"color: #000000;\">\u2022 <strong>Isolamento social \u00e9 imposs\u00edvel<\/strong> em espa\u00e7os apertados<br \/>\n<\/span><\/p>\n<p><span style=\"color: #000000;\">\u2022 Servi\u00e7os de sa\u00fade s\u00e3o muito limitados e testes s\u00e3o inexistentes<\/span><\/p>\n<p><span style=\"color: #000000;\">\u2022 Todas as aulas est\u00e3o sendo realizadas online<br \/>\n<\/span><\/p>\n<h3><\/h3>\n<h3><\/h3>\n<p>[\/vc_column_text][\/vc_column][vc_column width=&#8221;1\/2&#8243;][vc_column_text]<\/p>\n<div style=\"width: 750px;\" class=\"wp-video\"><video class=\"wp-video-shortcode\" id=\"video-7094-1\" width=\"750\" height=\"422\" poster=\"https:\/\/edumais.org\/wp-content\/uploads\/2016\/01\/thumbnail-for-edumais-ngo-rio-de-janeiro-video.jpg\" preload=\"metadata\" controls=\"controls\"><source type=\"video\/mp4\" src=\"https:\/\/edumais.org\/wp-content\/uploads\/2016\/01\/Untitled-Project-\u2010-Made-with-Clipchamp.mp4?_=1\" \/><a href=\"https:\/\/edumais.org\/wp-content\/uploads\/2016\/01\/Untitled-Project-\u2010-Made-with-Clipchamp.mp4\">https:\/\/edumais.org\/wp-content\/uploads\/2016\/01\/Untitled-Project-\u2010-Made-with-Clipchamp.mp4<\/a><\/video><\/div>\n<p>[\/vc_column_text][\/vc_column][\/vc_row][vc_row full_width=&#8221;stretch_row&#8221; css=&#8221;.vc_custom_1585919711895{padding-top: 35px !important;padding-bottom: 25px !important;background: #ffffff url(http:\/\/fluentthemes.com\/wp\/donor\/wp-content\/uploads\/2017\/09\/rectangle_3-1.jpg?id=107) !important;}&#8221;][vc_column css=&#8221;.vc_custom_1544956032340{padding-bottom: 10px !important;}&#8221;][vc_column_text css=&#8221;.vc_custom_1587222864548{padding-bottom: 15px !important;}&#8221;]<\/p>\n<h3 style=\"text-align: center;\">Apoie os alunos da EduMais e as 170 fam\u00edlias mais carentes da comunidade nessa situa\u00e7\u00e3o desesperadora.<\/h3>\n<p>[\/vc_column_text][vc_column_text css=&#8221;.vc_custom_1586140944872{padding-top: 15px !important;padding-bottom: 15px !important;}&#8221;]<\/p>\n<h4 style=\"text-align: center;\">Por apenas R$60, forne\u00e7a 14 alimentos n\u00e3o perec\u00edveis e 8 produtos sanit\u00e1rios necess\u00e1rios para quem mais precisa.<\/h4>\n<p>[\/vc_column_text][vc_column_text css=&#8221;.vc_custom_1587222919394{padding-top: 25px !important;}&#8221;]<\/p>\n<p style=\"text-align: center;\"><a class=\"btndonate\" href=\"https:\/\/edumais.org\/pt-br\/donate\/\">Doe agora<\/a><\/p>\n<p>[\/vc_column_text][vc_column_text css=&#8221;.vc_custom_1586141043252{padding-top: 20px !important;}&#8221;]<\/p>\n<p style=\"text-align: center;\">Aos que n\u00e3o puderem doar R$60, qualquer quantia ser\u00e1 bem vinda.<\/p>\n<p>[\/vc_column_text][\/vc_column][\/vc_row][vc_row full_width=&#8221;stretch_row_content_no_spaces&#8221; css=&#8221;.vc_custom_1585767879495{padding-bottom: 40px !important;}&#8221;][vc_column]<div class=\"clearfix\"><\/div><div class=\"home-stats\">\n\t\t\t\t<div class=\"container\">\n\t\t\t\t\t<div class=\"row\"><div class=\"col-sm-2\">\n\t\t\t\t\t\t<p ><span >441<\/span><br>Alunos<\/p>\n\t\t\t\t\t   <\/div><div class=\"col-sm-2\">\n\t\t\t\t\t\t<p ><span >170<\/span><br>Fam\u00edlias<\/p>\n\t\t\t\t\t   <\/div><div class=\"col-sm-2\">\n\t\t\t\t\t\t<p ><span >14<\/span><br>Alimentos<\/p>\n\t\t\t\t\t   <\/div><div class=\"col-sm-2\">\n\t\t\t\t\t\t<p ><span >8<\/span><br>Itens de higieniza\u00e7\u00e3o<\/p>\n\t\t\t\t\t   <\/div><\/div>\n\t\t\t\t<\/div>\n\t\t       <\/div>[\/vc_column][\/vc_row][vc_row full_width=&#8221;stretch_row_content_no_spaces&#8221; css=&#8221;.vc_custom_1585867363792{padding-top: 0px !important;padding-bottom: 25px !important;}&#8221;][vc_column]\n\t\t\t<div class=\"urgent-causes\">\n\t\t\t\t<div class=\"container\">\n\t\t\t\t\t<div class=\"posts\">\n\t\t\t\t\t\t<div class=\"row center-content\">\n\t\t\t\t\t\t\t<div class=\"col-sm-5\">\n\t\t\t\t\t\t\t\t<div class=\"urgent-causes-bg lazyload\" style=\"background:inherit; background-size:cover\" data-bg=\"url(https:\/\/edumais.org\/wp-content\/uploads\/2020\/02\/Davi-Summer-Camp-2020.jpeg) no-repeat center center\">\n\t\t\t\t\t\t\t\t<\/div>\n\t\t\t\t\t\t\t<\/div>\n\t\t\t\t\t\t\t\n\t\t\t\t\t\t\t<div class=\"col-sm-7\">\n\t\t\t\t\t\t\t\t<div class=\"wrap\">\n\t\t\t\t\t\t\t\t\t<img decoding=\"async\" class=\"flag\" src=\"\" alt=\"\">\n\t\t\t\t\t\t\t\t\t<span><\/span>\n\t\t\t\t\t\t\t\t\t<h4>Covid-19 Fundo de Ajuda<\/h4>\n\t\t\t\t\t\t\t\t<\/div>\n\t\t\t\t\t\t\t\t<p>O valor arrecadado para apoiar os moradores de Cantagalo-Pav\u00e3o-Pav\u00e3ozinho at\u00e9 agora. O c\u00e1lculo da porcentagem \u00e9 baseado na previs\u00e3o de que os suprimentos ser\u00e3o necess\u00e1rios por 3 meses, embora isso possa aumentar.<\/p>\n\t\t\t\t\t\t\t\t<div class=\"group\">\n\n\t\t\t\t\t\t\t\t\t<div class=\"progress-circle urgent_cause_circle\"><small>95%<\/small><\/div>\t\t\t\t\t\t\n\n\t\t\t\t\t\t\t\t\t<em class=\"hide-content\">Meta <span class=\"text-style\">R$36,660\/m\u00eas<\/span><\/em>\n\t\t\t\t\t\t\t\t\t<a href=\"https:\/\/edumais.org\/pt-br\/donate\/\" class=\"btn\">\n\t\t\t\t\t\t\t\t\t\tDoe\n\t\t\t\t\t\t\t\t\t<\/a>\n\t\t\t\t\t\t\t\t<\/div>\n\t\t\t\t\t\t\t<\/div>\n\t\t\t\t\t\t<\/div>\n\t\t\t\t\t<\/div>\n\t\t\t\t<\/div>\n\t\t\t<\/div>\n\t\t\t[\/vc_column][\/vc_row]<\/p>\n<\/div>","protected":false},"excerpt":{"rendered":"<p>[vc_row full_width=&#8221;stretch_row_content_no_spaces&#8221;][vc_column][\/vc_column][\/vc_row][vc_row full_width=&#8221;stretch_row_content&#8221;][vc_column width=&#8221;1\/3&#8243; css=&#8221;.vc_custom_1550495538322{padding-bottom: 25px !important;background-color: #685ca7 !important;}&#8221;][vc_column_text css=&#8221;.vc_custom_1586125980613{padding-right: 50px !important;padding-bottom: 17px !important;padding-left: 50px !important;}&#8221;] Alimente [&hellip;]<\/p>\n","protected":false},"author":6,"featured_media":6804,"parent":7225,"menu_order":0,"comment_status":"closed","ping_status":"closed","template":"page-vc.php","meta":{"give_campaign_id":0,"footnotes":""},"class_list":["post-7094","page","type-page","status-publish","has-post-thumbnail","hentry"],"yoast_head":"<!-- This site is optimized with the Yoast SEO plugin v27.4 - https:\/\/yoast.com\/product\/yoast-seo-wordpress\/ -->\n<title>Covid-19 Relief Fund for Favelas in Rio de Janeiro<\/title>\n<meta name=\"description\" content=\"Covid-19 is having a devastating impact in the favelas. Save lives for just \u20ac11 by donating a basket of 14 essential food items and 8 sanitary products.\" \/>\n<meta name=\"robots\" content=\"index, follow, max-snippet:-1, max-image-preview:large, max-video-preview:-1\" \/>\n<link rel=\"canonical\" href=\"https:\/\/edumais.org\/pt-br\/arrecadacao\/covid-19-relief-fund\/\" \/>\n<meta property=\"og:locale\" content=\"pt_BR\" \/>\n<meta property=\"og:type\" content=\"article\" \/>\n<meta property=\"og:title\" content=\"Covid-19 Relief Fund for Favelas in Rio de Janeiro\" \/>\n<meta property=\"og:description\" content=\"Covid-19 is having a devastating impact in the favelas. Save lives for just \u20ac11 by donating a basket of 14 essential food items and 8 sanitary products.\" \/>\n<meta property=\"og:url\" content=\"https:\/\/edumais.org\/pt-br\/arrecadacao\/covid-19-relief-fund\/\" \/>\n<meta property=\"og:site_name\" content=\"EduMais\" \/>\n<meta property=\"article:publisher\" content=\"https:\/\/www.facebook.com\/edumais.org\/\" \/>\n<meta property=\"article:modified_time\" content=\"2020-04-27T12:37:48+00:00\" \/>\n<meta property=\"og:image\" content=\"https:\/\/edumais.org\/wp-content\/uploads\/2020\/03\/E3A9C0B9-0F82-49D0-B652-4DCC2CE37DAA.jpeg\" \/>\n\t<meta property=\"og:image:width\" content=\"1600\" \/>\n\t<meta property=\"og:image:height\" content=\"1200\" \/>\n\t<meta property=\"og:image:type\" content=\"image\/jpeg\" \/>\n<meta name=\"twitter:card\" content=\"summary_large_image\" \/>\n<meta name=\"twitter:label1\" content=\"Est. tempo de leitura\" \/>\n\t<meta name=\"twitter:data1\" content=\"4 minutos\" \/>\n<script type=\"application\/ld+json\" class=\"yoast-schema-graph\">{\"@context\":\"https:\\\/\\\/schema.org\",\"@graph\":[{\"@type\":\"WebPage\",\"@id\":\"https:\\\/\\\/edumais.org\\\/pt-br\\\/arrecadacao\\\/covid-19-relief-fund\\\/\",\"url\":\"https:\\\/\\\/edumais.org\\\/pt-br\\\/arrecadacao\\\/covid-19-relief-fund\\\/\",\"name\":\"Covid-19 Relief Fund for Favelas in Rio de Janeiro\",\"isPartOf\":{\"@id\":\"https:\\\/\\\/edumais.org\\\/pt-br\\\/#website\"},\"primaryImageOfPage\":{\"@id\":\"https:\\\/\\\/edumais.org\\\/pt-br\\\/arrecadacao\\\/covid-19-relief-fund\\\/#primaryimage\"},\"image\":{\"@id\":\"https:\\\/\\\/edumais.org\\\/pt-br\\\/arrecadacao\\\/covid-19-relief-fund\\\/#primaryimage\"},\"thumbnailUrl\":\"https:\\\/\\\/edumais.org\\\/wp-content\\\/uploads\\\/2020\\\/03\\\/E3A9C0B9-0F82-49D0-B652-4DCC2CE37DAA.jpeg\",\"datePublished\":\"2020-04-01T18:50:52+00:00\",\"dateModified\":\"2020-04-27T12:37:48+00:00\",\"description\":\"Covid-19 is having a devastating impact in the favelas. Save lives for just \u20ac11 by donating a basket of 14 essential food items and 8 sanitary products.\",\"breadcrumb\":{\"@id\":\"https:\\\/\\\/edumais.org\\\/pt-br\\\/arrecadacao\\\/covid-19-relief-fund\\\/#breadcrumb\"},\"inLanguage\":\"pt-BR\",\"potentialAction\":[{\"@type\":\"ReadAction\",\"target\":[\"https:\\\/\\\/edumais.org\\\/pt-br\\\/arrecadacao\\\/covid-19-relief-fund\\\/\"]}]},{\"@type\":\"ImageObject\",\"inLanguage\":\"pt-BR\",\"@id\":\"https:\\\/\\\/edumais.org\\\/pt-br\\\/arrecadacao\\\/covid-19-relief-fund\\\/#primaryimage\",\"url\":\"https:\\\/\\\/edumais.org\\\/wp-content\\\/uploads\\\/2020\\\/03\\\/E3A9C0B9-0F82-49D0-B652-4DCC2CE37DAA.jpeg\",\"contentUrl\":\"https:\\\/\\\/edumais.org\\\/wp-content\\\/uploads\\\/2020\\\/03\\\/E3A9C0B9-0F82-49D0-B652-4DCC2CE37DAA.jpeg\",\"width\":1600,\"height\":1200},{\"@type\":\"BreadcrumbList\",\"@id\":\"https:\\\/\\\/edumais.org\\\/pt-br\\\/arrecadacao\\\/covid-19-relief-fund\\\/#breadcrumb\",\"itemListElement\":[{\"@type\":\"ListItem\",\"position\":1,\"name\":\"Home\",\"item\":\"https:\\\/\\\/edumais.org\\\/pt-br\\\/\"},{\"@type\":\"ListItem\",\"position\":2,\"name\":\"Arrecada\u00e7\u00e3o\",\"item\":\"https:\\\/\\\/edumais.org\\\/pt-br\\\/arrecadacao\\\/\"},{\"@type\":\"ListItem\",\"position\":3,\"name\":\"COVID-19\"}]},{\"@type\":\"WebSite\",\"@id\":\"https:\\\/\\\/edumais.org\\\/pt-br\\\/#website\",\"url\":\"https:\\\/\\\/edumais.org\\\/pt-br\\\/\",\"name\":\"EduMais\",\"description\":\"Volunteer organization in Rio de Janeiro, Brazil, South America\",\"publisher\":{\"@id\":\"https:\\\/\\\/edumais.org\\\/pt-br\\\/#organization\"},\"potentialAction\":[{\"@type\":\"SearchAction\",\"target\":{\"@type\":\"EntryPoint\",\"urlTemplate\":\"https:\\\/\\\/edumais.org\\\/pt-br\\\/?s={search_term_string}\"},\"query-input\":{\"@type\":\"PropertyValueSpecification\",\"valueRequired\":true,\"valueName\":\"search_term_string\"}}],\"inLanguage\":\"pt-BR\"},{\"@type\":\"Organization\",\"@id\":\"https:\\\/\\\/edumais.org\\\/pt-br\\\/#organization\",\"name\":\"EduMais\",\"url\":\"https:\\\/\\\/edumais.org\\\/pt-br\\\/\",\"logo\":{\"@type\":\"ImageObject\",\"inLanguage\":\"pt-BR\",\"@id\":\"https:\\\/\\\/edumais.org\\\/pt-br\\\/#\\\/schema\\\/logo\\\/image\\\/\",\"url\":\"https:\\\/\\\/edumais.org\\\/wp-content\\\/uploads\\\/2016\\\/01\\\/edumais_logo_vector-as-Smart-Object-1.png\",\"contentUrl\":\"https:\\\/\\\/edumais.org\\\/wp-content\\\/uploads\\\/2016\\\/01\\\/edumais_logo_vector-as-Smart-Object-1.png\",\"width\":761,\"height\":361,\"caption\":\"EduMais\"},\"image\":{\"@id\":\"https:\\\/\\\/edumais.org\\\/pt-br\\\/#\\\/schema\\\/logo\\\/image\\\/\"},\"sameAs\":[\"https:\\\/\\\/www.facebook.com\\\/edumais.org\\\/\",\"https:\\\/\\\/www.instagram.com\\\/edumaisrio\\\/?hl=en\",\"https:\\\/\\\/www.linkedin.com\\\/company\\\/edumais.org\\\/\",\"https:\\\/\\\/www.youtube.com\\\/channel\\\/UClbmo2QCD_6JH5iGGEoadag\"]}]}<\/script>\n<!-- \/ Yoast SEO plugin. -->","yoast_head_json":{"title":"Covid-19 Relief Fund for Favelas in Rio de Janeiro","description":"Covid-19 is having a devastating impact in the favelas. Save lives for just \u20ac11 by donating a basket of 14 essential food items and 8 sanitary products.","robots":{"index":"index","follow":"follow","max-snippet":"max-snippet:-1","max-image-preview":"max-image-preview:large","max-video-preview":"max-video-preview:-1"},"canonical":"https:\/\/edumais.org\/pt-br\/arrecadacao\/covid-19-relief-fund\/","og_locale":"pt_BR","og_type":"article","og_title":"Covid-19 Relief Fund for Favelas in Rio de Janeiro","og_description":"Covid-19 is having a devastating impact in the favelas. Save lives for just \u20ac11 by donating a basket of 14 essential food items and 8 sanitary products.","og_url":"https:\/\/edumais.org\/pt-br\/arrecadacao\/covid-19-relief-fund\/","og_site_name":"EduMais","article_publisher":"https:\/\/www.facebook.com\/edumais.org\/","article_modified_time":"2020-04-27T12:37:48+00:00","og_image":[{"width":1600,"height":1200,"url":"https:\/\/edumais.org\/wp-content\/uploads\/2020\/03\/E3A9C0B9-0F82-49D0-B652-4DCC2CE37DAA.jpeg","type":"image\/jpeg"}],"twitter_card":"summary_large_image","twitter_misc":{"Est. tempo de leitura":"4 minutos"},"schema":{"@context":"https:\/\/schema.org","@graph":[{"@type":"WebPage","@id":"https:\/\/edumais.org\/pt-br\/arrecadacao\/covid-19-relief-fund\/","url":"https:\/\/edumais.org\/pt-br\/arrecadacao\/covid-19-relief-fund\/","name":"Covid-19 Relief Fund for Favelas in Rio de Janeiro","isPartOf":{"@id":"https:\/\/edumais.org\/pt-br\/#website"},"primaryImageOfPage":{"@id":"https:\/\/edumais.org\/pt-br\/arrecadacao\/covid-19-relief-fund\/#primaryimage"},"image":{"@id":"https:\/\/edumais.org\/pt-br\/arrecadacao\/covid-19-relief-fund\/#primaryimage"},"thumbnailUrl":"https:\/\/edumais.org\/wp-content\/uploads\/2020\/03\/E3A9C0B9-0F82-49D0-B652-4DCC2CE37DAA.jpeg","datePublished":"2020-04-01T18:50:52+00:00","dateModified":"2020-04-27T12:37:48+00:00","description":"Covid-19 is having a devastating impact in the favelas. Save lives for just \u20ac11 by donating a basket of 14 essential food items and 8 sanitary products.","breadcrumb":{"@id":"https:\/\/edumais.org\/pt-br\/arrecadacao\/covid-19-relief-fund\/#breadcrumb"},"inLanguage":"pt-BR","potentialAction":[{"@type":"ReadAction","target":["https:\/\/edumais.org\/pt-br\/arrecadacao\/covid-19-relief-fund\/"]}]},{"@type":"ImageObject","inLanguage":"pt-BR","@id":"https:\/\/edumais.org\/pt-br\/arrecadacao\/covid-19-relief-fund\/#primaryimage","url":"https:\/\/edumais.org\/wp-content\/uploads\/2020\/03\/E3A9C0B9-0F82-49D0-B652-4DCC2CE37DAA.jpeg","contentUrl":"https:\/\/edumais.org\/wp-content\/uploads\/2020\/03\/E3A9C0B9-0F82-49D0-B652-4DCC2CE37DAA.jpeg","width":1600,"height":1200},{"@type":"BreadcrumbList","@id":"https:\/\/edumais.org\/pt-br\/arrecadacao\/covid-19-relief-fund\/#breadcrumb","itemListElement":[{"@type":"ListItem","position":1,"name":"Home","item":"https:\/\/edumais.org\/pt-br\/"},{"@type":"ListItem","position":2,"name":"Arrecada\u00e7\u00e3o","item":"https:\/\/edumais.org\/pt-br\/arrecadacao\/"},{"@type":"ListItem","position":3,"name":"COVID-19"}]},{"@type":"WebSite","@id":"https:\/\/edumais.org\/pt-br\/#website","url":"https:\/\/edumais.org\/pt-br\/","name":"EduMais","description":"Volunteer organization in Rio de Janeiro, Brazil, South America","publisher":{"@id":"https:\/\/edumais.org\/pt-br\/#organization"},"potentialAction":[{"@type":"SearchAction","target":{"@type":"EntryPoint","urlTemplate":"https:\/\/edumais.org\/pt-br\/?s={search_term_string}"},"query-input":{"@type":"PropertyValueSpecification","valueRequired":true,"valueName":"search_term_string"}}],"inLanguage":"pt-BR"},{"@type":"Organization","@id":"https:\/\/edumais.org\/pt-br\/#organization","name":"EduMais","url":"https:\/\/edumais.org\/pt-br\/","logo":{"@type":"ImageObject","inLanguage":"pt-BR","@id":"https:\/\/edumais.org\/pt-br\/#\/schema\/logo\/image\/","url":"https:\/\/edumais.org\/wp-content\/uploads\/2016\/01\/edumais_logo_vector-as-Smart-Object-1.png","contentUrl":"https:\/\/edumais.org\/wp-content\/uploads\/2016\/01\/edumais_logo_vector-as-Smart-Object-1.png","width":761,"height":361,"caption":"EduMais"},"image":{"@id":"https:\/\/edumais.org\/pt-br\/#\/schema\/logo\/image\/"},"sameAs":["https:\/\/www.facebook.com\/edumais.org\/","https:\/\/www.instagram.com\/edumaisrio\/?hl=en","https:\/\/www.linkedin.com\/company\/edumais.org\/","https:\/\/www.youtube.com\/channel\/UClbmo2QCD_6JH5iGGEoadag"]}]}},"campaignId":"","_links":{"self":[{"href":"https:\/\/edumais.org\/pt-br\/wp-json\/wp\/v2\/pages\/7094","targetHints":{"allow":["GET"]}}],"collection":[{"href":"https:\/\/edumais.org\/pt-br\/wp-json\/wp\/v2\/pages"}],"about":[{"href":"https:\/\/edumais.org\/pt-br\/wp-json\/wp\/v2\/types\/page"}],"author":[{"embeddable":true,"href":"https:\/\/edumais.org\/pt-br\/wp-json\/wp\/v2\/users\/6"}],"replies":[{"embeddable":true,"href":"https:\/\/edumais.org\/pt-br\/wp-json\/wp\/v2\/comments?post=7094"}],"version-history":[{"count":8,"href":"https:\/\/edumais.org\/pt-br\/wp-json\/wp\/v2\/pages\/7094\/revisions"}],"predecessor-version":[{"id":7478,"href":"https:\/\/edumais.org\/pt-br\/wp-json\/wp\/v2\/pages\/7094\/revisions\/7478"}],"up":[{"embeddable":true,"href":"https:\/\/edumais.org\/pt-br\/wp-json\/wp\/v2\/pages\/7225"}],"wp:featuredmedia":[{"embeddable":true,"href":"https:\/\/edumais.org\/pt-br\/wp-json\/wp\/v2\/media\/6804"}],"wp:attachment":[{"href":"https:\/\/edumais.org\/pt-br\/wp-json\/wp\/v2\/media?parent=7094"}],"curies":[{"name":"wp","href":"https:\/\/api.w.org\/{rel}","templated":true}]}}