{"id":6846,"date":"2020-06-07T10:05:52","date_gmt":"2020-06-07T13:05:52","guid":{"rendered":"https:\/\/edumais.org\/?page_id=6846"},"modified":"2026-03-25T15:35:50","modified_gmt":"2026-03-25T18:35:50","slug":"missao","status":"publish","type":"page","link":"https:\/\/edumais.org\/pt-br\/missao\/","title":{"rendered":"Miss\u00e3o"},"content":{"rendered":"<div class=\"wpb-content-wrapper\"><p>[vc_row full_width=&#8221;stretch_row&#8221; content_placement=&#8221;middle&#8221; css=&#8221;.vc_custom_1550496603728{padding-top: 25px !important;padding-bottom: 35px !important;background-color: #ffffff !important;}&#8221;][vc_column width=&#8221;1\/2&#8243;]<div class=\"poverty-progress\">\n\t\t\t\t\t<h4>Ajude jovens talentosos e em situa\u00e7\u00e3o de vulnerabilidade no Brasil a desenvolver habilidades <span class=\"primary-color text-uppercase\"><b>para o s\u00e9culo 21 e para o mercado de trabalho<\/b><\/span><\/h4>\n\t\t\t\t\t<p><\/p>\n\t\t\t   <\/div>\n\t\t\t[vc_column_text css=&#8221;&#8221;]Fundada em 2016, a EduMais \u00e9 uma organiza\u00e7\u00e3o sem fins lucrativos com sede no Rio de Janeiro, Brasil. Oferecemos educa\u00e7\u00e3o gratuita e de alta qualidade para crian\u00e7as e jovens das favelas do Pav\u00e3o-Pav\u00e3ozinho, Cantagalo e Tabajaras.<\/p>\n<p>Apesar de crescerem em meio \u00e0 pobreza, nossos alunos s\u00e3o cheios de talento e potencial. O que lhes falta \u00e9 acesso a oportunidades. A EduMais lhes d\u00e1 as ferramentas para criar um futuro melhor &#8211; longe da viol\u00eancia, das drogas e da desigualdade &#8211; por meio de uma educa\u00e7\u00e3o que os prepara para hoje e para o amanh\u00e3.<\/p>\n<h3><strong>Preparando para um Futuro Incerto<\/strong><\/h3>\n<p>Os empregos do futuro est\u00e3o mudando rapidamente &#8211; pesquisas mostram que mais de 70% dos empregos em 2030 ainda nem existem. Por isso, a EduMais capacita os jovens com habilidades do s\u00e9culo 21 em tr\u00eas \u00e1reas vitais:<\/p>\n<p>* Habilidades de aprendizagem e inova\u00e7\u00e3o &#8211; criatividade, colabora\u00e7\u00e3o, pensamento cr\u00edtico e resolu\u00e7\u00e3o de problemas.<br \/>\n* Habilidades digitais &#8211; programa\u00e7\u00e3o, design de sites e jogos, e flu\u00eancia tecnol\u00f3gica.<br \/>\n* Habilidades para a carreira e para a vida &#8211; ingl\u00eas, empreendedorismo e desenvolvimento pessoal.<\/p>\n<p>Essas habilidades abrem portas, desbloqueiam oportunidades e preparam nossos alunos para prosperar na era digital.<\/p>\n<h3><strong>Educa\u00e7\u00e3o que Cura e Empodera<\/strong><\/h3>\n<p>Todos os nossos programas s\u00e3o baseados na Disciplina Positiva e em uma abordagem sens\u00edvel ao trauma. Isso significa que os alunos n\u00e3o s\u00f3 aprendem academicamente, mas tamb\u00e9m desenvolvem habilidades sociais e emocionais para crescer, se conectar e se curar. Na EduMais, educa\u00e7\u00e3o \u00e9 um ato de amor &#8211; ajudando as crian\u00e7as a descobrir suas for\u00e7as e acreditar em si mesmas.<\/p>\n<h3><strong>Movida por Volunt\u00e1rios, Sustentada por Doadores<\/strong><\/h3>\n<p>A EduMais funciona com um modelo de baixo custo gra\u00e7as \u00e0 dedica\u00e7\u00e3o de nossos volunt\u00e1rios e a parcerias fortes com ONGs locais como o Solar Meninos de Luz, Museu de Favela e Associa\u00e7\u00e3o Futuro Legal. Todos os programas s\u00e3o oferecidos gratuitamente aos nossos alunos, mas isso s\u00f3 \u00e9 poss\u00edvel gra\u00e7as \u00e0 generosidade de doadores e apoiadores ao redor do mundo.<\/p>\n<h3><strong>Contribuindo para os Objetivos Globais<\/strong><\/h3>\n<p>Por meio do nosso trabalho, a EduMais avan\u00e7a os Objetivos de Desenvolvimento Sustent\u00e1vel (ODS) das Na\u00e7\u00f5es Unidas:<\/p>\n<p>* Educa\u00e7\u00e3o de Qualidade<br \/>\n* Igualdade de G\u00eanero<br \/>\n* Redu\u00e7\u00e3o das Desigualdades<br \/>\n* Parcerias para os Objetivos[\/vc_column_text]\n\t\t<a href=\"https:\/\/edumais.org\/pt-br\/donate\/\" class=\"btn btn-lg more btn-color\">\n\t\t\tDoar agora\n\t\t<\/a>\n\t\t\n\t\t<style>\n\t\t.btn-color{\n\t\t\tcolor:;\n\t\t\tbackground-color:;\n\t\t}\n\n\t\t.btn-color:hover{\n\t\t\tcolor:  !important;\n\t\t\tborder: 2px solid ;\n\n\t\t}\n\t\t<\/style>\n\t[\/vc_column][vc_column width=&#8221;1\/2&#8243; css=&#8221;.vc_custom_1549883439766{padding-top: 10px !important;}&#8221;][vc_single_image image=&#8221;13639&#8243; img_size=&#8221;500&#215;580&#8243; alignment=&#8221;center&#8221; css=&#8221;&#8221;][\/vc_column][\/vc_row][vc_row full_width=&#8221;stretch_row&#8221; content_placement=&#8221;middle&#8221; css=&#8221;.vc_custom_1550496765278{padding-top: 25px !important;padding-bottom: 35px !important;background-color: #f8f8f8 !important;}&#8221;][vc_column width=&#8221;1\/2&#8243; css=&#8221;.vc_custom_1540039286346{padding-top: 20px !important;}&#8221;][vc_single_image image=&#8221;14316&#8243; img_size=&#8221;420&#215;330&#8243; alignment=&#8221;center&#8221; css=&#8221;&#8221;][\/vc_column][vc_column width=&#8221;1\/2&#8243;]<div class=\"poverty-progress\">\n\t\t\t\t\t<h4>Como alcan\u00e7amos <span class=\"primary-color text-uppercase\"><b>NOSSOS OBJETIVOS?<\/b><\/span><\/h4>\n\t\t\t\t\t<p><\/p>\n\t\t\t   <\/div>\n\t\t\t[vc_column_text css=&#8221;&#8221;]<\/p>\n<ul>\n<li>Parceria com uma escola local (Solar Meninos de Luz)<\/li>\n<li>Acesso a todas as instala\u00e7\u00f5es do Solar, Museu de Favela, e Associa\u00e7\u00e3o Futuro Legal (em Tabajaras)<\/li>\n<li>Nossa metodologia: <strong>Disciplina Positiva<\/strong><\/li>\n<li>9 programas diferentes de auto-desenvolvimento<\/li>\n<li>Avalia\u00e7\u00e3o curricular e desenvolvimento para melhor atender \u00e0s necessidades educacionais das crian\u00e7as, constantes<\/li>\n<li>Um time dedicado de 10 professores e volunt\u00e1rios por dia<\/li>\n<li>Medindo, tra\u00e7ando e registrando o desenvolvimento das crian\u00e7as<\/li>\n<li>Reuni\u00f5es regulares com os pais, professores e membros da comunidade para entender as necessidades atuais<\/li>\n<li>A generosidade de todos os nossos fant\u00e1sticos doadores!<\/li>\n<\/ul>\n<p>[\/vc_column_text][\/vc_column][\/vc_row][vc_row full_width=&#8221;stretch_row&#8221; top_padding=&#8221;50px&#8221; css=&#8221;.vc_custom_1550496629140{background-color: #ffffff !important;}&#8221; el_class=&#8221;padding-top-50 padding-bottom-15&#8243;][vc_column]<div class=\"poverty-progress\">\n\t\t\t\t\t<h4>EduMais em <span class=\"primary-color text-uppercase\"><b>N\u00daMEROS<\/b><\/span><\/h4>\n\t\t\t\t\t<p><\/p>\n\t\t\t   <\/div>\n\t\t\t[\/vc_column][\/vc_row][vc_row full_width=&#8221;stretch_row&#8221; top_padding=&#8221;30px&#8221; bottom_padding=&#8221;70px&#8221; css=&#8221;.vc_custom_1550496794664{background-color: #ffffff !important;}&#8221; el_class=&#8221;padding-top-50 padding-bottom-15&#8243;][vc_column width=&#8221;1\/4&#8243;]\n\t\t\t<div class=\"why-choose-us\">\n\t\t\t\t<div class=\"row\">\n\t\t\t\t\t<div class=\"col-md-12\">\n\t\t\t\t\t\t<div class=\"item text-center\">\n\t\t\t\t\t\t\t<div class=\"about-usf-bg lazyload\" style=\"background:inherit; background-size:cover;\" data-bg=\"url(https:\/\/edumais.org\/wp-content\/uploads\/2016\/01\/IMG_0897.jpg) no-repeat center center\">\n\t\t\t\t\t\t\t<\/div>\n\t\t\t\t\t\t\t<div class=\"icon\">\n\t\t\t\t\t\t\t\t<img decoding=\"async\" class=\"layer lazyload\" data-src=\"https:\/\/edumais.org\/wp-content\/uploads\/2016\/01\/Students-Icon-e1549632254235.png\" alt=\"\" src=\"data:image\/svg+xml;base64,PHN2ZyB3aWR0aD0iMSIgaGVpZ2h0PSIxIiB4bWxucz0iaHR0cDovL3d3dy53My5vcmcvMjAwMC9zdmciPjwvc3ZnPg==\" style=\"--smush-placeholder-width: 80px; --smush-placeholder-aspect-ratio: 80\/80;\">\n\t\t\t\t\t\t\t<\/div>\n\t\t\t\t\t\t\t<h3>Estudantes<\/h3>\n\t\t\t\t\t\t\t<p>N\u00f3s educamos 350 crian\u00e7as por semana<\/p>\n\t\t\t\t\t\t<\/div>\n\t\t\t\t\t<\/div>\n\t\t\t\t<\/div>\n\t\t\t<\/div>\n\t\t[\/vc_column][vc_column width=&#8221;1\/4&#8243;]\n\t\t\t<div class=\"why-choose-us\">\n\t\t\t\t<div class=\"row\">\n\t\t\t\t\t<div class=\"col-md-12\">\n\t\t\t\t\t\t<div class=\"item text-center\">\n\t\t\t\t\t\t\t<div class=\"about-usf-bg lazyload\" style=\"background:inherit; background-size:cover;\" data-bg=\"url(https:\/\/edumais.org\/wp-content\/uploads\/2016\/01\/IMG_0785.jpg) no-repeat center center\">\n\t\t\t\t\t\t\t<\/div>\n\t\t\t\t\t\t\t<div class=\"icon\">\n\t\t\t\t\t\t\t\t<img decoding=\"async\" class=\"layer lazyload\" data-src=\"https:\/\/edumais.org\/wp-content\/uploads\/2016\/01\/Volunteers-Icon-e1549632274702.png\" alt=\"\" src=\"data:image\/svg+xml;base64,PHN2ZyB3aWR0aD0iMSIgaGVpZ2h0PSIxIiB4bWxucz0iaHR0cDovL3d3dy53My5vcmcvMjAwMC9zdmciPjwvc3ZnPg==\" style=\"--smush-placeholder-width: 80px; --smush-placeholder-aspect-ratio: 80\/80;\">\n\t\t\t\t\t\t\t<\/div>\n\t\t\t\t\t\t\t<h3>Volunt\u00e1rios<\/h3>\n\t\t\t\t\t\t\t<p>Todo dia 15 a 25 volunt\u00e1rios auxiliam nossos estudantes<\/p>\n\t\t\t\t\t\t<\/div>\n\t\t\t\t\t<\/div>\n\t\t\t\t<\/div>\n\t\t\t<\/div>\n\t\t[\/vc_column][vc_column width=&#8221;1\/4&#8243;]\n\t\t\t<div class=\"why-choose-us\">\n\t\t\t\t<div class=\"row\">\n\t\t\t\t\t<div class=\"col-md-12\">\n\t\t\t\t\t\t<div class=\"item text-center\">\n\t\t\t\t\t\t\t<div class=\"about-usf-bg lazyload\" style=\"background:inherit; background-size:cover;\" data-bg=\"url(https:\/\/edumais.org\/wp-content\/uploads\/2016\/01\/IMG-20190124-WA0046.jpg) no-repeat center center\">\n\t\t\t\t\t\t\t<\/div>\n\t\t\t\t\t\t\t<div class=\"icon\">\n\t\t\t\t\t\t\t\t<img decoding=\"async\" class=\"layer lazyload\" data-src=\"https:\/\/edumais.org\/wp-content\/uploads\/2016\/01\/Education-Icon-e1549632211461.png\" alt=\"\" src=\"data:image\/svg+xml;base64,PHN2ZyB3aWR0aD0iMSIgaGVpZ2h0PSIxIiB4bWxucz0iaHR0cDovL3d3dy53My5vcmcvMjAwMC9zdmciPjwvc3ZnPg==\" style=\"--smush-placeholder-width: 80px; --smush-placeholder-aspect-ratio: 80\/80;\">\n\t\t\t\t\t\t\t<\/div>\n\t\t\t\t\t\t\t<h3>Programas<\/h3>\n\t\t\t\t\t\t\t<p>N\u00f3s oferecemos 9 programas diferentes<\/p>\n\t\t\t\t\t\t<\/div>\n\t\t\t\t\t<\/div>\n\t\t\t\t<\/div>\n\t\t\t<\/div>\n\t\t[\/vc_column][vc_column width=&#8221;1\/4&#8243;]\n\t\t\t<div class=\"why-choose-us\">\n\t\t\t\t<div class=\"row\">\n\t\t\t\t\t<div class=\"col-md-12\">\n\t\t\t\t\t\t<div class=\"item text-center\">\n\t\t\t\t\t\t\t<div class=\"about-usf-bg lazyload\" style=\"background:inherit; background-size:cover;\" data-bg=\"url(https:\/\/edumais.org\/wp-content\/uploads\/2018\/11\/yui-volunteer-edumais_12_orig.jpg) no-repeat center center\">\n\t\t\t\t\t\t\t<\/div>\n\t\t\t\t\t\t\t<div class=\"icon\">\n\t\t\t\t\t\t\t\t<img decoding=\"async\" class=\"layer lazyload\" data-src=\"https:\/\/edumais.org\/wp-content\/uploads\/2016\/01\/Free-Education-Icon-e1549632231303.png\" alt=\"\" src=\"data:image\/svg+xml;base64,PHN2ZyB3aWR0aD0iMSIgaGVpZ2h0PSIxIiB4bWxucz0iaHR0cDovL3d3dy53My5vcmcvMjAwMC9zdmciPjwvc3ZnPg==\" style=\"--smush-placeholder-width: 80px; --smush-placeholder-aspect-ratio: 80\/80;\">\n\t\t\t\t\t\t\t<\/div>\n\t\t\t\t\t\t\t<h3>Educa\u00e7\u00e3o Gratuita<\/h3>\n\t\t\t\t\t\t\t<p>Nossos programas s\u00e3o 100% gratuitos<\/p>\n\t\t\t\t\t\t<\/div>\n\t\t\t\t\t<\/div>\n\t\t\t\t<\/div>\n\t\t\t<\/div>\n\t\t[\/vc_column][\/vc_row][vc_row full_width=&#8221;stretch_row&#8221; css=&#8221;.vc_custom_1550497391920{padding-top: 35px !important;padding-bottom: 35px !important;background-color: #f8f8f8 !important;}&#8221;][vc_column width=&#8221;1\/2&#8243;]<div class=\"poverty-progress\">\n\t\t\t\t\t<h4>Nossos <span class=\"primary-color text-uppercase\"><b>FUTUROS OBJETIVOS<\/b><\/span><\/h4>\n\t\t\t\t\t<p><\/p>\n\t\t\t   <\/div>\n\t\t\t[vc_column_text css=&#8221;&#8221;]<\/p>\n<h3><strong>Curto Prazo <\/strong><\/h3>\n<p>A meta de curto prazo do EduMais \u00e9 fortalecer seus programas existentes, ao mesmo tempo em que aprofunda suas parcerias com escolas e ONGs como o Solar Meninos de Luz, o Museu de Favela e a AFL. Nosso objetivo \u00e9 expandir nossa atua\u00e7\u00e3o para novas comunidades por meio da colabora\u00e7\u00e3o com parceiros de confian\u00e7a.<\/p>\n<h3><strong>Longo Prazo<\/strong><\/h3>\n<p>A vis\u00e3o de longo prazo do EduMais \u00e9 ampliar seu impacto nas favelas do Rio de Janeiro por meio de parcerias, para que mais crian\u00e7as em situa\u00e7\u00e3o de vulnerabilidade possam ter acesso a uma educa\u00e7\u00e3o complementar de qualidade. Nosso foco continuar\u00e1 sendo aliar o aprendizado acad\u00eamico ao desenvolvimento social e emocional, garantindo que cada crian\u00e7a tenha as ferramentas necess\u00e1rias para ter sucesso na vida e no trabalho.[\/vc_column_text][\/vc_column][vc_column width=&#8221;1\/2&#8243;][vc_single_image image=&#8221;3072&#8243; img_size=&#8221;430&#215;420&#8243; alignment=&#8221;center&#8221; css=&#8221;.vc_custom_1549884908192{padding-top: 10px !important;}&#8221;][\/vc_column][\/vc_row][vc_row full_width=&#8221;stretch_row&#8221; css=&#8221;.vc_custom_1550497408549{padding-bottom: 35px !important;background-color: #f8f8f8 !important;}&#8221;][vc_column][vc_column_text]<\/p>\n<h4 style=\"text-align: center;\"><span lang=\"pt\">Ajude-nos a tornar esse sonho realidade!<\/span><\/h4>\n<p>[\/vc_column_text]\n\t\t<a href=\"https:\/\/edumais.org\/pt-br\/donate\/\" class=\"btn btn-lg more btn-color\">\n\t\t\tDoar agora\n\t\t<\/a>\n\t\t\n\t\t<style>\n\t\t.btn-color{\n\t\t\tcolor:;\n\t\t\tbackground-color:;\n\t\t}\n\n\t\t.btn-color:hover{\n\t\t\tcolor:  !important;\n\t\t\tborder: 2px solid ;\n\n\t\t}\n\t\t<\/style>\n\t[\/vc_column][\/vc_row][vc_row full_width=&#8221;stretch_row&#8221; content_placement=&#8221;middle&#8221; css=&#8221;.vc_custom_1550496674864{padding-top: 35px !important;padding-bottom: 35px !important;background-color: #ffffff !important;}&#8221;][vc_column width=&#8221;1\/3&#8243;][vc_single_image image=&#8221;9750&#8243; img_size=&#8221;small&#8221; style=&#8221;vc_box_shadow_border_circle_2&#8243; css=&#8221;.vc_custom_1759848349692{padding-left: 50px !important;}&#8221;][\/vc_column][vc_column width=&#8221;2\/3&#8243;]<div class=\"poverty-progress\">\n\t\t\t\t\t<h4>Onde <span class=\"primary-color text-uppercase\"><b>o EduMais come\u00e7ou?<\/b><\/span><\/h4>\n\t\t\t\t\t<p><\/p>\n\t\t\t   <\/div>\n\t\t\t[vc_column_text]Quem fundou o EduMais? Quais foram suas motiva\u00e7\u00f5es? Como tudo come\u00e7ou? Leia a hist\u00f3ria pessoal de Diana Nijboer, a fundadora e diretora geral do EduMais.<\/p>\n<p style=\"text-align: center;\"><a class=\"btn\" href=\"https:\/\/edumais.org\/pt-br\/missao\/nossa-historia\/\"><b>Leia Mais<\/b><\/a><\/p>\n<p>[\/vc_column_text][\/vc_column][\/vc_row][vc_row][vc_column][vc_separator color=&#8221;black&#8221; style=&#8221;shadow&#8221; css=&#8221;.vc_custom_1550020341740{padding-top: 100px !important;}&#8221;][\/vc_column][\/vc_row]<\/p>\n<\/div>","protected":false},"excerpt":{"rendered":"<p>[vc_row full_width=&#8221;stretch_row&#8221; content_placement=&#8221;middle&#8221; css=&#8221;.vc_custom_1550496603728{padding-top: 25px !important;padding-bottom: 35px !important;background-color: #ffffff !important;}&#8221;][vc_column width=&#8221;1\/2&#8243;][vc_column_text css=&#8221;&#8221;]Fundada em 2016, a EduMais \u00e9 [&hellip;]<\/p>\n","protected":false},"author":5,"featured_media":0,"parent":0,"menu_order":0,"comment_status":"closed","ping_status":"closed","template":"","meta":{"give_campaign_id":0,"footnotes":""},"class_list":["post-6846","page","type-page","status-publish","hentry"],"yoast_head":"<!-- This site is optimized with the Yoast SEO plugin v27.3 - https:\/\/yoast.com\/product\/yoast-seo-wordpress\/ -->\n<title>Miss\u00e3o - EduMais<\/title>\n<meta name=\"robots\" content=\"index, follow, max-snippet:-1, max-image-preview:large, max-video-preview:-1\" \/>\n<link rel=\"canonical\" href=\"https:\/\/edumais.org\/pt-br\/missao\/\" \/>\n<meta property=\"og:locale\" content=\"pt_BR\" \/>\n<meta property=\"og:type\" content=\"article\" \/>\n<meta property=\"og:title\" content=\"Miss\u00e3o - EduMais\" \/>\n<meta property=\"og:description\" content=\"[vc_row full_width=&#8221;stretch_row&#8221; content_placement=&#8221;middle&#8221; css=&#8221;.vc_custom_1550496603728{padding-top: 25px !important;padding-bottom: 35px !important;background-color: #ffffff !important;}&#8221;][vc_column width=&#8221;1\/2&#8243;][vc_column_text css=&#8221;&#8221;]Fundada em 2016, a EduMais \u00e9 [&hellip;]\" \/>\n<meta property=\"og:url\" content=\"https:\/\/edumais.org\/pt-br\/missao\/\" \/>\n<meta property=\"og:site_name\" content=\"EduMais\" \/>\n<meta property=\"article:publisher\" content=\"https:\/\/www.facebook.com\/edumais.org\/\" \/>\n<meta property=\"article:modified_time\" content=\"2026-03-25T18:35:50+00:00\" \/>\n<meta property=\"og:image\" content=\"https:\/\/edumais.org\/wp-content\/uploads\/2017\/11\/Home-Banner1-e1588113485474.jpg\" \/>\n\t<meta property=\"og:image:width\" content=\"468\" \/>\n\t<meta property=\"og:image:height\" content=\"167\" \/>\n\t<meta property=\"og:image:type\" content=\"image\/jpeg\" \/>\n<meta name=\"twitter:card\" content=\"summary_large_image\" \/>\n<meta name=\"twitter:label1\" content=\"Est. tempo de leitura\" \/>\n\t<meta name=\"twitter:data1\" content=\"5 minutos\" \/>\n<script type=\"application\/ld+json\" class=\"yoast-schema-graph\">{\"@context\":\"https:\\\/\\\/schema.org\",\"@graph\":[{\"@type\":\"WebPage\",\"@id\":\"https:\\\/\\\/edumais.org\\\/pt-br\\\/missao\\\/\",\"url\":\"https:\\\/\\\/edumais.org\\\/pt-br\\\/missao\\\/\",\"name\":\"Miss\u00e3o - EduMais\",\"isPartOf\":{\"@id\":\"https:\\\/\\\/edumais.org\\\/pt-br\\\/#website\"},\"datePublished\":\"2020-06-07T13:05:52+00:00\",\"dateModified\":\"2026-03-25T18:35:50+00:00\",\"breadcrumb\":{\"@id\":\"https:\\\/\\\/edumais.org\\\/pt-br\\\/missao\\\/#breadcrumb\"},\"inLanguage\":\"pt-BR\",\"potentialAction\":[{\"@type\":\"ReadAction\",\"target\":[\"https:\\\/\\\/edumais.org\\\/pt-br\\\/missao\\\/\"]}]},{\"@type\":\"BreadcrumbList\",\"@id\":\"https:\\\/\\\/edumais.org\\\/pt-br\\\/missao\\\/#breadcrumb\",\"itemListElement\":[{\"@type\":\"ListItem\",\"position\":1,\"name\":\"Home\",\"item\":\"https:\\\/\\\/edumais.org\\\/pt-br\\\/\"},{\"@type\":\"ListItem\",\"position\":2,\"name\":\"Miss\u00e3o\"}]},{\"@type\":\"WebSite\",\"@id\":\"https:\\\/\\\/edumais.org\\\/pt-br\\\/#website\",\"url\":\"https:\\\/\\\/edumais.org\\\/pt-br\\\/\",\"name\":\"EduMais\",\"description\":\"Volunteer organization in Rio de Janeiro, Brazil, South America\",\"publisher\":{\"@id\":\"https:\\\/\\\/edumais.org\\\/pt-br\\\/#organization\"},\"potentialAction\":[{\"@type\":\"SearchAction\",\"target\":{\"@type\":\"EntryPoint\",\"urlTemplate\":\"https:\\\/\\\/edumais.org\\\/pt-br\\\/?s={search_term_string}\"},\"query-input\":{\"@type\":\"PropertyValueSpecification\",\"valueRequired\":true,\"valueName\":\"search_term_string\"}}],\"inLanguage\":\"pt-BR\"},{\"@type\":\"Organization\",\"@id\":\"https:\\\/\\\/edumais.org\\\/pt-br\\\/#organization\",\"name\":\"EduMais\",\"url\":\"https:\\\/\\\/edumais.org\\\/pt-br\\\/\",\"logo\":{\"@type\":\"ImageObject\",\"inLanguage\":\"pt-BR\",\"@id\":\"https:\\\/\\\/edumais.org\\\/pt-br\\\/#\\\/schema\\\/logo\\\/image\\\/\",\"url\":\"https:\\\/\\\/edumais.org\\\/wp-content\\\/uploads\\\/2016\\\/01\\\/edumais_logo_vector-as-Smart-Object-1.png\",\"contentUrl\":\"https:\\\/\\\/edumais.org\\\/wp-content\\\/uploads\\\/2016\\\/01\\\/edumais_logo_vector-as-Smart-Object-1.png\",\"width\":761,\"height\":361,\"caption\":\"EduMais\"},\"image\":{\"@id\":\"https:\\\/\\\/edumais.org\\\/pt-br\\\/#\\\/schema\\\/logo\\\/image\\\/\"},\"sameAs\":[\"https:\\\/\\\/www.facebook.com\\\/edumais.org\\\/\",\"https:\\\/\\\/www.instagram.com\\\/edumaisrio\\\/?hl=en\",\"https:\\\/\\\/www.linkedin.com\\\/company\\\/edumais.org\\\/\",\"https:\\\/\\\/www.youtube.com\\\/channel\\\/UClbmo2QCD_6JH5iGGEoadag\"]}]}<\/script>\n<!-- \/ Yoast SEO plugin. -->","yoast_head_json":{"title":"Miss\u00e3o - EduMais","robots":{"index":"index","follow":"follow","max-snippet":"max-snippet:-1","max-image-preview":"max-image-preview:large","max-video-preview":"max-video-preview:-1"},"canonical":"https:\/\/edumais.org\/pt-br\/missao\/","og_locale":"pt_BR","og_type":"article","og_title":"Miss\u00e3o - EduMais","og_description":"[vc_row full_width=&#8221;stretch_row&#8221; content_placement=&#8221;middle&#8221; css=&#8221;.vc_custom_1550496603728{padding-top: 25px !important;padding-bottom: 35px !important;background-color: #ffffff !important;}&#8221;][vc_column width=&#8221;1\/2&#8243;][vc_column_text css=&#8221;&#8221;]Fundada em 2016, a EduMais \u00e9 [&hellip;]","og_url":"https:\/\/edumais.org\/pt-br\/missao\/","og_site_name":"EduMais","article_publisher":"https:\/\/www.facebook.com\/edumais.org\/","article_modified_time":"2026-03-25T18:35:50+00:00","og_image":[{"width":468,"height":167,"url":"https:\/\/edumais.org\/wp-content\/uploads\/2017\/11\/Home-Banner1-e1588113485474.jpg","type":"image\/jpeg"}],"twitter_card":"summary_large_image","twitter_misc":{"Est. tempo de leitura":"5 minutos"},"schema":{"@context":"https:\/\/schema.org","@graph":[{"@type":"WebPage","@id":"https:\/\/edumais.org\/pt-br\/missao\/","url":"https:\/\/edumais.org\/pt-br\/missao\/","name":"Miss\u00e3o - EduMais","isPartOf":{"@id":"https:\/\/edumais.org\/pt-br\/#website"},"datePublished":"2020-06-07T13:05:52+00:00","dateModified":"2026-03-25T18:35:50+00:00","breadcrumb":{"@id":"https:\/\/edumais.org\/pt-br\/missao\/#breadcrumb"},"inLanguage":"pt-BR","potentialAction":[{"@type":"ReadAction","target":["https:\/\/edumais.org\/pt-br\/missao\/"]}]},{"@type":"BreadcrumbList","@id":"https:\/\/edumais.org\/pt-br\/missao\/#breadcrumb","itemListElement":[{"@type":"ListItem","position":1,"name":"Home","item":"https:\/\/edumais.org\/pt-br\/"},{"@type":"ListItem","position":2,"name":"Miss\u00e3o"}]},{"@type":"WebSite","@id":"https:\/\/edumais.org\/pt-br\/#website","url":"https:\/\/edumais.org\/pt-br\/","name":"EduMais","description":"Volunteer organization in Rio de Janeiro, Brazil, South America","publisher":{"@id":"https:\/\/edumais.org\/pt-br\/#organization"},"potentialAction":[{"@type":"SearchAction","target":{"@type":"EntryPoint","urlTemplate":"https:\/\/edumais.org\/pt-br\/?s={search_term_string}"},"query-input":{"@type":"PropertyValueSpecification","valueRequired":true,"valueName":"search_term_string"}}],"inLanguage":"pt-BR"},{"@type":"Organization","@id":"https:\/\/edumais.org\/pt-br\/#organization","name":"EduMais","url":"https:\/\/edumais.org\/pt-br\/","logo":{"@type":"ImageObject","inLanguage":"pt-BR","@id":"https:\/\/edumais.org\/pt-br\/#\/schema\/logo\/image\/","url":"https:\/\/edumais.org\/wp-content\/uploads\/2016\/01\/edumais_logo_vector-as-Smart-Object-1.png","contentUrl":"https:\/\/edumais.org\/wp-content\/uploads\/2016\/01\/edumais_logo_vector-as-Smart-Object-1.png","width":761,"height":361,"caption":"EduMais"},"image":{"@id":"https:\/\/edumais.org\/pt-br\/#\/schema\/logo\/image\/"},"sameAs":["https:\/\/www.facebook.com\/edumais.org\/","https:\/\/www.instagram.com\/edumaisrio\/?hl=en","https:\/\/www.linkedin.com\/company\/edumais.org\/","https:\/\/www.youtube.com\/channel\/UClbmo2QCD_6JH5iGGEoadag"]}]}},"campaignId":"","_links":{"self":[{"href":"https:\/\/edumais.org\/pt-br\/wp-json\/wp\/v2\/pages\/6846","targetHints":{"allow":["GET"]}}],"collection":[{"href":"https:\/\/edumais.org\/pt-br\/wp-json\/wp\/v2\/pages"}],"about":[{"href":"https:\/\/edumais.org\/pt-br\/wp-json\/wp\/v2\/types\/page"}],"author":[{"embeddable":true,"href":"https:\/\/edumais.org\/pt-br\/wp-json\/wp\/v2\/users\/5"}],"replies":[{"embeddable":true,"href":"https:\/\/edumais.org\/pt-br\/wp-json\/wp\/v2\/comments?post=6846"}],"version-history":[{"count":26,"href":"https:\/\/edumais.org\/pt-br\/wp-json\/wp\/v2\/pages\/6846\/revisions"}],"predecessor-version":[{"id":15467,"href":"https:\/\/edumais.org\/pt-br\/wp-json\/wp\/v2\/pages\/6846\/revisions\/15467"}],"wp:attachment":[{"href":"https:\/\/edumais.org\/pt-br\/wp-json\/wp\/v2\/media?parent=6846"}],"curies":[{"name":"wp","href":"https:\/\/api.w.org\/{rel}","templated":true}]}}