{"id":14555,"date":"2025-09-27T07:59:17","date_gmt":"2025-09-27T10:59:17","guid":{"rendered":"https:\/\/edumais.org\/?page_id=14555"},"modified":"2025-10-07T10:40:16","modified_gmt":"2025-10-07T13:40:16","slug":"criacao-de-jogos-educativos","status":"publish","type":"page","link":"https:\/\/edumais.org\/pt-br\/programas\/criacao-de-jogos-educativos\/","title":{"rendered":"Cria\u00e7\u00e3o de Jogos Educativos"},"content":{"rendered":"<div class=\"wpb-content-wrapper\"><p>[vc_row full_width=&#8221;stretch_row&#8221; css=&#8221;.vc_custom_1540044981781{padding-top: 15px !important;padding-bottom: 35px !important;}&#8221;][vc_column width=&#8221;1\/2&#8243;]<div class=\"poverty-progress\">\n\t\t\t\t\t<h4>Cria\u00e7\u00e3o de Jogos Educativos <span class=\"primary-color text-uppercase\"><b>Programa<\/b><\/span><\/h4>\n\t\t\t\t\t<p><\/p>\n\t\t\t   <\/div>\n\t\t\t[vc_column_text css=&#8221;&#8221;]<\/p>\n<p data-start=\"112\" data-end=\"382\">Numa pequena sala de aula nas favelas do Rio de Janeiro, adolescentes se re\u00fanem em volta de uma mesa coberta de post-its, pe\u00e7as de LEGO e cartas coloridas. Risadas se misturam com a concentra\u00e7\u00e3o s\u00e9ria enquanto eles testam as regras de um jogo que acabaram de inventar.<\/p>\n<p data-start=\"384\" data-end=\"460\">\u00c0 primeira vista, parece apenas divers\u00e3o \u2014 mas \u00e9 algo muito mais profundo.<\/p>\n<p data-start=\"161\" data-end=\"206\"><strong data-start=\"161\" data-end=\"204\">Programa de Cria\u00e7\u00e3o de Jogos da EduMais<\/strong><\/p>\n<p data-start=\"208\" data-end=\"505\">Na EduMais, os jovens n\u00e3o est\u00e3o s\u00f3 jogando \u2014 eles est\u00e3o inventando! \ud83c\udfb2\ud83d\udca1<br data-start=\"280\" data-end=\"283\" \/>Aqui, cada estudante cria seus pr\u00f3prios jogos de tabuleiro e digitais, transformando ideias em realidade. \u00c9 uma forma divertida de entender o mundo onde vivem e, mais ainda, de imaginar novas possibilidades para mud\u00e1-lo.<\/p>\n<p data-start=\"92\" data-end=\"121\"><strong data-start=\"92\" data-end=\"119\">Jovens L\u00edderes Formados<\/strong><\/p>\n<p data-start=\"123\" data-end=\"607\">Guiados por jovens l\u00edderes capacitados pela <a href=\"https:\/\/gamesfor.health\/foundation\/\"><strong data-start=\"914\" data-end=\"952\">Games for Health Europe Foundation<\/strong><\/a>\u00a0e pela <strong data-start=\"213\" data-end=\"224\">Fiocruz<\/strong>, nossos estudantes exploram como os jogos podem refletir os maiores desafios da vida. Assim como na vida, os jogos t\u00eam regras, pap\u00e9is, vit\u00f3rias e derrotas. Ao criar esses jogos, os adolescentes descobrem como os sistemas ao redor deles \u2014 pobreza, viol\u00eancia, desigualdade \u2014 moldam suas experi\u00eancias do dia a dia. E, a partir da\u00ed, imaginam como essas regras poderiam ser reescritas.<\/p>\n<p>[\/vc_column_text][vc_column_text][\/vc_column_text][\/vc_column][vc_column width=&#8221;1\/2&#8243;][vc_single_image image=&#8221;11015&#8243; img_size=&#8221;600&#215;500&#8243; css=&#8221;&#8221;][\/vc_column][\/vc_row][vc_row css=&#8221;.vc_custom_1545144909566{padding-top: 25px !important;padding-bottom: 25px !important;}&#8221;][vc_column width=&#8221;1\/2&#8243;][vc_single_image image=&#8221;14062&#8243; img_size=&#8221;600&#215;400&#8243; alignment=&#8221;center&#8221; css=&#8221;.vc_custom_1757615846667{padding-bottom: 20px !important;}&#8221;][\/vc_column][vc_column width=&#8221;1\/2&#8243; css=&#8221;.vc_custom_1545145175563{padding-top: 15px !important;}&#8221;]<div class=\"poverty-progress\">\n\t\t\t\t\t<h4>Por que Criar <span class=\"primary-color text-uppercase\"><b>Jogos<\/b><\/span><\/h4>\n\t\t\t\t\t<p><\/p>\n\t\t\t   <\/div>\n\t\t\t[vc_column_text css=&#8221;&#8221;]<\/p>\n<p data-start=\"145\" data-end=\"317\">Criar um jogo \u00e9 como pintar um quadro ou escrever um poema \u2014 mas, em vez de apenas contar uma hist\u00f3ria, ele cria uma experi\u00eancia viva na qual outras pessoas podem entrar.<\/p>\n<p data-start=\"319\" data-end=\"344\"><strong data-start=\"319\" data-end=\"342\">Crescer nas Favelas<\/strong><\/p>\n<p data-start=\"346\" data-end=\"642\">Os estudantes se perguntam: <em data-start=\"374\" data-end=\"438\">Como \u00e9 crescer cercado por viol\u00eancia, lixo, falta de educa\u00e7\u00e3o?<\/em> O que seria necess\u00e1rio para mudar essa realidade? Ao transformar essas perguntas em um jogo, eles convidam outras pessoas \u2014 professores, pais, formuladores de pol\u00edticas \u2014 a jogar, sentir e compreender.<\/p>\n<p data-start=\"644\" data-end=\"727\">Como explicou um dos alunos depois de criar um jogo sobre a polui\u00e7\u00e3o nos oceanos:<\/p>\n<blockquote data-start=\"729\" data-end=\"864\">\n<p data-start=\"731\" data-end=\"864\">\u201cQuando as pessoas jogam, elas sentem a frustra\u00e7\u00e3o que n\u00f3s sentimos. E talvez assim entendam por que queremos que as coisas mudem.\u201d<\/p>\n<\/blockquote>\n<p>[\/vc_column_text][\/vc_column][\/vc_row][vc_row full_width=&#8221;stretch_row&#8221; top_padding=&#8221;55px&#8221; css=&#8221;.vc_custom_1645635118501{padding-bottom: 20px !important;}&#8221;][vc_column width=&#8221;1\/2&#8243;]<div class=\"poverty-progress\">\n\t\t\t\t\t<h4>O Que Acontece <span class=\"primary-color text-uppercase\"><b>Pr\u00e1tica?<\/b><\/span><\/h4>\n\t\t\t\t\t<p><\/p>\n\t\t\t   <\/div>\n\t\t\t[vc_column_text css=&#8221;&#8221;]<\/p>\n<ul data-start=\"106\" data-end=\"698\">\n<li data-start=\"106\" data-end=\"195\">\n<p data-start=\"108\" data-end=\"195\"><strong data-start=\"108\" data-end=\"134\">Jogar e analisar jogos<\/strong> para descobrir o que os torna divertidos e significativos.<\/p>\n<\/li>\n<li data-start=\"196\" data-end=\"295\">\n<p data-start=\"198\" data-end=\"295\"><strong data-start=\"198\" data-end=\"224\">Prototipar rapidamente<\/strong> usando papel, LEGO e criatividade para dar vida \u00e0s primeiras ideias.<\/p>\n<\/li>\n<li data-start=\"296\" data-end=\"395\">\n<p data-start=\"298\" data-end=\"395\"><strong data-start=\"298\" data-end=\"341\">Programar jogos digitais com o <a href=\"https:\/\/gdevelop.io\/\">GDevelop<\/a><\/strong>, criando plataformas, pontua\u00e7\u00f5es, fases e desafios.<\/p>\n<\/li>\n<li data-start=\"396\" data-end=\"500\">\n<p data-start=\"398\" data-end=\"500\"><strong data-start=\"398\" data-end=\"419\">Contar a hist\u00f3ria<\/strong>, aprendendo a divulgar seus jogos por meio de posts, hashtags e apresenta\u00e7\u00f5es.<\/p>\n<\/li>\n<li data-start=\"501\" data-end=\"580\">\n<p data-start=\"503\" data-end=\"580\"><strong data-start=\"503\" data-end=\"524\">Testar e melhorar<\/strong>, reunindo feedback de colegas, fam\u00edlias e convidados.<\/p>\n<\/li>\n<li data-start=\"581\" data-end=\"698\">\n<p data-start=\"583\" data-end=\"698\"><strong data-start=\"583\" data-end=\"608\">Apresentar e celebrar<\/strong> no grande final \u2014 nossa <strong data-start=\"633\" data-end=\"645\">Game Jam<\/strong>, onde todos os jogos s\u00e3o compartilhados e jogados.<\/p>\n<\/li>\n<\/ul>\n<p data-start=\"700\" data-end=\"934\">Cada projeto nasce de quest\u00f5es reais: polui\u00e7\u00e3o ambiental, viol\u00eancia na comunidade, discrimina\u00e7\u00e3o ou at\u00e9 desafios pessoais de autoconfian\u00e7a. Os estudantes n\u00e3o apenas imaginam um mundo melhor \u2014 eles o <strong data-start=\"899\" data-end=\"931\">criam, testam e compartilham<\/strong>.<\/p>\n<p>&nbsp;<\/p>\n<p>&nbsp;<\/p>\n<p>&nbsp;<\/p>\n<p>&nbsp;<\/p>\n<p>[\/vc_column_text][\/vc_column][vc_column width=&#8221;1\/2&#8243;][vc_single_image image=&#8221;14085&#8243; img_size=&#8221;600X500&#8243; css=&#8221;&#8221;][\/vc_column][\/vc_row][vc_row][vc_column width=&#8221;1\/2&#8243;][vc_single_image image=&#8221;14079&#8243; img_size=&#8221;600X350&#8243; css=&#8221;&#8221;][\/vc_column][vc_column width=&#8221;1\/2&#8243;]<div class=\"poverty-progress\">\n\t\t\t\t\t<h4>Impacto: Jovens como Protagonistas da <span class=\"primary-color text-uppercase\"><b>Mudan\u00e7a<\/b><\/span><\/h4>\n\t\t\t\t\t<p><\/p>\n\t\t\t   <\/div>\n\t\t\t[vc_column_text css=&#8221;&#8221;]<\/p>\n<div class=\"text-center\">\n<p data-start=\"113\" data-end=\"434\">O impacto vai muito al\u00e9m de aprender programa\u00e7\u00e3o ou t\u00e9cnicas de design. Os estudantes ganham <strong data-start=\"206\" data-end=\"296\">autoconfian\u00e7a, trabalho em equipe, resolu\u00e7\u00e3o de problemas e habilidades de comunica\u00e7\u00e3o<\/strong>. Eles aprendem a se enxergar n\u00e3o como jogadores passivos da vida, mas como <strong data-start=\"372\" data-end=\"431\">agentes de mudan\u00e7a, com o poder de reescrever as regras<\/strong>.<\/p>\n<p data-start=\"436\" data-end=\"784\">Quando adultos \u2014 professores, assistentes sociais ou doadores \u2014 jogam os jogos que esses adolescentes criam, algo poderoso acontece. Eles sentem a frustra\u00e7\u00e3o de sistemas injustos, a esperan\u00e7a de uma segunda chance, a alegria de vencer contra todas as dificuldades. <strong data-start=\"701\" data-end=\"782\">Por meio do jogo, a empatia nasce \u2014 e conversas sobre mudan\u00e7as reais come\u00e7am.<\/strong><\/p>\n<\/div>\n<p>[\/vc_column_text][\/vc_column][\/vc_row][vc_row][vc_column width=&#8221;1\/2&#8243;]<div class=\"poverty-progress\">\n\t\t\t\t\t<h4>Por que \u00e9 <span class=\"primary-color text-uppercase\"><b>Importante<\/b><\/span><\/h4>\n\t\t\t\t\t<p><\/p>\n\t\t\t   <\/div>\n\t\t\t[vc_column_text css=&#8221;&#8221;]<\/p>\n<p data-start=\"100\" data-end=\"402\">Em comunidades onde a vida cotidiana pode parecer limitada pela pobreza e pela viol\u00eancia, o <strong data-start=\"192\" data-end=\"215\">cria\u00e7\u00e3o de jogos educativos <\/strong>oferece aos jovens uma nova linguagem \u2014 a da criatividade, da inova\u00e7\u00e3o e da esperan\u00e7a. Mostra a eles que suas vozes importam, suas hist\u00f3rias importam e suas ideias de mudan\u00e7a importam.<\/p>\n<p data-start=\"404\" data-end=\"671\">Na <strong data-start=\"407\" data-end=\"418\">EduMais<\/strong>, acreditamos que os jogos n\u00e3o s\u00e3o apenas entretenimento \u2014 eles s\u00e3o <strong>portas para a empatia e motores de transforma\u00e7\u00e3o<\/strong>. Ao capacitar jovens a criarem jogos s\u00e9rios, damos a eles ferramentas n\u00e3o apenas para imaginar um futuro melhor, mas para constru\u00ed-lo.<\/p>\n<p>[\/vc_column_text][\/vc_column][vc_column width=&#8221;1\/2&#8243;][vc_single_image image=&#8221;14068&#8243; img_size=&#8221;600X400&#8243; css=&#8221;&#8221;][\/vc_column][\/vc_row][vc_row][vc_column][\/vc_column][\/vc_row][vc_row top_padding=&#8221;55px&#8221;][vc_column][vc_column_text css=&#8221;&#8221;]<\/p>\n<h3 style=\"text-align: center;\" data-start=\"179\" data-end=\"196\"><strong data-start=\"183\" data-end=\"196\">Participe<\/strong><\/h3>\n<ul style=\"text-align: center;\" data-start=\"198\" data-end=\"504\">\n<li data-start=\"198\" data-end=\"316\">\n<p data-start=\"200\" data-end=\"316\"><strong data-start=\"200\" data-end=\"219\">Seja volunt\u00e1rio<\/strong> como mentor em design, programa\u00e7\u00e3o ou comunica\u00e7\u00e3o \u2014 oriente uma equipe ou conduza uma oficina.<\/p>\n<\/li>\n<li data-start=\"317\" data-end=\"409\">\n<p data-start=\"319\" data-end=\"409\"><strong data-start=\"319\" data-end=\"339\">Doe equipamentos<\/strong> como laptops, tablets, kits Makey-Makey ou materiais de artesanato.<\/p>\n<\/li>\n<li data-start=\"410\" data-end=\"504\">\n<p data-start=\"412\" data-end=\"504\"><strong data-start=\"412\" data-end=\"429\">Seja parceiro<\/strong> propondo desafios reais ou organizando um <em data-start=\"472\" data-end=\"482\">demo day<\/em> para nossos alunos.<\/p>\n<\/li>\n<\/ul>\n<h2 style=\"text-align: center;\"><a class=\"btn\" style=\"font-size: 16px;\" href=\"https:\/\/edumais.org\/pt-br\/?page_id=7324\">Seja Volunt\u00e1rio conosco<\/a><\/h2>\n<p>[\/vc_column_text][vc_column_text css=&#8221;&#8221;][\/vc_column_text][vc_separator color=&#8221;black&#8221; style=&#8221;shadow&#8221; css=&#8221;&#8221;][\/vc_column][\/vc_row]<\/p>\n<\/div>","protected":false},"excerpt":{"rendered":"<p>[vc_row full_width=&#8221;stretch_row&#8221; css=&#8221;.vc_custom_1540044981781{padding-top: 15px !important;padding-bottom: 35px !important;}&#8221;][vc_column width=&#8221;1\/2&#8243;][vc_column_text css=&#8221;&#8221;] Numa pequena sala de aula nas favelas do [&hellip;]<\/p>\n","protected":false},"author":7,"featured_media":0,"parent":7276,"menu_order":0,"comment_status":"closed","ping_status":"closed","template":"","meta":{"give_campaign_id":0,"footnotes":""},"class_list":["post-14555","page","type-page","status-publish","hentry"],"yoast_head":"<!-- This site is optimized with the Yoast SEO plugin v27.3 - https:\/\/yoast.com\/product\/yoast-seo-wordpress\/ -->\n<title>Cria\u00e7\u00e3o de Jogos Educativos - EduMais<\/title>\n<meta name=\"description\" content=\"O programa de Design de Jogos S\u00e9rios da EduMais capacita adolescentes das favelas do Rio a criar e programar jogos que abordam quest\u00f5es da vida real.\" \/>\n<meta name=\"robots\" content=\"index, follow, max-snippet:-1, max-image-preview:large, max-video-preview:-1\" \/>\n<link rel=\"canonical\" href=\"https:\/\/edumais.org\/pt-br\/programas\/criacao-de-jogos-educativos\/\" \/>\n<meta property=\"og:locale\" content=\"pt_BR\" \/>\n<meta property=\"og:type\" content=\"article\" \/>\n<meta property=\"og:title\" content=\"Cria\u00e7\u00e3o de Jogos Educativos - EduMais\" \/>\n<meta property=\"og:description\" content=\"O programa de Design de Jogos S\u00e9rios da EduMais capacita adolescentes das favelas do Rio a criar e programar jogos que abordam quest\u00f5es da vida real.\" \/>\n<meta property=\"og:url\" content=\"https:\/\/edumais.org\/pt-br\/programas\/criacao-de-jogos-educativos\/\" \/>\n<meta property=\"og:site_name\" content=\"EduMais\" \/>\n<meta property=\"article:publisher\" content=\"https:\/\/www.facebook.com\/edumais.org\/\" \/>\n<meta property=\"article:modified_time\" content=\"2025-10-07T13:40:16+00:00\" \/>\n<meta property=\"og:image\" content=\"https:\/\/edumais.org\/wp-content\/uploads\/2017\/11\/Home-Banner1-e1588113485474.jpg\" \/>\n\t<meta property=\"og:image:width\" content=\"468\" \/>\n\t<meta property=\"og:image:height\" content=\"167\" \/>\n\t<meta property=\"og:image:type\" content=\"image\/jpeg\" \/>\n<meta name=\"twitter:card\" content=\"summary_large_image\" \/>\n<meta name=\"twitter:label1\" content=\"Est. tempo de leitura\" \/>\n\t<meta name=\"twitter:data1\" content=\"4 minutos\" \/>\n<script type=\"application\/ld+json\" class=\"yoast-schema-graph\">{\"@context\":\"https:\\\/\\\/schema.org\",\"@graph\":[{\"@type\":\"WebPage\",\"@id\":\"https:\\\/\\\/edumais.org\\\/pt-br\\\/programas\\\/criacao-de-jogos-educativos\\\/\",\"url\":\"https:\\\/\\\/edumais.org\\\/pt-br\\\/programas\\\/criacao-de-jogos-educativos\\\/\",\"name\":\"Cria\u00e7\u00e3o de Jogos Educativos - EduMais\",\"isPartOf\":{\"@id\":\"https:\\\/\\\/edumais.org\\\/pt-br\\\/#website\"},\"datePublished\":\"2025-09-27T10:59:17+00:00\",\"dateModified\":\"2025-10-07T13:40:16+00:00\",\"description\":\"O programa de Design de Jogos S\u00e9rios da EduMais capacita adolescentes das favelas do Rio a criar e programar jogos que abordam quest\u00f5es da vida real.\",\"breadcrumb\":{\"@id\":\"https:\\\/\\\/edumais.org\\\/pt-br\\\/programas\\\/criacao-de-jogos-educativos\\\/#breadcrumb\"},\"inLanguage\":\"pt-BR\",\"potentialAction\":[{\"@type\":\"ReadAction\",\"target\":[\"https:\\\/\\\/edumais.org\\\/pt-br\\\/programas\\\/criacao-de-jogos-educativos\\\/\"]}]},{\"@type\":\"BreadcrumbList\",\"@id\":\"https:\\\/\\\/edumais.org\\\/pt-br\\\/programas\\\/criacao-de-jogos-educativos\\\/#breadcrumb\",\"itemListElement\":[{\"@type\":\"ListItem\",\"position\":1,\"name\":\"Home\",\"item\":\"https:\\\/\\\/edumais.org\\\/pt-br\\\/\"},{\"@type\":\"ListItem\",\"position\":2,\"name\":\"Programas\",\"item\":\"https:\\\/\\\/edumais.org\\\/pt-br\\\/programas\\\/\"},{\"@type\":\"ListItem\",\"position\":3,\"name\":\"Cria\u00e7\u00e3o de Jogos Educativos\"}]},{\"@type\":\"WebSite\",\"@id\":\"https:\\\/\\\/edumais.org\\\/pt-br\\\/#website\",\"url\":\"https:\\\/\\\/edumais.org\\\/pt-br\\\/\",\"name\":\"EduMais\",\"description\":\"Volunteer organization in Rio de Janeiro, Brazil, South America\",\"publisher\":{\"@id\":\"https:\\\/\\\/edumais.org\\\/pt-br\\\/#organization\"},\"potentialAction\":[{\"@type\":\"SearchAction\",\"target\":{\"@type\":\"EntryPoint\",\"urlTemplate\":\"https:\\\/\\\/edumais.org\\\/pt-br\\\/?s={search_term_string}\"},\"query-input\":{\"@type\":\"PropertyValueSpecification\",\"valueRequired\":true,\"valueName\":\"search_term_string\"}}],\"inLanguage\":\"pt-BR\"},{\"@type\":\"Organization\",\"@id\":\"https:\\\/\\\/edumais.org\\\/pt-br\\\/#organization\",\"name\":\"EduMais\",\"url\":\"https:\\\/\\\/edumais.org\\\/pt-br\\\/\",\"logo\":{\"@type\":\"ImageObject\",\"inLanguage\":\"pt-BR\",\"@id\":\"https:\\\/\\\/edumais.org\\\/pt-br\\\/#\\\/schema\\\/logo\\\/image\\\/\",\"url\":\"https:\\\/\\\/edumais.org\\\/wp-content\\\/uploads\\\/2016\\\/01\\\/edumais_logo_vector-as-Smart-Object-1.png\",\"contentUrl\":\"https:\\\/\\\/edumais.org\\\/wp-content\\\/uploads\\\/2016\\\/01\\\/edumais_logo_vector-as-Smart-Object-1.png\",\"width\":761,\"height\":361,\"caption\":\"EduMais\"},\"image\":{\"@id\":\"https:\\\/\\\/edumais.org\\\/pt-br\\\/#\\\/schema\\\/logo\\\/image\\\/\"},\"sameAs\":[\"https:\\\/\\\/www.facebook.com\\\/edumais.org\\\/\",\"https:\\\/\\\/www.instagram.com\\\/edumaisrio\\\/?hl=en\",\"https:\\\/\\\/www.linkedin.com\\\/company\\\/edumais.org\\\/\",\"https:\\\/\\\/www.youtube.com\\\/channel\\\/UClbmo2QCD_6JH5iGGEoadag\"]}]}<\/script>\n<!-- \/ Yoast SEO plugin. -->","yoast_head_json":{"title":"Cria\u00e7\u00e3o de Jogos Educativos - EduMais","description":"O programa de Design de Jogos S\u00e9rios da EduMais capacita adolescentes das favelas do Rio a criar e programar jogos que abordam quest\u00f5es da vida real.","robots":{"index":"index","follow":"follow","max-snippet":"max-snippet:-1","max-image-preview":"max-image-preview:large","max-video-preview":"max-video-preview:-1"},"canonical":"https:\/\/edumais.org\/pt-br\/programas\/criacao-de-jogos-educativos\/","og_locale":"pt_BR","og_type":"article","og_title":"Cria\u00e7\u00e3o de Jogos Educativos - EduMais","og_description":"O programa de Design de Jogos S\u00e9rios da EduMais capacita adolescentes das favelas do Rio a criar e programar jogos que abordam quest\u00f5es da vida real.","og_url":"https:\/\/edumais.org\/pt-br\/programas\/criacao-de-jogos-educativos\/","og_site_name":"EduMais","article_publisher":"https:\/\/www.facebook.com\/edumais.org\/","article_modified_time":"2025-10-07T13:40:16+00:00","og_image":[{"width":468,"height":167,"url":"https:\/\/edumais.org\/wp-content\/uploads\/2017\/11\/Home-Banner1-e1588113485474.jpg","type":"image\/jpeg"}],"twitter_card":"summary_large_image","twitter_misc":{"Est. tempo de leitura":"4 minutos"},"schema":{"@context":"https:\/\/schema.org","@graph":[{"@type":"WebPage","@id":"https:\/\/edumais.org\/pt-br\/programas\/criacao-de-jogos-educativos\/","url":"https:\/\/edumais.org\/pt-br\/programas\/criacao-de-jogos-educativos\/","name":"Cria\u00e7\u00e3o de Jogos Educativos - EduMais","isPartOf":{"@id":"https:\/\/edumais.org\/pt-br\/#website"},"datePublished":"2025-09-27T10:59:17+00:00","dateModified":"2025-10-07T13:40:16+00:00","description":"O programa de Design de Jogos S\u00e9rios da EduMais capacita adolescentes das favelas do Rio a criar e programar jogos que abordam quest\u00f5es da vida real.","breadcrumb":{"@id":"https:\/\/edumais.org\/pt-br\/programas\/criacao-de-jogos-educativos\/#breadcrumb"},"inLanguage":"pt-BR","potentialAction":[{"@type":"ReadAction","target":["https:\/\/edumais.org\/pt-br\/programas\/criacao-de-jogos-educativos\/"]}]},{"@type":"BreadcrumbList","@id":"https:\/\/edumais.org\/pt-br\/programas\/criacao-de-jogos-educativos\/#breadcrumb","itemListElement":[{"@type":"ListItem","position":1,"name":"Home","item":"https:\/\/edumais.org\/pt-br\/"},{"@type":"ListItem","position":2,"name":"Programas","item":"https:\/\/edumais.org\/pt-br\/programas\/"},{"@type":"ListItem","position":3,"name":"Cria\u00e7\u00e3o de Jogos Educativos"}]},{"@type":"WebSite","@id":"https:\/\/edumais.org\/pt-br\/#website","url":"https:\/\/edumais.org\/pt-br\/","name":"EduMais","description":"Volunteer organization in Rio de Janeiro, Brazil, South America","publisher":{"@id":"https:\/\/edumais.org\/pt-br\/#organization"},"potentialAction":[{"@type":"SearchAction","target":{"@type":"EntryPoint","urlTemplate":"https:\/\/edumais.org\/pt-br\/?s={search_term_string}"},"query-input":{"@type":"PropertyValueSpecification","valueRequired":true,"valueName":"search_term_string"}}],"inLanguage":"pt-BR"},{"@type":"Organization","@id":"https:\/\/edumais.org\/pt-br\/#organization","name":"EduMais","url":"https:\/\/edumais.org\/pt-br\/","logo":{"@type":"ImageObject","inLanguage":"pt-BR","@id":"https:\/\/edumais.org\/pt-br\/#\/schema\/logo\/image\/","url":"https:\/\/edumais.org\/wp-content\/uploads\/2016\/01\/edumais_logo_vector-as-Smart-Object-1.png","contentUrl":"https:\/\/edumais.org\/wp-content\/uploads\/2016\/01\/edumais_logo_vector-as-Smart-Object-1.png","width":761,"height":361,"caption":"EduMais"},"image":{"@id":"https:\/\/edumais.org\/pt-br\/#\/schema\/logo\/image\/"},"sameAs":["https:\/\/www.facebook.com\/edumais.org\/","https:\/\/www.instagram.com\/edumaisrio\/?hl=en","https:\/\/www.linkedin.com\/company\/edumais.org\/","https:\/\/www.youtube.com\/channel\/UClbmo2QCD_6JH5iGGEoadag"]}]}},"campaignId":"","_links":{"self":[{"href":"https:\/\/edumais.org\/pt-br\/wp-json\/wp\/v2\/pages\/14555","targetHints":{"allow":["GET"]}}],"collection":[{"href":"https:\/\/edumais.org\/pt-br\/wp-json\/wp\/v2\/pages"}],"about":[{"href":"https:\/\/edumais.org\/pt-br\/wp-json\/wp\/v2\/types\/page"}],"author":[{"embeddable":true,"href":"https:\/\/edumais.org\/pt-br\/wp-json\/wp\/v2\/users\/7"}],"replies":[{"embeddable":true,"href":"https:\/\/edumais.org\/pt-br\/wp-json\/wp\/v2\/comments?post=14555"}],"version-history":[{"count":12,"href":"https:\/\/edumais.org\/pt-br\/wp-json\/wp\/v2\/pages\/14555\/revisions"}],"predecessor-version":[{"id":14648,"href":"https:\/\/edumais.org\/pt-br\/wp-json\/wp\/v2\/pages\/14555\/revisions\/14648"}],"up":[{"embeddable":true,"href":"https:\/\/edumais.org\/pt-br\/wp-json\/wp\/v2\/pages\/7276"}],"wp:attachment":[{"href":"https:\/\/edumais.org\/pt-br\/wp-json\/wp\/v2\/media?parent=14555"}],"curies":[{"name":"wp","href":"https:\/\/api.w.org\/{rel}","templated":true}]}}