{"id":10046,"date":"2021-04-15T10:05:27","date_gmt":"2021-04-15T13:05:27","guid":{"rendered":"https:\/\/edumais.org\/?page_id=10046"},"modified":"2021-04-19T16:36:55","modified_gmt":"2021-04-19T19:36:55","slug":"4g-para-que-eu-possa-estudar","status":"publish","type":"page","link":"https:\/\/edumais.org\/pt-br\/arrecadacao\/4g-para-que-eu-possa-estudar\/","title":{"rendered":"4G PARA QUE EU POSSA ESTUDAR"},"content":{"rendered":"<div class=\"wpb-content-wrapper\"><p>[vc_row full_width=&#8221;stretch_row_content_no_spaces&#8221;][vc_column]\n\t\t\t<div class=\"page_header lazyload\" style=\"background:inherit;background-size:cover;\" data-bg=\"rgba(0, 0, 0, 0) url(https:\/\/edumais.org\/wp-content\/uploads\/2017\/11\/Banner-Pages-e1573111231458.png) no-repeat center\">\n\t\t\t\t<div class=\"container\">\n\t\t\t\t\t<div class=\"row\">\n\t\t\t\t\t<div class=\"col-sm-12\">\n\t\t\t\t\t\t<p><\/p>\n\t\t\t\t\t\t<h4>4G PARA QUE EU POSSA ESTUDAR<\/h4>\n\t\t\t\t\t<\/div>\n\t\t\t\t\t<\/div>\n\t\t\t\t<\/div>\n\t\t\t<\/div>\n\t\t[\/vc_column][\/vc_row][vc_row full_width=&#8221;stretch_row&#8221; css=&#8221;.vc_custom_1614729181763{padding-top: 65px !important;padding-bottom: 0px !important;background-color: #ffffff !important;}&#8221;][vc_column width=&#8221;1\/2&#8243; css=&#8221;.vc_custom_1544956032340{padding-bottom: 10px !important;}&#8221;]<div class=\"poverty-progress\">\n\t\t\t\t\t<h4> <span class=\"primary-color text-uppercase\"><b>4G PARA QUE EU POSSA ESTUDAR<\/b><\/span><\/h4>\n\t\t\t\t\t<p><\/p>\n\t\t\t   <\/div>\n\t\t\t[vc_column_text css=&#8221;.vc_custom_1618488949071{padding-top: 20px !important;padding-bottom: 40px !important;}&#8221;]O direito \u00e0 educa\u00e7\u00e3o \u00e9 um direito humano fundamental reconhecido por diversos tratados de direito internacional.<\/p>\n<p>Para que esse direito possa ser alcan\u00e7ado, ter acesso a uma internet confi\u00e1vel n\u00e3o \u00e9 mais algo trivial, mas, sim, uma ferramenta fundamental para o aprendizado. No entanto, com a crise econ\u00f4mica afetando, fortemente, os mais pobres, esse acesso \u00e0 educa\u00e7\u00e3o nem sempre \u00e9 garantido para aqueles que mais precisam.<\/p>\n<p>\u00c9 certo que com as escolas fechadas e com suas rendas reduzidas, muitas familias nas favelas do Cantagalo e de Pav\u00e3o-Pav\u00e3ozinho est\u00e3o tendo de se esfor\u00e7ar para pagarem os seus alugueis, quanto mais guarantir que suas crian\u00e7as tenham acesso \u00e0 internet nos celulares m\u00f3veis das fam\u00edlias.<\/p>\n<p><em>4G PARA QUE EU POSSA ESTUDAR<\/em> tem como objetivo remover esse problema para que nossas crian\u00e7as possam continuar o seu aprendizado e desenvolvimento. Esse projeto tem por objetivo arrecadar fundos para poder fornecer 4G para 300 fma\u00edlias durante um per\u00edodo de 6 meses.[\/vc_column_text][\/vc_column][vc_column width=&#8221;1\/2&#8243;][vc_column_text]<\/p>\n<div style=\"width: 750px;\" class=\"wp-video\"><video class=\"wp-video-shortcode\" id=\"video-10046-1\" width=\"750\" height=\"422\" poster=\"https:\/\/edumais.org\/wp-content\/uploads\/2016\/01\/thumbnail-for-edumais-ngo-rio-de-janeiro-video.jpg\" preload=\"metadata\" controls=\"controls\"><source type=\"video\/mp4\" src=\"https:\/\/edumais.org\/wp-content\/uploads\/2016\/01\/Untitled-Project-\u2010-Made-with-Clipchamp.mp4?_=1\" \/><a href=\"https:\/\/edumais.org\/wp-content\/uploads\/2016\/01\/Untitled-Project-\u2010-Made-with-Clipchamp.mp4\">https:\/\/edumais.org\/wp-content\/uploads\/2016\/01\/Untitled-Project-\u2010-Made-with-Clipchamp.mp4<\/a><\/video><\/div>\n<p>[\/vc_column_text][\/vc_column][\/vc_row][vc_row full_width=&#8221;stretch_row&#8221; css=&#8221;.vc_custom_1614729220759{padding-top: 25px !important;padding-bottom: 25px !important;background-color: #ffffff !important;}&#8221;][vc_column css=&#8221;.vc_custom_1544956032340{padding-bottom: 10px !important;}&#8221;][vc_column_text css=&#8221;.vc_custom_1618488987130{padding-bottom: 15px !important;}&#8221;]<\/p>\n<h3 style=\"text-align: center;\">Apenas 6 euros j\u00e1 \u00e9 capaz de fornecer internet para uma fam\u00edlia durante um m\u00eas. Isso \u00e9 muito mais do que acesso \u00e0 sala de aula. Para muitos, na verdade, \u00e9 uma chave fundamental para ter acesso a uma vida melhor.<\/h3>\n<p>[\/vc_column_text][\/vc_column][\/vc_row][vc_row full_width=&#8221;stretch_row_content&#8221;][vc_column width=&#8221;1\/2&#8243; css=&#8221;.vc_custom_1618861006826{padding-bottom: 25px !important;background-color: #685ca7 !important;}&#8221;][vc_column_text css=&#8221;.vc_custom_1618860477904{padding-right: 50px !important;padding-bottom: 17px !important;padding-left: 50px !important;}&#8221;]<\/p>\n<div class=\"top-inner\">\n<h4>Seja um doador de bronze por apenas 54 euros<\/h4>\n<\/div>\n<p>[\/vc_column_text][vc_column_text css=&#8221;.vc_custom_1618859706430{padding-right: 50px !important;padding-bottom: 17px !important;padding-left: 50px !important;}&#8221;]<span style=\"color: #ffffff;\">Doe acesso \u00e0 internet para 5 fam\u00edlias por um per\u00edodo de 3 meses<\/span>[\/vc_column_text][vc_column_text css=&#8221;.vc_custom_1618490939900{padding-right: 50px !important;padding-bottom: 17px !important;padding-left: 50px !important;}&#8221;]<\/p>\n<p style=\"text-align: left;\" align=\"CENTER\"><span style=\"color: #ffffff;\">Receba o nosso <em><strong>exclusivo e-book<\/strong><\/em><strong> sobre detalhes do nosso fundo de al\u00edvio do COVID e as nossas respostas emergenciais. <strong>de uma das nossas fam\u00edlias<\/strong> <\/strong><\/span><\/p>\n<p>[\/vc_column_text][vc_column_text css=&#8221;.vc_custom_1618489121638{padding-right: 50px !important;padding-left: 50px !important;}&#8221;]<a class=\"btn btn-xs btn-dark\" href=\"https:\/\/edumais.org\/donate\/\">Doe agora<\/a>[\/vc_column_text][\/vc_column][vc_column width=&#8221;1\/2&#8243; css=&#8221;.vc_custom_1618859843895{padding-bottom: 25px !important;background-color: #f17534 !important;}&#8221;][vc_column_text css=&#8221;.vc_custom_1618489159051{padding-right: 50px !important;padding-bottom: 17px !important;padding-left: 50px !important;}&#8221;]<\/p>\n<div class=\"top-inner\">\n<h4>Seja um doador de prata por 90 euros<\/h4>\n<\/div>\n<p>[\/vc_column_text][vc_column_text css=&#8221;.vc_custom_1618490281381{padding-right: 50px !important;padding-bottom: 17px !important;padding-left: 50px !important;}&#8221;]<span style=\"color: #ffffff;\">Doe acesso \u00e0 internet para 5 fam\u00edlias por um per\u00edodo de 3 meses.<\/span>[\/vc_column_text][vc_column_text css=&#8221;.vc_custom_1618859804479{padding-right: 50px !important;padding-bottom: 17px !important;padding-left: 50px !important;}&#8221;]<\/p>\n<p style=\"text-align: left;\" align=\"CENTER\"><span style=\"color: #ffffff;\">Receba o nosso <em><strong>exclusivo e-book<\/strong><\/em><strong> e v\u00eddeos personalizados\/strong&gt; <strong>de uma das nossas fam\u00edlias<\/strong> agraedecendo pela sua doa\u00e7\u00e3o.<\/strong><\/span><\/p>\n<p>[\/vc_column_text][vc_column_text css=&#8221;.vc_custom_1618489178449{padding-right: 50px !important;padding-left: 50px !important;}&#8221;]<a class=\"btn btn-xs btn-dark\" href=\"https:\/\/edumais.org\/donate\/\">Doe agora\u00a0<\/a>[\/vc_column_text][\/vc_column][\/vc_row][vc_row full_width=&#8221;stretch_row_content&#8221;][vc_column width=&#8221;1\/2&#8243; css=&#8221;.vc_custom_1618860985681{padding-bottom: 25px !important;background-color: #9cca46 !important;}&#8221;][vc_column_text css=&#8221;.vc_custom_1618860301164{padding-right: 50px !important;padding-bottom: 17px !important;padding-left: 50px !important;}&#8221;]<\/p>\n<div class=\"top-inner\">\n<h4>Seja um doador de ouro por 180 euros<\/h4>\n<\/div>\n<p>[\/vc_column_text][vc_column_text css=&#8221;.vc_custom_1618860440470{padding-right: 50px !important;padding-bottom: 17px !important;padding-left: 50px !important;}&#8221;]<span style=\"color: #ffffff;\">Doe acesso \u00e0 internet para 10 fam\u00edlias por um per\u00edodo de 3 meses<\/span>[\/vc_column_text][vc_column_text css=&#8221;.vc_custom_1618860405794{padding-right: 50px !important;padding-bottom: 17px !important;padding-left: 50px !important;}&#8221;]<\/p>\n<p style=\"text-align: left;\" align=\"CENTER\"><span style=\"color: #ffffff;\">Receba o nosso <strong><em>exclusive e-book<\/em> e v\u00eddeos personalizados de uma das nossas fam\u00edlias e da nossa fundadora, Diana Nijboer,<br \/>\n<\/strong> agraedecendo pela sua doa\u00e7\u00e3o.<\/span><\/p>\n<p>[\/vc_column_text][vc_column_text css=&#8221;.vc_custom_1618489294680{padding-right: 50px !important;padding-left: 50px !important;}&#8221;]<a class=\"btn btn-xs btn-dark\" href=\"https:\/\/edumais.org\/donate\/\">Doe agora<\/a>[\/vc_column_text][\/vc_column][vc_column width=&#8221;1\/2&#8243; css=&#8221;.vc_custom_1605214917140{padding-bottom: 25px !important;background-color: #ed3727 !important;}&#8221;][vc_column_text css=&#8221;.vc_custom_1618860313112{padding-right: 50px !important;padding-bottom: 17px !important;padding-left: 50px !important;}&#8221;]<\/p>\n<div class=\"top-inner\">\n<h4>Seja um doador de platina por 270 euros<\/h4>\n<\/div>\n<p>[\/vc_column_text][vc_column_text css=&#8221;.vc_custom_1618860458027{padding-right: 50px !important;padding-bottom: 17px !important;padding-left: 50px !important;}&#8221;]<span style=\"color: #ffffff;\">Doe acesso \u00e0 internet para 15 fam\u00edlias por um per\u00edodo de 3 meses<\/span>[\/vc_column_text][vc_column_text css=&#8221;.vc_custom_1618860421465{padding-right: 50px !important;padding-bottom: 17px !important;padding-left: 50px !important;}&#8221;]<\/p>\n<p style=\"text-align: left;\" align=\"CENTER\"><span style=\"color: #ffffff;\">Receba todas as recompensas do doador de ouro + uma liga\u00e7\u00e3o individual com a nossa fundadora para conversar sobre qualquer aspecto do Edumais que voc\u00ea deseje e um post dedicado a voc\u00ea em nossas redes sociais.<\/span>[\/vc_column_text][vc_column_text css=&#8221;.vc_custom_1618489312840{padding-right: 50px !important;padding-left: 50px !important;}&#8221;]<a class=\"btn btn-xs btn-dark\" href=\"https:\/\/edumais.org\/donate\/\">Doe agora<\/a>[\/vc_column_text][\/vc_column][\/vc_row][vc_row full_width=&#8221;stretch_row_content_no_spaces&#8221; css=&#8221;.vc_custom_1605223234384{padding-top: 35px !important;padding-bottom: 40px !important;}&#8221;][vc_column]\n\t\t\t<div class=\"urgent-causes\">\n\t\t\t\t<div class=\"container\">\n\t\t\t\t\t<div class=\"posts\">\n\t\t\t\t\t\t<div class=\"row center-content\">\n\t\t\t\t\t\t\t<div class=\"col-sm-5\">\n\t\t\t\t\t\t\t\t<div class=\"urgent-causes-bg lazyload\" style=\"background:inherit; background-size:cover\" data-bg=\"url(https:\/\/edumais.org\/wp-content\/uploads\/2020\/06\/20190331-100_1236.jpg) no-repeat center center\">\n\t\t\t\t\t\t\t\t<\/div>\n\t\t\t\t\t\t\t<\/div>\n\t\t\t\t\t\t\t\n\t\t\t\t\t\t\t<div class=\"col-sm-7\">\n\t\t\t\t\t\t\t\t<div class=\"wrap\">\n\t\t\t\t\t\t\t\t\t<img decoding=\"async\" class=\"flag\" src=\"\" alt=\"\">\n\t\t\t\t\t\t\t\t\t<span><\/span>\n\t\t\t\t\t\t\t\t\t<h4>FUNDO 4G PARA QUE EU POSSA ESTUDAR<\/h4>\n\t\t\t\t\t\t\t\t<\/div>\n\t\t\t\t\t\t\t\t<p>Esse \u00e9 o total arrecadado, at\u00e9 agora, para poder conecetar os nossos alunos \u00e0 internet. O c\u00e1lculo da porcetagem \u00e9 feito com base na estimativa de que uma conex\u00e3o \u00e0 internet ser\u00e1 necess\u00e1ria durante 6 meses, apesar de esse n\u00famero poder variar.<\/p>\n\t\t\t\t\t\t\t\t<div class=\"group\">\n\n\t\t\t\t\t\t\t\t\t<div class=\"progress-circle urgent_cause_circle\"><small>63%<\/small><\/div>\t\t\t\t\t\t\n\n\t\t\t\t\t\t\t\t\t<em class=\"hide-content\">Target <span class=\"text-style\">\u20ac10800<\/span><\/em>\n\t\t\t\t\t\t\t\t\t<a href=\"https:\/\/edumais.org\/donate\/\" class=\"btn\">\n\t\t\t\t\t\t\t\t\t\tDoe\n\t\t\t\t\t\t\t\t\t<\/a>\n\t\t\t\t\t\t\t\t<\/div>\n\t\t\t\t\t\t\t<\/div>\n\t\t\t\t\t\t<\/div>\n\t\t\t\t\t<\/div>\n\t\t\t\t<\/div>\n\t\t\t<\/div>\n\t\t\t[\/vc_column][\/vc_row][vc_row full_width=&#8221;stretch_row_content_no_spaces&#8221; css=&#8221;.vc_custom_1590430496952{padding-bottom: 40px !important;}&#8221;][vc_column]<div class=\"clearfix\"><\/div><div class=\"home-stats\">\n\t\t\t\t<div class=\"container\">\n\t\t\t\t\t<div class=\"row\"><div class=\"col-sm-2\">\n\t\t\t\t\t\t<p ><span >300<\/span><br>Fam\u00edlias<\/p>\n\t\t\t\t\t   <\/div><div class=\"col-sm-2\">\n\t\t\t\t\t\t<p ><span >400<\/span><br>Alunos<\/p>\n\t\t\t\t\t   <\/div><div class=\"col-sm-2\">\n\t\t\t\t\t\t<p ><span >6<\/span><br>Meses<\/p>\n\t\t\t\t\t   <\/div><div class=\"col-sm-2\">\n\t\t\t\t\t\t<p ><span style=\"font-size:Sanitization products;\">4G<\/span><br>conex\u00e3o com a internet<\/p>\n\t\t\t\t\t   <\/div><\/div>\n\t\t\t\t<\/div>\n\t\t       <\/div>[\/vc_column][\/vc_row][vc_row][vc_column]<div class=\"poverty-progress\">\n\t\t\t\t\t<h4>FAQs <span class=\"primary-color text-uppercase\"><b><\/b><\/span><\/h4>\n\t\t\t\t\t<p><\/p>\n\t\t\t   <\/div>\n\t\t\t[\/vc_column][\/vc_row][vc_row css=&#8221;.vc_custom_1605223735390{padding-top: 15px !important;padding-bottom: 25px !important;}&#8221;][vc_column][vc_column_text]<\/p>\n<ul>\n<li><strong>Por que 6 meses?<\/strong><\/li>\n<\/ul>\n<p>Atualmente, as escolas no Rio devem reabrir, somente, em julho. Ent\u00e3o, a partir da\u00ed, o acesso \u00e0 internet n\u00e3o ser\u00e1 mais algo primordial para que os alunos tenham acesso \u00e0 escola.<\/p>\n<ul>\n<li><strong>Por que 300 fam\u00edlias? Voc\u00eas n\u00e3o t\u00eam 400 alunos?\u00a0<\/strong><\/li>\n<\/ul>\n<p>Muitos dos nossos aluonos s\u00e3o irm\u00e3os! Estamos tentando cobrir o 4g para cada fam\u00edlia, j\u00e1 que muitas vezes h\u00e1 um celular por fam\u00edlia.<\/p>\n<ul>\n<li><strong>Por que voc\u00eas est\u00e3o fornecendo 4G ao inv\u00e9s de internet \u00e0 cabo?<\/strong><\/li>\n<\/ul>\n<div>O 4G n\u00e3o \u00e9 apenas mais barato, mas, tamb\u00e9m, em um contexto em que n\u00e3o h\u00e1 uma conex\u00e3o\u00a0confi\u00e1vel e uma oferta de eletricidade dispon\u00edvel, o 4G consegue garantir uma conex\u00e3o mais segura. Al\u00e9m disso, o 4G \u00e9 muito mais simples de ser instalado, uma vez que precisa apenas de um chip e n\u00e3o de cabos.<\/div>\n<dl>\n<dd><\/dd>\n<\/dl>\n<p>[\/vc_column_text][\/vc_column][\/vc_row]<\/p>\n<\/div>","protected":false},"excerpt":{"rendered":"<p>[vc_row full_width=&#8221;stretch_row_content_no_spaces&#8221;][vc_column][\/vc_column][\/vc_row][vc_row full_width=&#8221;stretch_row&#8221; css=&#8221;.vc_custom_1614729181763{padding-top: 65px !important;padding-bottom: 0px !important;background-color: #ffffff !important;}&#8221;][vc_column width=&#8221;1\/2&#8243; css=&#8221;.vc_custom_1544956032340{padding-bottom: 10px !important;}&#8221;][vc_column_text css=&#8221;.vc_custom_1618488949071{padding-top: 20px !important;padding-bottom: [&hellip;]<\/p>\n","protected":false},"author":6,"featured_media":9606,"parent":7225,"menu_order":0,"comment_status":"closed","ping_status":"closed","template":"page-vc.php","meta":{"give_campaign_id":0,"footnotes":""},"class_list":["post-10046","page","type-page","status-publish","has-post-thumbnail","hentry"],"yoast_head":"<!-- This site is optimized with the Yoast SEO plugin v27.4 - https:\/\/yoast.com\/product\/yoast-seo-wordpress\/ -->\n<title>4G PARA QUE EU POSSA ESTUDAR<\/title>\n<meta name=\"description\" content=\"O 4G para que eu posse estudar projeto tem como objetivo financiar o suficiente para cobrir 4G para 300 fam\u00edlias durante um per\u00edodo de 6 meses.\" \/>\n<meta name=\"robots\" content=\"index, follow, max-snippet:-1, max-image-preview:large, max-video-preview:-1\" \/>\n<link rel=\"canonical\" href=\"https:\/\/edumais.org\/pt-br\/arrecadacao\/4g-para-que-eu-possa-estudar\/\" \/>\n<meta property=\"og:locale\" content=\"pt_BR\" \/>\n<meta property=\"og:type\" content=\"article\" \/>\n<meta property=\"og:title\" content=\"4G PARA QUE EU POSSA ESTUDAR\" \/>\n<meta property=\"og:description\" content=\"O 4G para que eu posse estudar projeto tem como objetivo financiar o suficiente para cobrir 4G para 300 fam\u00edlias durante um per\u00edodo de 6 meses.\" \/>\n<meta property=\"og:url\" content=\"https:\/\/edumais.org\/pt-br\/arrecadacao\/4g-para-que-eu-possa-estudar\/\" \/>\n<meta property=\"og:site_name\" content=\"EduMais\" \/>\n<meta property=\"article:publisher\" content=\"https:\/\/www.facebook.com\/edumais.org\/\" \/>\n<meta property=\"article:modified_time\" content=\"2021-04-19T19:36:55+00:00\" \/>\n<meta property=\"og:image\" content=\"https:\/\/edumais.org\/wp-content\/uploads\/2020\/03\/E3A9C0B9-0F82-49D0-B652-4DCC2CE37DAA.jpeg\" \/>\n\t<meta property=\"og:image:width\" content=\"1600\" \/>\n\t<meta property=\"og:image:height\" content=\"1200\" \/>\n\t<meta property=\"og:image:type\" content=\"image\/jpeg\" \/>\n<meta name=\"twitter:card\" content=\"summary_large_image\" \/>\n<meta name=\"twitter:label1\" content=\"Est. tempo de leitura\" \/>\n\t<meta name=\"twitter:data1\" content=\"4 minutos\" \/>\n<script type=\"application\/ld+json\" class=\"yoast-schema-graph\">{\"@context\":\"https:\\\/\\\/schema.org\",\"@graph\":[{\"@type\":\"WebPage\",\"@id\":\"https:\\\/\\\/edumais.org\\\/pt-br\\\/arrecadacao\\\/4g-para-que-eu-possa-estudar\\\/\",\"url\":\"https:\\\/\\\/edumais.org\\\/pt-br\\\/arrecadacao\\\/4g-para-que-eu-possa-estudar\\\/\",\"name\":\"4G PARA QUE EU POSSA ESTUDAR\",\"isPartOf\":{\"@id\":\"https:\\\/\\\/edumais.org\\\/pt-br\\\/#website\"},\"primaryImageOfPage\":{\"@id\":\"https:\\\/\\\/edumais.org\\\/pt-br\\\/arrecadacao\\\/4g-para-que-eu-possa-estudar\\\/#primaryimage\"},\"image\":{\"@id\":\"https:\\\/\\\/edumais.org\\\/pt-br\\\/arrecadacao\\\/4g-para-que-eu-possa-estudar\\\/#primaryimage\"},\"thumbnailUrl\":\"https:\\\/\\\/edumais.org\\\/wp-content\\\/uploads\\\/2020\\\/06\\\/20190331-100_1236.jpg\",\"datePublished\":\"2021-04-15T13:05:27+00:00\",\"dateModified\":\"2021-04-19T19:36:55+00:00\",\"description\":\"O 4G para que eu posse estudar projeto tem como objetivo financiar o suficiente para cobrir 4G para 300 fam\u00edlias durante um per\u00edodo de 6 meses.\",\"breadcrumb\":{\"@id\":\"https:\\\/\\\/edumais.org\\\/pt-br\\\/arrecadacao\\\/4g-para-que-eu-possa-estudar\\\/#breadcrumb\"},\"inLanguage\":\"pt-BR\",\"potentialAction\":[{\"@type\":\"ReadAction\",\"target\":[\"https:\\\/\\\/edumais.org\\\/pt-br\\\/arrecadacao\\\/4g-para-que-eu-possa-estudar\\\/\"]}]},{\"@type\":\"ImageObject\",\"inLanguage\":\"pt-BR\",\"@id\":\"https:\\\/\\\/edumais.org\\\/pt-br\\\/arrecadacao\\\/4g-para-que-eu-possa-estudar\\\/#primaryimage\",\"url\":\"https:\\\/\\\/edumais.org\\\/wp-content\\\/uploads\\\/2020\\\/06\\\/20190331-100_1236.jpg\",\"contentUrl\":\"https:\\\/\\\/edumais.org\\\/wp-content\\\/uploads\\\/2020\\\/06\\\/20190331-100_1236.jpg\",\"width\":2560,\"height\":1880},{\"@type\":\"BreadcrumbList\",\"@id\":\"https:\\\/\\\/edumais.org\\\/pt-br\\\/arrecadacao\\\/4g-para-que-eu-possa-estudar\\\/#breadcrumb\",\"itemListElement\":[{\"@type\":\"ListItem\",\"position\":1,\"name\":\"Home\",\"item\":\"https:\\\/\\\/edumais.org\\\/pt-br\\\/\"},{\"@type\":\"ListItem\",\"position\":2,\"name\":\"Arrecada\u00e7\u00e3o\",\"item\":\"https:\\\/\\\/edumais.org\\\/pt-br\\\/arrecadacao\\\/\"},{\"@type\":\"ListItem\",\"position\":3,\"name\":\"4G PARA QUE EU POSSA ESTUDAR\"}]},{\"@type\":\"WebSite\",\"@id\":\"https:\\\/\\\/edumais.org\\\/pt-br\\\/#website\",\"url\":\"https:\\\/\\\/edumais.org\\\/pt-br\\\/\",\"name\":\"EduMais\",\"description\":\"Volunteer organization in Rio de Janeiro, Brazil, South America\",\"publisher\":{\"@id\":\"https:\\\/\\\/edumais.org\\\/pt-br\\\/#organization\"},\"potentialAction\":[{\"@type\":\"SearchAction\",\"target\":{\"@type\":\"EntryPoint\",\"urlTemplate\":\"https:\\\/\\\/edumais.org\\\/pt-br\\\/?s={search_term_string}\"},\"query-input\":{\"@type\":\"PropertyValueSpecification\",\"valueRequired\":true,\"valueName\":\"search_term_string\"}}],\"inLanguage\":\"pt-BR\"},{\"@type\":\"Organization\",\"@id\":\"https:\\\/\\\/edumais.org\\\/pt-br\\\/#organization\",\"name\":\"EduMais\",\"url\":\"https:\\\/\\\/edumais.org\\\/pt-br\\\/\",\"logo\":{\"@type\":\"ImageObject\",\"inLanguage\":\"pt-BR\",\"@id\":\"https:\\\/\\\/edumais.org\\\/pt-br\\\/#\\\/schema\\\/logo\\\/image\\\/\",\"url\":\"https:\\\/\\\/edumais.org\\\/wp-content\\\/uploads\\\/2016\\\/01\\\/edumais_logo_vector-as-Smart-Object-1.png\",\"contentUrl\":\"https:\\\/\\\/edumais.org\\\/wp-content\\\/uploads\\\/2016\\\/01\\\/edumais_logo_vector-as-Smart-Object-1.png\",\"width\":761,\"height\":361,\"caption\":\"EduMais\"},\"image\":{\"@id\":\"https:\\\/\\\/edumais.org\\\/pt-br\\\/#\\\/schema\\\/logo\\\/image\\\/\"},\"sameAs\":[\"https:\\\/\\\/www.facebook.com\\\/edumais.org\\\/\",\"https:\\\/\\\/www.instagram.com\\\/edumaisrio\\\/?hl=en\",\"https:\\\/\\\/www.linkedin.com\\\/company\\\/edumais.org\\\/\",\"https:\\\/\\\/www.youtube.com\\\/channel\\\/UClbmo2QCD_6JH5iGGEoadag\"]}]}<\/script>\n<!-- \/ Yoast SEO plugin. -->","yoast_head_json":{"title":"4G PARA QUE EU POSSA ESTUDAR","description":"O 4G para que eu posse estudar projeto tem como objetivo financiar o suficiente para cobrir 4G para 300 fam\u00edlias durante um per\u00edodo de 6 meses.","robots":{"index":"index","follow":"follow","max-snippet":"max-snippet:-1","max-image-preview":"max-image-preview:large","max-video-preview":"max-video-preview:-1"},"canonical":"https:\/\/edumais.org\/pt-br\/arrecadacao\/4g-para-que-eu-possa-estudar\/","og_locale":"pt_BR","og_type":"article","og_title":"4G PARA QUE EU POSSA ESTUDAR","og_description":"O 4G para que eu posse estudar projeto tem como objetivo financiar o suficiente para cobrir 4G para 300 fam\u00edlias durante um per\u00edodo de 6 meses.","og_url":"https:\/\/edumais.org\/pt-br\/arrecadacao\/4g-para-que-eu-possa-estudar\/","og_site_name":"EduMais","article_publisher":"https:\/\/www.facebook.com\/edumais.org\/","article_modified_time":"2021-04-19T19:36:55+00:00","og_image":[{"width":1600,"height":1200,"url":"https:\/\/edumais.org\/wp-content\/uploads\/2020\/03\/E3A9C0B9-0F82-49D0-B652-4DCC2CE37DAA.jpeg","type":"image\/jpeg"}],"twitter_card":"summary_large_image","twitter_misc":{"Est. tempo de leitura":"4 minutos"},"schema":{"@context":"https:\/\/schema.org","@graph":[{"@type":"WebPage","@id":"https:\/\/edumais.org\/pt-br\/arrecadacao\/4g-para-que-eu-possa-estudar\/","url":"https:\/\/edumais.org\/pt-br\/arrecadacao\/4g-para-que-eu-possa-estudar\/","name":"4G PARA QUE EU POSSA ESTUDAR","isPartOf":{"@id":"https:\/\/edumais.org\/pt-br\/#website"},"primaryImageOfPage":{"@id":"https:\/\/edumais.org\/pt-br\/arrecadacao\/4g-para-que-eu-possa-estudar\/#primaryimage"},"image":{"@id":"https:\/\/edumais.org\/pt-br\/arrecadacao\/4g-para-que-eu-possa-estudar\/#primaryimage"},"thumbnailUrl":"https:\/\/edumais.org\/wp-content\/uploads\/2020\/06\/20190331-100_1236.jpg","datePublished":"2021-04-15T13:05:27+00:00","dateModified":"2021-04-19T19:36:55+00:00","description":"O 4G para que eu posse estudar projeto tem como objetivo financiar o suficiente para cobrir 4G para 300 fam\u00edlias durante um per\u00edodo de 6 meses.","breadcrumb":{"@id":"https:\/\/edumais.org\/pt-br\/arrecadacao\/4g-para-que-eu-possa-estudar\/#breadcrumb"},"inLanguage":"pt-BR","potentialAction":[{"@type":"ReadAction","target":["https:\/\/edumais.org\/pt-br\/arrecadacao\/4g-para-que-eu-possa-estudar\/"]}]},{"@type":"ImageObject","inLanguage":"pt-BR","@id":"https:\/\/edumais.org\/pt-br\/arrecadacao\/4g-para-que-eu-possa-estudar\/#primaryimage","url":"https:\/\/edumais.org\/wp-content\/uploads\/2020\/06\/20190331-100_1236.jpg","contentUrl":"https:\/\/edumais.org\/wp-content\/uploads\/2020\/06\/20190331-100_1236.jpg","width":2560,"height":1880},{"@type":"BreadcrumbList","@id":"https:\/\/edumais.org\/pt-br\/arrecadacao\/4g-para-que-eu-possa-estudar\/#breadcrumb","itemListElement":[{"@type":"ListItem","position":1,"name":"Home","item":"https:\/\/edumais.org\/pt-br\/"},{"@type":"ListItem","position":2,"name":"Arrecada\u00e7\u00e3o","item":"https:\/\/edumais.org\/pt-br\/arrecadacao\/"},{"@type":"ListItem","position":3,"name":"4G PARA QUE EU POSSA ESTUDAR"}]},{"@type":"WebSite","@id":"https:\/\/edumais.org\/pt-br\/#website","url":"https:\/\/edumais.org\/pt-br\/","name":"EduMais","description":"Volunteer organization in Rio de Janeiro, Brazil, South America","publisher":{"@id":"https:\/\/edumais.org\/pt-br\/#organization"},"potentialAction":[{"@type":"SearchAction","target":{"@type":"EntryPoint","urlTemplate":"https:\/\/edumais.org\/pt-br\/?s={search_term_string}"},"query-input":{"@type":"PropertyValueSpecification","valueRequired":true,"valueName":"search_term_string"}}],"inLanguage":"pt-BR"},{"@type":"Organization","@id":"https:\/\/edumais.org\/pt-br\/#organization","name":"EduMais","url":"https:\/\/edumais.org\/pt-br\/","logo":{"@type":"ImageObject","inLanguage":"pt-BR","@id":"https:\/\/edumais.org\/pt-br\/#\/schema\/logo\/image\/","url":"https:\/\/edumais.org\/wp-content\/uploads\/2016\/01\/edumais_logo_vector-as-Smart-Object-1.png","contentUrl":"https:\/\/edumais.org\/wp-content\/uploads\/2016\/01\/edumais_logo_vector-as-Smart-Object-1.png","width":761,"height":361,"caption":"EduMais"},"image":{"@id":"https:\/\/edumais.org\/pt-br\/#\/schema\/logo\/image\/"},"sameAs":["https:\/\/www.facebook.com\/edumais.org\/","https:\/\/www.instagram.com\/edumaisrio\/?hl=en","https:\/\/www.linkedin.com\/company\/edumais.org\/","https:\/\/www.youtube.com\/channel\/UClbmo2QCD_6JH5iGGEoadag"]}]}},"campaignId":"","_links":{"self":[{"href":"https:\/\/edumais.org\/pt-br\/wp-json\/wp\/v2\/pages\/10046","targetHints":{"allow":["GET"]}}],"collection":[{"href":"https:\/\/edumais.org\/pt-br\/wp-json\/wp\/v2\/pages"}],"about":[{"href":"https:\/\/edumais.org\/pt-br\/wp-json\/wp\/v2\/types\/page"}],"author":[{"embeddable":true,"href":"https:\/\/edumais.org\/pt-br\/wp-json\/wp\/v2\/users\/6"}],"replies":[{"embeddable":true,"href":"https:\/\/edumais.org\/pt-br\/wp-json\/wp\/v2\/comments?post=10046"}],"version-history":[{"count":7,"href":"https:\/\/edumais.org\/pt-br\/wp-json\/wp\/v2\/pages\/10046\/revisions"}],"predecessor-version":[{"id":10049,"href":"https:\/\/edumais.org\/pt-br\/wp-json\/wp\/v2\/pages\/10046\/revisions\/10049"}],"up":[{"embeddable":true,"href":"https:\/\/edumais.org\/pt-br\/wp-json\/wp\/v2\/pages\/7225"}],"wp:featuredmedia":[{"embeddable":true,"href":"https:\/\/edumais.org\/pt-br\/wp-json\/wp\/v2\/media\/9606"}],"wp:attachment":[{"href":"https:\/\/edumais.org\/pt-br\/wp-json\/wp\/v2\/media?parent=10046"}],"curies":[{"name":"wp","href":"https:\/\/api.w.org\/{rel}","templated":true}]}}