{"id":5052,"date":"2019-04-20T20:19:56","date_gmt":"2019-04-20T23:19:56","guid":{"rendered":"https:\/\/edumais.org\/?page_id=5052"},"modified":"2019-06-22T09:52:52","modified_gmt":"2019-06-22T12:52:52","slug":"internationale-uitwisseling","status":"publish","type":"page","link":"https:\/\/edumais.org\/nl\/programmas\/internationale-uitwisseling\/","title":{"rendered":"Internationale uitwisseling"},"content":{"rendered":"<div class=\"wpb-content-wrapper\"><p>[vc_row full_width=&#8221;stretch_row&#8221; content_placement=&#8221;middle&#8221; css=&#8221;.vc_custom_1540039236943{padding-top: 25px !important;padding-bottom: 35px !important;}&#8221;][vc_column width=&#8221;1\/2&#8243;]<div class=\"poverty-progress\">\n\t\t\t\t\t<h4>Uitwisselings <span class=\"primary-color text-uppercase\"><b>Programma<\/b><\/span><\/h4>\n\t\t\t\t\t<p><\/p>\n\t\t\t   <\/div>\n\t\t\t[vc_column_text]Jeugdontwikkeling experts zijn het er over eens dat jongeren verschillende ervaringen in hun leven nodig hebben om gezonde volwassenen te worden. Wij doen dit voor enkele van onze kansarme leerlingen door ze naar een zomerkamp in de Verenigde Staten te sturen!<\/p>\n<p>We selecteren de leerlingen op basis van verdienste, evenals karakter. Dit zorgt ervoor \u00a0dat de jongeren in de beste positie verkeren om deze kans optimaal te kunnen en willen benutten.<\/p>\n<p>Ons International Uitwisselingsprogramma geeft hen de kans om \u200b\u200bvolledig ondergedompeld te worden in de Engelse taal, dit terwijl ze in een veilige en verzorgende omgeving verblijven dit staat veraf van de omgeving waarin ze opgroeien. Twee weken lang nemen deze kansarme tieners deel aan de programma&#8217;s van\u00a0<a href=\"https:\/\/camphazenymca.org\/\">Camp Hazen YMCA<\/a>, waarna ze een week in een gastgezin in de Verenigde Staten verblijven. Onnodig te vermelden dat dit een onmetelijke positieve impact op hun leven is.<\/p>\n<p>Inderdaad, \u00a0het vertrouwen van eerdere deelnemers schoot omhoog. Hun Engels niveau verbeterde drastisch en ze ontwikkelden onschatbare sociale, emotionele en levensvaardigheden. Het beste van alles is dat ons Internationale uitwisselingsprogramma hen heeft geholpen een positieve visie op de toekomst te ontwikkelen.<\/p>\n<p><em>Partners<\/em><br \/>\nDit programma is afhankelijk van de genereuze hulp van onze partners bij <a href=\"http:\/\/www.brayce.org\/\">Brayce<\/a>. Zonder hun sponsoring zouden we deze levens veranderende kansen niet aan onze studenten kunnen geven.[\/vc_column_text][\/vc_column][vc_column width=&#8221;1\/2&#8243; css=&#8221;.vc_custom_1545232195431{padding-top: 15px !important;}&#8221;][vc_single_image image=&#8221;1927&#8243; img_size=&#8221;1000&#215;600&#8243; alignment=&#8221;center&#8221;][\/vc_column][\/vc_row][vc_row full_width=&#8221;stretch_row&#8221; content_placement=&#8221;middle&#8221; css=&#8221;.vc_custom_1544039951709{padding-top: 25px !important;padding-bottom: 35px !important;background-color: #f8f8f8 !important;}&#8221;][vc_column width=&#8221;1\/2&#8243; css=&#8221;.vc_custom_1544039964337{padding-top: 20px !important;padding-bottom: 20px !important;}&#8221;][vc_single_image image=&#8221;1929&#8243; img_size=&#8221;1000&#215;750&#8243; alignment=&#8221;center&#8221;][\/vc_column][vc_column width=&#8221;1\/2&#8243; css=&#8221;.vc_custom_1544039977466{padding-top: 20px !important;padding-bottom: 20px !important;}&#8221;]<div class=\"poverty-progress\">\n\t\t\t\t\t<h4>Camp Hazen <span class=\"primary-color text-uppercase\"><b>YMCA<\/b><\/span><\/h4>\n\t\t\t\t\t<p><\/p>\n\t\t\t   <\/div>\n\t\t\t[vc_column_text]Camp Hazen biedt onze leerlingen de mogelijkheid hun Engels drastisch te verbeteren. Daarnaast leren ze waardevolle levensvaardigheden door middel van een reeks fysieke en creatieve activiteiten. Deze omvatten klimmen, windsurfen, kampvuur koken, ceremonies en zingen.<\/p>\n<p>Kleine groepen en een g\u00e9\u00e9n telefoon beleid helpen om een sterk gemeenschapsgevoel te cre\u00ebren. Of het nu gaat om het leren van een nieuwe activiteit, vrienden maken of veerkrachtiger te worden, dit kamp vergroot de horizon van onze leerlingen echt!<\/p>\n<p><em>Leiderschapsprogramma<\/em><br \/>\nCamp Hazen biedt ook een <a href=\"https:\/\/camphazenymca.org\/summer-camp\/leadership-programs\">leiderschapsprogramma<\/a>. Om te worden geselecteerd voor dit programma, moeten leerlingen zich committeren aan hard werken en buiten hun comfortzones stappen. Gedurende drie weken volgen ze workshops over leiderschap in het kamp, met onderwerpen als communicatievaardigheden, conflictoplossing en pestpreventie. Als gevolg daarvan hebben ze de kans om te groeien en zich als een sterk en veerkrachtig individu te ontwikkelen.[\/vc_column_text][\/vc_column][\/vc_row][vc_row top_padding=&#8221;75px&#8221;][vc_column][vc_column_text]<\/p>\n<h3 style=\"text-align: center;\">Kun jij ons helpen om kansarme tieners levensveranderende kansen te geven?<\/h3>\n<p style=\"text-align: center;\">Doneer vandaag nog aan ons Internationale uitwisselingsprogramma!<\/p>\n<p style=\"text-align: center;\"><a class=\"btndonate\" href=\"https:\/\/edumais.org\/nl\/doneer\/\">Doneer nu<\/a><\/p>\n<p>[\/vc_column_text][\/vc_column][\/vc_row][vc_row][vc_column][vc_separator color=&#8221;black&#8221; style=&#8221;shadow&#8221; css=&#8221;.vc_custom_1550398881910{padding-top: 100px !important;}&#8221;][\/vc_column][\/vc_row]<\/p>\n<\/div>","protected":false},"excerpt":{"rendered":"<p>[vc_row full_width=&#8221;stretch_row&#8221; content_placement=&#8221;middle&#8221; css=&#8221;.vc_custom_1540039236943{padding-top: 25px !important;padding-bottom: 35px !important;}&#8221;][vc_column width=&#8221;1\/2&#8243;][vc_column_text]Jeugdontwikkeling experts zijn het er over eens dat jongeren [&hellip;]<\/p>\n","protected":false},"author":5,"featured_media":0,"parent":4822,"menu_order":0,"comment_status":"closed","ping_status":"closed","template":"","meta":{"give_campaign_id":0,"footnotes":""},"class_list":["post-5052","page","type-page","status-publish","hentry"],"yoast_head":"<!-- This site is optimized with the Yoast SEO plugin v27.3 - https:\/\/yoast.com\/product\/yoast-seo-wordpress\/ -->\n<title>Internationale uitwisseling - EduMais<\/title>\n<meta name=\"robots\" content=\"index, follow, max-snippet:-1, max-image-preview:large, max-video-preview:-1\" \/>\n<link rel=\"canonical\" href=\"https:\/\/edumais.org\/nl\/programmas\/internationale-uitwisseling\/\" \/>\n<meta property=\"og:locale\" content=\"nl_NL\" \/>\n<meta property=\"og:type\" content=\"article\" \/>\n<meta property=\"og:title\" content=\"Internationale uitwisseling - EduMais\" \/>\n<meta property=\"og:description\" content=\"[vc_row full_width=&#8221;stretch_row&#8221; content_placement=&#8221;middle&#8221; css=&#8221;.vc_custom_1540039236943{padding-top: 25px !important;padding-bottom: 35px !important;}&#8221;][vc_column width=&#8221;1\/2&#8243;][vc_column_text]Jeugdontwikkeling experts zijn het er over eens dat jongeren [&hellip;]\" \/>\n<meta property=\"og:url\" content=\"https:\/\/edumais.org\/nl\/programmas\/internationale-uitwisseling\/\" \/>\n<meta property=\"og:site_name\" content=\"EduMais\" \/>\n<meta property=\"article:publisher\" content=\"https:\/\/www.facebook.com\/edumais.org\/\" \/>\n<meta property=\"article:modified_time\" content=\"2019-06-22T12:52:52+00:00\" \/>\n<meta property=\"og:image\" content=\"https:\/\/edumais.org\/wp-content\/uploads\/2017\/11\/Home-Banner1-e1588113485474.jpg\" \/>\n\t<meta property=\"og:image:width\" content=\"468\" \/>\n\t<meta property=\"og:image:height\" content=\"167\" \/>\n\t<meta property=\"og:image:type\" content=\"image\/jpeg\" \/>\n<meta name=\"twitter:card\" content=\"summary_large_image\" \/>\n<meta name=\"twitter:label1\" content=\"Geschatte leestijd\" \/>\n\t<meta name=\"twitter:data1\" content=\"3 minuten\" \/>\n<script type=\"application\/ld+json\" class=\"yoast-schema-graph\">{\"@context\":\"https:\\\/\\\/schema.org\",\"@graph\":[{\"@type\":\"WebPage\",\"@id\":\"https:\\\/\\\/edumais.org\\\/nl\\\/programmas\\\/internationale-uitwisseling\\\/\",\"url\":\"https:\\\/\\\/edumais.org\\\/nl\\\/programmas\\\/internationale-uitwisseling\\\/\",\"name\":\"Internationale uitwisseling - EduMais\",\"isPartOf\":{\"@id\":\"https:\\\/\\\/edumais.org\\\/nl\\\/#website\"},\"datePublished\":\"2019-04-20T23:19:56+00:00\",\"dateModified\":\"2019-06-22T12:52:52+00:00\",\"breadcrumb\":{\"@id\":\"https:\\\/\\\/edumais.org\\\/nl\\\/programmas\\\/internationale-uitwisseling\\\/#breadcrumb\"},\"inLanguage\":\"nl-NL\",\"potentialAction\":[{\"@type\":\"ReadAction\",\"target\":[\"https:\\\/\\\/edumais.org\\\/nl\\\/programmas\\\/internationale-uitwisseling\\\/\"]}]},{\"@type\":\"BreadcrumbList\",\"@id\":\"https:\\\/\\\/edumais.org\\\/nl\\\/programmas\\\/internationale-uitwisseling\\\/#breadcrumb\",\"itemListElement\":[{\"@type\":\"ListItem\",\"position\":1,\"name\":\"Home\",\"item\":\"https:\\\/\\\/edumais.org\\\/nl\\\/\"},{\"@type\":\"ListItem\",\"position\":2,\"name\":\"Programma&#8217;s\",\"item\":\"https:\\\/\\\/edumais.org\\\/nl\\\/programmas\\\/\"},{\"@type\":\"ListItem\",\"position\":3,\"name\":\"Internationale uitwisseling\"}]},{\"@type\":\"WebSite\",\"@id\":\"https:\\\/\\\/edumais.org\\\/nl\\\/#website\",\"url\":\"https:\\\/\\\/edumais.org\\\/nl\\\/\",\"name\":\"EduMais\",\"description\":\"Volunteer organization in Rio de Janeiro, Brazil, South America\",\"publisher\":{\"@id\":\"https:\\\/\\\/edumais.org\\\/nl\\\/#organization\"},\"potentialAction\":[{\"@type\":\"SearchAction\",\"target\":{\"@type\":\"EntryPoint\",\"urlTemplate\":\"https:\\\/\\\/edumais.org\\\/nl\\\/?s={search_term_string}\"},\"query-input\":{\"@type\":\"PropertyValueSpecification\",\"valueRequired\":true,\"valueName\":\"search_term_string\"}}],\"inLanguage\":\"nl-NL\"},{\"@type\":\"Organization\",\"@id\":\"https:\\\/\\\/edumais.org\\\/nl\\\/#organization\",\"name\":\"EduMais\",\"url\":\"https:\\\/\\\/edumais.org\\\/nl\\\/\",\"logo\":{\"@type\":\"ImageObject\",\"inLanguage\":\"nl-NL\",\"@id\":\"https:\\\/\\\/edumais.org\\\/nl\\\/#\\\/schema\\\/logo\\\/image\\\/\",\"url\":\"https:\\\/\\\/edumais.org\\\/wp-content\\\/uploads\\\/2016\\\/01\\\/edumais_logo_vector-as-Smart-Object-1.png\",\"contentUrl\":\"https:\\\/\\\/edumais.org\\\/wp-content\\\/uploads\\\/2016\\\/01\\\/edumais_logo_vector-as-Smart-Object-1.png\",\"width\":761,\"height\":361,\"caption\":\"EduMais\"},\"image\":{\"@id\":\"https:\\\/\\\/edumais.org\\\/nl\\\/#\\\/schema\\\/logo\\\/image\\\/\"},\"sameAs\":[\"https:\\\/\\\/www.facebook.com\\\/edumais.org\\\/\",\"https:\\\/\\\/www.instagram.com\\\/edumaisrio\\\/?hl=en\",\"https:\\\/\\\/www.linkedin.com\\\/company\\\/edumais.org\\\/\",\"https:\\\/\\\/www.youtube.com\\\/channel\\\/UClbmo2QCD_6JH5iGGEoadag\"]}]}<\/script>\n<!-- \/ Yoast SEO plugin. -->","yoast_head_json":{"title":"Internationale uitwisseling - EduMais","robots":{"index":"index","follow":"follow","max-snippet":"max-snippet:-1","max-image-preview":"max-image-preview:large","max-video-preview":"max-video-preview:-1"},"canonical":"https:\/\/edumais.org\/nl\/programmas\/internationale-uitwisseling\/","og_locale":"nl_NL","og_type":"article","og_title":"Internationale uitwisseling - EduMais","og_description":"[vc_row full_width=&#8221;stretch_row&#8221; content_placement=&#8221;middle&#8221; css=&#8221;.vc_custom_1540039236943{padding-top: 25px !important;padding-bottom: 35px !important;}&#8221;][vc_column width=&#8221;1\/2&#8243;][vc_column_text]Jeugdontwikkeling experts zijn het er over eens dat jongeren [&hellip;]","og_url":"https:\/\/edumais.org\/nl\/programmas\/internationale-uitwisseling\/","og_site_name":"EduMais","article_publisher":"https:\/\/www.facebook.com\/edumais.org\/","article_modified_time":"2019-06-22T12:52:52+00:00","og_image":[{"width":468,"height":167,"url":"https:\/\/edumais.org\/wp-content\/uploads\/2017\/11\/Home-Banner1-e1588113485474.jpg","type":"image\/jpeg"}],"twitter_card":"summary_large_image","twitter_misc":{"Geschatte leestijd":"3 minuten"},"schema":{"@context":"https:\/\/schema.org","@graph":[{"@type":"WebPage","@id":"https:\/\/edumais.org\/nl\/programmas\/internationale-uitwisseling\/","url":"https:\/\/edumais.org\/nl\/programmas\/internationale-uitwisseling\/","name":"Internationale uitwisseling - EduMais","isPartOf":{"@id":"https:\/\/edumais.org\/nl\/#website"},"datePublished":"2019-04-20T23:19:56+00:00","dateModified":"2019-06-22T12:52:52+00:00","breadcrumb":{"@id":"https:\/\/edumais.org\/nl\/programmas\/internationale-uitwisseling\/#breadcrumb"},"inLanguage":"nl-NL","potentialAction":[{"@type":"ReadAction","target":["https:\/\/edumais.org\/nl\/programmas\/internationale-uitwisseling\/"]}]},{"@type":"BreadcrumbList","@id":"https:\/\/edumais.org\/nl\/programmas\/internationale-uitwisseling\/#breadcrumb","itemListElement":[{"@type":"ListItem","position":1,"name":"Home","item":"https:\/\/edumais.org\/nl\/"},{"@type":"ListItem","position":2,"name":"Programma&#8217;s","item":"https:\/\/edumais.org\/nl\/programmas\/"},{"@type":"ListItem","position":3,"name":"Internationale uitwisseling"}]},{"@type":"WebSite","@id":"https:\/\/edumais.org\/nl\/#website","url":"https:\/\/edumais.org\/nl\/","name":"EduMais","description":"Volunteer organization in Rio de Janeiro, Brazil, South America","publisher":{"@id":"https:\/\/edumais.org\/nl\/#organization"},"potentialAction":[{"@type":"SearchAction","target":{"@type":"EntryPoint","urlTemplate":"https:\/\/edumais.org\/nl\/?s={search_term_string}"},"query-input":{"@type":"PropertyValueSpecification","valueRequired":true,"valueName":"search_term_string"}}],"inLanguage":"nl-NL"},{"@type":"Organization","@id":"https:\/\/edumais.org\/nl\/#organization","name":"EduMais","url":"https:\/\/edumais.org\/nl\/","logo":{"@type":"ImageObject","inLanguage":"nl-NL","@id":"https:\/\/edumais.org\/nl\/#\/schema\/logo\/image\/","url":"https:\/\/edumais.org\/wp-content\/uploads\/2016\/01\/edumais_logo_vector-as-Smart-Object-1.png","contentUrl":"https:\/\/edumais.org\/wp-content\/uploads\/2016\/01\/edumais_logo_vector-as-Smart-Object-1.png","width":761,"height":361,"caption":"EduMais"},"image":{"@id":"https:\/\/edumais.org\/nl\/#\/schema\/logo\/image\/"},"sameAs":["https:\/\/www.facebook.com\/edumais.org\/","https:\/\/www.instagram.com\/edumaisrio\/?hl=en","https:\/\/www.linkedin.com\/company\/edumais.org\/","https:\/\/www.youtube.com\/channel\/UClbmo2QCD_6JH5iGGEoadag"]}]}},"campaignId":"","_links":{"self":[{"href":"https:\/\/edumais.org\/nl\/wp-json\/wp\/v2\/pages\/5052","targetHints":{"allow":["GET"]}}],"collection":[{"href":"https:\/\/edumais.org\/nl\/wp-json\/wp\/v2\/pages"}],"about":[{"href":"https:\/\/edumais.org\/nl\/wp-json\/wp\/v2\/types\/page"}],"author":[{"embeddable":true,"href":"https:\/\/edumais.org\/nl\/wp-json\/wp\/v2\/users\/5"}],"replies":[{"embeddable":true,"href":"https:\/\/edumais.org\/nl\/wp-json\/wp\/v2\/comments?post=5052"}],"version-history":[{"count":0,"href":"https:\/\/edumais.org\/nl\/wp-json\/wp\/v2\/pages\/5052\/revisions"}],"up":[{"embeddable":true,"href":"https:\/\/edumais.org\/nl\/wp-json\/wp\/v2\/pages\/4822"}],"wp:attachment":[{"href":"https:\/\/edumais.org\/nl\/wp-json\/wp\/v2\/media?parent=5052"}],"curies":[{"name":"wp","href":"https:\/\/api.w.org\/{rel}","templated":true}]}}