{"id":5022,"date":"2019-02-26T14:10:24","date_gmt":"2019-02-26T17:10:24","guid":{"rendered":"https:\/\/edumais.org\/?page_id=5022"},"modified":"2025-03-03T17:59:57","modified_gmt":"2025-03-03T20:59:57","slug":"naschoolse-opvang","status":"publish","type":"page","link":"https:\/\/edumais.org\/nl\/programmas\/naschoolse-opvang\/","title":{"rendered":"Naschoolse opvang"},"content":{"rendered":"<div class=\"wpb-content-wrapper\"><p>[vc_row full_width=&#8221;stretch_row&#8221; css=&#8221;.vc_custom_1540044981781{padding-top: 15px !important;padding-bottom: 35px !important;}&#8221;][vc_column width=&#8221;1\/2&#8243;]<div class=\"poverty-progress\">\n\t\t\t\t\t<h4>Naschoolse <span class=\"primary-color text-uppercase\"><b>Opvang<\/b><\/span><\/h4>\n\t\t\t\t\t<p><\/p>\n\t\t\t   <\/div>\n\t\t\t[vc_column_text]Kinderen in Rio gaan of &#8216;s morgens of &#8216;s middags naar school. Als hun ouders werken, dan kan dit betekenen dat ze gedurende een lange tijd zonder toezicht achtergelaten worden.<\/p>\n<p>Dit kan vreselijke gevolgen hebben. Kinderen die niet deelnemen aan naschoolse programma&#8217;s hebben bijvoorbeeld 50% meer kans om te experimenteren met drugs en alcohol, drie keer meer kans om te spijbelen en vijf keer meer kans op mislukken op school.<\/p>\n<p>Ons naschoolse programma begeleidt kinderen van de Pav\u00e3o-Pav\u00e3ozinho en Cantagalo favela\u2019s tijdens de risicovolle naschoolse uren. Het programma geeft hen de kans om door te gaan met het ontwikkelen van hun academische en persoonlijke vaardigheden, in plaats van problemen te krijgen.<\/p>\n<p>De kinderen die we dienen zijn tussen de zes en tien jaar oud. Groepsgrootte is ongeveer vijf kinderen, maar we hopen dit in de toekomst uit te kunnen breiden.<\/p>\n<p>Activiteiten omvatten Portugees, huiswerkbegeleiding, Engelse lessen, alfabetisering, games, sport, yoga en kunst. We nemen de kinderen ook mee op uitstapjes uit de favela\u2019s om ze te laten genieten van de vele attracties die Rio te bieden heeft. Zo nemen we ze onder andere mee naar de botanische tuinen, Parque Lage, het fort van Leme en de berg da Urca. En ze zeggen nooit nee tegen het strand![\/vc_column_text][\/vc_column][vc_column width=&#8221;1\/2&#8243;][vc_images_carousel images=&#8221;1971,1952,1920,1912,1968,1915,1955,1881,1950,1880,1822,1954,1909&#8243; img_size=&#8221;500&#215;580&#8243; speed=&#8221;3000&#8243; autoplay=&#8221;yes&#8221; css_animation=&#8221;none&#8221;][\/vc_column][\/vc_row][vc_row full_width=&#8221;stretch_row&#8221; css=&#8221;.vc_custom_1545144870268{padding-top: 15px !important;padding-bottom: 15px !important;background-color: #f8f8f8 !important;}&#8221;][vc_column width=&#8221;1\/2&#8243; css=&#8221;.vc_custom_1544038996963{padding-top: 20px !important;padding-bottom: 25px !important;}&#8221;][vc_single_image image=&#8221;1922&#8243; img_size=&#8221;600&#215;480&#8243;][\/vc_column][vc_column width=&#8221;1\/2&#8243; css=&#8221;.vc_custom_1545145004306{padding-top: 15px !important;padding-bottom: 25px !important;}&#8221;]<div class=\"poverty-progress\">\n\t\t\t\t\t<h4>Hoe het <span class=\"primary-color text-uppercase\"><b>Programma werkt<\/b><\/span><\/h4>\n\t\t\t\t\t<p><\/p>\n\t\t\t   <\/div>\n\t\t\t[vc_column_text]Afhankelijk van de beschikbaarheid van vrijwilligers, loopt dit programma tussen \u00e9\u00e9n tot vier dagen per week en het vindt plaats in het gebouw van &#8220;Centro de Apoio&#8221; in Quebra-Bra\u00e7o, Cantagalo.<\/p>\n<p>Op dit moment wonen er meestal drie tot vijf kinderen het programma bij. Omdat vanuit de favela\u2019s het vertrouwen in het programma groeit, hopen we het programma uit te kunnen breiden naar meer kinderen.<\/p>\n<p>Om de ontwikkeling van onze kinderen het best te ondersteunen, concentreren we ons erop dezelfde kinderen in het programma te hebben gedurende een vooraf bepaalde periode. Omdat goede voeding ook essentieel is voor de ontwikkeling, bieden we de kinderen gezonde snacks, zoals fruitsalades en broodjes aan.<\/p>\n<p>Net als bij onze andere programma&#8217;s spelen Positieve Discipline en Sociaal en Emotioneel leren een belangrijke rol. Wij leren de kinderen bijvoorbeeld het belang van verantwoordelijkheid bij door hen aan het eind van de dag bij de schoonmaak te betrekken.[\/vc_column_text][\/vc_column][\/vc_row][vc_row css=&#8221;.vc_custom_1545144909566{padding-top: 25px !important;padding-bottom: 25px !important;}&#8221;][vc_column width=&#8221;1\/2&#8243;]<div class=\"poverty-progress\">\n\t\t\t\t\t<h4>Een typische <span class=\"primary-color text-uppercase\"><b>dag<\/b><\/span><\/h4>\n\t\t\t\t\t<p><\/p>\n\t\t\t   <\/div>\n\t\t\t[vc_column_text]Wij geloven dat een goed, uitgebalanceerd programma de beste manier is om onze kinderen voor te bereiden op een betere toekomst. Daarom ziet een tijdschema in de middag er ongeveer zo uit:<\/p>\n<p>14.00-14.15: Groeten. Hoe voelt iedereen zich vandaag?<br \/>\n14.15-14.45: Huiswerk begeleiding<br \/>\n14.45-15.15: Engels<br \/>\n15.15-15.30 uur: Snack<br \/>\n15.30-16.15: Hoofdactiviteit \u00a0van de middag bijv. kunst<br \/>\n16.15-16.45 uur: Vrij spelen<br \/>\n16.45-17.00 uur: Gezamenlijk opruimen en elkaar complimenteren[\/vc_column_text][\/vc_column][vc_column width=&#8221;1\/2&#8243; css=&#8221;.vc_custom_1545145175563{padding-top: 15px !important;}&#8221;][vc_single_image image=&#8221;1913&#8243; img_size=&#8221;450&#215;400&#8243; alignment=&#8221;center&#8221;][\/vc_column][\/vc_row][vc_row top_padding=&#8221;55px&#8221;][vc_column][vc_column_text]<\/p>\n<h3 style=\"text-align: center;\">Wil jij de kinderen ook ondersteunen in ons naschools opvang programma?<\/h3>\n<p style=\"text-align: center;\">Doe gratis vrijwilligerswerk bij ons in Rio de Janeiro en maak echt een verschil in het leven van deze kinderen!<\/p>\n<p style=\"text-align: center;\"><a class=\"btn\" href=\"https:\/\/edumais.org\/volunteer-application-form\/\">Word vrijwillger<\/a><\/p>\n<p>[\/vc_column_text][\/vc_column][\/vc_row][vc_row][vc_column][vc_separator color=&#8221;black&#8221; style=&#8221;shadow&#8221; css=&#8221;.vc_custom_1550335995697{padding-top: 100px !important;}&#8221;][\/vc_column][\/vc_row]<\/p>\n<\/div>","protected":false},"excerpt":{"rendered":"<p>[vc_row full_width=&#8221;stretch_row&#8221; css=&#8221;.vc_custom_1540044981781{padding-top: 15px !important;padding-bottom: 35px !important;}&#8221;][vc_column width=&#8221;1\/2&#8243;][vc_column_text]Kinderen in Rio gaan of &#8216;s morgens of &#8216;s middags [&hellip;]<\/p>\n","protected":false},"author":5,"featured_media":0,"parent":4822,"menu_order":0,"comment_status":"closed","ping_status":"closed","template":"","meta":{"give_campaign_id":0,"footnotes":""},"class_list":["post-5022","page","type-page","status-publish","hentry"],"yoast_head":"<!-- This site is optimized with the Yoast SEO plugin v27.3 - https:\/\/yoast.com\/product\/yoast-seo-wordpress\/ -->\n<title>Naschoolse opvang - EduMais<\/title>\n<meta name=\"robots\" content=\"index, follow, max-snippet:-1, max-image-preview:large, max-video-preview:-1\" \/>\n<link rel=\"canonical\" href=\"https:\/\/edumais.org\/nl\/programmas\/naschoolse-opvang\/\" \/>\n<meta property=\"og:locale\" content=\"nl_NL\" \/>\n<meta property=\"og:type\" content=\"article\" \/>\n<meta property=\"og:title\" content=\"Naschoolse opvang - EduMais\" \/>\n<meta property=\"og:description\" content=\"[vc_row full_width=&#8221;stretch_row&#8221; css=&#8221;.vc_custom_1540044981781{padding-top: 15px !important;padding-bottom: 35px !important;}&#8221;][vc_column width=&#8221;1\/2&#8243;][vc_column_text]Kinderen in Rio gaan of &#8216;s morgens of &#8216;s middags [&hellip;]\" \/>\n<meta property=\"og:url\" content=\"https:\/\/edumais.org\/nl\/programmas\/naschoolse-opvang\/\" \/>\n<meta property=\"og:site_name\" content=\"EduMais\" \/>\n<meta property=\"article:publisher\" content=\"https:\/\/www.facebook.com\/edumais.org\/\" \/>\n<meta property=\"article:modified_time\" content=\"2025-03-03T20:59:57+00:00\" \/>\n<meta property=\"og:image\" content=\"https:\/\/edumais.org\/wp-content\/uploads\/2017\/11\/Home-Banner1-e1588113485474.jpg\" \/>\n\t<meta property=\"og:image:width\" content=\"468\" \/>\n\t<meta property=\"og:image:height\" content=\"167\" \/>\n\t<meta property=\"og:image:type\" content=\"image\/jpeg\" \/>\n<meta name=\"twitter:card\" content=\"summary_large_image\" \/>\n<meta name=\"twitter:label1\" content=\"Geschatte leestijd\" \/>\n\t<meta name=\"twitter:data1\" content=\"3 minuten\" \/>\n<script type=\"application\/ld+json\" class=\"yoast-schema-graph\">{\"@context\":\"https:\\\/\\\/schema.org\",\"@graph\":[{\"@type\":\"WebPage\",\"@id\":\"https:\\\/\\\/edumais.org\\\/nl\\\/programmas\\\/naschoolse-opvang\\\/\",\"url\":\"https:\\\/\\\/edumais.org\\\/nl\\\/programmas\\\/naschoolse-opvang\\\/\",\"name\":\"Naschoolse opvang - EduMais\",\"isPartOf\":{\"@id\":\"https:\\\/\\\/edumais.org\\\/nl\\\/#website\"},\"datePublished\":\"2019-02-26T17:10:24+00:00\",\"dateModified\":\"2025-03-03T20:59:57+00:00\",\"breadcrumb\":{\"@id\":\"https:\\\/\\\/edumais.org\\\/nl\\\/programmas\\\/naschoolse-opvang\\\/#breadcrumb\"},\"inLanguage\":\"nl-NL\",\"potentialAction\":[{\"@type\":\"ReadAction\",\"target\":[\"https:\\\/\\\/edumais.org\\\/nl\\\/programmas\\\/naschoolse-opvang\\\/\"]}]},{\"@type\":\"BreadcrumbList\",\"@id\":\"https:\\\/\\\/edumais.org\\\/nl\\\/programmas\\\/naschoolse-opvang\\\/#breadcrumb\",\"itemListElement\":[{\"@type\":\"ListItem\",\"position\":1,\"name\":\"Home\",\"item\":\"https:\\\/\\\/edumais.org\\\/nl\\\/\"},{\"@type\":\"ListItem\",\"position\":2,\"name\":\"Programma&#8217;s\",\"item\":\"https:\\\/\\\/edumais.org\\\/nl\\\/programmas\\\/\"},{\"@type\":\"ListItem\",\"position\":3,\"name\":\"Naschoolse opvang\"}]},{\"@type\":\"WebSite\",\"@id\":\"https:\\\/\\\/edumais.org\\\/nl\\\/#website\",\"url\":\"https:\\\/\\\/edumais.org\\\/nl\\\/\",\"name\":\"EduMais\",\"description\":\"Volunteer organization in Rio de Janeiro, Brazil, South America\",\"publisher\":{\"@id\":\"https:\\\/\\\/edumais.org\\\/nl\\\/#organization\"},\"potentialAction\":[{\"@type\":\"SearchAction\",\"target\":{\"@type\":\"EntryPoint\",\"urlTemplate\":\"https:\\\/\\\/edumais.org\\\/nl\\\/?s={search_term_string}\"},\"query-input\":{\"@type\":\"PropertyValueSpecification\",\"valueRequired\":true,\"valueName\":\"search_term_string\"}}],\"inLanguage\":\"nl-NL\"},{\"@type\":\"Organization\",\"@id\":\"https:\\\/\\\/edumais.org\\\/nl\\\/#organization\",\"name\":\"EduMais\",\"url\":\"https:\\\/\\\/edumais.org\\\/nl\\\/\",\"logo\":{\"@type\":\"ImageObject\",\"inLanguage\":\"nl-NL\",\"@id\":\"https:\\\/\\\/edumais.org\\\/nl\\\/#\\\/schema\\\/logo\\\/image\\\/\",\"url\":\"https:\\\/\\\/edumais.org\\\/wp-content\\\/uploads\\\/2016\\\/01\\\/edumais_logo_vector-as-Smart-Object-1.png\",\"contentUrl\":\"https:\\\/\\\/edumais.org\\\/wp-content\\\/uploads\\\/2016\\\/01\\\/edumais_logo_vector-as-Smart-Object-1.png\",\"width\":761,\"height\":361,\"caption\":\"EduMais\"},\"image\":{\"@id\":\"https:\\\/\\\/edumais.org\\\/nl\\\/#\\\/schema\\\/logo\\\/image\\\/\"},\"sameAs\":[\"https:\\\/\\\/www.facebook.com\\\/edumais.org\\\/\",\"https:\\\/\\\/www.instagram.com\\\/edumaisrio\\\/?hl=en\",\"https:\\\/\\\/www.linkedin.com\\\/company\\\/edumais.org\\\/\",\"https:\\\/\\\/www.youtube.com\\\/channel\\\/UClbmo2QCD_6JH5iGGEoadag\"]}]}<\/script>\n<!-- \/ Yoast SEO plugin. -->","yoast_head_json":{"title":"Naschoolse opvang - EduMais","robots":{"index":"index","follow":"follow","max-snippet":"max-snippet:-1","max-image-preview":"max-image-preview:large","max-video-preview":"max-video-preview:-1"},"canonical":"https:\/\/edumais.org\/nl\/programmas\/naschoolse-opvang\/","og_locale":"nl_NL","og_type":"article","og_title":"Naschoolse opvang - EduMais","og_description":"[vc_row full_width=&#8221;stretch_row&#8221; css=&#8221;.vc_custom_1540044981781{padding-top: 15px !important;padding-bottom: 35px !important;}&#8221;][vc_column width=&#8221;1\/2&#8243;][vc_column_text]Kinderen in Rio gaan of &#8216;s morgens of &#8216;s middags [&hellip;]","og_url":"https:\/\/edumais.org\/nl\/programmas\/naschoolse-opvang\/","og_site_name":"EduMais","article_publisher":"https:\/\/www.facebook.com\/edumais.org\/","article_modified_time":"2025-03-03T20:59:57+00:00","og_image":[{"width":468,"height":167,"url":"https:\/\/edumais.org\/wp-content\/uploads\/2017\/11\/Home-Banner1-e1588113485474.jpg","type":"image\/jpeg"}],"twitter_card":"summary_large_image","twitter_misc":{"Geschatte leestijd":"3 minuten"},"schema":{"@context":"https:\/\/schema.org","@graph":[{"@type":"WebPage","@id":"https:\/\/edumais.org\/nl\/programmas\/naschoolse-opvang\/","url":"https:\/\/edumais.org\/nl\/programmas\/naschoolse-opvang\/","name":"Naschoolse opvang - EduMais","isPartOf":{"@id":"https:\/\/edumais.org\/nl\/#website"},"datePublished":"2019-02-26T17:10:24+00:00","dateModified":"2025-03-03T20:59:57+00:00","breadcrumb":{"@id":"https:\/\/edumais.org\/nl\/programmas\/naschoolse-opvang\/#breadcrumb"},"inLanguage":"nl-NL","potentialAction":[{"@type":"ReadAction","target":["https:\/\/edumais.org\/nl\/programmas\/naschoolse-opvang\/"]}]},{"@type":"BreadcrumbList","@id":"https:\/\/edumais.org\/nl\/programmas\/naschoolse-opvang\/#breadcrumb","itemListElement":[{"@type":"ListItem","position":1,"name":"Home","item":"https:\/\/edumais.org\/nl\/"},{"@type":"ListItem","position":2,"name":"Programma&#8217;s","item":"https:\/\/edumais.org\/nl\/programmas\/"},{"@type":"ListItem","position":3,"name":"Naschoolse opvang"}]},{"@type":"WebSite","@id":"https:\/\/edumais.org\/nl\/#website","url":"https:\/\/edumais.org\/nl\/","name":"EduMais","description":"Volunteer organization in Rio de Janeiro, Brazil, South America","publisher":{"@id":"https:\/\/edumais.org\/nl\/#organization"},"potentialAction":[{"@type":"SearchAction","target":{"@type":"EntryPoint","urlTemplate":"https:\/\/edumais.org\/nl\/?s={search_term_string}"},"query-input":{"@type":"PropertyValueSpecification","valueRequired":true,"valueName":"search_term_string"}}],"inLanguage":"nl-NL"},{"@type":"Organization","@id":"https:\/\/edumais.org\/nl\/#organization","name":"EduMais","url":"https:\/\/edumais.org\/nl\/","logo":{"@type":"ImageObject","inLanguage":"nl-NL","@id":"https:\/\/edumais.org\/nl\/#\/schema\/logo\/image\/","url":"https:\/\/edumais.org\/wp-content\/uploads\/2016\/01\/edumais_logo_vector-as-Smart-Object-1.png","contentUrl":"https:\/\/edumais.org\/wp-content\/uploads\/2016\/01\/edumais_logo_vector-as-Smart-Object-1.png","width":761,"height":361,"caption":"EduMais"},"image":{"@id":"https:\/\/edumais.org\/nl\/#\/schema\/logo\/image\/"},"sameAs":["https:\/\/www.facebook.com\/edumais.org\/","https:\/\/www.instagram.com\/edumaisrio\/?hl=en","https:\/\/www.linkedin.com\/company\/edumais.org\/","https:\/\/www.youtube.com\/channel\/UClbmo2QCD_6JH5iGGEoadag"]}]}},"campaignId":"","_links":{"self":[{"href":"https:\/\/edumais.org\/nl\/wp-json\/wp\/v2\/pages\/5022","targetHints":{"allow":["GET"]}}],"collection":[{"href":"https:\/\/edumais.org\/nl\/wp-json\/wp\/v2\/pages"}],"about":[{"href":"https:\/\/edumais.org\/nl\/wp-json\/wp\/v2\/types\/page"}],"author":[{"embeddable":true,"href":"https:\/\/edumais.org\/nl\/wp-json\/wp\/v2\/users\/5"}],"replies":[{"embeddable":true,"href":"https:\/\/edumais.org\/nl\/wp-json\/wp\/v2\/comments?post=5022"}],"version-history":[{"count":2,"href":"https:\/\/edumais.org\/nl\/wp-json\/wp\/v2\/pages\/5022\/revisions"}],"predecessor-version":[{"id":13374,"href":"https:\/\/edumais.org\/nl\/wp-json\/wp\/v2\/pages\/5022\/revisions\/13374"}],"up":[{"embeddable":true,"href":"https:\/\/edumais.org\/nl\/wp-json\/wp\/v2\/pages\/4822"}],"wp:attachment":[{"href":"https:\/\/edumais.org\/nl\/wp-json\/wp\/v2\/media?parent=5022"}],"curies":[{"name":"wp","href":"https:\/\/api.w.org\/{rel}","templated":true}]}}