{"id":3499,"date":"2019-02-28T08:13:15","date_gmt":"2019-02-28T11:13:15","guid":{"rendered":"https:\/\/edumais.org\/?page_id=3499"},"modified":"2025-09-28T22:16:10","modified_gmt":"2025-09-29T01:16:10","slug":"stichting-edumais-foundation","status":"publish","type":"page","link":"https:\/\/edumais.org\/nl\/stichting-edumais-foundation\/","title":{"rendered":"Stichting EduMais Foundation"},"content":{"rendered":"<div class=\"wpb-content-wrapper\"><p>[vc_row][vc_column]<div class=\"poverty-progress\">\n\t\t\t\t\t<h4>Stichting <span class=\"primary-color text-uppercase\"><b>EDUMAIS FOUNDATION<\/b><\/span><\/h4>\n\t\t\t\t\t<p>Algemeen Nut Beogende Instelling (ABNI status)<\/p>\n\t\t\t   <\/div>\n\t\t\t[\/vc_column][\/vc_row][vc_row][vc_column][vc_empty_space height=&#8221;18px&#8221;][\/vc_column][\/vc_row][vc_row][vc_column width=&#8221;1\/3&#8243;][vc_btn title=&#8221;Statuten Stichting EduMais Foundation&#8221; css=&#8221;&#8221; link=&#8221;url:https%3A%2F%2Fedumais.org%2Fwp-content%2Fuploads%2F2016%2F01%2FStatuten-Stg-EduMais-Foundation.pdf|title:Statuten%20Stichting%20EduMais%20Foundation&#8221;][\/vc_column][vc_column width=&#8221;1\/3&#8243;][vc_btn title=&#8221;Beleidsdocument 2025-2027&#8243; css=&#8221;&#8221; link=&#8221;url:https%3A%2F%2Fedumais.org%2Fwp-content%2Fuploads%2F2019%2F05%2FEduMais-Interactive-Magazine-2025-NL.pdf|title:Beleidsdocument&#8221;][\/vc_column][vc_column width=&#8221;1\/3&#8243;][vc_btn title=&#8221;Financi\u00eble Jaarverslagen&#8221; css=&#8221;&#8221; link=&#8221;url:https%3A%2F%2Fedumais.org%2Fnl%2Ffinanciele-jaarverslagen%2F&#8221;][\/vc_column][\/vc_row][vc_row][vc_column][vc_column_text css=&#8221;&#8221;]<strong>Stichting EduMais Foundation<br \/>\n<\/strong>De Stichting EduMais Foundation is als stichting opgericht om het project EduMais\u00a0in Rio de Janeiro structureel te ondersteunen. De Stichting heeft de ANBI status.\u00a0Dit houdt in dat we bij de Belastingdienst geregistreerd staan als een Algemeen Nut Beogende Instelling. Stichting EduMais Foundation dient rechtsreeks het algemeen belang \u00a0en heeft geen winstoogmerk.\u00a0Door de ANBI status kunt u als donateur giften van de inkomsten- of vennootschapsbelasting aftrekken (binnen de daarvoor geldende regels).<\/p>\n<p>De stichting is ingeschreven bij de kamer van koophandel in Groningen onder nummer: 71167757<br \/>\nRSIN\/Fiscaal nummer(Rechtspersonen en Samenwerkingsverbanden Informatie Nummer): 858606677<\/p>\n<p><strong>Contactgegevens Nederland<\/strong>:<br \/>\nStichting EduMais Foundation<br \/>\nJoh. Verhulststraat 140-2<br \/>\n1071 NN AMSTERDAM<br \/>\n<strong><a href=\"mailto:bestuur@edumais.org\">bestuur@edumais.org<\/a><\/strong><\/p>\n<p><strong>Bestuur:<\/strong><br \/>\nHet huidige bestuur bestaat uit de volgende leden:<br \/>\nVoorzitter: Tanja Jungen<br \/>\n\u200bPenningmeester: Christiaan Lageweg<br \/>\nSecretaris: Thie Watse Brouwer<\/p>\n<p><strong>Directeur:<\/strong><br \/>\nDiana Nijboer<\/p>\n<p><strong>Doelstelling:\u00a0<\/strong><\/p>\n<ol>\n<li>Het ondersteunen van projecten en programma\u00b4s welke relevant onderwijs bieden voor kansarme kinderen en jongeren in kwetsbare gebieden.<\/li>\n<li>Het ondersteunen van projecten en programma\u00b4s welke ontplooiingsmogelijkheden bieden voor kansarme kinderen en jongeren in kwetsbare gebieden.<\/li>\n<li>Het bevorderen van projecten en programma\u00b4s die bijdragen aan succesvolle toekomst voor kansarme kinderen en jongeren in kwetsbare gebieden en waardoor zij een menswaardig en volwaardig bestaan kunnen opbouwen in de samenleving.<\/li>\n<li>Het bewustzijn te vergroten over de situatie van onderwijsmogelijkheden van kinderen in kwetsbare gebieden.\u200b<\/li>\n<\/ol>\n<p><strong>Beleidsplan:<\/strong><br \/>\nDe Stichting EduMais Foundation is in maart 2018 opgericht. Het project EduMais richt zich op de sloppenwijken Pav\u00e3o-Pav\u00e3ozinho en Cantagalo, die liggen tussen de rijke wijken Copacabana en Ipanema, in Rio de Janeiro, Brazili\u00eb.<br \/>\nHet eerste actieve EduMais Project is in 2016 gestart door Drs. Diana Nijboer, in Rio de Janeiro.<br \/>\nEduMais staat (vrij vertaald) voor \u201cmeer onderwijs\u201d.<br \/>\nHet ideaal is om kansarme kinderen zicht op een betere toekomst te geven. Kinderen en jongeren van 6 tot 18 \u00a0jaar krijgen dankzij het extra-curriculaire onderwijsprogramma een goede basis voor een succesvollere toekomst.<br \/>\nDit programma heeft een stevige fundatie doordat er met een lokale partner organisatie (NGO) wordt samengewerkt in de sloppenwijken.<\/p>\n<p><strong>Onze Missie:<\/strong><br \/>\nOnze missie is\u00a0om relevante en passende vormen van educatie, die aansluiten bij de belevingswereld, \u00a0aan te bieden voor kansarme kinderen en tieners die vanwege de moeilijke leefomstandigheden waarin ze wonen geen hoogwaardig\/kwalitatief educatie kunnen genieten.<\/p>\n<p><strong>De stichting tracht haar doel onder meer te verwezenlijken door:<\/strong><\/p>\n<ol>\n<li>Financiering, advisering en capaciteitsversterking van EduMais in Rio de Janeiro, Brazili\u00eb.<\/li>\n<li>Fondsenwerving, voorlichting en promotie.<\/li>\n<li>Onderzoeken en aangaan van samenwerkingsverbanden ter versterking van de doelen van de stichting.<\/li>\n<\/ol>\n<p>De stichting beoogt te zijn een algemeen nut beogende instelling als bedoeld in <a href=\"http:\/\/www.wetboek-online.nl\/wet\/Wib\/6.33.html\">artikel 6.33 onderdeel b van de Wet Inkomstenbelasting 2001<\/a> (of een daarvoor in de plaats getreden regeling) en beoogt als zodanig gerangschikt te zijn door de Nederlandse Belastingdienst.<\/p>\n<p>Stichting EduMais Foundation heeft geen winstoogmerk.<\/p>\n<p><strong>De Stichting EduMais Foundation zal de volgende activiteiten ontwikkelen:<\/strong><\/p>\n<p><em>Publiciteit<\/em><\/p>\n<ul>\n<li>De Stichting probeert zoveel mogelijk publiciteit te krijgen voor EduMais. Zij doet dit door middel van vier nieuwsbrieven per jaar, een website, een Facebookpagina, een Instagram pagina, Twitter, Linkedin en crowdfunding acties.\u200b<\/li>\n<li>Stichtingen, en organisaties zoals scholen, voetbalclubs, zullen worden actief benaderd en ge\u00ebnthousiasmeerd worden om vriendschapsbanden op te zetten met het project en actie te ondernemen voor EduMais.<\/li>\n<\/ul>\n<p>\u200b<em>Werven van donateurs en sponsors<\/em><\/p>\n<ul>\n<li>Actief werven van donateurs en sponsors<\/li>\n<li>Actief benaderen van\u00a0particulieren en motiveren om geld te doneren ter ere van een verjaardagsfeest, jubileum, huwelijk, pensionering (geen cadeau maar een envelop).<\/li>\n<li>Bedrijven zullen actief benaderd worden om een donatie te doen.<\/li>\n<\/ul>\n<p><em>Crowdfunding\u200b<\/em><\/p>\n<ul>\n<li>Crowdfunding campagnes worden opgezet om nieuwe programma\u2019s te ontwikkelen.<\/li>\n<\/ul>\n<p><em>Donateurs<\/em><\/p>\n<ul>\n<li>Donateurs;\u00a0De Stichting streeft naar\u00a0donateurs\u00a0 die een vast geldbedrag geven.<\/li>\n<\/ul>\n<p><em>Beloningsbeleid<\/em><\/p>\n<ul>\n<li>Alle functies zijn onbezoldigd.<\/li>\n<li>Bestuurders hebben recht op vergoeding van de door hen in de uitoefening van hun functie (in redelijkheid) gemaakte kosten.<\/li>\n<\/ul>\n<p>[\/vc_column_text][vc_separator color=&#8221;black&#8221; style=&#8221;shadow&#8221; css=&#8221;&#8221;][\/vc_column][\/vc_row]<\/p>\n<\/div>","protected":false},"excerpt":{"rendered":"<p>[vc_row][vc_column][\/vc_column][\/vc_row][vc_row][vc_column][vc_empty_space height=&#8221;18px&#8221;][\/vc_column][\/vc_row][vc_row][vc_column width=&#8221;1\/3&#8243;][vc_btn title=&#8221;Statuten Stichting EduMais Foundation&#8221; css=&#8221;&#8221; link=&#8221;url:https%3A%2F%2Fedumais.org%2Fwp-content%2Fuploads%2F2016%2F01%2FStatuten-Stg-EduMais-Foundation.pdf|title:Statuten%20Stichting%20EduMais%20Foundation&#8221;][\/vc_column][vc_column width=&#8221;1\/3&#8243;][vc_btn title=&#8221;Beleidsdocument 2025-2027&#8243; css=&#8221;&#8221; link=&#8221;url:https%3A%2F%2Fedumais.org%2Fwp-content%2Fuploads%2F2019%2F05%2FEduMais-Interactive-Magazine-2025-NL.pdf|title:Beleidsdocument&#8221;][\/vc_column][vc_column width=&#8221;1\/3&#8243;][vc_btn title=&#8221;Financi\u00eble Jaarverslagen&#8221; [&hellip;]<\/p>\n","protected":false},"author":5,"featured_media":0,"parent":0,"menu_order":0,"comment_status":"closed","ping_status":"closed","template":"","meta":{"give_campaign_id":0,"footnotes":""},"class_list":["post-3499","page","type-page","status-publish","hentry"],"yoast_head":"<!-- This site is optimized with the Yoast SEO plugin v27.3 - https:\/\/yoast.com\/product\/yoast-seo-wordpress\/ -->\n<title>Stichting EduMais Foundation - EduMais<\/title>\n<meta name=\"robots\" content=\"index, follow, max-snippet:-1, max-image-preview:large, max-video-preview:-1\" \/>\n<link rel=\"canonical\" href=\"https:\/\/edumais.org\/nl\/stichting-edumais-foundation\/\" \/>\n<meta property=\"og:locale\" content=\"nl_NL\" \/>\n<meta property=\"og:type\" content=\"article\" \/>\n<meta property=\"og:title\" content=\"Stichting EduMais Foundation - EduMais\" \/>\n<meta property=\"og:description\" content=\"[vc_row][vc_column][\/vc_column][\/vc_row][vc_row][vc_column][vc_empty_space height=&#8221;18px&#8221;][\/vc_column][\/vc_row][vc_row][vc_column width=&#8221;1\/3&#8243;][vc_btn title=&#8221;Statuten Stichting EduMais Foundation&#8221; css=&#8221;&#8221; link=&#8221;url:https%3A%2F%2Fedumais.org%2Fwp-content%2Fuploads%2F2016%2F01%2FStatuten-Stg-EduMais-Foundation.pdf|title:Statuten%20Stichting%20EduMais%20Foundation&#8221;][\/vc_column][vc_column width=&#8221;1\/3&#8243;][vc_btn title=&#8221;Beleidsdocument 2025-2027&#8243; css=&#8221;&#8221; link=&#8221;url:https%3A%2F%2Fedumais.org%2Fwp-content%2Fuploads%2F2019%2F05%2FEduMais-Interactive-Magazine-2025-NL.pdf|title:Beleidsdocument&#8221;][\/vc_column][vc_column width=&#8221;1\/3&#8243;][vc_btn title=&#8221;Financi\u00eble Jaarverslagen&#8221; [&hellip;]\" \/>\n<meta property=\"og:url\" content=\"https:\/\/edumais.org\/nl\/stichting-edumais-foundation\/\" \/>\n<meta property=\"og:site_name\" content=\"EduMais\" \/>\n<meta property=\"article:publisher\" content=\"https:\/\/www.facebook.com\/edumais.org\/\" \/>\n<meta property=\"article:modified_time\" content=\"2025-09-29T01:16:10+00:00\" \/>\n<meta property=\"og:image\" content=\"https:\/\/edumais.org\/wp-content\/uploads\/2017\/11\/Home-Banner1-e1588113485474.jpg\" \/>\n\t<meta property=\"og:image:width\" content=\"468\" \/>\n\t<meta property=\"og:image:height\" content=\"167\" \/>\n\t<meta property=\"og:image:type\" content=\"image\/jpeg\" \/>\n<meta name=\"twitter:card\" content=\"summary_large_image\" \/>\n<meta name=\"twitter:label1\" content=\"Geschatte leestijd\" \/>\n\t<meta name=\"twitter:data1\" content=\"4 minuten\" \/>\n<script type=\"application\/ld+json\" class=\"yoast-schema-graph\">{\"@context\":\"https:\\\/\\\/schema.org\",\"@graph\":[{\"@type\":\"WebPage\",\"@id\":\"https:\\\/\\\/edumais.org\\\/nl\\\/stichting-edumais-foundation\\\/\",\"url\":\"https:\\\/\\\/edumais.org\\\/nl\\\/stichting-edumais-foundation\\\/\",\"name\":\"Stichting EduMais Foundation - EduMais\",\"isPartOf\":{\"@id\":\"https:\\\/\\\/edumais.org\\\/nl\\\/#website\"},\"datePublished\":\"2019-02-28T11:13:15+00:00\",\"dateModified\":\"2025-09-29T01:16:10+00:00\",\"breadcrumb\":{\"@id\":\"https:\\\/\\\/edumais.org\\\/nl\\\/stichting-edumais-foundation\\\/#breadcrumb\"},\"inLanguage\":\"nl-NL\",\"potentialAction\":[{\"@type\":\"ReadAction\",\"target\":[\"https:\\\/\\\/edumais.org\\\/nl\\\/stichting-edumais-foundation\\\/\"]}]},{\"@type\":\"BreadcrumbList\",\"@id\":\"https:\\\/\\\/edumais.org\\\/nl\\\/stichting-edumais-foundation\\\/#breadcrumb\",\"itemListElement\":[{\"@type\":\"ListItem\",\"position\":1,\"name\":\"Home\",\"item\":\"https:\\\/\\\/edumais.org\\\/nl\\\/\"},{\"@type\":\"ListItem\",\"position\":2,\"name\":\"Stichting EduMais Foundation\"}]},{\"@type\":\"WebSite\",\"@id\":\"https:\\\/\\\/edumais.org\\\/nl\\\/#website\",\"url\":\"https:\\\/\\\/edumais.org\\\/nl\\\/\",\"name\":\"EduMais\",\"description\":\"Volunteer organization in Rio de Janeiro, Brazil, South America\",\"publisher\":{\"@id\":\"https:\\\/\\\/edumais.org\\\/nl\\\/#organization\"},\"potentialAction\":[{\"@type\":\"SearchAction\",\"target\":{\"@type\":\"EntryPoint\",\"urlTemplate\":\"https:\\\/\\\/edumais.org\\\/nl\\\/?s={search_term_string}\"},\"query-input\":{\"@type\":\"PropertyValueSpecification\",\"valueRequired\":true,\"valueName\":\"search_term_string\"}}],\"inLanguage\":\"nl-NL\"},{\"@type\":\"Organization\",\"@id\":\"https:\\\/\\\/edumais.org\\\/nl\\\/#organization\",\"name\":\"EduMais\",\"url\":\"https:\\\/\\\/edumais.org\\\/nl\\\/\",\"logo\":{\"@type\":\"ImageObject\",\"inLanguage\":\"nl-NL\",\"@id\":\"https:\\\/\\\/edumais.org\\\/nl\\\/#\\\/schema\\\/logo\\\/image\\\/\",\"url\":\"https:\\\/\\\/edumais.org\\\/wp-content\\\/uploads\\\/2016\\\/01\\\/edumais_logo_vector-as-Smart-Object-1.png\",\"contentUrl\":\"https:\\\/\\\/edumais.org\\\/wp-content\\\/uploads\\\/2016\\\/01\\\/edumais_logo_vector-as-Smart-Object-1.png\",\"width\":761,\"height\":361,\"caption\":\"EduMais\"},\"image\":{\"@id\":\"https:\\\/\\\/edumais.org\\\/nl\\\/#\\\/schema\\\/logo\\\/image\\\/\"},\"sameAs\":[\"https:\\\/\\\/www.facebook.com\\\/edumais.org\\\/\",\"https:\\\/\\\/www.instagram.com\\\/edumaisrio\\\/?hl=en\",\"https:\\\/\\\/www.linkedin.com\\\/company\\\/edumais.org\\\/\",\"https:\\\/\\\/www.youtube.com\\\/channel\\\/UClbmo2QCD_6JH5iGGEoadag\"]}]}<\/script>\n<!-- \/ Yoast SEO plugin. -->","yoast_head_json":{"title":"Stichting EduMais Foundation - EduMais","robots":{"index":"index","follow":"follow","max-snippet":"max-snippet:-1","max-image-preview":"max-image-preview:large","max-video-preview":"max-video-preview:-1"},"canonical":"https:\/\/edumais.org\/nl\/stichting-edumais-foundation\/","og_locale":"nl_NL","og_type":"article","og_title":"Stichting EduMais Foundation - EduMais","og_description":"[vc_row][vc_column][\/vc_column][\/vc_row][vc_row][vc_column][vc_empty_space height=&#8221;18px&#8221;][\/vc_column][\/vc_row][vc_row][vc_column width=&#8221;1\/3&#8243;][vc_btn title=&#8221;Statuten Stichting EduMais Foundation&#8221; css=&#8221;&#8221; link=&#8221;url:https%3A%2F%2Fedumais.org%2Fwp-content%2Fuploads%2F2016%2F01%2FStatuten-Stg-EduMais-Foundation.pdf|title:Statuten%20Stichting%20EduMais%20Foundation&#8221;][\/vc_column][vc_column width=&#8221;1\/3&#8243;][vc_btn title=&#8221;Beleidsdocument 2025-2027&#8243; css=&#8221;&#8221; link=&#8221;url:https%3A%2F%2Fedumais.org%2Fwp-content%2Fuploads%2F2019%2F05%2FEduMais-Interactive-Magazine-2025-NL.pdf|title:Beleidsdocument&#8221;][\/vc_column][vc_column width=&#8221;1\/3&#8243;][vc_btn title=&#8221;Financi\u00eble Jaarverslagen&#8221; [&hellip;]","og_url":"https:\/\/edumais.org\/nl\/stichting-edumais-foundation\/","og_site_name":"EduMais","article_publisher":"https:\/\/www.facebook.com\/edumais.org\/","article_modified_time":"2025-09-29T01:16:10+00:00","og_image":[{"width":468,"height":167,"url":"https:\/\/edumais.org\/wp-content\/uploads\/2017\/11\/Home-Banner1-e1588113485474.jpg","type":"image\/jpeg"}],"twitter_card":"summary_large_image","twitter_misc":{"Geschatte leestijd":"4 minuten"},"schema":{"@context":"https:\/\/schema.org","@graph":[{"@type":"WebPage","@id":"https:\/\/edumais.org\/nl\/stichting-edumais-foundation\/","url":"https:\/\/edumais.org\/nl\/stichting-edumais-foundation\/","name":"Stichting EduMais Foundation - EduMais","isPartOf":{"@id":"https:\/\/edumais.org\/nl\/#website"},"datePublished":"2019-02-28T11:13:15+00:00","dateModified":"2025-09-29T01:16:10+00:00","breadcrumb":{"@id":"https:\/\/edumais.org\/nl\/stichting-edumais-foundation\/#breadcrumb"},"inLanguage":"nl-NL","potentialAction":[{"@type":"ReadAction","target":["https:\/\/edumais.org\/nl\/stichting-edumais-foundation\/"]}]},{"@type":"BreadcrumbList","@id":"https:\/\/edumais.org\/nl\/stichting-edumais-foundation\/#breadcrumb","itemListElement":[{"@type":"ListItem","position":1,"name":"Home","item":"https:\/\/edumais.org\/nl\/"},{"@type":"ListItem","position":2,"name":"Stichting EduMais Foundation"}]},{"@type":"WebSite","@id":"https:\/\/edumais.org\/nl\/#website","url":"https:\/\/edumais.org\/nl\/","name":"EduMais","description":"Volunteer organization in Rio de Janeiro, Brazil, South America","publisher":{"@id":"https:\/\/edumais.org\/nl\/#organization"},"potentialAction":[{"@type":"SearchAction","target":{"@type":"EntryPoint","urlTemplate":"https:\/\/edumais.org\/nl\/?s={search_term_string}"},"query-input":{"@type":"PropertyValueSpecification","valueRequired":true,"valueName":"search_term_string"}}],"inLanguage":"nl-NL"},{"@type":"Organization","@id":"https:\/\/edumais.org\/nl\/#organization","name":"EduMais","url":"https:\/\/edumais.org\/nl\/","logo":{"@type":"ImageObject","inLanguage":"nl-NL","@id":"https:\/\/edumais.org\/nl\/#\/schema\/logo\/image\/","url":"https:\/\/edumais.org\/wp-content\/uploads\/2016\/01\/edumais_logo_vector-as-Smart-Object-1.png","contentUrl":"https:\/\/edumais.org\/wp-content\/uploads\/2016\/01\/edumais_logo_vector-as-Smart-Object-1.png","width":761,"height":361,"caption":"EduMais"},"image":{"@id":"https:\/\/edumais.org\/nl\/#\/schema\/logo\/image\/"},"sameAs":["https:\/\/www.facebook.com\/edumais.org\/","https:\/\/www.instagram.com\/edumaisrio\/?hl=en","https:\/\/www.linkedin.com\/company\/edumais.org\/","https:\/\/www.youtube.com\/channel\/UClbmo2QCD_6JH5iGGEoadag"]}]}},"campaignId":"","_links":{"self":[{"href":"https:\/\/edumais.org\/nl\/wp-json\/wp\/v2\/pages\/3499","targetHints":{"allow":["GET"]}}],"collection":[{"href":"https:\/\/edumais.org\/nl\/wp-json\/wp\/v2\/pages"}],"about":[{"href":"https:\/\/edumais.org\/nl\/wp-json\/wp\/v2\/types\/page"}],"author":[{"embeddable":true,"href":"https:\/\/edumais.org\/nl\/wp-json\/wp\/v2\/users\/5"}],"replies":[{"embeddable":true,"href":"https:\/\/edumais.org\/nl\/wp-json\/wp\/v2\/comments?post=3499"}],"version-history":[{"count":12,"href":"https:\/\/edumais.org\/nl\/wp-json\/wp\/v2\/pages\/3499\/revisions"}],"predecessor-version":[{"id":11384,"href":"https:\/\/edumais.org\/nl\/wp-json\/wp\/v2\/pages\/3499\/revisions\/11384"}],"wp:attachment":[{"href":"https:\/\/edumais.org\/nl\/wp-json\/wp\/v2\/media?parent=3499"}],"curies":[{"name":"wp","href":"https:\/\/api.w.org\/{rel}","templated":true}]}}